{"id":9863,"date":"2026-03-24T18:07:00","date_gmt":"2026-03-24T17:07:00","guid":{"rendered":"https:\/\/waxonwaxoff.no\/?page_id=9863"},"modified":"2026-04-28T22:17:58","modified_gmt":"2026-04-28T20:17:58","slug":"avd-pilestredet-2","status":"publish","type":"page","link":"https:\/\/waxonwaxoff.no\/index.php\/kontakt\/avd-pilestredet-2\/","title":{"rendered":"Oslo, Parkveien"},"content":{"rendered":"<p>[vc_row full_width=&raquo;stretch_row&raquo; css=&raquo;.vc_custom_1486971436201{background-position: center !important;background-repeat: no-repeat !important;background-size: cover !important;}&raquo;][vc_column width=&raquo;1\/3&#8243;][vc_row_inner][vc_column_inner][vc_empty_space][vc_btn title=&raquo;Tilbake&raquo; size=&raquo;xs&raquo; i_icon_fontawesome=&raquo;fas fa-arrow-left&raquo; add_icon=&raquo;true&raquo; link=&raquo;url:https%3A%2F%2Fwaxonwaxoff.no%2Findex.php%2Fkontakt%2F&raquo;][\/vc_column_inner][\/vc_row_inner][\/vc_column][vc_column width=&raquo;1\/3&#8243;][vc_column_text]<\/p>\n<h3 style=\"text-align: center;\">Avd. Parkveien<strong><br \/>\n<\/strong><\/h3>\n<p style=\"text-align: center;\">Pilestredet 53A, Oslo<strong><br \/>\n<\/strong><\/p>\n<p style=\"text-align: center;\">Epost: parkveien@waxonwaxoff.no<\/p>\n<p>&nbsp;<\/p>\n<p style=\"text-align: center;\"><strong>Kontakt oss p\u00e5 <a href=\"https:\/\/www.instagram.com\/waxonwaxoff.no\/\">Instagram<\/a> evt <a href=\"https:\/\/www.facebook.com\/waxonwaxoff.no\/\">Facebook <\/a>for en raskere dialog.<\/strong><\/p>\n<p>[\/vc_column_text][vc_separator color=&raquo;mulled_wine&raquo; style=&raquo;shadow&raquo;][\/vc_column][vc_column width=&raquo;1\/3&#8243;][\/vc_column][\/vc_row][vc_row full_width=&raquo;stretch_row&raquo; css=&raquo;.vc_custom_1486971436201{background-position: center !important;background-repeat: no-repeat !important;background-size: cover !important;}&raquo;][vc_column][vc_column_text]Denne avdelingen erstatter v\u00e5r tidligere avdeling p\u00e5 Bislett som vi flyttet ut fra i januar 2026 etter 10 \u00e5r p\u00e5 Bislett. Alina som jobbet p\u00e5 Bislett jobber her, sammen med Malene og Marzia som tidligere jobbet sammen i avd. Pilestredet. Dette lokalet gikk igjennom omfattende renovering og tilpasninger i forkant av \u00e5pning og er v\u00e5r nyeste avdeling.[\/vc_column_text][vc_row_inner][vc_column_inner width=&raquo;1\/4&#8243;][vc_empty_space][vc_single_image image=&raquo;9887&#8243; img_size=&raquo;full&raquo;][\/vc_column_inner][vc_column_inner width=&raquo;1\/2&#8243;][vc_column_text][\/vc_column_text][vc_gmaps link=&raquo;#E-8_JTNDaWZyYW1lJTIwc3JjJTNEJTIyaHR0cHMlM0ElMkYlMkZ3d3cuZ29vZ2xlLmNvbSUyRm1hcHMlMkZlbWJlZCUzRnBiJTNEJTIxMW0xOCUyMTFtMTIlMjExbTMlMjExZDE5OTkuNjEwMTE0MTk5NzYyNCUyMTJkMTAuNzI5MzU5MDc3MDY1Mjc2JTIxM2Q1OS45MjIwMTc3NjM0Mzg2OTYlMjEybTMlMjExZjAlMjEyZjAlMjEzZjAlMjEzbTIlMjExaTEwMjQlMjEyaTc2OCUyMTRmMTMuMSUyMTNtMyUyMTFtMiUyMTFzMHg0NjQxNmU3OTAxYTYyOTExJTI1M0EweDgyOTdiZmIwNDU5N2NmZTIlMjEyc1BpbGVzdHJlZGV0JTI1MjA1M0ElMjUyQyUyNTIwMDM1MCUyNTIwT3NsbyUyMTVlMCUyMTNtMiUyMTFzbm8lMjEyc25vJTIxNHYxNzc0MzcxOTQzODA4JTIxNW0yJTIxMXNubyUyMTJzbm8lMjIlMjB3aWR0aCUzRCUyMjYwMCUyMiUyMGhlaWdodCUzRCUyMjQ1MCUyMiUyMHN0eWxlJTNEJTIyYm9yZGVyJTNBMCUzQiUyMiUyMGFsbG93ZnVsbHNjcmVlbiUzRCUyMiUyMiUyMGxvYWRpbmclM0QlMjJsYXp5JTIyJTIwcmVmZXJyZXJwb2xpY3klM0QlMjJuby1yZWZlcnJlci13aGVuLWRvd25ncmFkZSUyMiUzRSUzQyUyRmlmcmFtZSUzRQ==&raquo;][\/vc_column_inner][vc_column_inner width=&raquo;1\/4&#8243;][vc_empty_space][vc_single_image image=&raquo;9889&#8243; img_size=&raquo;full&raquo;][\/vc_column_inner][\/vc_row_inner][vc_row_inner][vc_column_inner width=&raquo;1\/3&#8243;][vc_column_text]<\/p>\n<p class=\"font_7\"><strong><span class=\"color_15\">Telefon:<\/span><\/strong><\/p>\n<p class=\"font_7\"><span class=\"color_2\">Vi har ingen telefontjeneste for innkommende anrop, men vi kan ringe deg opp om du kontakter oss p\u00e5 mail evt Facebook og ber om det.\u00a0 Vi oppfordrer for \u00f8vrig alle til \u00e5 bestille time ONLINE. Alle endringer av tid, og kansellering av time, gj\u00f8res enkelt online s\u00e5 lenge det er mer enn 8 timer til timen. Ved mindre enn 8 timer til avtalen blir timen i sin helhet fakturert.<\/span><\/p>\n<p><strong>Er du forsinket?<\/strong>\u00a0 Da kan det v\u00e6re at vi ikke rekker \u00e5 gjennomf\u00f8re behandlingen pga ny kunde har avtalt tid etter din tid. Men vi ser hva vi f\u00e5r til og gj\u00f8r s\u00e5 godt vi kan n\u00e5r slike situasjoner oppst\u00e5r.[\/vc_column_text][\/vc_column_inner][vc_column_inner width=&raquo;1\/3&#8243;][vc_column_text]<strong>Epost:<\/strong><\/p>\n<p>parkveien@waxonwaxoff.no<\/p>\n<p>N\u00e5r du sender oss en mail kan det ofte skje at det tar litt tid \u00e5 f\u00e5 svar. Vi er ikke alltid tilgjengelig foran PC. Men vi svarer straks en av v\u00e5re terapeuter har ledig tid.[\/vc_column_text][vc_column_text]<span class=\"color_2\"><strong>Sosiale medier:<\/strong><\/span><\/p>\n<p><span class=\"color_2\">Facebook:<a href=\"https:\/\/www.facebook.com\/waxonwaxoff.no\/\"> @waxonwaxoff.no<\/a>\u00a0<\/span><\/p>\n<p>Instagram: <a href=\"https:\/\/www.instagram.com\/waxonwaxoff.no\/\">waxonwaxoff.no<\/a><\/p>\n<p>F\u00f8lg oss p\u00e5 Facebook \/ Instagram og f\u00f8lg med p\u00e5 v\u00e5re nyheter, tilbud osv.<\/p>\n<p>Vi har ogs\u00e5 en gruppe p\u00e5 Facebook hvor vi legger ut innlegg til n\u00e5r vi s\u00f8ker etter modeller for ulike behandlinger ved kurs, oppl\u00e6ring og pr\u00f8vedager. Slike behandlinger er gratis.[\/vc_column_text][\/vc_column_inner][vc_column_inner width=&raquo;1\/3&#8243;][vc_column_text]<\/p>\n<p style=\"text-align: left;\"><strong>\u00c5pningstider:<\/strong><\/p>\n<p style=\"text-align: left;\">Man &#8211; tors: 09-20<\/p>\n<p style=\"text-align: left;\">Fre: 09-18<\/p>\n<p style=\"text-align: left;\">L\u00f8r: 09-17<\/p>\n<p>\u00c5pningstidene kan avvike til tider. Noen ganger \u00e5pner vi ogs\u00e5 kl 08 p\u00e5 morgenen.<\/p>\n<p>[\/vc_column_text][\/vc_column_inner][\/vc_row_inner][\/vc_column][\/vc_row][vc_row][vc_column][vc_text_separator title=&raquo;Terapeutene i avd Parkveien&raquo;][\/vc_column][\/vc_row][vc_section][vc_row][vc_column width=&raquo;1\/4&#8243;][vc_single_image image=&raquo;1492&#8243; img_size=&raquo;full&raquo; alignment=&raquo;right&raquo;][\/vc_column][vc_column width=&raquo;3\/4&#8243;][vc_column_text]<strong>Alina \u2013 <span style=\"color: #ff0000;\">har jobbet over 10 \u00e5r i Wax ON! Wax OFF!<\/span><\/strong><\/p>\n<p>Alina er utdannet hudpleier og har jobbet i Wax ON! Wax OFF siden desember 2015 og har med det 10-\u00e5rsjubileum den 1 desember 2025!\u00a0 Hun kommer opprinnelig fra Italia og har bl.a. drevet egen salong der for mange \u00e5r siden. Hun har bodd i Norge mange \u00e5r og snakker norsk, engelsk og italiensk. Alina liker best \u00e5 jobbe med forskjellige behandlinger, s\u00e5 hun tilbyr voksing, farging og forming av bryn og vipper, fotpleie m\/ Shellac og hudpleie.[\/vc_column_text][\/vc_column][\/vc_row][vc_row][vc_column width=&raquo;1\/4&#8243;][vc_single_image image=&raquo;9132&#8243; img_size=&raquo;full&raquo; alignment=&raquo;right&raquo;][\/vc_column][vc_column width=&raquo;3\/4&#8243;][vc_column_text]<strong>Malene\u00a0<\/strong><\/p>\n<p>Malene er en erfaren terapeut med mange \u00e5rs erfaring i skj\u00f8nnhetsbransjen fra forskjellige salonger. Hun er en dreven hudpleier og har lang erfaring med voksing b\u00e5de kvinner og menn, hun gj\u00f8r ogs\u00e5 ManZilian.<\/p>\n<p>Hun begynte \u00e5 jobbe i Wax ON! Wax OFF i juni 2024.[\/vc_column_text][\/vc_column][\/vc_row][vc_row][vc_column width=&raquo;1\/4&#8243;][vc_single_image image=&raquo;9376&#8243; img_size=&raquo;full&raquo; alignment=&raquo;right&raquo;][\/vc_column][vc_column width=&raquo;3\/4&#8243;][vc_column_text]<strong>Marzia<\/strong><\/p>\n<p>Marzia tok sin hudpleieutdannelse p\u00e5 Hudpleieakademiet i Oslo og var ferdig uteksaminert i 2023. Hun snakker norsk og persisk. Marzia er eksepsjonelt opptatt av eget og andres velv\u00e6re, og en behandling hos henne er alltid en behagelig opplevelse.<\/p>\n<p>Hun begynte \u00e5 jobbe i Wax ON! Wax OFF i oktober 2025.[\/vc_column_text][\/vc_column][\/vc_row][\/vc_section][vc_row][vc_column][vc_separator color=&raquo;mulled_wine&raquo; style=&raquo;shadow&raquo;][\/vc_column][\/vc_row]<\/p>\n","protected":false},"excerpt":{"rendered":"<p>[vc_row full_width=&raquo;stretch_row&raquo; css=&raquo;.vc_custom_1486971436201{background-position: center !important;background-repeat: no-repeat !important;background-size: cover !important;}&raquo;][vc_column width=&raquo;1\/3&#8243;][vc_row_inner][vc_column_inner][vc_empty_space][vc_btn title=&raquo;Tilbake&raquo; size=&raquo;xs&raquo; i_icon_fontawesome=&raquo;fas fa-arrow-left&raquo; add_icon=&raquo;true&raquo; link=&raquo;url:https%3A%2F%2Fwaxonwaxoff.no%2Findex.php%2Fkontakt%2F&raquo;][\/vc_column_inner][\/vc_row_inner][\/vc_column][vc_column width=&raquo;1\/3&#8243;][vc_column_text] Avd. Parkveien Pilestredet [&hellip;]<\/p>\n","protected":false},"author":47,"featured_media":0,"parent":54,"menu_order":0,"comment_status":"closed","ping_status":"closed","template":"","meta":{"_monsterinsights_skip_tracking":false,"_monsterinsights_sitenote_active":false,"_monsterinsights_sitenote_note":"","_monsterinsights_sitenote_category":0,"footnotes":""},"class_list":["post-9863","page","type-page","status-publish","hentry"],"yoast_head":"<!-- This site is optimized with the Yoast SEO plugin v17.7.1 - https:\/\/yoast.com\/wordpress\/plugins\/seo\/ -->\n<title>Oslo, Parkveien -<\/title>\n<meta name=\"robots\" content=\"index, follow, max-snippet:-1, max-image-preview:large, max-video-preview:-1\" \/>\n<link rel=\"canonical\" href=\"https:\/\/waxonwaxoff.no\/index.php\/kontakt\/avd-pilestredet-2\/\" \/>\n<meta property=\"og:locale\" content=\"nb_NO\" \/>\n<meta property=\"og:type\" content=\"article\" \/>\n<meta property=\"og:title\" content=\"Oslo, Parkveien -\" \/>\n<meta property=\"og:description\" content=\"[vc_row full_width=&raquo;stretch_row&raquo; css=&raquo;.vc_custom_1486971436201{background-position: center !important;background-repeat: no-repeat !important;background-size: cover !important;}&raquo;][vc_column width=&raquo;1\/3&#8243;][vc_row_inner][vc_column_inner][vc_empty_space][vc_btn title=&raquo;Tilbake&raquo; size=&raquo;xs&raquo; i_icon_fontawesome=&raquo;fas fa-arrow-left&raquo; add_icon=&raquo;true&raquo; link=&raquo;url:https%3A%2F%2Fwaxonwaxoff.no%2Findex.php%2Fkontakt%2F&raquo;][\/vc_column_inner][\/vc_row_inner][\/vc_column][vc_column width=&raquo;1\/3&#8243;][vc_column_text] Avd. Parkveien Pilestredet [&hellip;]\" \/>\n<meta property=\"og:url\" content=\"https:\/\/waxonwaxoff.no\/index.php\/kontakt\/avd-pilestredet-2\/\" \/>\n<meta property=\"article:modified_time\" content=\"2026-04-28T20:17:58+00:00\" \/>\n<meta name=\"twitter:card\" content=\"summary\" \/>\n<meta name=\"twitter:label1\" content=\"Ansl. lesetid\" \/>\n\t<meta name=\"twitter:data1\" content=\"3 minutter\" \/>\n<script type=\"application\/ld+json\" class=\"yoast-schema-graph\">{\"@context\":\"https:\/\/schema.org\",\"@graph\":[{\"@type\":\"WebSite\",\"@id\":\"https:\/\/waxonwaxoff.no\/#website\",\"url\":\"https:\/\/waxonwaxoff.no\/\",\"name\":\"\",\"description\":\"\",\"potentialAction\":[{\"@type\":\"SearchAction\",\"target\":{\"@type\":\"EntryPoint\",\"urlTemplate\":\"https:\/\/waxonwaxoff.no\/?s={search_term_string}\"},\"query-input\":\"required name=search_term_string\"}],\"inLanguage\":\"nb-NO\"},{\"@type\":\"WebPage\",\"@id\":\"https:\/\/waxonwaxoff.no\/index.php\/kontakt\/avd-pilestredet-2\/#webpage\",\"url\":\"https:\/\/waxonwaxoff.no\/index.php\/kontakt\/avd-pilestredet-2\/\",\"name\":\"Oslo, Parkveien -\",\"isPartOf\":{\"@id\":\"https:\/\/waxonwaxoff.no\/#website\"},\"datePublished\":\"2026-03-24T17:07:00+00:00\",\"dateModified\":\"2026-04-28T20:17:58+00:00\",\"breadcrumb\":{\"@id\":\"https:\/\/waxonwaxoff.no\/index.php\/kontakt\/avd-pilestredet-2\/#breadcrumb\"},\"inLanguage\":\"nb-NO\",\"potentialAction\":[{\"@type\":\"ReadAction\",\"target\":[\"https:\/\/waxonwaxoff.no\/index.php\/kontakt\/avd-pilestredet-2\/\"]}]},{\"@type\":\"BreadcrumbList\",\"@id\":\"https:\/\/waxonwaxoff.no\/index.php\/kontakt\/avd-pilestredet-2\/#breadcrumb\",\"itemListElement\":[{\"@type\":\"ListItem\",\"position\":1,\"name\":\"Hjem\",\"item\":\"https:\/\/waxonwaxoff.no\/\"},{\"@type\":\"ListItem\",\"position\":2,\"name\":\"Avdelinger\",\"item\":\"https:\/\/waxonwaxoff.no\/index.php\/kontakt\/\"},{\"@type\":\"ListItem\",\"position\":3,\"name\":\"Oslo, Parkveien\"}]}]}<\/script>\n<!-- \/ Yoast SEO plugin. -->","yoast_head_json":{"title":"Oslo, Parkveien -","robots":{"index":"index","follow":"follow","max-snippet":"max-snippet:-1","max-image-preview":"max-image-preview:large","max-video-preview":"max-video-preview:-1"},"canonical":"https:\/\/waxonwaxoff.no\/index.php\/kontakt\/avd-pilestredet-2\/","og_locale":"nb_NO","og_type":"article","og_title":"Oslo, Parkveien -","og_description":"[vc_row full_width=&raquo;stretch_row&raquo; css=&raquo;.vc_custom_1486971436201{background-position: center !important;background-repeat: no-repeat !important;background-size: cover !important;}&raquo;][vc_column width=&raquo;1\/3&#8243;][vc_row_inner][vc_column_inner][vc_empty_space][vc_btn title=&raquo;Tilbake&raquo; size=&raquo;xs&raquo; i_icon_fontawesome=&raquo;fas fa-arrow-left&raquo; add_icon=&raquo;true&raquo; link=&raquo;url:https%3A%2F%2Fwaxonwaxoff.no%2Findex.php%2Fkontakt%2F&raquo;][\/vc_column_inner][\/vc_row_inner][\/vc_column][vc_column width=&raquo;1\/3&#8243;][vc_column_text] Avd. Parkveien Pilestredet [&hellip;]","og_url":"https:\/\/waxonwaxoff.no\/index.php\/kontakt\/avd-pilestredet-2\/","article_modified_time":"2026-04-28T20:17:58+00:00","twitter_card":"summary","twitter_misc":{"Ansl. lesetid":"3 minutter"},"schema":{"@context":"https:\/\/schema.org","@graph":[{"@type":"WebSite","@id":"https:\/\/waxonwaxoff.no\/#website","url":"https:\/\/waxonwaxoff.no\/","name":"","description":"","potentialAction":[{"@type":"SearchAction","target":{"@type":"EntryPoint","urlTemplate":"https:\/\/waxonwaxoff.no\/?s={search_term_string}"},"query-input":"required name=search_term_string"}],"inLanguage":"nb-NO"},{"@type":"WebPage","@id":"https:\/\/waxonwaxoff.no\/index.php\/kontakt\/avd-pilestredet-2\/#webpage","url":"https:\/\/waxonwaxoff.no\/index.php\/kontakt\/avd-pilestredet-2\/","name":"Oslo, Parkveien -","isPartOf":{"@id":"https:\/\/waxonwaxoff.no\/#website"},"datePublished":"2026-03-24T17:07:00+00:00","dateModified":"2026-04-28T20:17:58+00:00","breadcrumb":{"@id":"https:\/\/waxonwaxoff.no\/index.php\/kontakt\/avd-pilestredet-2\/#breadcrumb"},"inLanguage":"nb-NO","potentialAction":[{"@type":"ReadAction","target":["https:\/\/waxonwaxoff.no\/index.php\/kontakt\/avd-pilestredet-2\/"]}]},{"@type":"BreadcrumbList","@id":"https:\/\/waxonwaxoff.no\/index.php\/kontakt\/avd-pilestredet-2\/#breadcrumb","itemListElement":[{"@type":"ListItem","position":1,"name":"Hjem","item":"https:\/\/waxonwaxoff.no\/"},{"@type":"ListItem","position":2,"name":"Avdelinger","item":"https:\/\/waxonwaxoff.no\/index.php\/kontakt\/"},{"@type":"ListItem","position":3,"name":"Oslo, Parkveien"}]}]}},"_links":{"self":[{"href":"https:\/\/waxonwaxoff.no\/index.php\/wp-json\/wp\/v2\/pages\/9863","targetHints":{"allow":["GET"]}}],"collection":[{"href":"https:\/\/waxonwaxoff.no\/index.php\/wp-json\/wp\/v2\/pages"}],"about":[{"href":"https:\/\/waxonwaxoff.no\/index.php\/wp-json\/wp\/v2\/types\/page"}],"author":[{"embeddable":true,"href":"https:\/\/waxonwaxoff.no\/index.php\/wp-json\/wp\/v2\/users\/47"}],"replies":[{"embeddable":true,"href":"https:\/\/waxonwaxoff.no\/index.php\/wp-json\/wp\/v2\/comments?post=9863"}],"version-history":[{"count":17,"href":"https:\/\/waxonwaxoff.no\/index.php\/wp-json\/wp\/v2\/pages\/9863\/revisions"}],"predecessor-version":[{"id":9869,"href":"https:\/\/waxonwaxoff.no\/index.php\/wp-json\/wp\/v2\/pages\/9863\/revisions\/9869"}],"up":[{"embeddable":true,"href":"https:\/\/waxonwaxoff.no\/index.php\/wp-json\/wp\/v2\/pages\/54"}],"wp:attachment":[{"href":"https:\/\/waxonwaxoff.no\/index.php\/wp-json\/wp\/v2\/media?parent=9863"}],"curies":[{"name":"wp","href":"https:\/\/api.w.org\/{rel}","templated":true}]}}