{"id":7743,"date":"2022-07-19T21:34:44","date_gmt":"2022-07-19T19:34:44","guid":{"rendered":"https:\/\/waxonwaxoff.no\/?page_id=7743"},"modified":"2026-04-20T11:27:15","modified_gmt":"2026-04-20T09:27:15","slug":"avd-aas-2","status":"publish","type":"page","link":"https:\/\/waxonwaxoff.no\/index.php\/kontakt\/avd-aas-2\/","title":{"rendered":"\u00c5S: Moerveien 6"},"content":{"rendered":"<p>[vc_row full_width=&raquo;stretch_row&raquo; css=&raquo;.vc_custom_1486971436201{background-position: center !important;background-repeat: no-repeat !important;background-size: cover !important;}&raquo;][vc_column][vc_row_inner][vc_column_inner width=&raquo;1\/3&#8243;][\/vc_column_inner][vc_column_inner width=&raquo;1\/3&#8243;][vc_column_text]<\/p>\n<h3 style=\"text-align: center;\">\u00c5s<\/h3>\n<p style=\"text-align: center;\">Moerveien 6, 1433 \u00c5s.<\/p>\n<p style=\"text-align: center;\"><b>Trenger du komme raskt i kontakt med oss send SMS til 48959999 s\u00e5 svarer vi deg der \ud83d\ude42<\/b><\/p>\n<p>[\/vc_column_text][vc_separator color=&raquo;mulled_wine&raquo; style=&raquo;shadow&raquo;][\/vc_column_inner][vc_column_inner width=&raquo;1\/3&#8243;][\/vc_column_inner][\/vc_row_inner][vc_row_inner css=&raquo;.vc_custom_1487602945691{background-color: #ffffff !important;}&raquo;][vc_column_inner width=&raquo;1\/2&#8243;][vc_gmaps link=&raquo;#E-8_JTNDaWZyYW1lJTIwc3JjJTNEJTIyaHR0cHMlM0ElMkYlMkZ3d3cuZ29vZ2xlLmNvbSUyRm1hcHMlMkZlbWJlZCUzRnBiJTNEJTIxMW0xOCUyMTFtMTIlMjExbTMlMjExZDIwMTUuMTk0Mjc5Nzc5NzI0NiUyMTJkMTAuNzkwMjgyNTc3MDM5MjUzJTIxM2Q1OS42NjMwNTY2NzQ3Nzc2MTQlMjEybTMlMjExZjAlMjEyZjAlMjEzZjAlMjEzbTIlMjExaTEwMjQlMjEyaTc2OCUyMTRmMTMuMSUyMTNtMyUyMTFtMiUyMTFzMHg0NjQxNWI0MzUzNDg1Y2Q3JTI1M0EweDVhNTgyODRiNmM0MGFiNjklMjEyc01vZXJ2ZWllbiUyNTIwNmUlMjUyQyUyNTIwMTQzMCUyNTIwJTI1QzMlMjU4NXMlMjE1ZTAlMjEzbTIlMjExc25vJTIxMnNubyUyMTR2MTc0NTUwMTkwNjg4OSUyMTVtMiUyMTFzbm8lMjEyc25vJTIyJTIwd2lkdGglM0QlMjI2MDAlMjIlMjBoZWlnaHQlM0QlMjI0NTAlMjIlMjBzdHlsZSUzRCUyMmJvcmRlciUzQTAlM0IlMjIlMjBhbGxvd2Z1bGxzY3JlZW4lM0QlMjIlMjIlMjBsb2FkaW5nJTNEJTIybGF6eSUyMiUyMHJlZmVycmVycG9saWN5JTNEJTIybm8tcmVmZXJyZXItd2hlbi1kb3duZ3JhZGUlMjIlM0UlM0MlMkZpZnJhbWUlM0U=&raquo;][vc_column_text]<\/p>\n<p class=\"font_8\"><strong>Om salongen:<\/strong><\/p>\n<p class=\"font_8\">I august 2022 \u00e5pnet vi d\u00f8rene f\u00f8rste gang i Moerveien i \u00c5s. Salongen ligger bare et kvartal unna togstasjonen og med gode parkeringsmuligheter rundt. <strong>\u00c5s ligger mellom Ski og Vestby. <\/strong>I mars 2025 flyttet vi inn i nye lokaler over veien og du finner oss n\u00e5 i &laquo;Hud og fotterapiklinikken&raquo; i Moerveien 6E.<\/p>\n<p class=\"font_8\"><strong>\u00c5pningstider:<\/strong><\/p>\n<p><strong>Mandag &#8211; fredag:<\/strong> variert mellom kl. 10:00 og 16:00.<\/p>\n<p class=\"font_8\">Om du ikke finner ledig tid online kan du sende meg en SMS p\u00e5 48959999 s\u00e5 hjelper jeg deg. Mvh Ingvild i Wax ON! Wax OFF<\/p>\n<p>Velkommen :)[\/vc_column_text][vc_empty_space][\/vc_column_inner][vc_column_inner width=&raquo;1\/2&#8243;][vc_single_image image=&raquo;9182&#8243; img_size=&raquo;full&raquo; alignment=&raquo;center&raquo; style=&raquo;vc_box_rounded&raquo;][vc_single_image image=&raquo;7794&#8243; img_size=&raquo;medium&raquo; alignment=&raquo;center&raquo; onclick=&raquo;custom_link&raquo; img_link_target=&raquo;_blank&raquo; link=&raquo;https:\/\/www.facebook.com\/waxonwaxoff.aas&raquo;][\/vc_column_inner][\/vc_row_inner][vc_row_inner][vc_column_inner width=&raquo;1\/3&#8243;][vc_single_image image=&raquo;9181&#8243; img_size=&raquo;medium&raquo;][\/vc_column_inner][vc_column_inner width=&raquo;1\/3&#8243;][vc_single_image image=&raquo;9185&#8243; img_size=&raquo;medium&raquo;][\/vc_column_inner][vc_column_inner width=&raquo;1\/3&#8243;][vc_single_image image=&raquo;9184&#8243; img_size=&raquo;medium&raquo;][\/vc_column_inner][\/vc_row_inner][\/vc_column][\/vc_row][vc_row full_width=&raquo;stretch_row_content&raquo;][vc_column][vc_separator color=&raquo;mulled_wine&raquo; style=&raquo;shadow&raquo;][\/vc_column][\/vc_row][vc_row full_width=&raquo;stretch_row_content&raquo;][vc_column][vc_row_inner][vc_column_inner width=&raquo;1\/4&#8243;][vc_empty_space height=&raquo;28px&raquo;][vc_single_image image=&raquo;9183&#8243; img_size=&raquo;medium&raquo; alignment=&raquo;center&raquo;][\/vc_column_inner][vc_column_inner width=&raquo;1\/2&#8243;][vc_empty_space height=&raquo;50px&raquo;][vc_column_text]<span style=\"color: #000000;\"><strong>I<\/strong><strong>n<\/strong><strong>gvild\u00a0<\/strong><\/span><\/p>\n<p><span style=\"color: #000000;\">Hei \ud83d\ude42 Jeg heter Ingvild og er Daglig leder og eier av Wax ON! Wax OFF som jeg etablerte i 2013. <\/span><\/p>\n<p><span style=\"color: #000000;\">Jeg startet utdannelsen min som hudpleier p\u00e5 Steinkjer VGS i 1998 og har v\u00e6rt i bransjen siden. P\u00e5 veien har jeg bygd p\u00e5 med flere bein \u00e5 st\u00e5 p\u00e5. Jeg flyttet fra tr\u00f8ndelag til Oslo etter endt utdannelse som hudpleier og fikk min f\u00f8rste jobb som hudpleier i en salong p\u00e5 Karl Johans gate i Oslo i \u00e5r 2000.<\/span><\/p>\n<p><span style=\"color: #000000;\">Opp igjennom \u00e5rene har jeg jobbet mye med hudpleie, massasje, voksing, vipper\/bryn, elektrolyse (permanent h\u00e5rfjerning), manikyr, pedikyr, \u00f8rehulling, IPL laser. spraytan mm. Jeg har jobbet p\u00e5 forskjellige salonger i Oslo, og jeg har jobbet i SPA-avdelingen p\u00e5 Dr. Holms p\u00e5 Geilo.<\/span><\/p>\n<p><span style=\"color: #000000;\">Brasiliansk voksing startet jeg med i 2003,s\u00e5 i 2025 har jeg jobbet med brasiliansk voksing i hele 22\u00e5r og det er 27\u00e5r siden jeg startet p\u00e5 hudpleieskolen.<\/span><\/p>\n<p><span style=\"color: #000000;\">Jeg jobber mye administrativt, men er veldig glad i \u00e5 jobbe i salong med behandlinger ogs\u00e5, s\u00e5 jeg er i avd \u00c5s fra 1 til 3 dager i uken. Her jobber jeg med voksing, forming\/farging av vipper &amp; bryn. Det bor en perfeksjonist i meg s\u00e5 jeg er veldig n\u00f8ye, samtidig som jeg jobber effektivt. Jeg veldig glad i en god prat og jeg kan love en god opplevelse som kunde hos meg, selv for den mest nerv\u00f8se kunde som kommer og skal vokse seg for f\u00f8rste gang \ud83d\ude42<\/span><\/p>\n<p><span style=\"color: #000000;\">I tillegg til \u00e5 jobbe administrativt og i salongen i \u00c5s holder jeg ogs\u00e5 kurs i voksing i Oslo.<\/span><\/p>\n<p><span style=\"color: #ffffff;\"><span style=\"color: #000000;\">Jeg bor i V\u00e5ler<\/span> <span style=\"color: #000000;\">med mann og barn og trives veldig godt i salongen i \u00c5s.<\/span><\/span>[\/vc_column_text][\/vc_column_inner][vc_column_inner width=&raquo;1\/4&#8243;][\/vc_column_inner][\/vc_row_inner][vc_row_inner css=&raquo;.vc_custom_1658259617228{background-color: #dd3333 !important;}&raquo;][vc_column_inner width=&raquo;1\/4&#8243;][vc_empty_space height=&raquo;28px&raquo;][\/vc_column_inner][vc_column_inner width=&raquo;1\/2&#8243;][vc_empty_space height=&raquo;50px&raquo;][\/vc_column_inner][vc_column_inner width=&raquo;1\/4&#8243;][\/vc_column_inner][\/vc_row_inner][\/vc_column][\/vc_row][vc_row full_width=&raquo;stretch_row_content&raquo;][vc_column][vc_separator color=&raquo;mulled_wine&raquo; style=&raquo;shadow&raquo;][\/vc_column][\/vc_row]<\/p>\n","protected":false},"excerpt":{"rendered":"<p>[vc_row full_width=&raquo;stretch_row&raquo; css=&raquo;.vc_custom_1486971436201{background-position: center !important;background-repeat: no-repeat !important;background-size: cover !important;}&raquo;][vc_column][vc_row_inner][vc_column_inner width=&raquo;1\/3&#8243;][\/vc_column_inner][vc_column_inner width=&raquo;1\/3&#8243;][vc_column_text] \u00c5s Moerveien 6, 1433 \u00c5s. Trenger du komme raskt [&hellip;]<\/p>\n","protected":false},"author":47,"featured_media":0,"parent":54,"menu_order":0,"comment_status":"closed","ping_status":"closed","template":"","meta":{"_monsterinsights_skip_tracking":false,"_monsterinsights_sitenote_active":false,"_monsterinsights_sitenote_note":"","_monsterinsights_sitenote_category":0,"footnotes":""},"class_list":["post-7743","page","type-page","status-publish","hentry"],"yoast_head":"<!-- This site is optimized with the Yoast SEO plugin v17.7.1 - https:\/\/yoast.com\/wordpress\/plugins\/seo\/ -->\n<title>\u00c5S: Moerveien 6 -<\/title>\n<meta name=\"robots\" content=\"index, follow, max-snippet:-1, max-image-preview:large, max-video-preview:-1\" \/>\n<link rel=\"canonical\" href=\"https:\/\/waxonwaxoff.no\/index.php\/kontakt\/avd-aas-2\/\" \/>\n<meta property=\"og:locale\" content=\"nb_NO\" \/>\n<meta property=\"og:type\" content=\"article\" \/>\n<meta property=\"og:title\" content=\"\u00c5S: Moerveien 6 -\" \/>\n<meta property=\"og:description\" content=\"[vc_row full_width=&raquo;stretch_row&raquo; css=&raquo;.vc_custom_1486971436201{background-position: center !important;background-repeat: no-repeat !important;background-size: cover !important;}&raquo;][vc_column][vc_row_inner][vc_column_inner width=&raquo;1\/3&#8243;][\/vc_column_inner][vc_column_inner width=&raquo;1\/3&#8243;][vc_column_text] \u00c5s Moerveien 6, 1433 \u00c5s. Trenger du komme raskt [&hellip;]\" \/>\n<meta property=\"og:url\" content=\"https:\/\/waxonwaxoff.no\/index.php\/kontakt\/avd-aas-2\/\" \/>\n<meta property=\"article:modified_time\" content=\"2026-04-20T09:27:15+00:00\" \/>\n<meta name=\"twitter:card\" content=\"summary\" \/>\n<meta name=\"twitter:label1\" content=\"Ansl. lesetid\" \/>\n\t<meta name=\"twitter:data1\" content=\"2 minutter\" \/>\n<script type=\"application\/ld+json\" class=\"yoast-schema-graph\">{\"@context\":\"https:\/\/schema.org\",\"@graph\":[{\"@type\":\"WebSite\",\"@id\":\"https:\/\/waxonwaxoff.no\/#website\",\"url\":\"https:\/\/waxonwaxoff.no\/\",\"name\":\"\",\"description\":\"\",\"potentialAction\":[{\"@type\":\"SearchAction\",\"target\":{\"@type\":\"EntryPoint\",\"urlTemplate\":\"https:\/\/waxonwaxoff.no\/?s={search_term_string}\"},\"query-input\":\"required name=search_term_string\"}],\"inLanguage\":\"nb-NO\"},{\"@type\":\"WebPage\",\"@id\":\"https:\/\/waxonwaxoff.no\/index.php\/kontakt\/avd-aas-2\/#webpage\",\"url\":\"https:\/\/waxonwaxoff.no\/index.php\/kontakt\/avd-aas-2\/\",\"name\":\"\\u00c5S: Moerveien 6 -\",\"isPartOf\":{\"@id\":\"https:\/\/waxonwaxoff.no\/#website\"},\"datePublished\":\"2022-07-19T19:34:44+00:00\",\"dateModified\":\"2026-04-20T09:27:15+00:00\",\"breadcrumb\":{\"@id\":\"https:\/\/waxonwaxoff.no\/index.php\/kontakt\/avd-aas-2\/#breadcrumb\"},\"inLanguage\":\"nb-NO\",\"potentialAction\":[{\"@type\":\"ReadAction\",\"target\":[\"https:\/\/waxonwaxoff.no\/index.php\/kontakt\/avd-aas-2\/\"]}]},{\"@type\":\"BreadcrumbList\",\"@id\":\"https:\/\/waxonwaxoff.no\/index.php\/kontakt\/avd-aas-2\/#breadcrumb\",\"itemListElement\":[{\"@type\":\"ListItem\",\"position\":1,\"name\":\"Hjem\",\"item\":\"https:\/\/waxonwaxoff.no\/\"},{\"@type\":\"ListItem\",\"position\":2,\"name\":\"Avdelinger\",\"item\":\"https:\/\/waxonwaxoff.no\/index.php\/kontakt\/\"},{\"@type\":\"ListItem\",\"position\":3,\"name\":\"\\u00c5S: Moerveien 6\"}]}]}<\/script>\n<!-- \/ Yoast SEO plugin. -->","yoast_head_json":{"title":"\u00c5S: Moerveien 6 -","robots":{"index":"index","follow":"follow","max-snippet":"max-snippet:-1","max-image-preview":"max-image-preview:large","max-video-preview":"max-video-preview:-1"},"canonical":"https:\/\/waxonwaxoff.no\/index.php\/kontakt\/avd-aas-2\/","og_locale":"nb_NO","og_type":"article","og_title":"\u00c5S: Moerveien 6 -","og_description":"[vc_row full_width=&raquo;stretch_row&raquo; css=&raquo;.vc_custom_1486971436201{background-position: center !important;background-repeat: no-repeat !important;background-size: cover !important;}&raquo;][vc_column][vc_row_inner][vc_column_inner width=&raquo;1\/3&#8243;][\/vc_column_inner][vc_column_inner width=&raquo;1\/3&#8243;][vc_column_text] \u00c5s Moerveien 6, 1433 \u00c5s. Trenger du komme raskt [&hellip;]","og_url":"https:\/\/waxonwaxoff.no\/index.php\/kontakt\/avd-aas-2\/","article_modified_time":"2026-04-20T09:27:15+00:00","twitter_card":"summary","twitter_misc":{"Ansl. lesetid":"2 minutter"},"schema":{"@context":"https:\/\/schema.org","@graph":[{"@type":"WebSite","@id":"https:\/\/waxonwaxoff.no\/#website","url":"https:\/\/waxonwaxoff.no\/","name":"","description":"","potentialAction":[{"@type":"SearchAction","target":{"@type":"EntryPoint","urlTemplate":"https:\/\/waxonwaxoff.no\/?s={search_term_string}"},"query-input":"required name=search_term_string"}],"inLanguage":"nb-NO"},{"@type":"WebPage","@id":"https:\/\/waxonwaxoff.no\/index.php\/kontakt\/avd-aas-2\/#webpage","url":"https:\/\/waxonwaxoff.no\/index.php\/kontakt\/avd-aas-2\/","name":"\u00c5S: Moerveien 6 -","isPartOf":{"@id":"https:\/\/waxonwaxoff.no\/#website"},"datePublished":"2022-07-19T19:34:44+00:00","dateModified":"2026-04-20T09:27:15+00:00","breadcrumb":{"@id":"https:\/\/waxonwaxoff.no\/index.php\/kontakt\/avd-aas-2\/#breadcrumb"},"inLanguage":"nb-NO","potentialAction":[{"@type":"ReadAction","target":["https:\/\/waxonwaxoff.no\/index.php\/kontakt\/avd-aas-2\/"]}]},{"@type":"BreadcrumbList","@id":"https:\/\/waxonwaxoff.no\/index.php\/kontakt\/avd-aas-2\/#breadcrumb","itemListElement":[{"@type":"ListItem","position":1,"name":"Hjem","item":"https:\/\/waxonwaxoff.no\/"},{"@type":"ListItem","position":2,"name":"Avdelinger","item":"https:\/\/waxonwaxoff.no\/index.php\/kontakt\/"},{"@type":"ListItem","position":3,"name":"\u00c5S: Moerveien 6"}]}]}},"_links":{"self":[{"href":"https:\/\/waxonwaxoff.no\/index.php\/wp-json\/wp\/v2\/pages\/7743","targetHints":{"allow":["GET"]}}],"collection":[{"href":"https:\/\/waxonwaxoff.no\/index.php\/wp-json\/wp\/v2\/pages"}],"about":[{"href":"https:\/\/waxonwaxoff.no\/index.php\/wp-json\/wp\/v2\/types\/page"}],"author":[{"embeddable":true,"href":"https:\/\/waxonwaxoff.no\/index.php\/wp-json\/wp\/v2\/users\/47"}],"replies":[{"embeddable":true,"href":"https:\/\/waxonwaxoff.no\/index.php\/wp-json\/wp\/v2\/comments?post=7743"}],"version-history":[{"count":86,"href":"https:\/\/waxonwaxoff.no\/index.php\/wp-json\/wp\/v2\/pages\/7743\/revisions"}],"predecessor-version":[{"id":7763,"href":"https:\/\/waxonwaxoff.no\/index.php\/wp-json\/wp\/v2\/pages\/7743\/revisions\/7763"}],"up":[{"embeddable":true,"href":"https:\/\/waxonwaxoff.no\/index.php\/wp-json\/wp\/v2\/pages\/54"}],"wp:attachment":[{"href":"https:\/\/waxonwaxoff.no\/index.php\/wp-json\/wp\/v2\/media?parent=7743"}],"curies":[{"name":"wp","href":"https:\/\/api.w.org\/{rel}","templated":true}]}}