{"id":699,"date":"2017-02-21T08:07:59","date_gmt":"2017-02-21T07:07:59","guid":{"rendered":"https:\/\/waxonwaxoff.no\/?page_id=699"},"modified":"2026-03-24T17:00:08","modified_gmt":"2026-03-24T16:00:08","slug":"avd-carlberner","status":"publish","type":"page","link":"https:\/\/waxonwaxoff.no\/index.php\/kontakt\/avd-carlberner\/","title":{"rendered":"OSLO: Carl Berners Plass"},"content":{"rendered":"<p>[vc_row full_width=&raquo;stretch_row&raquo; css=&raquo;.vc_custom_1486971436201{background-position: center !important;background-repeat: no-repeat !important;background-size: cover !important;}&raquo;][vc_column][vc_row_inner][vc_column_inner][vc_column_text]<\/p>\n<h3 style=\"text-align: center;\">Avd. Carl Berner<\/h3>\n<p style=\"text-align: center;\">Trondheimsveien 152, 0570 Oslo<\/p>\n<p style=\"text-align: center;\"><a href=\"mailto:carlberner@waxonwaxoff.no\">carlberner@waxonwaxoff.no<\/a><\/p>\n<p style=\"text-align: center;\"><strong>\u00c5pningstider:<\/strong><\/p>\n<p style=\"text-align: center;\">Man &#8211; Tors: 09 &#8211; 20<\/p>\n<p style=\"text-align: center;\">Fre: 09 &#8211; 18<\/p>\n<p style=\"text-align: center;\">L\u00f8r: 09 &#8211; 17<\/p>\n<p style=\"text-align: center;\"><strong>Kontakt oss p\u00e5 <a href=\"https:\/\/www.instagram.com\/waxonwaxoff.no\/\">Instagram<\/a> evt <a href=\"https:\/\/www.facebook.com\/waxonwaxoff.no\/\">Facebook<\/a>.<\/strong><\/p>\n<p>[\/vc_column_text][vc_separator color=&raquo;mulled_wine&raquo; style=&raquo;shadow&raquo;][\/vc_column_inner][\/vc_row_inner][vc_row_inner css=&raquo;.vc_custom_1487602945691{background-color: #ffffff !important;}&raquo;][vc_column_inner width=&raquo;1\/2&#8243;][vc_single_image image=&raquo;8440&#8243; img_size=&raquo;full&raquo;][\/vc_column_inner][vc_column_inner width=&raquo;1\/2&#8243;][vc_gmaps link=&raquo;#E-8_JTNDaWZyYW1lJTIwc3JjJTNEJTIyaHR0cHMlM0ElMkYlMkZ3d3cuZ29vZ2xlLmNvbSUyRm1hcHMlMkZlbWJlZCUzRnBiJTNEJTIxMW0xOCUyMTFtMTIlMjExbTMlMjExZDE5OTkuMjE4MTg1OTIxMDMwMiUyMTJkMTAuNzc3NzM5NDk1NDAxNyUyMTNkNTkuOTI4NTIxNjUwODAxODYlMjEybTMlMjExZjAlMjEyZjAlMjEzZjAlMjEzbTIlMjExaTEwMjQlMjEyaTc2OCUyMTRmMTMuMSUyMTNtMyUyMTFtMiUyMTFzMHg0NjQxNmU0NmI2ODMwYWRkJTI1M0EweDU4NDE4NGYxYjM5M2IzZDAlMjEyc1Ryb25kaGVpbXN2ZWllbiUyNTIwMTUyJTIxNWUwJTIxM20yJTIxMXNubyUyMTJzbm8lMjE0djE2OTc0MDMwMzMxMjIlMjE1bTIlMjExc25vJTIxMnNubyUyMiUyMHdpZHRoJTNEJTIyNjAwJTIyJTIwaGVpZ2h0JTNEJTIyNDUwJTIyJTIwc3R5bGUlM0QlMjJib3JkZXIlM0EwJTNCJTIyJTIwYWxsb3dmdWxsc2NyZWVuJTNEJTIyJTIyJTIwbG9hZGluZyUzRCUyMmxhenklMjIlMjByZWZlcnJlcnBvbGljeSUzRCUyMm5vLXJlZmVycmVyLXdoZW4tZG93bmdyYWRlJTIyJTNFJTNDJTJGaWZyYW1lJTNF&raquo;][vc_message message_box_color=&raquo;pink&raquo; icon_type=&raquo;pixelicons&raquo; icon_pixelicons=&raquo;vc_pixel_icon vc_pixel_icon-tick&raquo;]I dette idylliske trehuset p\u00e5 hj\u00f8rnet av Trondheimsveien \/ Rosenhoffgata har vi renovert lokalet i f\u00f8rste etasje hvor alt var helt nytt og fresht ved \u00e5pning i januar 2024. Her tilbyr vi v\u00e5re signaturbehandlinger som brasiliansk voks, voks kvinner, voks menn, sugaring, vipper\/bryn, hudpleie og massasje.[\/vc_message][vc_empty_space height=&raquo;120px&raquo;][\/vc_column_inner][\/vc_row_inner][\/vc_column][\/vc_row][vc_row][vc_column][\/vc_column][\/vc_row][vc_row][vc_column width=&raquo;1\/3&#8243;][vc_column_text]<\/p>\n<p class=\"font_7\"><strong><span class=\"color_15\">Telefon:<\/span><\/strong><\/p>\n<p class=\"font_7\"><span class=\"color_2\">Vi har ingen telefontjeneste for innkommende anrop, men vi kan ringe deg opp om du kontakter oss p\u00e5 mail evt Facebook og ber om det.\u00a0 Vi oppfordrer for \u00f8vrig alle til \u00e5 bestille time ONLINE. Alle endringer av tid, og kansellering av time, gj\u00f8res enkelt online s\u00e5 lenge det er mer enn 8 timer til timen. Ved mindre enn 8 timer til avtalen blir timen i sin helhet fakturert.<\/span><\/p>\n<p><strong>Er du forsinket?<\/strong>\u00a0 Da kan det v\u00e6re at vi ikke rekker \u00e5 gjennomf\u00f8re behandlingen pga ny kunde har avtalt tid etter din tid. Men vi ser hva vi f\u00e5r til og gj\u00f8r s\u00e5 godt vi kan n\u00e5r slike situasjoner oppst\u00e5r.[\/vc_column_text][\/vc_column][vc_column width=&raquo;1\/3&#8243;][vc_column_text]<span class=\"color_2\"><strong>Facebook:<\/strong><\/span><\/p>\n<p><span class=\"color_2\">Facebook:<a href=\"https:\/\/www.facebook.com\/waxonwaxoff.no\/\">\u00a0@waxonwaxoff.no<\/a>\u00a0<\/span><\/p>\n<p>Instagram:\u00a0<a href=\"https:\/\/www.instagram.com\/waxonwaxoff.no\/\">waxonwaxoff.no<\/a><\/p>\n<p>F\u00f8lg oss p\u00e5 Facebook \/ Instagram og f\u00f8lg med p\u00e5 v\u00e5re nyheter, tilbud osv.<\/p>\n<p>Vi har ogs\u00e5 en gruppe p\u00e5 Facebook hvor vi legger ut innlegg til n\u00e5r vi s\u00f8ker etter modeller for ulike behandlinger ved kurs, oppl\u00e6ring og pr\u00f8vedager. Slike behandlinger er gratis.[\/vc_column_text][\/vc_column][vc_column width=&raquo;1\/3&#8243;][vc_column_text]Epost:<\/p>\n<p><a href=\"mailto:rosenkrantzgate@waxonwaxoff.no\" target=\"_blank\" rel=\"noopener\">carlberner@waxonwaxoff.no<\/a><\/p>\n<p>N\u00e5r du sender oss en mail kan det v\u00e6re det tar litt tid \u00e5 f\u00e5 svar. Vi er ikke alltid tilgjengelig foran PC. Men vi svarer straks en av v\u00e5re terapeuter har ledig tid.[\/vc_column_text][\/vc_column][\/vc_row][vc_row][vc_column][vc_empty_space][vc_text_separator title=&raquo;Terapeutene avd Carl Berner&raquo; color=&raquo;juicy_pink&raquo; style=&raquo;shadow&raquo; border_width=&raquo;2&#8243;][\/vc_column][\/vc_row][vc_row][vc_column width=&raquo;1\/4&#8243;][vc_empty_space][vc_single_image image=&raquo;9121&#8243; img_size=&raquo;full&raquo;][vc_empty_space][\/vc_column][vc_column width=&raquo;3\/4&#8243;][vc_empty_space height=&raquo;60px&raquo;][vc_column_text]<\/p>\n<p class=\"font_5\"><strong>Paula\u00a0\u00a0<\/strong><\/p>\n<p>Paula begynte \u00e5 jobbe i Wax ON! Wax OFF i juni 2024.\u00a0 Hun har en bred utdannelse fra Polen som hudpleier. Hos oss jobber hun med voksing ,\u00a0 vipper\/brynbehandlinger, hudpleie + massasje.<\/p>\n<p>Paula er en ryddig og rolig terapeut som viser h\u00f8y profesjonalitet, hun setter kundene og jobben i forsetet.[\/vc_column_text][vc_separator][\/vc_column][\/vc_row][vc_row][vc_column width=&raquo;1\/4&#8243;][vc_empty_space][vc_single_image image=&raquo;8858&#8243; img_size=&raquo;full&raquo;][vc_empty_space][\/vc_column][vc_column width=&raquo;3\/4&#8243;][vc_empty_space height=&raquo;60px&raquo;][vc_column_text]<strong>Marlenny<\/strong><\/p>\n<p>Marlenny begynte \u00e5 jobbe hos oss i februar 2024. Hun er utdannet hudpleier og massasjeterapeut og har jobbet i bransjen i 23 \u00e5r. Hun utf\u00f8rer voksing av kropp\/ansikt\/brasiliansk, massasje, hudpleie og farge\/forming av vipper &amp; bryn. Marlenny er en dedikert terapeut som elsker faget sitt. Hun m\u00f8ter deg alltid med et smil og er en rolig, behagelig og positiv terapeut. Hun kommer opprinnelig fra Den Dominikanske Republikk og snakker b\u00e5de norsk, engelsk, spansk og italiensk.<\/p>\n<p>Hun jobbet i v\u00e5r avdeling Bislett fra februar 2024 og frem til hun begynte \u00e5 jobbe p\u00e5 Carl Berner 01.07.2025.[\/vc_column_text][vc_separator][\/vc_column][\/vc_row][vc_row][vc_column][\/vc_column][\/vc_row][vc_row][vc_column width=&raquo;1\/3&#8243;][vc_single_image image=&raquo;8575&#8243; img_size=&raquo;full&raquo;][\/vc_column][vc_column width=&raquo;1\/3&#8243;][vc_single_image image=&raquo;8579&#8243; img_size=&raquo;full&raquo;][\/vc_column][vc_column width=&raquo;1\/3&#8243;][vc_single_image image=&raquo;8577&#8243; img_size=&raquo;full&raquo;][\/vc_column][\/vc_row][vc_row][vc_column][vc_single_image image=&raquo;8970&#8243; img_size=&raquo;full&raquo;][\/vc_column][\/vc_row]<\/p>\n","protected":false},"excerpt":{"rendered":"<p>[vc_row full_width=&raquo;stretch_row&raquo; css=&raquo;.vc_custom_1486971436201{background-position: center !important;background-repeat: no-repeat !important;background-size: cover !important;}&raquo;][vc_column][vc_row_inner][vc_column_inner][vc_column_text] Avd. Carl Berner Trondheimsveien 152, 0570 Oslo carlberner@waxonwaxoff.no \u00c5pningstider: Man &#8211; [&hellip;]<\/p>\n","protected":false},"author":1,"featured_media":0,"parent":54,"menu_order":0,"comment_status":"closed","ping_status":"closed","template":"","meta":{"_monsterinsights_skip_tracking":false,"_monsterinsights_sitenote_active":false,"_monsterinsights_sitenote_note":"","_monsterinsights_sitenote_category":0,"footnotes":""},"class_list":["post-699","page","type-page","status-publish","hentry"],"yoast_head":"<!-- This site is optimized with the Yoast SEO plugin v17.7.1 - https:\/\/yoast.com\/wordpress\/plugins\/seo\/ -->\n<title>OSLO: Carl Berners Plass -<\/title>\n<meta name=\"robots\" content=\"index, follow, max-snippet:-1, max-image-preview:large, max-video-preview:-1\" \/>\n<link rel=\"canonical\" href=\"https:\/\/waxonwaxoff.no\/index.php\/kontakt\/avd-carlberner\/\" \/>\n<meta property=\"og:locale\" content=\"nb_NO\" \/>\n<meta property=\"og:type\" content=\"article\" \/>\n<meta property=\"og:title\" content=\"OSLO: Carl Berners Plass -\" \/>\n<meta property=\"og:description\" content=\"[vc_row full_width=&raquo;stretch_row&raquo; css=&raquo;.vc_custom_1486971436201{background-position: center !important;background-repeat: no-repeat !important;background-size: cover !important;}&raquo;][vc_column][vc_row_inner][vc_column_inner][vc_column_text] Avd. Carl Berner Trondheimsveien 152, 0570 Oslo carlberner@waxonwaxoff.no \u00c5pningstider: Man &#8211; [&hellip;]\" \/>\n<meta property=\"og:url\" content=\"https:\/\/waxonwaxoff.no\/index.php\/kontakt\/avd-carlberner\/\" \/>\n<meta property=\"article:modified_time\" content=\"2026-03-24T16:00:08+00:00\" \/>\n<meta name=\"twitter:card\" content=\"summary\" \/>\n<meta name=\"twitter:label1\" content=\"Ansl. lesetid\" \/>\n\t<meta name=\"twitter:data1\" content=\"3 minutter\" \/>\n<script type=\"application\/ld+json\" class=\"yoast-schema-graph\">{\"@context\":\"https:\/\/schema.org\",\"@graph\":[{\"@type\":\"WebSite\",\"@id\":\"https:\/\/waxonwaxoff.no\/#website\",\"url\":\"https:\/\/waxonwaxoff.no\/\",\"name\":\"\",\"description\":\"\",\"potentialAction\":[{\"@type\":\"SearchAction\",\"target\":{\"@type\":\"EntryPoint\",\"urlTemplate\":\"https:\/\/waxonwaxoff.no\/?s={search_term_string}\"},\"query-input\":\"required name=search_term_string\"}],\"inLanguage\":\"nb-NO\"},{\"@type\":\"WebPage\",\"@id\":\"https:\/\/waxonwaxoff.no\/index.php\/kontakt\/avd-carlberner\/#webpage\",\"url\":\"https:\/\/waxonwaxoff.no\/index.php\/kontakt\/avd-carlberner\/\",\"name\":\"OSLO: Carl Berners Plass -\",\"isPartOf\":{\"@id\":\"https:\/\/waxonwaxoff.no\/#website\"},\"datePublished\":\"2017-02-21T07:07:59+00:00\",\"dateModified\":\"2026-03-24T16:00:08+00:00\",\"breadcrumb\":{\"@id\":\"https:\/\/waxonwaxoff.no\/index.php\/kontakt\/avd-carlberner\/#breadcrumb\"},\"inLanguage\":\"nb-NO\",\"potentialAction\":[{\"@type\":\"ReadAction\",\"target\":[\"https:\/\/waxonwaxoff.no\/index.php\/kontakt\/avd-carlberner\/\"]}]},{\"@type\":\"BreadcrumbList\",\"@id\":\"https:\/\/waxonwaxoff.no\/index.php\/kontakt\/avd-carlberner\/#breadcrumb\",\"itemListElement\":[{\"@type\":\"ListItem\",\"position\":1,\"name\":\"Hjem\",\"item\":\"https:\/\/waxonwaxoff.no\/\"},{\"@type\":\"ListItem\",\"position\":2,\"name\":\"Avdelinger\",\"item\":\"https:\/\/waxonwaxoff.no\/index.php\/kontakt\/\"},{\"@type\":\"ListItem\",\"position\":3,\"name\":\"OSLO: Carl Berners Plass\"}]}]}<\/script>\n<!-- \/ Yoast SEO plugin. -->","yoast_head_json":{"title":"OSLO: Carl Berners Plass -","robots":{"index":"index","follow":"follow","max-snippet":"max-snippet:-1","max-image-preview":"max-image-preview:large","max-video-preview":"max-video-preview:-1"},"canonical":"https:\/\/waxonwaxoff.no\/index.php\/kontakt\/avd-carlberner\/","og_locale":"nb_NO","og_type":"article","og_title":"OSLO: Carl Berners Plass -","og_description":"[vc_row full_width=&raquo;stretch_row&raquo; css=&raquo;.vc_custom_1486971436201{background-position: center !important;background-repeat: no-repeat !important;background-size: cover !important;}&raquo;][vc_column][vc_row_inner][vc_column_inner][vc_column_text] Avd. Carl Berner Trondheimsveien 152, 0570 Oslo carlberner@waxonwaxoff.no \u00c5pningstider: Man &#8211; [&hellip;]","og_url":"https:\/\/waxonwaxoff.no\/index.php\/kontakt\/avd-carlberner\/","article_modified_time":"2026-03-24T16:00:08+00:00","twitter_card":"summary","twitter_misc":{"Ansl. lesetid":"3 minutter"},"schema":{"@context":"https:\/\/schema.org","@graph":[{"@type":"WebSite","@id":"https:\/\/waxonwaxoff.no\/#website","url":"https:\/\/waxonwaxoff.no\/","name":"","description":"","potentialAction":[{"@type":"SearchAction","target":{"@type":"EntryPoint","urlTemplate":"https:\/\/waxonwaxoff.no\/?s={search_term_string}"},"query-input":"required name=search_term_string"}],"inLanguage":"nb-NO"},{"@type":"WebPage","@id":"https:\/\/waxonwaxoff.no\/index.php\/kontakt\/avd-carlberner\/#webpage","url":"https:\/\/waxonwaxoff.no\/index.php\/kontakt\/avd-carlberner\/","name":"OSLO: Carl Berners Plass -","isPartOf":{"@id":"https:\/\/waxonwaxoff.no\/#website"},"datePublished":"2017-02-21T07:07:59+00:00","dateModified":"2026-03-24T16:00:08+00:00","breadcrumb":{"@id":"https:\/\/waxonwaxoff.no\/index.php\/kontakt\/avd-carlberner\/#breadcrumb"},"inLanguage":"nb-NO","potentialAction":[{"@type":"ReadAction","target":["https:\/\/waxonwaxoff.no\/index.php\/kontakt\/avd-carlberner\/"]}]},{"@type":"BreadcrumbList","@id":"https:\/\/waxonwaxoff.no\/index.php\/kontakt\/avd-carlberner\/#breadcrumb","itemListElement":[{"@type":"ListItem","position":1,"name":"Hjem","item":"https:\/\/waxonwaxoff.no\/"},{"@type":"ListItem","position":2,"name":"Avdelinger","item":"https:\/\/waxonwaxoff.no\/index.php\/kontakt\/"},{"@type":"ListItem","position":3,"name":"OSLO: Carl Berners Plass"}]}]}},"_links":{"self":[{"href":"https:\/\/waxonwaxoff.no\/index.php\/wp-json\/wp\/v2\/pages\/699","targetHints":{"allow":["GET"]}}],"collection":[{"href":"https:\/\/waxonwaxoff.no\/index.php\/wp-json\/wp\/v2\/pages"}],"about":[{"href":"https:\/\/waxonwaxoff.no\/index.php\/wp-json\/wp\/v2\/types\/page"}],"author":[{"embeddable":true,"href":"https:\/\/waxonwaxoff.no\/index.php\/wp-json\/wp\/v2\/users\/1"}],"replies":[{"embeddable":true,"href":"https:\/\/waxonwaxoff.no\/index.php\/wp-json\/wp\/v2\/comments?post=699"}],"version-history":[{"count":91,"href":"https:\/\/waxonwaxoff.no\/index.php\/wp-json\/wp\/v2\/pages\/699\/revisions"}],"predecessor-version":[{"id":9857,"href":"https:\/\/waxonwaxoff.no\/index.php\/wp-json\/wp\/v2\/pages\/699\/revisions\/9857"}],"up":[{"embeddable":true,"href":"https:\/\/waxonwaxoff.no\/index.php\/wp-json\/wp\/v2\/pages\/54"}],"wp:attachment":[{"href":"https:\/\/waxonwaxoff.no\/index.php\/wp-json\/wp\/v2\/media?parent=699"}],"curies":[{"name":"wp","href":"https:\/\/api.w.org\/{rel}","templated":true}]}}