{"id":697,"date":"2017-02-21T07:57:04","date_gmt":"2017-02-21T06:57:04","guid":{"rendered":"https:\/\/waxonwaxoff.no\/?page_id=697"},"modified":"2026-04-28T22:14:56","modified_gmt":"2026-04-28T20:14:56","slug":"avd-bogstadveien","status":"publish","type":"page","link":"https:\/\/waxonwaxoff.no\/index.php\/kontakt\/avd-bogstadveien\/","title":{"rendered":"Oslo, Bogstadveien"},"content":{"rendered":"<p>[vc_row full_width=&raquo;stretch_row&raquo; css=&raquo;.vc_custom_1486971436201{background-position: center !important;background-repeat: no-repeat !important;background-size: cover !important;}&raquo;][vc_column][vc_row_inner][vc_column_inner width=&raquo;1\/4&#8243;][vc_empty_space][vc_btn title=&raquo;Go back&raquo; size=&raquo;xs&raquo; i_icon_fontawesome=&raquo;fas fa-arrow-left&raquo; add_icon=&raquo;true&raquo; link=&raquo;url:https%3A%2F%2Fwaxonwaxoff.no%2Findex.php%2Fkontakt%2F&raquo;][\/vc_column_inner][vc_column_inner width=&raquo;1\/2&#8243;][vc_column_text]<\/p>\n<h3 style=\"text-align: center;\">Avd.\u00a0Bogstadveien<\/h3>\n<p style=\"text-align: center;\">Bogstadveien 72 B<br \/>\n<a class=\"auto-generated-link\" href=\"mailto:bogstadveien@waxonwaxoff.no\" data-type=\"mail\" data-auto-recognition=\"true\" data-content=\"bogstadveien@waxonwaxoff.no\">bogstadveien@waxonwaxoff.no<\/a><\/p>\n<p style=\"text-align: center;\"><strong>Kontakt oss p\u00e5 <a href=\"https:\/\/www.instagram.com\/waxonwaxoff.no\/\">Instagram<\/a> evt <a href=\"https:\/\/www.facebook.com\/waxonwaxoff.no\/\">Facebook<\/a><\/strong><\/p>\n<p>[\/vc_column_text][vc_separator color=&raquo;mulled_wine&raquo; style=&raquo;shadow&raquo;][\/vc_column_inner][vc_column_inner width=&raquo;1\/4&#8243;][\/vc_column_inner][\/vc_row_inner][vc_row_inner css=&raquo;.vc_custom_1487602945691{background-color: #ffffff !important;}&raquo;][vc_column_inner width=&raquo;1\/2&#8243;][vc_gmaps link=&raquo;#E-8_JTNDaWZyYW1lJTIwc3JjJTNEJTIyaHR0cHMlM0ElMkYlMkZ3d3cuZ29vZ2xlLmNvbSUyRm1hcHMlMkZlbWJlZCUzRnBiJTNEJTIxMW0xOCUyMTFtMTIlMjExbTMlMjExZDE5MzcuNzk4MjcwMDk1MzQyOCUyMTJkMTAuNzEyNDA0OTA4MTg2NjM2JTIxM2Q1OS45Mjg5MjU5Njc5NzUzMiUyMTJtMyUyMTFmMCUyMTJmMCUyMTNmMCUyMTNtMiUyMTFpMTAyNCUyMTJpNzY4JTIxNGYxMy4xJTIxM20zJTIxMW0yJTIxMXMweDQ2NDE2ZGRhZTUxZDliODklMjUzQTB4OGJkMWU0M2UwMGVhYjExYyUyMTJzQm9nc3RhZHZlaWVuJTJCNzJCJTI1MkMlMkIwMzY2JTJCT3NsbyUyMTVlMCUyMTNtMiUyMTFzbm8lMjEyc25vJTIxNHYxNDkxMjAzODA2MTkxJTIyJTIwd2lkdGglM0QlMjI2MDAlMjIlMjBoZWlnaHQlM0QlMjI0NTAlMjIlMjBmcmFtZWJvcmRlciUzRCUyMjAlMjIlMjBzdHlsZSUzRCUyMmJvcmRlciUzQTAlMjIlMjBhbGxvd2Z1bGxzY3JlZW4lM0UlM0MlMkZpZnJhbWUlM0U=&raquo;][\/vc_column_inner][vc_column_inner width=&raquo;1\/2&#8243;][vc_column_text]<\/p>\n<p class=\"font_8\" style=\"text-align: left;\"><strong>Om salongen:<\/strong><\/p>\n<p class=\"font_8\" style=\"text-align: left;\">Denne salongen ligger helt p\u00e5 toppen av Majorstua. Rett ved Majorstua t-bane\u00a0og trikkestopp. Adressen er Bogstadveien 72b,\u00a0salongen ligger p\u00e5 oversiden av Kirkeveien, rett ovenfor det store krysset. Dette er gaten som man kj\u00f8rer\/g\u00e5r opp mot Colosseum Kino.<\/p>\n<p class=\"font_8\" style=\"text-align: left;\">Dette er en stor og fin salong over 2 etasjer, med 5 behandlingsrom.<\/p>\n<p class=\"font_8\"><strong>\u00c5pningstider:<\/strong><\/p>\n<p class=\"font_8\"><strong>Mandag &#8211; torsdag:<\/strong> 09-20.<br \/>\n<strong>Fredag:<\/strong>\u00a0 09-18.<br \/>\n<strong>L\u00f8rdag:<\/strong>\u00a0 09-17<\/p>\n<p><strong>MERK: \u00c5pningstidene kan avvike noe innimellom ved evt sykdom, ferietid ol.<\/strong>[\/vc_column_text][\/vc_column_inner][\/vc_row_inner][\/vc_column][\/vc_row][vc_row][vc_column width=&raquo;1\/3&#8243;][vc_column_text]<\/p>\n<p class=\"font_7\"><strong><span class=\"color_15\">Telefon:<\/span><\/strong><\/p>\n<p class=\"font_7\"><span class=\"color_2\">Vi har ingen telefontjeneste for innkommende anrop, men vi kan ringe deg opp om du kontakter oss p\u00e5 mail evt Facebook og ber om det.\u00a0 Vi oppfordrer for \u00f8vrig alle til \u00e5 bestille time ONLINE. Alle endringer av tid, og kansellering av time, gj\u00f8res enkelt online s\u00e5 lenge det er mer enn 8 timer til timen. Ved mindre enn 8 timer til avtalen blir timen i sin helhet fakturert.<\/span><\/p>\n<p><strong>Er du forsinket?<\/strong>\u00a0 Da kan det v\u00e6re at vi ikke rekker \u00e5 gjennomf\u00f8re behandlingen pga ny kunde har avtalt tid etter din tid. Men vi ser hva vi f\u00e5r til og gj\u00f8r s\u00e5 godt vi kan n\u00e5r slike situasjoner oppst\u00e5r.[\/vc_column_text][\/vc_column][vc_column width=&raquo;1\/3&#8243;][vc_column_text]<span class=\"color_2\"><strong>Facebook:<\/strong><\/span><\/p>\n<p><span class=\"color_2\">Facebook:<a href=\"https:\/\/www.facebook.com\/waxonwaxoff.no\/\">\u00a0@waxonwaxoff.no<\/a>\u00a0<\/span><\/p>\n<p>Instagram:\u00a0<a href=\"https:\/\/www.instagram.com\/waxonwaxoff.no\/\">waxonwaxoff.no<\/a><\/p>\n<p>F\u00f8lg oss p\u00e5 Facebook \/ Instagram og f\u00f8lg med p\u00e5 v\u00e5re nyheter, tilbud osv.<\/p>\n<p>Vi har ogs\u00e5 en gruppe p\u00e5 Facebook hvor vi legger ut innlegg til n\u00e5r vi s\u00f8ker etter modeller for ulike behandlinger ved kurs, oppl\u00e6ring og pr\u00f8vedager. Slike behandlinger er gratis.[\/vc_column_text][\/vc_column][vc_column width=&raquo;1\/3&#8243;][vc_column_text]<span class=\"color_2\"><strong>Epost:<\/strong>\u00a0<\/span><\/p>\n<p><a href=\"mailto:bogstadveien@waxonwaxoff.no\" target=\"_blank\" rel=\"noopener\">bogstadveien@waxonwaxoff.no<\/a><\/p>\n<p>N\u00e5r du sender oss en mail kan det v\u00e6re det tar litt tid \u00e5 f\u00e5 svar. Vi er ikke alltid tilgjengelig foran PC. Men vi svarer straks en av v\u00e5re terapeuter har ledig tid.[\/vc_column_text][\/vc_column][\/vc_row][vc_row full_width=&raquo;stretch_row_content&raquo;][vc_column width=&raquo;1\/4&#8243;][vc_single_image image=&raquo;1495&#8243; img_size=&raquo;full&raquo; alignment=&raquo;center&raquo; style=&raquo;vc_box_outline&raquo;][vc_empty_space][\/vc_column][vc_column width=&raquo;3\/4&#8243;][vc_separator][vc_empty_space][vc_column_text]<\/p>\n<p class=\"font_5\"><strong><span class=\"color_15\">L<\/span><\/strong><strong><span class=\"color_15\">i<\/span><\/strong><strong><span class=\"color_15\">ne &#8211; er i mammapermisjon fra 19.01.2026 og ut \u00e5ret +\/-<\/span><\/strong><\/p>\n<p>Line er utdannet hudpleier og har jobbet i Wax ON! Wax OFF siden desember 2016. Hun trives aller best med \u00e5 jobbe med voksing, farging og forming av bryn og vipper.[\/vc_column_text][\/vc_column][\/vc_row][vc_row full_width=&raquo;stretch_row_content&raquo;][vc_column width=&raquo;1\/4&#8243;][vc_single_image image=&raquo;6318&#8243; img_size=&raquo;full&raquo; alignment=&raquo;center&raquo; style=&raquo;vc_box_outline&raquo;][vc_empty_space][\/vc_column][vc_column width=&raquo;3\/4&#8243;][vc_separator][vc_empty_space][vc_column_text]<\/p>\n<p class=\"font_5\"><strong>Olena<\/strong><strong>\u00a0<\/strong><\/p>\n<p>Olena er utdannet hudpleier og har jobbet i Wax ON! Wax OFF siden august 2019. Hun har over 21 \u00e5rs erfaring fra skj\u00f8nnhetsbransjen. Hun tilbyr voksing, forming og farging av vipper og bryn. Olena kommer opprinnelig fra Ukraina og snakker flere spr\u00e5k inkl norsk.[\/vc_column_text][\/vc_column][\/vc_row][vc_row full_width=&raquo;stretch_row_content&raquo;][vc_column width=&raquo;1\/4&#8243;][vc_single_image image=&raquo;6316&#8243; img_size=&raquo;full&raquo; alignment=&raquo;center&raquo; style=&raquo;vc_box_outline&raquo;][vc_empty_space][\/vc_column][vc_column width=&raquo;3\/4&#8243;][vc_separator][vc_empty_space][vc_column_text]<\/p>\n<p class=\"font_5\"><strong>Dorota<\/strong><\/p>\n<p>Dorota er voksterapeut og har jobbet i Wax ON! Wax OFF siden september 2019. Hun jobber kun med voksing og er en av f\u00e5 i WOWO som ogs\u00e5 tilbyr h\u00e5rfjerning med sukkerpasta (sugaring) og ManZilian. Dorota komer opprinnelig fra Polen og snakker polsk og engelsk.[\/vc_column_text][\/vc_column][\/vc_row][vc_row full_width=&raquo;stretch_row_content&raquo;][vc_column width=&raquo;1\/4&#8243;][vc_single_image image=&raquo;7941&#8243; img_size=&raquo;full&raquo; alignment=&raquo;center&raquo; style=&raquo;vc_box_outline&raquo;][vc_empty_space][\/vc_column][vc_column width=&raquo;3\/4&#8243;][vc_separator][vc_empty_space][vc_column_text]<strong>Frida &#8211; Voksing &amp; vippestylist<\/strong><\/p>\n<p>Frida begynte i Wax ON! Wax OFF i starten av april 2022. Frida er utdannet hudpleier, og hun har funnet sin vei i bransjen innen voksing , bryn og vippebehandlinger som er de behandlingene hun liker best \u00e5 jobbe med.[\/vc_column_text][\/vc_column][\/vc_row][vc_row full_width=&raquo;stretch_row_content&raquo;][vc_column width=&raquo;1\/4&#8243;][vc_single_image image=&raquo;9451&#8243; img_size=&raquo;full&raquo; alignment=&raquo;center&raquo; style=&raquo;vc_box_outline&raquo;][vc_empty_space][\/vc_column][vc_column width=&raquo;3\/4&#8243;][vc_separator][vc_empty_space][vc_column_text]<strong>Emilie Isabella &#8211; hudpleier og voksterapeut<\/strong><\/p>\n<p>Emilie er utdannet hudpleier fra Bergen Hud og Fotpleieskole. F\u00f8r hun begynte \u00e5 jobbe hos oss i desember 2025 fullf\u00f8rte hun Wax ON! Wax OFF\u00b4s vokskurs og fikk med det grundig oppl\u00e6ring i voksing og da spesielt Brasiliansk voks som hun ikke l\u00e6rte p\u00e5 skolen. Som utdannet hudpleier jobber hun ogs\u00e5 med flere andre behandlinger enn bare voksing.[\/vc_column_text][\/vc_column][\/vc_row][vc_row full_width=&raquo;stretch_row_content&raquo;][vc_column width=&raquo;1\/4&#8243;][vc_single_image image=&raquo;9479&#8243; img_size=&raquo;full&raquo; alignment=&raquo;center&raquo; style=&raquo;vc_box_outline&raquo;][vc_empty_space][\/vc_column][vc_column width=&raquo;3\/4&#8243;][vc_separator][vc_empty_space][vc_column_text]<strong>Valentina Kim<\/strong><\/p>\n<p>Valentina Kim begynte \u00e5 jobbe i Wax ON! Wax OFF i juli 2018. F\u00f8r det har hun jobbet i flere andre salonger i Oslo og omegn. Hun er utdannet hudpleier og tilbyr voksing, farging og forming av vipper og bryn. Hun kommer opprinnelig fra Vietnam, og snakker norsk.<\/p>\n<p>Valentina Kim er en sprudlende kvinne. Hun er veldig effektiv i voksing noe som har resultert i at hun har veldig mange faste og forn\u00f8yde kunder.[\/vc_column_text][\/vc_column][\/vc_row][vc_row full_width=&raquo;stretch_row_content_no_spaces&raquo;][vc_column][vc_separator color=&raquo;mulled_wine&raquo; style=&raquo;shadow&raquo;][vc_empty_space][\/vc_column][\/vc_row][vc_row full_width=&raquo;stretch_row&raquo;][vc_column width=&raquo;1\/4&#8243;][vc_single_image image=&raquo;9523&#8243; img_size=&raquo;full&raquo;][\/vc_column][vc_column width=&raquo;1\/4&#8243;][vc_single_image image=&raquo;9524&#8243; img_size=&raquo;full&raquo;][\/vc_column][vc_column width=&raquo;1\/4&#8243;][vc_single_image image=&raquo;9526&#8243; img_size=&raquo;full&raquo;][\/vc_column][vc_column width=&raquo;1\/4&#8243;][vc_single_image image=&raquo;9522&#8243; img_size=&raquo;full&raquo;][\/vc_column][\/vc_row][vc_row][vc_column][vc_separator color=&raquo;mulled_wine&raquo; style=&raquo;shadow&raquo;][\/vc_column][\/vc_row]<\/p>\n","protected":false},"excerpt":{"rendered":"<p>[vc_row full_width=&raquo;stretch_row&raquo; css=&raquo;.vc_custom_1486971436201{background-position: center !important;background-repeat: no-repeat !important;background-size: cover !important;}&raquo;][vc_column][vc_row_inner][vc_column_inner width=&raquo;1\/4&#8243;][vc_empty_space][vc_btn title=&raquo;Go back&raquo; size=&raquo;xs&raquo; i_icon_fontawesome=&raquo;fas fa-arrow-left&raquo; add_icon=&raquo;true&raquo; link=&raquo;url:https%3A%2F%2Fwaxonwaxoff.no%2Findex.php%2Fkontakt%2F&raquo;][\/vc_column_inner][vc_column_inner width=&raquo;1\/2&#8243;][vc_column_text] Avd.\u00a0Bogstadveien Bogstadveien [&hellip;]<\/p>\n","protected":false},"author":1,"featured_media":0,"parent":54,"menu_order":0,"comment_status":"closed","ping_status":"closed","template":"","meta":{"_monsterinsights_skip_tracking":false,"_monsterinsights_sitenote_active":false,"_monsterinsights_sitenote_note":"","_monsterinsights_sitenote_category":0,"footnotes":""},"class_list":["post-697","page","type-page","status-publish","hentry"],"yoast_head":"<!-- This site is optimized with the Yoast SEO plugin v17.7.1 - https:\/\/yoast.com\/wordpress\/plugins\/seo\/ -->\n<title>Oslo, Bogstadveien -<\/title>\n<meta name=\"robots\" content=\"index, follow, max-snippet:-1, max-image-preview:large, max-video-preview:-1\" \/>\n<link rel=\"canonical\" href=\"https:\/\/waxonwaxoff.no\/index.php\/kontakt\/avd-bogstadveien\/\" \/>\n<meta property=\"og:locale\" content=\"nb_NO\" \/>\n<meta property=\"og:type\" content=\"article\" \/>\n<meta property=\"og:title\" content=\"Oslo, Bogstadveien -\" \/>\n<meta property=\"og:description\" content=\"[vc_row full_width=&raquo;stretch_row&raquo; css=&raquo;.vc_custom_1486971436201{background-position: center !important;background-repeat: no-repeat !important;background-size: cover !important;}&raquo;][vc_column][vc_row_inner][vc_column_inner width=&raquo;1\/4&#8243;][vc_empty_space][vc_btn title=&raquo;Go back&raquo; size=&raquo;xs&raquo; i_icon_fontawesome=&raquo;fas fa-arrow-left&raquo; add_icon=&raquo;true&raquo; link=&raquo;url:https%3A%2F%2Fwaxonwaxoff.no%2Findex.php%2Fkontakt%2F&raquo;][\/vc_column_inner][vc_column_inner width=&raquo;1\/2&#8243;][vc_column_text] Avd.\u00a0Bogstadveien Bogstadveien [&hellip;]\" \/>\n<meta property=\"og:url\" content=\"https:\/\/waxonwaxoff.no\/index.php\/kontakt\/avd-bogstadveien\/\" \/>\n<meta property=\"article:modified_time\" content=\"2026-04-28T20:14:56+00:00\" \/>\n<meta name=\"twitter:card\" content=\"summary\" \/>\n<meta name=\"twitter:label1\" content=\"Ansl. lesetid\" \/>\n\t<meta name=\"twitter:data1\" content=\"3 minutter\" \/>\n<script type=\"application\/ld+json\" class=\"yoast-schema-graph\">{\"@context\":\"https:\/\/schema.org\",\"@graph\":[{\"@type\":\"WebSite\",\"@id\":\"https:\/\/waxonwaxoff.no\/#website\",\"url\":\"https:\/\/waxonwaxoff.no\/\",\"name\":\"\",\"description\":\"\",\"potentialAction\":[{\"@type\":\"SearchAction\",\"target\":{\"@type\":\"EntryPoint\",\"urlTemplate\":\"https:\/\/waxonwaxoff.no\/?s={search_term_string}\"},\"query-input\":\"required name=search_term_string\"}],\"inLanguage\":\"nb-NO\"},{\"@type\":\"WebPage\",\"@id\":\"https:\/\/waxonwaxoff.no\/index.php\/kontakt\/avd-bogstadveien\/#webpage\",\"url\":\"https:\/\/waxonwaxoff.no\/index.php\/kontakt\/avd-bogstadveien\/\",\"name\":\"Oslo, Bogstadveien -\",\"isPartOf\":{\"@id\":\"https:\/\/waxonwaxoff.no\/#website\"},\"datePublished\":\"2017-02-21T06:57:04+00:00\",\"dateModified\":\"2026-04-28T20:14:56+00:00\",\"breadcrumb\":{\"@id\":\"https:\/\/waxonwaxoff.no\/index.php\/kontakt\/avd-bogstadveien\/#breadcrumb\"},\"inLanguage\":\"nb-NO\",\"potentialAction\":[{\"@type\":\"ReadAction\",\"target\":[\"https:\/\/waxonwaxoff.no\/index.php\/kontakt\/avd-bogstadveien\/\"]}]},{\"@type\":\"BreadcrumbList\",\"@id\":\"https:\/\/waxonwaxoff.no\/index.php\/kontakt\/avd-bogstadveien\/#breadcrumb\",\"itemListElement\":[{\"@type\":\"ListItem\",\"position\":1,\"name\":\"Hjem\",\"item\":\"https:\/\/waxonwaxoff.no\/\"},{\"@type\":\"ListItem\",\"position\":2,\"name\":\"Avdelinger\",\"item\":\"https:\/\/waxonwaxoff.no\/index.php\/kontakt\/\"},{\"@type\":\"ListItem\",\"position\":3,\"name\":\"Oslo, Bogstadveien\"}]}]}<\/script>\n<!-- \/ Yoast SEO plugin. -->","yoast_head_json":{"title":"Oslo, Bogstadveien -","robots":{"index":"index","follow":"follow","max-snippet":"max-snippet:-1","max-image-preview":"max-image-preview:large","max-video-preview":"max-video-preview:-1"},"canonical":"https:\/\/waxonwaxoff.no\/index.php\/kontakt\/avd-bogstadveien\/","og_locale":"nb_NO","og_type":"article","og_title":"Oslo, Bogstadveien -","og_description":"[vc_row full_width=&raquo;stretch_row&raquo; css=&raquo;.vc_custom_1486971436201{background-position: center !important;background-repeat: no-repeat !important;background-size: cover !important;}&raquo;][vc_column][vc_row_inner][vc_column_inner width=&raquo;1\/4&#8243;][vc_empty_space][vc_btn title=&raquo;Go back&raquo; size=&raquo;xs&raquo; i_icon_fontawesome=&raquo;fas fa-arrow-left&raquo; add_icon=&raquo;true&raquo; link=&raquo;url:https%3A%2F%2Fwaxonwaxoff.no%2Findex.php%2Fkontakt%2F&raquo;][\/vc_column_inner][vc_column_inner width=&raquo;1\/2&#8243;][vc_column_text] Avd.\u00a0Bogstadveien Bogstadveien [&hellip;]","og_url":"https:\/\/waxonwaxoff.no\/index.php\/kontakt\/avd-bogstadveien\/","article_modified_time":"2026-04-28T20:14:56+00:00","twitter_card":"summary","twitter_misc":{"Ansl. lesetid":"3 minutter"},"schema":{"@context":"https:\/\/schema.org","@graph":[{"@type":"WebSite","@id":"https:\/\/waxonwaxoff.no\/#website","url":"https:\/\/waxonwaxoff.no\/","name":"","description":"","potentialAction":[{"@type":"SearchAction","target":{"@type":"EntryPoint","urlTemplate":"https:\/\/waxonwaxoff.no\/?s={search_term_string}"},"query-input":"required name=search_term_string"}],"inLanguage":"nb-NO"},{"@type":"WebPage","@id":"https:\/\/waxonwaxoff.no\/index.php\/kontakt\/avd-bogstadveien\/#webpage","url":"https:\/\/waxonwaxoff.no\/index.php\/kontakt\/avd-bogstadveien\/","name":"Oslo, Bogstadveien -","isPartOf":{"@id":"https:\/\/waxonwaxoff.no\/#website"},"datePublished":"2017-02-21T06:57:04+00:00","dateModified":"2026-04-28T20:14:56+00:00","breadcrumb":{"@id":"https:\/\/waxonwaxoff.no\/index.php\/kontakt\/avd-bogstadveien\/#breadcrumb"},"inLanguage":"nb-NO","potentialAction":[{"@type":"ReadAction","target":["https:\/\/waxonwaxoff.no\/index.php\/kontakt\/avd-bogstadveien\/"]}]},{"@type":"BreadcrumbList","@id":"https:\/\/waxonwaxoff.no\/index.php\/kontakt\/avd-bogstadveien\/#breadcrumb","itemListElement":[{"@type":"ListItem","position":1,"name":"Hjem","item":"https:\/\/waxonwaxoff.no\/"},{"@type":"ListItem","position":2,"name":"Avdelinger","item":"https:\/\/waxonwaxoff.no\/index.php\/kontakt\/"},{"@type":"ListItem","position":3,"name":"Oslo, Bogstadveien"}]}]}},"_links":{"self":[{"href":"https:\/\/waxonwaxoff.no\/index.php\/wp-json\/wp\/v2\/pages\/697","targetHints":{"allow":["GET"]}}],"collection":[{"href":"https:\/\/waxonwaxoff.no\/index.php\/wp-json\/wp\/v2\/pages"}],"about":[{"href":"https:\/\/waxonwaxoff.no\/index.php\/wp-json\/wp\/v2\/types\/page"}],"author":[{"embeddable":true,"href":"https:\/\/waxonwaxoff.no\/index.php\/wp-json\/wp\/v2\/users\/1"}],"replies":[{"embeddable":true,"href":"https:\/\/waxonwaxoff.no\/index.php\/wp-json\/wp\/v2\/comments?post=697"}],"version-history":[{"count":110,"href":"https:\/\/waxonwaxoff.no\/index.php\/wp-json\/wp\/v2\/pages\/697\/revisions"}],"predecessor-version":[{"id":9960,"href":"https:\/\/waxonwaxoff.no\/index.php\/wp-json\/wp\/v2\/pages\/697\/revisions\/9960"}],"up":[{"embeddable":true,"href":"https:\/\/waxonwaxoff.no\/index.php\/wp-json\/wp\/v2\/pages\/54"}],"wp:attachment":[{"href":"https:\/\/waxonwaxoff.no\/index.php\/wp-json\/wp\/v2\/media?parent=697"}],"curies":[{"name":"wp","href":"https:\/\/api.w.org\/{rel}","templated":true}]}}