{"id":57,"date":"2017-01-16T13:18:21","date_gmt":"2017-01-16T12:18:21","guid":{"rendered":"https:\/\/waxonwaxoff.no\/?page_id=57"},"modified":"2026-05-07T14:42:28","modified_gmt":"2026-05-07T12:42:28","slug":"hjem","status":"publish","type":"page","link":"https:\/\/waxonwaxoff.no\/","title":{"rendered":"Hjem"},"content":{"rendered":"<p>[vc_row][vc_column][vc_empty_space][\/vc_column][\/vc_row][vc_row full_height=&raquo;yes&raquo; content_placement=&raquo;middle&raquo; parallax=&raquo;content-moving&raquo; css=&raquo;.vc_custom_1770195214829{background-color: rgba(116,166,191,0.31) !important;background-position: center;background-repeat: no-repeat !important;background-size: cover !important;*background-color: rgb(116,166,191) !important;border-radius: 1px !important;}&raquo;][vc_column width=&raquo;1\/6&#8243;][\/vc_column][vc_column width=&raquo;2\/3&#8243;][vc_btn title=&raquo;Book time&raquo; style=&raquo;classic&raquo; shape=&raquo;square&raquo; color=&raquo;juicy-pink&raquo; size=&raquo;sm&raquo; align=&raquo;center&raquo; i_icon_fontawesome=&raquo;fas fa-calendar-alt&raquo; css_animation=&raquo;flipInX&raquo; add_icon=&raquo;true&raquo; link=&raquo;url:https%3A%2F%2Fwww.eadministration.dk%2Fkunde%2Fkundelogin.asp%3Fklient%3D886|target:_blank&raquo;][vc_empty_space][vc_custom_heading text=&raquo;Smooth skin, happy you!&raquo; font_container=&raquo;tag:h1|font_size:50|text_align:center|color:%23ff0000&#8243;][vc_column_text]<\/p>\n<h4 style=\"text-align: center;\"><span style=\"color: #ff0000;\">Velkommen til<\/span> <span style=\"color: #ff0000;\">Wax ON! Wax OFF<\/span><\/h4>\n<p style=\"text-align: center;\"><span style=\"color: #ffffff;\"><span style=\"color: #000000;\">Din ultimate destinasjon for profesjonell og sk\u00e5nsom h\u00e5rfjerning med voks. P\u00e5 menyen har vi ogs\u00e5 vipper\/brynbehandlinger, hudpleie, fotpleie m\/ gellakk, threading og massasje. Vi st\u00e5r klare til \u00e5 gi v\u00e5re kunder enest\u00e5ende resultater og en behagelig opplevelse. <\/span><\/span><\/p>\n<p style=\"text-align: center;\"><span style=\"color: #ffffff;\"><span style=\"color: #000000;\">Bes\u00f8k oss i Oslo eller i \u00c5s for en avslappende, trygg og effektiv behandling.<\/span><\/span><\/p>\n<p style=\"text-align: center;\">Hudpleie, threading og pedikyr er behandlinger vi tilbyr i utvalgte avdelinger.<\/p>\n<p>[\/vc_column_text][\/vc_column][vc_column width=&raquo;1\/6&#8243;][\/vc_column][\/vc_row][vc_row][vc_column width=&raquo;1\/6&#8243;][\/vc_column][vc_column width=&raquo;2\/3&#8243;][vc_empty_space][vc_text_separator title=&raquo;April og Mai&raquo; i_icon_fontawesome=&raquo;fab fa-pagelines&raquo; i_color=&raquo;green&raquo; i_size=&raquo;lg&raquo; add_icon=&raquo;true&raquo;][vc_column_text]<\/p>\n<p style=\"text-align: center;\">Vi anbefaler alle kunder \u00e5 v\u00e6re tidlig ute med sin timebestilling f\u00f8r 17. mai da det er en h\u00f8ytid med ekstra stor p\u00e5gang i bookingen v\u00e5r.<\/p>\n<p>[\/vc_column_text][vc_empty_space height=&raquo;40px&raquo;][vc_text_separator title=&raquo;PRISER&raquo; i_icon_fontawesome=&raquo;fab fa-pagelines&raquo; i_color=&raquo;green&raquo; i_size=&raquo;lg&raquo; add_icon=&raquo;true&raquo;][\/vc_column][vc_column width=&raquo;1\/6&#8243;][\/vc_column][\/vc_row][vc_row][vc_column width=&raquo;1\/5&#8243;][vc_btn title=&raquo;Voksing for kvinner&raquo; style=&raquo;outline&raquo; color=&raquo;black&raquo; size=&raquo;lg&raquo; align=&raquo;center&raquo; button_block=&raquo;true&raquo; link=&raquo;url:https%3A%2F%2Fwaxonwaxoff.no%2Findex.php%2Fbehandlinger%2Fstripsvoks-2%2F&raquo;][\/vc_column][vc_column width=&raquo;1\/5&#8243;][vc_btn title=&raquo;Voksing for menn&raquo; style=&raquo;outline&raquo; color=&raquo;black&raquo; size=&raquo;lg&raquo; align=&raquo;center&raquo; button_block=&raquo;true&raquo; link=&raquo;url:https%3A%2F%2Fwaxonwaxoff.no%2Findex.php%2Fbehandlinger%2Fvoksing-menn%2F&raquo;][\/vc_column][vc_column width=&raquo;1\/5&#8243;][vc_btn title=&raquo;Vipper &amp; bryn&raquo; style=&raquo;outline&raquo; color=&raquo;black&raquo; size=&raquo;lg&raquo; align=&raquo;center&raquo; button_block=&raquo;true&raquo; link=&raquo;url:https%3A%2F%2Fwaxonwaxoff.no%2Findex.php%2Fbehandlinger%2Fbryn-vipper%2F&raquo;][\/vc_column][vc_column width=&raquo;1\/5&#8243;][vc_btn title=&raquo;Hudpleie&raquo; style=&raquo;outline&raquo; color=&raquo;black&raquo; size=&raquo;lg&raquo; align=&raquo;center&raquo; button_block=&raquo;true&raquo; link=&raquo;url:https%3A%2F%2Fwaxonwaxoff.no%2Findex.php%2Fbehandlinger%2Fhudpleie-meny%2F&raquo;][\/vc_column][vc_column width=&raquo;1\/5&#8243;][vc_btn title=&raquo;Fotpleie &amp; Gellakk&raquo; style=&raquo;outline&raquo; color=&raquo;black&raquo; size=&raquo;lg&raquo; align=&raquo;center&raquo; button_block=&raquo;true&raquo; link=&raquo;url:https%3A%2F%2Fwaxonwaxoff.no%2Findex.php%2Fbehandlinger%2Fmanikyr-pedikyr%2F&raquo;][\/vc_column][\/vc_row][vc_row css=&raquo;.vc_custom_1769161228510{background-color: rgba(242,242,242,0.64) !important;*background-color: rgb(242,242,242) !important;}&raquo;][vc_column width=&raquo;1\/4&#8243;][vc_single_image image=&raquo;9379&#8243; img_size=&raquo;full&raquo; onclick=&raquo;link_image&raquo;][\/vc_column][vc_column width=&raquo;1\/4&#8243;][vc_single_image image=&raquo;3657&#8243; img_size=&raquo;full&raquo; alignment=&raquo;center&raquo; onclick=&raquo;link_image&raquo;][\/vc_column][vc_column width=&raquo;1\/4&#8243;][vc_single_image image=&raquo;8294&#8243; img_size=&raquo;full&raquo; onclick=&raquo;link_image&raquo;][\/vc_column][vc_column width=&raquo;1\/4&#8243;][vc_single_image image=&raquo;8575&#8243; img_size=&raquo;full&raquo; onclick=&raquo;link_image&raquo;][\/vc_column][vc_column][\/vc_column][\/vc_row][vc_row][vc_column width=&raquo;1\/6&#8243;][\/vc_column][vc_column width=&raquo;1\/6&#8243;][\/vc_column][vc_column width=&raquo;1\/6&#8243;][\/vc_column][vc_column width=&raquo;1\/6&#8243;][vc_btn title=&raquo;Facebook&raquo; style=&raquo;gradient-custom&raquo; gradient_custom_color_1=&raquo;#4d76c1&#8243; gradient_custom_color_2=&raquo;#4d76c1&#8243; shape=&raquo;square&raquo; size=&raquo;sm&raquo; align=&raquo;center&raquo; i_icon_fontawesome=&raquo;fab fa-facebook&raquo; add_icon=&raquo;true&raquo; link=&raquo;url:https%3A%2F%2Fwww.facebook.com%2Fwaxonwaxoff.no%2F|target:_blank&raquo;][\/vc_column][vc_column width=&raquo;1\/6&#8243;][vc_btn title=&raquo;Instagram&raquo; style=&raquo;gradient-custom&raquo; gradient_custom_color_2=&raquo;#8e3be2&#8243; shape=&raquo;square&raquo; size=&raquo;sm&raquo; align=&raquo;center&raquo; i_icon_fontawesome=&raquo;fab fa-instagram&raquo; add_icon=&raquo;true&raquo; link=&raquo;url:https%3A%2F%2Fwww.instagram.com%2Fwaxonwaxoff.no%2F|target:_blank&raquo;][\/vc_column][vc_column width=&raquo;1\/6&#8243;][vc_btn title=&raquo;Online Booking&raquo; style=&raquo;gradient-custom&raquo; gradient_custom_color_2=&raquo;#dd3333&#8243; shape=&raquo;square&raquo; size=&raquo;sm&raquo; align=&raquo;center&raquo; i_icon_fontawesome=&raquo;fas fa-laptop&raquo; add_icon=&raquo;true&raquo; link=&raquo;url:https%3A%2F%2Fwww.eadministration.dk%2Fkunde%2Fkundelogin.asp%3Fklient%3D886|target:_blank&raquo;][\/vc_column][\/vc_row][vc_row full_width=&raquo;stretch_row&raquo; content_placement=&raquo;middle&raquo; css=&raquo;.vc_custom_1700036639670{background-color: rgba(255,255,255,0.05) !important;*background-color: rgb(255,255,255) !important;}&raquo;][vc_column][vc_separator][\/vc_column][\/vc_row]<\/p>\n","protected":false},"excerpt":{"rendered":"<p>[vc_row][vc_column][vc_empty_space][\/vc_column][\/vc_row][vc_row full_height=&raquo;yes&raquo; content_placement=&raquo;middle&raquo; parallax=&raquo;content-moving&raquo; css=&raquo;.vc_custom_1770195214829{background-color: rgba(116,166,191,0.31) !important;background-position: center;background-repeat: no-repeat !important;background-size: cover !important;*background-color: rgb(116,166,191) !important;border-radius: 1px !important;}&raquo;][vc_column width=&raquo;1\/6&#8243;][\/vc_column][vc_column width=&raquo;2\/3&#8243;][vc_btn title=&raquo;Book time&raquo; [&hellip;]<\/p>\n","protected":false},"author":1,"featured_media":0,"parent":0,"menu_order":0,"comment_status":"closed","ping_status":"closed","template":"","meta":{"_monsterinsights_skip_tracking":false,"_monsterinsights_sitenote_active":false,"_monsterinsights_sitenote_note":"","_monsterinsights_sitenote_category":0,"footnotes":""},"class_list":["post-57","page","type-page","status-publish","hentry"],"yoast_head":"<!-- This site is optimized with the Yoast SEO plugin v17.7.1 - https:\/\/yoast.com\/wordpress\/plugins\/seo\/ -->\n<title>Wax ON! Wax OFF - Salong for voksing og skj\u00f8nnhetspleie<\/title>\n<meta name=\"description\" content=\"Voksing for kvinner og menn. Spesialister innen stripsvoks, hotwax, sugaring samt skj\u00f8nnehetspleie. Vi har 6 salonger i Oslo. Velkommen!\" \/>\n<meta name=\"robots\" content=\"index, follow, max-snippet:-1, max-image-preview:large, max-video-preview:-1\" \/>\n<link rel=\"canonical\" href=\"https:\/\/waxonwaxoff.no\/\" \/>\n<meta property=\"og:locale\" content=\"nb_NO\" \/>\n<meta property=\"og:type\" content=\"article\" \/>\n<meta property=\"og:title\" content=\"Wax ON! Wax OFF - Salong for voksing og skj\u00f8nnhetspleie\" \/>\n<meta property=\"og:description\" content=\"Voksing for kvinner og menn. Spesialister innen stripsvoks, hotwax, sugaring samt skj\u00f8nnehetspleie. Vi har 6 salonger i Oslo. Velkommen!\" \/>\n<meta property=\"og:url\" content=\"https:\/\/waxonwaxoff.no\/\" \/>\n<meta property=\"article:modified_time\" content=\"2026-05-07T12:42:28+00:00\" \/>\n<meta name=\"twitter:card\" content=\"summary\" \/>\n<meta name=\"twitter:label1\" content=\"Ansl. lesetid\" \/>\n\t<meta name=\"twitter:data1\" content=\"1 minutt\" \/>\n<script type=\"application\/ld+json\" class=\"yoast-schema-graph\">{\"@context\":\"https:\/\/schema.org\",\"@graph\":[{\"@type\":\"WebSite\",\"@id\":\"https:\/\/waxonwaxoff.no\/#website\",\"url\":\"https:\/\/waxonwaxoff.no\/\",\"name\":\"\",\"description\":\"\",\"potentialAction\":[{\"@type\":\"SearchAction\",\"target\":{\"@type\":\"EntryPoint\",\"urlTemplate\":\"https:\/\/waxonwaxoff.no\/?s={search_term_string}\"},\"query-input\":\"required name=search_term_string\"}],\"inLanguage\":\"nb-NO\"},{\"@type\":\"WebPage\",\"@id\":\"https:\/\/waxonwaxoff.no\/#webpage\",\"url\":\"https:\/\/waxonwaxoff.no\/\",\"name\":\"Wax ON! Wax OFF - Salong for voksing og skj\\u00f8nnhetspleie\",\"isPartOf\":{\"@id\":\"https:\/\/waxonwaxoff.no\/#website\"},\"datePublished\":\"2017-01-16T12:18:21+00:00\",\"dateModified\":\"2026-05-07T12:42:28+00:00\",\"description\":\"Voksing for kvinner og menn. Spesialister innen stripsvoks, hotwax, sugaring samt skj\\u00f8nnehetspleie. Vi har 6 salonger i Oslo. Velkommen!\",\"breadcrumb\":{\"@id\":\"https:\/\/waxonwaxoff.no\/#breadcrumb\"},\"inLanguage\":\"nb-NO\",\"potentialAction\":[{\"@type\":\"ReadAction\",\"target\":[\"https:\/\/waxonwaxoff.no\/\"]}]},{\"@type\":\"BreadcrumbList\",\"@id\":\"https:\/\/waxonwaxoff.no\/#breadcrumb\",\"itemListElement\":[{\"@type\":\"ListItem\",\"position\":1,\"name\":\"Hjem\",\"item\":\"https:\/\/waxonwaxoff.no\/\"},{\"@type\":\"ListItem\",\"position\":2,\"name\":\"Hjem\"}]}]}<\/script>\n<!-- \/ Yoast SEO plugin. -->","yoast_head_json":{"title":"Wax ON! Wax OFF - Salong for voksing og skj\u00f8nnhetspleie","description":"Voksing for kvinner og menn. Spesialister innen stripsvoks, hotwax, sugaring samt skj\u00f8nnehetspleie. Vi har 6 salonger i Oslo. Velkommen!","robots":{"index":"index","follow":"follow","max-snippet":"max-snippet:-1","max-image-preview":"max-image-preview:large","max-video-preview":"max-video-preview:-1"},"canonical":"https:\/\/waxonwaxoff.no\/","og_locale":"nb_NO","og_type":"article","og_title":"Wax ON! Wax OFF - Salong for voksing og skj\u00f8nnhetspleie","og_description":"Voksing for kvinner og menn. Spesialister innen stripsvoks, hotwax, sugaring samt skj\u00f8nnehetspleie. Vi har 6 salonger i Oslo. Velkommen!","og_url":"https:\/\/waxonwaxoff.no\/","article_modified_time":"2026-05-07T12:42:28+00:00","twitter_card":"summary","twitter_misc":{"Ansl. lesetid":"1 minutt"},"schema":{"@context":"https:\/\/schema.org","@graph":[{"@type":"WebSite","@id":"https:\/\/waxonwaxoff.no\/#website","url":"https:\/\/waxonwaxoff.no\/","name":"","description":"","potentialAction":[{"@type":"SearchAction","target":{"@type":"EntryPoint","urlTemplate":"https:\/\/waxonwaxoff.no\/?s={search_term_string}"},"query-input":"required name=search_term_string"}],"inLanguage":"nb-NO"},{"@type":"WebPage","@id":"https:\/\/waxonwaxoff.no\/#webpage","url":"https:\/\/waxonwaxoff.no\/","name":"Wax ON! Wax OFF - Salong for voksing og skj\u00f8nnhetspleie","isPartOf":{"@id":"https:\/\/waxonwaxoff.no\/#website"},"datePublished":"2017-01-16T12:18:21+00:00","dateModified":"2026-05-07T12:42:28+00:00","description":"Voksing for kvinner og menn. Spesialister innen stripsvoks, hotwax, sugaring samt skj\u00f8nnehetspleie. Vi har 6 salonger i Oslo. Velkommen!","breadcrumb":{"@id":"https:\/\/waxonwaxoff.no\/#breadcrumb"},"inLanguage":"nb-NO","potentialAction":[{"@type":"ReadAction","target":["https:\/\/waxonwaxoff.no\/"]}]},{"@type":"BreadcrumbList","@id":"https:\/\/waxonwaxoff.no\/#breadcrumb","itemListElement":[{"@type":"ListItem","position":1,"name":"Hjem","item":"https:\/\/waxonwaxoff.no\/"},{"@type":"ListItem","position":2,"name":"Hjem"}]}]}},"_links":{"self":[{"href":"https:\/\/waxonwaxoff.no\/index.php\/wp-json\/wp\/v2\/pages\/57","targetHints":{"allow":["GET"]}}],"collection":[{"href":"https:\/\/waxonwaxoff.no\/index.php\/wp-json\/wp\/v2\/pages"}],"about":[{"href":"https:\/\/waxonwaxoff.no\/index.php\/wp-json\/wp\/v2\/types\/page"}],"author":[{"embeddable":true,"href":"https:\/\/waxonwaxoff.no\/index.php\/wp-json\/wp\/v2\/users\/1"}],"replies":[{"embeddable":true,"href":"https:\/\/waxonwaxoff.no\/index.php\/wp-json\/wp\/v2\/comments?post=57"}],"version-history":[{"count":425,"href":"https:\/\/waxonwaxoff.no\/index.php\/wp-json\/wp\/v2\/pages\/57\/revisions"}],"predecessor-version":[{"id":10013,"href":"https:\/\/waxonwaxoff.no\/index.php\/wp-json\/wp\/v2\/pages\/57\/revisions\/10013"}],"wp:attachment":[{"href":"https:\/\/waxonwaxoff.no\/index.php\/wp-json\/wp\/v2\/media?parent=57"}],"curies":[{"name":"wp","href":"https:\/\/api.w.org\/{rel}","templated":true}]}}