{"id":569,"date":"2017-02-20T10:23:45","date_gmt":"2017-02-20T09:23:45","guid":{"rendered":"https:\/\/waxonwaxoff.no\/?page_id=569"},"modified":"2026-04-12T21:14:11","modified_gmt":"2026-04-12T19:14:11","slug":"orehulling-piercing","status":"publish","type":"page","link":"https:\/\/waxonwaxoff.no\/index.php\/orehulling-piercing\/","title":{"rendered":"\u00d8rehulling"},"content":{"rendered":"<p>[vc_row][vc_column][vc_column_text]<span style=\"color: #000000;\"><strong>Flere behandlinger: <\/strong><a style=\"color: #000000;\" href=\"https:\/\/waxonwaxoff.no\/index.php\/behandlinger\/stripsvoks-2\/\">Voksing kvinner<\/a>\u00a0 \u00a0\u00a0<a style=\"color: #000000;\" href=\"https:\/\/waxonwaxoff.no\/index.php\/behandlinger\/voksing-menn\/\">Voksing menn<\/a>\u00a0 \u00a0\u00a0<a style=\"color: #000000;\" href=\"https:\/\/waxonwaxoff.no\/index.php\/behandlinger\/bryn-vipper\/\">Vipper&amp;bryn<\/a>\u00a0 \u00a0\u00a0<a style=\"color: #000000;\" href=\"https:\/\/waxonwaxoff.no\/index.php\/behandlinger\/hudpleie-meny\/\">Hudpleie<\/a> \u00a0\u00a0\u00a0<a style=\"color: #000000;\" href=\"https:\/\/waxonwaxoff.no\/index.php\/behandlinger\/manikyr-pedikyr\/\">Fotpleie<\/a>\u00a0 \u00a0\u00a0<a style=\"color: #000000;\" href=\"https:\/\/waxonwaxoff.no\/index.php\/behandlinger\/massasje\/\">Massasje<\/a><\/span>[\/vc_column_text][\/vc_column][\/vc_row][vc_row full_width=&raquo;stretch_row&raquo;][vc_column][vc_column_text]<\/p>\n<h4>Priser p\u00e5 \u00f8rehulling:<\/h4>\n<p>[\/vc_column_text][vc_column_text]<\/p>\n<div id=\"c156hinlineContent\" class=\"color_2\" data-reactid=\".0.$SITE_ROOT.$desktop_siteRoot.$PAGES_CONTAINER.1.1.$SITE_PAGES.$c156h.3\">\n<ul>\n<li class=\"p2\" style=\"text-align: left;\"><strong><span class=\"s1\">1 hull <\/span><\/strong><span class=\"s1\">med \u00f8redobb i medisinsk plast<\/span><strong><span class=\"s1\"> kr. 349,00<\/span><\/strong><\/li>\n<li class=\"p4\" style=\"text-align: left;\"><strong><span class=\"s1\">2 hull <\/span><\/strong><span class=\"s1\">med \u00f8redobb i medisinsk plast <\/span><strong><span class=\"s1\">kr. 499,00<\/span><\/strong><\/li>\n<li class=\"p2\"><strong>1 hull<\/strong>\u00a0med\u00a0\u00f8redobb i Titan<strong> kr. 389,00<\/strong><\/li>\n<li><strong>2 hull<\/strong>\u00a0med \u00f8redobb i Titan <strong>kr. 579,00<\/strong><\/li>\n<\/ul>\n<p style=\"text-align: left;\"><i>Vi har \u00f8redobber med forskjellige krystaller \/ farger. Du velger selv n\u00e5r du kommer. Booker du med en type \u00f8redobb og endrer n\u00e5r du kommer i salongen er det helt i orden. Det tar like lang tid for oss om du velger plast eller Titan.<\/i><\/p>\n<p class=\"p7\" style=\"text-align: left;\"><span class=\"s1\"><b>Tilbys i v\u00e5r <\/b><span class=\"s2\"><b>avd. p\u00e5 Gr\u00fcnerl\u00f8kka.\u00a0<\/b><\/span><\/span><\/p>\n<\/div>\n<p>[\/vc_column_text][vc_single_image image=&raquo;4507&#8243; img_size=&raquo;full&raquo;][\/vc_column][vc_column width=&raquo;1\/2&#8243;][\/vc_column][vc_column width=&raquo;1\/2&#8243;][vc_empty_space][\/vc_column][\/vc_row][vc_row full_width=&raquo;stretch_row&raquo; css=&raquo;.vc_custom_1486971436201{background-position: center !important;background-repeat: no-repeat !important;background-size: cover !important;}&raquo;][vc_column][vc_column_text]<a href=\"https:\/\/waxonwaxoff.no\/index.php\/behandlinger\/\"><strong>\u2190 Tilbake til hovedmeny<\/strong><\/a>[\/vc_column_text][vc_row_inner css=&raquo;.vc_custom_1487064549860{background-color: #ffffff !important;}&raquo;][vc_column_inner][vc_column_text css=&raquo;.vc_custom_1534243711872{padding-top: 15px !important;}&raquo;]<\/p>\n<p class=\"p1\"><span class=\"s1\">Vi benytter Blomdahl, som har en medisinsk \u00f8rehullings metode med \u201cpistol\u201d. Produktene er trygt designet for \u00e5 unng\u00e5 spredning av infeksjoner under \u00f8rehullingen. Du kan derfor v\u00e6re trygg p\u00e5 at det foreg\u00e5r p\u00e5 en hygienisk, trygg og rask m\u00e5te. <\/span><\/p>\n<p class=\"p1\"><span class=\"s1\">\u00d8redobbene er utviklet i konsultasjon med hudspesialister og passer til alle, selv om de allerede har allergi. Du kan velge mellom \u00f8redobber laget av n\u00f8ye utvalgt plast eller titan av medisinsk kvalitet. Belegget brukes kun p\u00e5 de delene av smykkene som ikke kommer i direkte kontakt med huden din. <\/span><\/p>\n<p>[\/vc_column_text][vc_empty_space][\/vc_column_inner][\/vc_row_inner][vc_row_inner css=&raquo;.vc_custom_1487064522888{background-color: #ffffff !important;}&raquo;][vc_column_inner width=&raquo;1\/2&#8243;][\/vc_column_inner][vc_column_inner width=&raquo;1\/2&#8243; css=&raquo;.vc_custom_1486567811230{border-radius: 2px !important;}&raquo;][\/vc_column_inner][\/vc_row_inner][vc_row_inner css=&raquo;.vc_custom_1487064522888{background-color: #ffffff !important;}&raquo;][vc_column_inner][vc_column_text]<\/p>\n<p class=\"p1\"><span class=\"s1\"><b>Etterbehandling\/rens <\/b><\/span><\/p>\n<p class=\"p1\"><span class=\"s1\">&#8211; Ber\u00f8r aldri \u00f8rene dine med uvaskede hender.<br \/>\n<\/span><span class=\"s1\">&#8211; Rens\/vask \u00f8rene p\u00e5 begge sider 2 ganger daglig, uten \u00e5 fjerne \u00f8redobbene.<br \/>\n<\/span><span class=\"s1\"><b>&#8211; Daglig rens:<\/b> Rens med Blomdahl Piercing Aftercare renseservietter (f\u00e5s med etter behandlingen). De er sk\u00e5nsomme mot huden og er lett \u00e5 rense med mellom \u00f8redobbene og huden. La huden t\u00f8rke etter rensingen. Bytt serviett hver gang du renser.<br \/>\n<\/span><span class=\"s1\"><b>&#8211; Ved dusjing\/vasking av h\u00e5r<\/b>: Rens \u00f8rene godt med parfymefri s\u00e5pe. T\u00f8rk huden ren med kleenex eller q-tips.<br \/>\n<\/span><span class=\"s1\">&#8211; S\u00f8rg for at omr\u00e5det rundt hullet er rent, t\u00f8rt og f\u00e5r luft til enhver tid.<br \/>\n<\/span><span class=\"s1\">&#8211; Dekk til \u00f8rene n\u00e5r du tar p\u00e5 deg sminke, h\u00e5rspray, parfyme, bruker h\u00e5rf\u00f8ner o.l.<br \/>\n<\/span><span class=\"s1\">&#8211; V\u00e6r ekstra forsiktig n\u00e5r du tar av og p\u00e5 kl\u00e6r over hodet, s\u00e5 \u00f8redobbene ikke setter seg fast i kl\u00e6rne.<br \/>\n<\/span><span class=\"s1\">&#8211; Vent s\u00e5 lenge du kan med \u00e5 bade i basseng, elv og sj\u00f8. Dersom du bader, hold hodet over vann og vask\/rens \u00f8rene etter du har kommet opp fra vannet. <\/span><\/p>\n<p>[\/vc_column_text][vc_column_text]<\/p>\n<div id=\"c156hinlineContent\" class=\"color_2\" data-reactid=\".0.$SITE_ROOT.$desktop_siteRoot.$PAGES_CONTAINER.1.1.$SITE_PAGES.$c156h.3\">\n<p>&nbsp;<\/p>\n<p class=\"p1\"><span class=\"s1\"><b>Bytte \u00f8redobber<\/b><\/span><\/p>\n<p class=\"p3\"><span class=\"s1\">Vent 6 uker f\u00f8r du bytter \u00f8redobber, 12 uker der det er brusk.<\/span><\/p>\n<p class=\"p3\"><span class=\"s1\">Husk at huden fortsatt er tynn og skj\u00f8r, da det kan ta opptil ett \u00e5r f\u00f8r hullene har fullstendig grodd. V\u00e6r derfor forsiktig n\u00e5r du bytter \u00f8redobber. <\/span><\/p>\n<p class=\"p3\"><span class=\"s1\">Ha alltid \u00f8redobber i \u00f8rene. Dersom du g\u00e5r uten, kan hullene krympe og\/eller gro helt.<\/span><\/p>\n<p><span class=\"s1\">&#8211; Vask hendene og \u00f8rene godt.<\/span><\/p>\n<p><span class=\"s1\">&#8211; Hold fremsiden av \u00f8redobben med den ene h\u00e5nden mens du tar tak i bakenden og forsiktig vrikker den frem og tilbake til den l\u00f8sner.<\/span><\/p>\n<p><span class=\"s1\">&#8211; Fjern \u00f8redobben forsiktig og sett inn nye, rene \u00f8redobber.<\/span><\/p>\n<p>&nbsp;<\/p>\n<\/div>\n<p>[\/vc_column_text][vc_column_text]<\/p>\n<p class=\"p2\"><span class=\"s2\"><b>Infeksjon <\/b><\/span><span class=\"s3\"><b>&#8211; <\/b><\/span><span class=\"s1\"><b>R\u00f8dhet, hevelse, smerte og\/eller utslett.<br \/>\n<\/b><\/span><\/p>\n<p class=\"p2\"><span class=\"s1\">&#8211; Har hullet blitt tatt i \u00f8reflippen; ta ut \u00f8redobben og rens. Dersom det ikke er bedre til dagen etter, kontakt legen din.<br \/>\n<\/span><\/p>\n<p class=\"p2\"><span class=\"s1\">&#8211; Har hullet blitt tatt en del av \u00f8ret der det er brusk; ta ut \u00f8redobben og rens, kontakt lege om du er usikker.<\/span><\/p>\n<p>[\/vc_column_text][\/vc_column_inner][\/vc_row_inner][\/vc_column][\/vc_row][vc_row full_width=&raquo;stretch_row_content_no_spaces&raquo;][vc_column][vc_separator color=&raquo;mulled_wine&raquo; style=&raquo;shadow&raquo;][\/vc_column][\/vc_row]<\/p>\n","protected":false},"excerpt":{"rendered":"<p>[vc_row][vc_column][vc_column_text]Flere behandlinger: Voksing kvinner\u00a0 \u00a0\u00a0Voksing menn\u00a0 \u00a0\u00a0Vipper&amp;bryn\u00a0 \u00a0\u00a0Hudpleie \u00a0\u00a0\u00a0Fotpleie\u00a0 \u00a0\u00a0Massasje[\/vc_column_text][\/vc_column][\/vc_row][vc_row full_width=&raquo;stretch_row&raquo;][vc_column][vc_column_text] Priser p\u00e5 \u00f8rehulling: [\/vc_column_text][vc_column_text] 1 hull med \u00f8redobb i [&hellip;]<\/p>\n","protected":false},"author":1,"featured_media":0,"parent":0,"menu_order":0,"comment_status":"closed","ping_status":"closed","template":"","meta":{"_monsterinsights_skip_tracking":false,"_monsterinsights_sitenote_active":false,"_monsterinsights_sitenote_note":"","_monsterinsights_sitenote_category":0,"footnotes":""},"class_list":["post-569","page","type-page","status-publish","hentry"],"yoast_head":"<!-- This site is optimized with the Yoast SEO plugin v17.7.1 - https:\/\/yoast.com\/wordpress\/plugins\/seo\/ -->\n<title>\u00d8rehulling -<\/title>\n<meta name=\"robots\" content=\"index, follow, max-snippet:-1, max-image-preview:large, max-video-preview:-1\" \/>\n<link rel=\"canonical\" href=\"https:\/\/waxonwaxoff.no\/index.php\/orehulling-piercing\/\" \/>\n<meta property=\"og:locale\" content=\"nb_NO\" \/>\n<meta property=\"og:type\" content=\"article\" \/>\n<meta property=\"og:title\" content=\"\u00d8rehulling -\" \/>\n<meta property=\"og:description\" content=\"[vc_row][vc_column][vc_column_text]Flere behandlinger: Voksing kvinner\u00a0 \u00a0\u00a0Voksing menn\u00a0 \u00a0\u00a0Vipper&amp;bryn\u00a0 \u00a0\u00a0Hudpleie \u00a0\u00a0\u00a0Fotpleie\u00a0 \u00a0\u00a0Massasje[\/vc_column_text][\/vc_column][\/vc_row][vc_row full_width=&raquo;stretch_row&raquo;][vc_column][vc_column_text] Priser p\u00e5 \u00f8rehulling: [\/vc_column_text][vc_column_text] 1 hull med \u00f8redobb i [&hellip;]\" \/>\n<meta property=\"og:url\" content=\"https:\/\/waxonwaxoff.no\/index.php\/orehulling-piercing\/\" \/>\n<meta property=\"article:modified_time\" content=\"2026-04-12T19:14:11+00:00\" \/>\n<meta name=\"twitter:card\" content=\"summary\" \/>\n<meta name=\"twitter:label1\" content=\"Ansl. lesetid\" \/>\n\t<meta name=\"twitter:data1\" content=\"3 minutter\" \/>\n<script type=\"application\/ld+json\" class=\"yoast-schema-graph\">{\"@context\":\"https:\/\/schema.org\",\"@graph\":[{\"@type\":\"WebSite\",\"@id\":\"https:\/\/waxonwaxoff.no\/#website\",\"url\":\"https:\/\/waxonwaxoff.no\/\",\"name\":\"\",\"description\":\"\",\"potentialAction\":[{\"@type\":\"SearchAction\",\"target\":{\"@type\":\"EntryPoint\",\"urlTemplate\":\"https:\/\/waxonwaxoff.no\/?s={search_term_string}\"},\"query-input\":\"required name=search_term_string\"}],\"inLanguage\":\"nb-NO\"},{\"@type\":\"WebPage\",\"@id\":\"https:\/\/waxonwaxoff.no\/index.php\/orehulling-piercing\/#webpage\",\"url\":\"https:\/\/waxonwaxoff.no\/index.php\/orehulling-piercing\/\",\"name\":\"\\u00d8rehulling -\",\"isPartOf\":{\"@id\":\"https:\/\/waxonwaxoff.no\/#website\"},\"datePublished\":\"2017-02-20T09:23:45+00:00\",\"dateModified\":\"2026-04-12T19:14:11+00:00\",\"breadcrumb\":{\"@id\":\"https:\/\/waxonwaxoff.no\/index.php\/orehulling-piercing\/#breadcrumb\"},\"inLanguage\":\"nb-NO\",\"potentialAction\":[{\"@type\":\"ReadAction\",\"target\":[\"https:\/\/waxonwaxoff.no\/index.php\/orehulling-piercing\/\"]}]},{\"@type\":\"BreadcrumbList\",\"@id\":\"https:\/\/waxonwaxoff.no\/index.php\/orehulling-piercing\/#breadcrumb\",\"itemListElement\":[{\"@type\":\"ListItem\",\"position\":1,\"name\":\"Hjem\",\"item\":\"https:\/\/waxonwaxoff.no\/\"},{\"@type\":\"ListItem\",\"position\":2,\"name\":\"\\u00d8rehulling\"}]}]}<\/script>\n<!-- \/ Yoast SEO plugin. -->","yoast_head_json":{"title":"\u00d8rehulling -","robots":{"index":"index","follow":"follow","max-snippet":"max-snippet:-1","max-image-preview":"max-image-preview:large","max-video-preview":"max-video-preview:-1"},"canonical":"https:\/\/waxonwaxoff.no\/index.php\/orehulling-piercing\/","og_locale":"nb_NO","og_type":"article","og_title":"\u00d8rehulling -","og_description":"[vc_row][vc_column][vc_column_text]Flere behandlinger: Voksing kvinner\u00a0 \u00a0\u00a0Voksing menn\u00a0 \u00a0\u00a0Vipper&amp;bryn\u00a0 \u00a0\u00a0Hudpleie \u00a0\u00a0\u00a0Fotpleie\u00a0 \u00a0\u00a0Massasje[\/vc_column_text][\/vc_column][\/vc_row][vc_row full_width=&raquo;stretch_row&raquo;][vc_column][vc_column_text] Priser p\u00e5 \u00f8rehulling: [\/vc_column_text][vc_column_text] 1 hull med \u00f8redobb i [&hellip;]","og_url":"https:\/\/waxonwaxoff.no\/index.php\/orehulling-piercing\/","article_modified_time":"2026-04-12T19:14:11+00:00","twitter_card":"summary","twitter_misc":{"Ansl. lesetid":"3 minutter"},"schema":{"@context":"https:\/\/schema.org","@graph":[{"@type":"WebSite","@id":"https:\/\/waxonwaxoff.no\/#website","url":"https:\/\/waxonwaxoff.no\/","name":"","description":"","potentialAction":[{"@type":"SearchAction","target":{"@type":"EntryPoint","urlTemplate":"https:\/\/waxonwaxoff.no\/?s={search_term_string}"},"query-input":"required name=search_term_string"}],"inLanguage":"nb-NO"},{"@type":"WebPage","@id":"https:\/\/waxonwaxoff.no\/index.php\/orehulling-piercing\/#webpage","url":"https:\/\/waxonwaxoff.no\/index.php\/orehulling-piercing\/","name":"\u00d8rehulling -","isPartOf":{"@id":"https:\/\/waxonwaxoff.no\/#website"},"datePublished":"2017-02-20T09:23:45+00:00","dateModified":"2026-04-12T19:14:11+00:00","breadcrumb":{"@id":"https:\/\/waxonwaxoff.no\/index.php\/orehulling-piercing\/#breadcrumb"},"inLanguage":"nb-NO","potentialAction":[{"@type":"ReadAction","target":["https:\/\/waxonwaxoff.no\/index.php\/orehulling-piercing\/"]}]},{"@type":"BreadcrumbList","@id":"https:\/\/waxonwaxoff.no\/index.php\/orehulling-piercing\/#breadcrumb","itemListElement":[{"@type":"ListItem","position":1,"name":"Hjem","item":"https:\/\/waxonwaxoff.no\/"},{"@type":"ListItem","position":2,"name":"\u00d8rehulling"}]}]}},"_links":{"self":[{"href":"https:\/\/waxonwaxoff.no\/index.php\/wp-json\/wp\/v2\/pages\/569","targetHints":{"allow":["GET"]}}],"collection":[{"href":"https:\/\/waxonwaxoff.no\/index.php\/wp-json\/wp\/v2\/pages"}],"about":[{"href":"https:\/\/waxonwaxoff.no\/index.php\/wp-json\/wp\/v2\/types\/page"}],"author":[{"embeddable":true,"href":"https:\/\/waxonwaxoff.no\/index.php\/wp-json\/wp\/v2\/users\/1"}],"replies":[{"embeddable":true,"href":"https:\/\/waxonwaxoff.no\/index.php\/wp-json\/wp\/v2\/comments?post=569"}],"version-history":[{"count":67,"href":"https:\/\/waxonwaxoff.no\/index.php\/wp-json\/wp\/v2\/pages\/569\/revisions"}],"predecessor-version":[{"id":9936,"href":"https:\/\/waxonwaxoff.no\/index.php\/wp-json\/wp\/v2\/pages\/569\/revisions\/9936"}],"wp:attachment":[{"href":"https:\/\/waxonwaxoff.no\/index.php\/wp-json\/wp\/v2\/media?parent=569"}],"curies":[{"name":"wp","href":"https:\/\/api.w.org\/{rel}","templated":true}]}}