{"id":553,"date":"2017-02-20T10:08:06","date_gmt":"2017-02-20T09:08:06","guid":{"rendered":"https:\/\/waxonwaxoff.no\/?page_id=553"},"modified":"2017-03-29T13:00:29","modified_gmt":"2017-03-29T11:00:29","slug":"elektrolyse-harfjerning","status":"publish","type":"page","link":"https:\/\/waxonwaxoff.no\/index.php\/elektrolyse-harfjerning\/","title":{"rendered":"Elektrolyse &#8211; h\u00e5rfjerning"},"content":{"rendered":"<p>[vc_row full_width=&raquo;stretch_row&raquo; css=&raquo;.vc_custom_1486971436201{background-position: center !important;background-repeat: no-repeat !important;background-size: cover !important;}&raquo;][vc_column width=&raquo;1\/6&#8243;][vc_column_text]Annonse[\/vc_column_text][vc_widget_sidebar sidebar_id=&raquo;sidebar-left&raquo;][\/vc_column][vc_column width=&raquo;2\/3&#8243; css=&raquo;.vc_custom_1487581746804{margin-bottom: 35px !important;border-top-width: 1px !important;border-right-width: 1px !important;border-bottom-width: 1px !important;border-left-width: 1px !important;border-radius: 1px !important;}&raquo;][vc_row_inner content_placement=&raquo;top&raquo; css=&raquo;.vc_custom_1487574745662{margin-bottom: 0px !important;padding-top: 15px !important;padding-bottom: 0px !important;background-color: #ffffff !important;}&raquo;][vc_column_inner width=&raquo;1\/3&#8243; css=&raquo;.vc_custom_1487058063296{margin-bottom: 0px !important;}&raquo;][vc_single_image image=&raquo;555&#8243; img_size=&raquo;full&raquo;][\/vc_column_inner][vc_column_inner width=&raquo;2\/3&#8243;][vc_column_text]<\/p>\n<div id=\"c1zlvinlineContent\" class=\"s87inlineContent\" data-reactid=\".0.$SITE_ROOT.$desktop_siteRoot.$PAGES_CONTAINER.1.1.$SITE_PAGES.$c1zlv.3\">\n<div id=\"i1c6csvk\" class=\"s6\" data-reactid=\".0.$SITE_ROOT.$desktop_siteRoot.$PAGES_CONTAINER.1.1.$SITE_PAGES.$c1zlv.3.$i1c6csvk\">\n<h2 class=\"font_2\">Elektrolyse<\/h2>\n<p class=\"font_7\"><span class=\"color_2\">Elektrolyse er permanent h\u00e5rfjerning hvor vi f\u00f8rer en n\u00e5l ned i h\u00e5rsekken og setter p\u00e5 str\u00f8m for \u00e5 \u00f8delegge h\u00e5rsekken slik at h\u00e5ret ikke kommer tilbake. Dette er permanent h\u00e5rfjerning.<\/span><\/p>\n<p class=\"font_7\"><span class=\"color_2\">Veldig fin behandling for alle som har noen f\u00e5 stive og\/eller lange h\u00e5r p\u00e5 hake, overleppe, rundt bryn eller brystvorter.<br \/>\nElektrolyse utf\u00f8res ikke p\u00e5\u00a0store omr\u00e5der som legger og l\u00e5r etc.<\/span><\/p>\n<h5 class=\"font_5\"><span style=\"color: #000000;\">Priser<\/span><\/h5>\n<p class=\"font_7\"><span class=\"color_2\">10 min\u00a0\u00a0\u00a0 \u00a0&#8230;&#8230;&#8230;&#8230;&#8230;&#8230;&#8230;&#8230;&#8230;&#8230;&#8230;&#8230;.\u00a0 250,00 kr<br \/>\n15 min\u00a0\u00a0\u00a0 \u00a0&#8230;&#8230;&#8230;&#8230;&#8230;&#8230;&#8230;&#8230;&#8230;&#8230;&#8230;&#8230;.\u00a0 375,00 kr<br \/>\n20 min\u00a0\u00a0\u00a0 \u00a0&#8230;&#8230;&#8230;&#8230;&#8230;&#8230;&#8230;&#8230;&#8230;&#8230;&#8230;&#8230;.\u00a0 500,00 kr<\/span><\/p>\n<p class=\"font_7\"><span class=\"color_2\">Utf\u00f8res av Susann i avd. Rosenkrantzgate.<\/span><\/p>\n<\/div>\n<\/div>\n<p>[\/vc_column_text][\/vc_column_inner][\/vc_row_inner][vc_row_inner css=&raquo;.vc_custom_1487574778238{padding-top: 15px !important;background-color: #ffffff !important;}&raquo;][vc_column_inner][vc_column_text]<\/p>\n<div id=\"c1zlvinlineContent\" class=\"s87inlineContent\" data-reactid=\".0.$SITE_ROOT.$desktop_siteRoot.$PAGES_CONTAINER.1.1.$SITE_PAGES.$c1zlv.3\">\n<div id=\"i1c6csvk\" class=\"s6\" data-reactid=\".0.$SITE_ROOT.$desktop_siteRoot.$PAGES_CONTAINER.1.1.$SITE_PAGES.$c1zlv.3.$i1c6csvk\">\n<h3 class=\"font_8\"><span class=\"color_3\">Hygiene<\/span><\/h3>\n<p><span class=\"color_2\">Etter elektrolyse trenger du ikke \u00e5 rense huden, bare unng\u00e5 ta p\u00e5 det behandlede omr\u00e5det f\u00f8rste 2\u00a0timene etter behandlingen.<\/span><\/p>\n<\/div>\n<\/div>\n<p>[\/vc_column_text][\/vc_column_inner][\/vc_row_inner][\/vc_column][vc_column width=&raquo;1\/6&#8243;][vc_column_text]Annonse[\/vc_column_text][vc_widget_sidebar sidebar_id=&raquo;sidebar-right&raquo;][\/vc_column][\/vc_row][vc_row][vc_column][\/vc_column][\/vc_row]<\/p>\n","protected":false},"excerpt":{"rendered":"<p>[vc_row full_width=&raquo;stretch_row&raquo; css=&raquo;.vc_custom_1486971436201{background-position: center !important;background-repeat: no-repeat !important;background-size: cover !important;}&raquo;][vc_column width=&raquo;1\/6&#8243;][vc_column_text]Annonse[\/vc_column_text][vc_widget_sidebar sidebar_id=&raquo;sidebar-left&raquo;][\/vc_column][vc_column width=&raquo;2\/3&#8243; css=&raquo;.vc_custom_1487581746804{margin-bottom: 35px !important;border-top-width: 1px !important;border-right-width: 1px !important;border-bottom-width: 1px [&hellip;]<\/p>\n","protected":false},"author":1,"featured_media":0,"parent":0,"menu_order":0,"comment_status":"closed","ping_status":"closed","template":"","meta":{"_monsterinsights_skip_tracking":false,"_monsterinsights_sitenote_active":false,"_monsterinsights_sitenote_note":"","_monsterinsights_sitenote_category":0,"footnotes":""},"class_list":["post-553","page","type-page","status-publish","hentry"],"yoast_head":"<!-- This site is optimized with the Yoast SEO plugin v17.7.1 - https:\/\/yoast.com\/wordpress\/plugins\/seo\/ -->\n<title>Elektrolyse - h\u00e5rfjerning -<\/title>\n<meta name=\"robots\" content=\"index, follow, max-snippet:-1, max-image-preview:large, max-video-preview:-1\" \/>\n<link rel=\"canonical\" href=\"https:\/\/waxonwaxoff.no\/index.php\/elektrolyse-harfjerning\/\" \/>\n<meta property=\"og:locale\" content=\"nb_NO\" \/>\n<meta property=\"og:type\" content=\"article\" \/>\n<meta property=\"og:title\" content=\"Elektrolyse - h\u00e5rfjerning -\" \/>\n<meta property=\"og:description\" content=\"[vc_row full_width=&raquo;stretch_row&raquo; css=&raquo;.vc_custom_1486971436201{background-position: center !important;background-repeat: no-repeat !important;background-size: cover !important;}&raquo;][vc_column width=&raquo;1\/6&#8243;][vc_column_text]Annonse[\/vc_column_text][vc_widget_sidebar sidebar_id=&raquo;sidebar-left&raquo;][\/vc_column][vc_column width=&raquo;2\/3&#8243; css=&raquo;.vc_custom_1487581746804{margin-bottom: 35px !important;border-top-width: 1px !important;border-right-width: 1px !important;border-bottom-width: 1px [&hellip;]\" \/>\n<meta property=\"og:url\" content=\"https:\/\/waxonwaxoff.no\/index.php\/elektrolyse-harfjerning\/\" \/>\n<meta property=\"article:modified_time\" content=\"2017-03-29T11:00:29+00:00\" \/>\n<meta name=\"twitter:card\" content=\"summary\" \/>\n<meta name=\"twitter:label1\" content=\"Ansl. lesetid\" \/>\n\t<meta name=\"twitter:data1\" content=\"1 minutt\" \/>\n<script type=\"application\/ld+json\" class=\"yoast-schema-graph\">{\"@context\":\"https:\/\/schema.org\",\"@graph\":[{\"@type\":\"WebSite\",\"@id\":\"https:\/\/waxonwaxoff.no\/#website\",\"url\":\"https:\/\/waxonwaxoff.no\/\",\"name\":\"\",\"description\":\"\",\"potentialAction\":[{\"@type\":\"SearchAction\",\"target\":{\"@type\":\"EntryPoint\",\"urlTemplate\":\"https:\/\/waxonwaxoff.no\/?s={search_term_string}\"},\"query-input\":\"required name=search_term_string\"}],\"inLanguage\":\"nb-NO\"},{\"@type\":\"WebPage\",\"@id\":\"https:\/\/waxonwaxoff.no\/index.php\/elektrolyse-harfjerning\/#webpage\",\"url\":\"https:\/\/waxonwaxoff.no\/index.php\/elektrolyse-harfjerning\/\",\"name\":\"Elektrolyse - h\\u00e5rfjerning -\",\"isPartOf\":{\"@id\":\"https:\/\/waxonwaxoff.no\/#website\"},\"datePublished\":\"2017-02-20T09:08:06+00:00\",\"dateModified\":\"2017-03-29T11:00:29+00:00\",\"breadcrumb\":{\"@id\":\"https:\/\/waxonwaxoff.no\/index.php\/elektrolyse-harfjerning\/#breadcrumb\"},\"inLanguage\":\"nb-NO\",\"potentialAction\":[{\"@type\":\"ReadAction\",\"target\":[\"https:\/\/waxonwaxoff.no\/index.php\/elektrolyse-harfjerning\/\"]}]},{\"@type\":\"BreadcrumbList\",\"@id\":\"https:\/\/waxonwaxoff.no\/index.php\/elektrolyse-harfjerning\/#breadcrumb\",\"itemListElement\":[{\"@type\":\"ListItem\",\"position\":1,\"name\":\"Hjem\",\"item\":\"https:\/\/waxonwaxoff.no\/\"},{\"@type\":\"ListItem\",\"position\":2,\"name\":\"Elektrolyse &#8211; h\\u00e5rfjerning\"}]}]}<\/script>\n<!-- \/ Yoast SEO plugin. -->","yoast_head_json":{"title":"Elektrolyse - h\u00e5rfjerning -","robots":{"index":"index","follow":"follow","max-snippet":"max-snippet:-1","max-image-preview":"max-image-preview:large","max-video-preview":"max-video-preview:-1"},"canonical":"https:\/\/waxonwaxoff.no\/index.php\/elektrolyse-harfjerning\/","og_locale":"nb_NO","og_type":"article","og_title":"Elektrolyse - h\u00e5rfjerning -","og_description":"[vc_row full_width=&raquo;stretch_row&raquo; css=&raquo;.vc_custom_1486971436201{background-position: center !important;background-repeat: no-repeat !important;background-size: cover !important;}&raquo;][vc_column width=&raquo;1\/6&#8243;][vc_column_text]Annonse[\/vc_column_text][vc_widget_sidebar sidebar_id=&raquo;sidebar-left&raquo;][\/vc_column][vc_column width=&raquo;2\/3&#8243; css=&raquo;.vc_custom_1487581746804{margin-bottom: 35px !important;border-top-width: 1px !important;border-right-width: 1px !important;border-bottom-width: 1px [&hellip;]","og_url":"https:\/\/waxonwaxoff.no\/index.php\/elektrolyse-harfjerning\/","article_modified_time":"2017-03-29T11:00:29+00:00","twitter_card":"summary","twitter_misc":{"Ansl. lesetid":"1 minutt"},"schema":{"@context":"https:\/\/schema.org","@graph":[{"@type":"WebSite","@id":"https:\/\/waxonwaxoff.no\/#website","url":"https:\/\/waxonwaxoff.no\/","name":"","description":"","potentialAction":[{"@type":"SearchAction","target":{"@type":"EntryPoint","urlTemplate":"https:\/\/waxonwaxoff.no\/?s={search_term_string}"},"query-input":"required name=search_term_string"}],"inLanguage":"nb-NO"},{"@type":"WebPage","@id":"https:\/\/waxonwaxoff.no\/index.php\/elektrolyse-harfjerning\/#webpage","url":"https:\/\/waxonwaxoff.no\/index.php\/elektrolyse-harfjerning\/","name":"Elektrolyse - h\u00e5rfjerning -","isPartOf":{"@id":"https:\/\/waxonwaxoff.no\/#website"},"datePublished":"2017-02-20T09:08:06+00:00","dateModified":"2017-03-29T11:00:29+00:00","breadcrumb":{"@id":"https:\/\/waxonwaxoff.no\/index.php\/elektrolyse-harfjerning\/#breadcrumb"},"inLanguage":"nb-NO","potentialAction":[{"@type":"ReadAction","target":["https:\/\/waxonwaxoff.no\/index.php\/elektrolyse-harfjerning\/"]}]},{"@type":"BreadcrumbList","@id":"https:\/\/waxonwaxoff.no\/index.php\/elektrolyse-harfjerning\/#breadcrumb","itemListElement":[{"@type":"ListItem","position":1,"name":"Hjem","item":"https:\/\/waxonwaxoff.no\/"},{"@type":"ListItem","position":2,"name":"Elektrolyse &#8211; h\u00e5rfjerning"}]}]}},"_links":{"self":[{"href":"https:\/\/waxonwaxoff.no\/index.php\/wp-json\/wp\/v2\/pages\/553","targetHints":{"allow":["GET"]}}],"collection":[{"href":"https:\/\/waxonwaxoff.no\/index.php\/wp-json\/wp\/v2\/pages"}],"about":[{"href":"https:\/\/waxonwaxoff.no\/index.php\/wp-json\/wp\/v2\/types\/page"}],"author":[{"embeddable":true,"href":"https:\/\/waxonwaxoff.no\/index.php\/wp-json\/wp\/v2\/users\/1"}],"replies":[{"embeddable":true,"href":"https:\/\/waxonwaxoff.no\/index.php\/wp-json\/wp\/v2\/comments?post=553"}],"version-history":[{"count":6,"href":"https:\/\/waxonwaxoff.no\/index.php\/wp-json\/wp\/v2\/pages\/553\/revisions"}],"predecessor-version":[{"id":828,"href":"https:\/\/waxonwaxoff.no\/index.php\/wp-json\/wp\/v2\/pages\/553\/revisions\/828"}],"wp:attachment":[{"href":"https:\/\/waxonwaxoff.no\/index.php\/wp-json\/wp\/v2\/media?parent=553"}],"curies":[{"name":"wp","href":"https:\/\/api.w.org\/{rel}","templated":true}]}}