{"id":54,"date":"2017-01-16T13:17:41","date_gmt":"2017-01-16T12:17:41","guid":{"rendered":"https:\/\/waxonwaxoff.no\/?page_id=54"},"modified":"2026-05-06T15:45:01","modified_gmt":"2026-05-06T13:45:01","slug":"kontakt","status":"publish","type":"page","link":"https:\/\/waxonwaxoff.no\/index.php\/kontakt\/","title":{"rendered":"Avdelinger"},"content":{"rendered":"<p>[vc_row full_width=&raquo;stretch_row&raquo;][vc_column][vc_column_text]<strong>Kontakt v\u00e5re avdelinger p\u00e5 mail: <\/strong>Vi svarer n\u00e5r vi har tid innimellom kundene. P\u00e5 travle dager kan det derfor ta noe tid f\u00f8r vi f\u00e5r besvart henvendelser p\u00e5 mail. Haster det med \u00e5 f\u00e5 svar anbefaler vi at du kontakter oss p\u00e5 Instagram eller Facebook.[\/vc_column_text][vc_tta_tabs shape=&raquo;square&raquo; color=&raquo;juicy-pink&raquo; active_section=&raquo;&raquo;][vc_tta_section tab_id=&raquo;1770641449696-cace5515-bcea&raquo; title=&raquo;Sentrum&raquo;][vc_column_text]<\/p>\n<p style=\"text-align: center;\">Adr: Rosenkrantzgate 13, Oslo<\/p>\n<p style=\"text-align: center;\">Mail:<span style=\"color: #000000;\"><a style=\"color: #000000;\" href=\"mailto:rosenkrantzgate@waxonwaxoff.no\"> rosenkrantzgate@waxonwaxoff.no<\/a><\/span><\/p>\n<p style=\"text-align: center;\"><span style=\"color: #000000;\"><strong><a style=\"color: #000000;\" href=\"https:\/\/waxonwaxoff.no\/index.php\/kontakt\/avd-rosenkrantzgate\/\">KLIKK HER<\/a><\/strong><\/span> for bilder, \u00e5pningstider og mer informasjon om avd. Rosenkrantzgate.<\/p>\n<p>[\/vc_column_text][vc_media_grid gap=&raquo;3&#8243; grid_id=&raquo;vc_gid:1778074982050-3acab937-5a34-0&#8243; include=&raquo;9529,9528,5059&#8243;][\/vc_tta_section][vc_tta_section title=&raquo;Pilestredet&raquo; tab_id=&raquo;1770642096668-ce3894fb-63cd&raquo;][vc_column_text]<\/p>\n<p style=\"text-align: center;\">Adr. Pilestredet 39, Oslo<\/p>\n<p style=\"text-align: center;\">Mail:<span style=\"color: #000000;\"><a style=\"color: #000000;\" href=\"mailto:pilestredet@waxonwaxoff.no\"> pilestredet@waxonwaxoff.no<\/a><\/span><\/p>\n<p>[\/vc_column_text][vc_media_grid gap=&raquo;3&#8243; grid_id=&raquo;vc_gid:1778074982052-1ee99ef9-6c33-8&#8243; include=&raquo;8941,8944,8945&#8243;][vc_column_text]<\/p>\n<p style=\"text-align: center;\"><strong>\u00c5pningstider:<\/strong><\/p>\n<p style=\"text-align: center;\">Mandag: 10-18<\/p>\n<p style=\"text-align: center;\">Tirsdag-torsdag: 09:00 &#8211; 20:00<\/p>\n<p style=\"text-align: center;\">Fredag: 09-18<\/p>\n<p style=\"text-align: center;\">L\u00f8rdag: 09-17<\/p>\n<p>[\/vc_column_text][vc_separator color=&raquo;black&raquo;][vc_single_image image=&raquo;9133&#8243; title=&raquo;Terapeutene i Pilestredet:&raquo;][vc_column_text]<\/p>\n<div class=\"vc_row wpb_row vc_row-fluid\">\n<div class=\"wpb_column vc_column_container vc_col-sm-9\">\n<div class=\"vc_column-inner\">\n<div class=\"wpb_wrapper\">\n<div class=\"wpb_text_column wpb_content_element \">\n<div class=\"wpb_wrapper\">\n<p><strong>Nathalia<\/strong> har jobbet i Wax ON! Wax OFF siden august 2024. I oktober 2025 flyttet hun hjem til Colombia. Men savnet etter Oslo og Wax ON! Wax OFF ble for stort s\u00e5 hun s\u00f8kte seg tilbake i jobb hos oss. Den 7 april 2026 startet hun opp igjen i avd. Pilestredet. (Hun jobbet tidligere i avd Rosenkrantzgate)<\/p>\n<p>Nathalia er en dedikert hudterapeut som virkelig trives i yrket og med \u00e5 hjelpe andre. Hun er bl.a den eneste i WOWO-teamet som jobber med Threading.<\/p>\n<p>Nathalia snakker spansk (morsm\u00e5l) og engelsk.<\/p>\n<\/div>\n<\/div>\n<\/div>\n<\/div>\n<\/div>\n<\/div>\n<div class=\"vc_row wpb_row vc_row-fluid\">\n<div class=\"wpb_column vc_column_container vc_col-sm-3\">\n<div class=\"vc_column-inner\">\n<div class=\"wpb_wrapper\"><\/div>\n<\/div>\n<\/div>\n<\/div>\n<p>[\/vc_column_text][vc_separator color=&raquo;black&raquo;][vc_single_image image=&raquo;9970&#8243;][vc_column_text]<strong>Sara<\/strong> er utdannet hudpleier som brenner for faget og har en stor lidenskap til skj\u00f8nnhetsbransjen. Hun har mye erfaring med hudpleiebehandlinger, og voksing inkl brasiliansk og vipper\/brynbehandlinger.<\/p>\n<p>Hun begynte \u00e5 jobbe i Wax ON! Wax OFF i mai 2026.[\/vc_column_text][\/vc_tta_section][vc_tta_section title=&raquo;Parkveien&raquo; tab_id=&raquo;1774370509525-241691fe-ca2b&raquo;][vc_column_text]<\/p>\n<p style=\"text-align: center;\">Adr. Pilestredet 53A, Oslo<\/p>\n<p style=\"text-align: center;\">Mail: parkveien@waxonwaxoff.no<\/p>\n<p style=\"text-align: center;\"><a href=\"https:\/\/waxonwaxoff.no\/index.php\/kontakt\/avd-pilestredet-2\/\"><strong><span style=\"color: #000000;\">KLIKK HER<\/span><\/strong><\/a>\u00a0for bilder, \u00e5pningstider og mer informasjon om avd. Parkveien.<\/p>\n<p>[\/vc_column_text][vc_media_grid gap=&raquo;3&#8243; grid_id=&raquo;vc_gid:1778074982053-51e88560-b1fc-2&#8243; include=&raquo;9887,9965,9966&#8243;][\/vc_tta_section][vc_tta_section title=&raquo;Gr\u00fcnerl\u00f8kka&raquo; tab_id=&raquo;1770642191017-a6fad64c-bef5&#8243;][vc_column_text]<\/p>\n<p style=\"text-align: center;\">Adr. Thorvald Meyersgate 58 A, Oslo<\/p>\n<p style=\"text-align: center;\">Mail: <span style=\"color: #000000;\"><a style=\"color: #000000;\" href=\"mailto:grunerlokka@waxonwaxoff.no\">grunerlokka@waxonwaxoff.no<\/a><\/span><\/p>\n<p style=\"text-align: center;\"><a href=\"https:\/\/waxonwaxoff.no\/index.php\/kontakt\/avd-grunerlokka\/\"><strong><span style=\"color: #000000;\">KLIKK HER<\/span>\u00a0<\/strong><\/a>for bilder, \u00e5pningstider og mer informasjon om avd. Gr\u00fcnerl\u00f8kka.<\/p>\n<p>[\/vc_column_text][vc_media_grid gap=&raquo;3&#8243; grid_id=&raquo;vc_gid:1778074982054-6d1623b6-9a89-8&#8243; include=&raquo;8873,8866,8871&#8243;][\/vc_tta_section][vc_tta_section title=&raquo;Carl Berner&raquo; tab_id=&raquo;1770642226819-404ee23a-93d5&#8243;][vc_column_text]<\/p>\n<p style=\"text-align: center;\">Adr. Trondheimsveien 152, Oslo<\/p>\n<p style=\"text-align: center;\">Mail: <span style=\"color: #000000;\"><a style=\"color: #000000;\" href=\"mailto:carlberner@waxonwaxoff.no\">carlberner@waxonwaxoff.no<\/a><\/span><\/p>\n<p style=\"text-align: center;\"><a href=\"https:\/\/waxonwaxoff.no\/index.php\/kontakt\/avd-carlberner\/\"><span style=\"color: #000000;\"><strong>KLIKK HER <\/strong><\/span><\/a>for bilder, \u00e5pningstider og mer informasjon om avd. Carl Berner.<\/p>\n<p>[\/vc_column_text][vc_media_grid gap=&raquo;3&#8243; grid_id=&raquo;vc_gid:1778074982055-71b4e71f-b813-2&#8243; include=&raquo;8410,8575,8577&#8243;][\/vc_tta_section][vc_tta_section title=&raquo;Majorstua&raquo; tab_id=&raquo;1770642271177-506195ae-99f5&#8243;][vc_column_text]<\/p>\n<p style=\"text-align: center;\">Adr. Bogstadveien 72B, Oslo<\/p>\n<p style=\"text-align: center;\">Mail: <span style=\"color: #000000;\"><a style=\"color: #000000;\" href=\"bogstadveien@waxonwaxoff.no\">bogstadveien<\/a><a style=\"color: #000000;\" href=\"mailto:bogstadveien@waxonwaxoff.no\">@waxonwaxoff.no<\/a><\/span><\/p>\n<p style=\"text-align: center;\"><a href=\"https:\/\/waxonwaxoff.no\/index.php\/kontakt\/avd-bogstadveien\/\"><span style=\"color: #000000;\"><strong>KLIKK HER<\/strong>\u00a0<\/span><\/a>for bilder, \u00e5pningstider og mer informasjon om avd. Majorstua.<\/p>\n<p>[\/vc_column_text][vc_media_grid gap=&raquo;3&#8243; grid_id=&raquo;vc_gid:1778074982056-4020b8e3-2cc2-1&#8243; include=&raquo;9522,9524,9526&#8243;][\/vc_tta_section][vc_tta_section title=&raquo;\u00c5s&raquo; tab_id=&raquo;1770642407769-05181e84-2f64&#8243;][vc_column_text]<\/p>\n<p style=\"text-align: center;\">Adr. Moerveien 6, \u00c5s<\/p>\n<p style=\"text-align: center;\">Mobil: 48959999 (send SMS om ikke du f\u00e5r svar)<\/p>\n<p style=\"text-align: center;\"><span style=\"color: #000000;\"><a style=\"color: #000000;\" href=\"https:\/\/waxonwaxoff.no\/index.php\/kontakt\/avd-aas-2\/\"><strong>KLIKK HER<\/strong> <\/a><\/span>for bilder, \u00e5pningstider og mer informasjon om avd. \u00c5s.<\/p>\n<p>[\/vc_column_text][vc_media_grid gap=&raquo;3&#8243; grid_id=&raquo;vc_gid:1778074982057-78693266-d336-4&#8243; include=&raquo;9182,9180,9181&#8243;][\/vc_tta_section][vc_tta_section title=&raquo;Administrasjonen&raquo; tab_id=&raquo;1770641449684-edf17f6c-8149&#8243;][vc_column_text]\u2022 <strong>For generell kundesupport<\/strong> (ikke timebestillinger): <span style=\"color: #000000;\"><a style=\"color: #000000;\" href=\"mailto:sara@waxonwaxoff.no\">sara@waxonwaxoff.no<\/a><\/span><\/p>\n<p>\u2022 <strong>For s\u00f8knad\/sp\u00f8rsm\u00e5l om ledig stilling<\/strong>: <span style=\"color: #000000;\"><a style=\"color: #000000;\" href=\"mailto:linda@waxonwaxoff.no\">linda@waxonwaxoff.no<\/a><\/span><\/p>\n<p>\u2022 <strong>For samarbeidspartnere, franchise etc<\/strong>: <span style=\"color: #000000;\"><a style=\"color: #000000;\" href=\"mailto:ingvild@norwegian-beauty.no\">ingvild@norwegian-beauty.no<\/a><\/span><\/p>\n<p>\u2022 <strong>For sp\u00f8rsm\u00e5l \/ p\u00e5melding kurs<\/strong>: <span style=\"color: #000000;\"><a style=\"color: #000000;\" href=\"mailto:kurs@waxonwaxoff.no\">kurs@waxonwaxoff.no<\/a><\/span><\/p>\n<p>MERK: Vi tar IKKE imot timebestillinger p\u00e5 disse epostene, kontakt avdelingens epostadresse for det. Evt Instagram eller Facebook.<\/p>\n<p>Vi setter stor pris p\u00e5 om du kan svare p\u00e5 v\u00e5r kundetilfredshetsunders\u00f8kelse: <span style=\"color: #000000;\"><a style=\"color: #000000;\" href=\"https:\/\/forms.gle\/J9E9cF46eMs81SLq6\">https:\/\/forms.gle\/J9E9cF46eMs81SLq6<\/a><\/span>[\/vc_column_text][\/vc_tta_section][\/vc_tta_tabs][vc_empty_space][vc_column_text]<\/p>\n<p style=\"text-align: left;\"><strong>Kontakt oss<\/strong> <strong>p\u00e5 Facebook eller Instagram:<\/strong> Her kan du f\u00e5 raskt svar alle 7 dager i uken. Det er ansatte i administrasjonen som svarer p\u00e5 disse henvendelsene. TIPS: Har du f.eks time en mandag og trenger f\u00e5 den avlyst p\u00e5 s\u00f8ndag sender du oss en melding her s\u00e5 f\u00e5r vi slettet\/flyttet timen din med en gang s\u00e5 du slipper faktura.<\/p>\n<p>[\/vc_column_text][\/vc_column][\/vc_row][vc_row full_width=&raquo;stretch_row&raquo;][vc_column width=&raquo;1\/3&#8243;][vc_btn title=&raquo;Facebook&raquo; style=&raquo;gradient-custom&raquo; gradient_custom_color_1=&raquo;#4d76c1&#8243; gradient_custom_color_2=&raquo;#4d76c1&#8243; shape=&raquo;square&raquo; size=&raquo;lg&raquo; align=&raquo;center&raquo; i_icon_fontawesome=&raquo;fab fa-facebook&raquo; add_icon=&raquo;true&raquo; link=&raquo;url:https%3A%2F%2Fwww.facebook.com%2Fwaxonwaxoff.no%2F|target:_blank&raquo;][\/vc_column][vc_column width=&raquo;1\/3&#8243;][vc_btn title=&raquo;Instagram&raquo; style=&raquo;gradient-custom&raquo; gradient_custom_color_2=&raquo;#8e3be2&#8243; shape=&raquo;square&raquo; size=&raquo;lg&raquo; align=&raquo;center&raquo; i_icon_fontawesome=&raquo;fab fa-facebook&raquo; add_icon=&raquo;true&raquo; link=&raquo;url:https%3A%2F%2Fwww.instagram.com%2Fwaxonwaxoff.no%2F|target:_blank&raquo;][\/vc_column][vc_column width=&raquo;1\/3&#8243;][vc_btn title=&raquo;Online Booking&raquo; style=&raquo;gradient-custom&raquo; gradient_custom_color_2=&raquo;#dd3333&#8243; shape=&raquo;square&raquo; size=&raquo;lg&raquo; align=&raquo;center&raquo; i_icon_fontawesome=&raquo;fab fa-facebook&raquo; add_icon=&raquo;true&raquo; link=&raquo;url:https%3A%2F%2Fwww.eadministration.dk%2Fkunde%2Fkundelogin.asp%3Fklient%3D886|target:_blank&raquo;][\/vc_column][\/vc_row][vc_row full_width=&raquo;stretch_row&raquo;][vc_column][vc_column_text]<strong>Er du forsinket?<\/strong>\u00a0 Da kan det v\u00e6re at vi ikke rekker \u00e5 gjennomf\u00f8re behandlingen pga ny kunde har avtalt tid etter din tid. Men vi ser hva vi f\u00e5r til og gj\u00f8r s\u00e5 godt vi kan n\u00e5r slike situasjoner oppst\u00e5r.[\/vc_column_text][vc_separator color=&raquo;black&raquo;][vc_custom_heading text=&raquo;Om oss&raquo; font_container=&raquo;tag:h2|text_align:left|color:%23000000&#8243;][\/vc_column][\/vc_row][vc_row][vc_column][vc_column_text]<\/p>\n<p class=\"p1\" style=\"text-align: left;\"><span style=\"color: #333333;\"><strong>Wax ON! Wax OFF <\/strong>\u00e5pnet d\u00f8rene f\u00f8rste gang i 2013. I dag har vi 6 avdelinger i Oslo og en avdeling i \u00c5s.<\/span><\/p>\n<p class=\"p1\" style=\"text-align: left;\"><span style=\"color: #333333;\"><strong>Vi er mest kjent for v\u00e5re profesjonelle, raske og gode voksbehandlinger, <\/strong>men vi tilbyr ogs\u00e5 andre behandlinger som vippel\u00f8ft, brynlaminering, farging av vipper &amp; bryn, hudpleie, pedikyr, hull i \u00f8rene mm. <\/span>Det er viktig for oss at v\u00e5re terapeuter f\u00e5r jobbe med de behandlingene de trives med og er best p\u00e5, derfor jobber ikke alle terapeuter med alle behandlinger hos oss &#8211; fordi du fortjener den beste behandlingen uansett hvilken behandling du gj\u00f8r i Wax ON! Wax OFF.<\/p>\n<p>Vi er en god gjeng terapeuter i forskjellig aldre og med bakgrunn fra flere verdensdeler. Det er vi stolte av og opplever at kundene setter stor pris p\u00e5 dette.<\/p>\n<p><span style=\"color: #333333;\">Daglig leder av Wax ON! Wax OFF\u00a0 har erfaring fra hudpleiebransjen siden 1998, og var ogs\u00e5 en av de f\u00f8rste som begynte med Brasiliansk voks i Norge. I l\u00f8pet av de f\u00f8rste \u00e5rene brukte hun mye av sin tid p\u00e5 \u00e5 trene opp hudpleiere i brasiliansk voksing siden det alltid har v\u00e6rt en meget popul\u00e6r behandling hos oss. F\u00f8r man begynner \u00e5 ta i mot kunder i Wax ON! Wax OFF blir alle terapeuter kvalitetssikret slik at du som kunde skal v\u00e6re trygg p\u00e5 at du f\u00e5r en god og trygg behandling.<\/span><\/p>\n<p>Vi tilbyr ogs\u00e5 kurs i voksing. Her kan du komme som nybegynner, eller som viderekommende.[\/vc_column_text][vc_column_text][\/vc_column_text][vc_empty_space][vc_row_inner][vc_column_inner width=&raquo;3\/5&#8243;][\/vc_column_inner][\/vc_row_inner][vc_empty_space height=&raquo;18px&raquo;][\/vc_column][\/vc_row][vc_row][vc_column width=&raquo;1\/3&#8243;][vc_empty_space height=&raquo;85px&raquo;][vc_text_separator title=&raquo;KONTAKT OSS&raquo; title_align=&raquo;separator_align_left&raquo; align=&raquo;align_right&raquo; color=&raquo;black&raquo;][vc_column_text]<\/p>\n<p style=\"text-align: left;\">Vi har ikke telefontjeneste i v\u00e5re salonger. Men du kan kontakte oss via epost, sosiale medier eller booking online. Be evt om \u00e5 bli oppringt dersom du \u00f8nsker \u00e5 snakke med oss.<\/p>\n<p>[\/vc_column_text][\/vc_column][vc_column width=&raquo;1\/3&#8243;][vc_empty_space height=&raquo;85px&raquo;][vc_text_separator title=&raquo;FACEBOOK&raquo; title_align=&raquo;separator_align_left&raquo; align=&raquo;align_right&raquo; color=&raquo;black&raquo;][vc_column_text]Se spesialtilbud, nyheter og bilder. Du kan ogs\u00e5 kontakte oss p\u00e5 innboks p\u00e5 Facebook.[\/vc_column_text][vc_single_image image=&raquo;5858&#8243; img_size=&raquo;50&#215;50&#8243; onclick=&raquo;custom_link&raquo; img_link_target=&raquo;_blank&raquo; link=&raquo;https:\/\/www.facebook.com\/waxonwaxoff.no\/&raquo;][\/vc_column][vc_column width=&raquo;1\/3&#8243;][vc_empty_space height=&raquo;85px&raquo;][vc_text_separator title=&raquo;INSTAGRAM&raquo; title_align=&raquo;separator_align_left&raquo; align=&raquo;align_right&raquo; color=&raquo;black&raquo;][vc_column_text]Bilder fra v\u00e5r hverdag deles p\u00e5 Instagram. Du kan ogs\u00e5 kontakte oss p\u00e5 innboksen p\u00e5 Instagram.[\/vc_column_text][vc_single_image image=&raquo;6072&#8243; img_size=&raquo;50&#215;50&#8243; onclick=&raquo;custom_link&raquo; img_link_target=&raquo;_blank&raquo; link=&raquo;https:\/\/www.instagram.com\/waxonwaxoff.no\/&raquo;][\/vc_column][\/vc_row][vc_row full_width=&raquo;stretch_row&raquo;][vc_column][vc_row_inner css=&raquo;.vc_custom_1487330201920{margin-bottom: 0px !important;padding-top: 25px !important;padding-bottom: 0px !important;background-color: #ffffff !important;}&raquo;][vc_column_inner css=&raquo;.vc_custom_1488797260510{margin-bottom: 0px !important;padding-bottom: 25px !important;}&raquo;][\/vc_column_inner][\/vc_row_inner][vc_row_inner css=&raquo;.vc_custom_1487330219168{padding-top: 25px !important;background-color: #ffffff !important;}&raquo;][vc_column_inner][vc_empty_space][\/vc_column_inner][\/vc_row_inner][\/vc_column][\/vc_row]<\/p>\n","protected":false},"excerpt":{"rendered":"<p>[vc_row full_width=&raquo;stretch_row&raquo;][vc_column][vc_column_text]Kontakt v\u00e5re avdelinger p\u00e5 mail: Vi svarer n\u00e5r vi har tid innimellom kundene. P\u00e5 travle dager kan det derfor [&hellip;]<\/p>\n","protected":false},"author":1,"featured_media":0,"parent":0,"menu_order":0,"comment_status":"closed","ping_status":"closed","template":"","meta":{"_monsterinsights_skip_tracking":false,"_monsterinsights_sitenote_active":false,"_monsterinsights_sitenote_note":"","_monsterinsights_sitenote_category":0,"footnotes":""},"class_list":["post-54","page","type-page","status-publish","hentry"],"yoast_head":"<!-- This site is optimized with the Yoast SEO plugin v17.7.1 - https:\/\/yoast.com\/wordpress\/plugins\/seo\/ -->\n<title>Avdelinger -<\/title>\n<meta name=\"robots\" content=\"index, follow, max-snippet:-1, max-image-preview:large, max-video-preview:-1\" \/>\n<link rel=\"canonical\" href=\"https:\/\/waxonwaxoff.no\/index.php\/kontakt\/\" \/>\n<meta property=\"og:locale\" content=\"nb_NO\" \/>\n<meta property=\"og:type\" content=\"article\" \/>\n<meta property=\"og:title\" content=\"Avdelinger -\" \/>\n<meta property=\"og:description\" content=\"[vc_row full_width=&raquo;stretch_row&raquo;][vc_column][vc_column_text]Kontakt v\u00e5re avdelinger p\u00e5 mail: Vi svarer n\u00e5r vi har tid innimellom kundene. P\u00e5 travle dager kan det derfor [&hellip;]\" \/>\n<meta property=\"og:url\" content=\"https:\/\/waxonwaxoff.no\/index.php\/kontakt\/\" \/>\n<meta property=\"article:modified_time\" content=\"2026-05-06T13:45:01+00:00\" \/>\n<meta name=\"twitter:card\" content=\"summary\" \/>\n<meta name=\"twitter:label1\" content=\"Ansl. lesetid\" \/>\n\t<meta name=\"twitter:data1\" content=\"2 minutter\" \/>\n<script type=\"application\/ld+json\" class=\"yoast-schema-graph\">{\"@context\":\"https:\/\/schema.org\",\"@graph\":[{\"@type\":\"WebSite\",\"@id\":\"https:\/\/waxonwaxoff.no\/#website\",\"url\":\"https:\/\/waxonwaxoff.no\/\",\"name\":\"\",\"description\":\"\",\"potentialAction\":[{\"@type\":\"SearchAction\",\"target\":{\"@type\":\"EntryPoint\",\"urlTemplate\":\"https:\/\/waxonwaxoff.no\/?s={search_term_string}\"},\"query-input\":\"required name=search_term_string\"}],\"inLanguage\":\"nb-NO\"},{\"@type\":\"WebPage\",\"@id\":\"https:\/\/waxonwaxoff.no\/index.php\/kontakt\/#webpage\",\"url\":\"https:\/\/waxonwaxoff.no\/index.php\/kontakt\/\",\"name\":\"Avdelinger -\",\"isPartOf\":{\"@id\":\"https:\/\/waxonwaxoff.no\/#website\"},\"datePublished\":\"2017-01-16T12:17:41+00:00\",\"dateModified\":\"2026-05-06T13:45:01+00:00\",\"breadcrumb\":{\"@id\":\"https:\/\/waxonwaxoff.no\/index.php\/kontakt\/#breadcrumb\"},\"inLanguage\":\"nb-NO\",\"potentialAction\":[{\"@type\":\"ReadAction\",\"target\":[\"https:\/\/waxonwaxoff.no\/index.php\/kontakt\/\"]}]},{\"@type\":\"BreadcrumbList\",\"@id\":\"https:\/\/waxonwaxoff.no\/index.php\/kontakt\/#breadcrumb\",\"itemListElement\":[{\"@type\":\"ListItem\",\"position\":1,\"name\":\"Hjem\",\"item\":\"https:\/\/waxonwaxoff.no\/\"},{\"@type\":\"ListItem\",\"position\":2,\"name\":\"Avdelinger\"}]}]}<\/script>\n<!-- \/ Yoast SEO plugin. -->","yoast_head_json":{"title":"Avdelinger -","robots":{"index":"index","follow":"follow","max-snippet":"max-snippet:-1","max-image-preview":"max-image-preview:large","max-video-preview":"max-video-preview:-1"},"canonical":"https:\/\/waxonwaxoff.no\/index.php\/kontakt\/","og_locale":"nb_NO","og_type":"article","og_title":"Avdelinger -","og_description":"[vc_row full_width=&raquo;stretch_row&raquo;][vc_column][vc_column_text]Kontakt v\u00e5re avdelinger p\u00e5 mail: Vi svarer n\u00e5r vi har tid innimellom kundene. P\u00e5 travle dager kan det derfor [&hellip;]","og_url":"https:\/\/waxonwaxoff.no\/index.php\/kontakt\/","article_modified_time":"2026-05-06T13:45:01+00:00","twitter_card":"summary","twitter_misc":{"Ansl. lesetid":"2 minutter"},"schema":{"@context":"https:\/\/schema.org","@graph":[{"@type":"WebSite","@id":"https:\/\/waxonwaxoff.no\/#website","url":"https:\/\/waxonwaxoff.no\/","name":"","description":"","potentialAction":[{"@type":"SearchAction","target":{"@type":"EntryPoint","urlTemplate":"https:\/\/waxonwaxoff.no\/?s={search_term_string}"},"query-input":"required name=search_term_string"}],"inLanguage":"nb-NO"},{"@type":"WebPage","@id":"https:\/\/waxonwaxoff.no\/index.php\/kontakt\/#webpage","url":"https:\/\/waxonwaxoff.no\/index.php\/kontakt\/","name":"Avdelinger -","isPartOf":{"@id":"https:\/\/waxonwaxoff.no\/#website"},"datePublished":"2017-01-16T12:17:41+00:00","dateModified":"2026-05-06T13:45:01+00:00","breadcrumb":{"@id":"https:\/\/waxonwaxoff.no\/index.php\/kontakt\/#breadcrumb"},"inLanguage":"nb-NO","potentialAction":[{"@type":"ReadAction","target":["https:\/\/waxonwaxoff.no\/index.php\/kontakt\/"]}]},{"@type":"BreadcrumbList","@id":"https:\/\/waxonwaxoff.no\/index.php\/kontakt\/#breadcrumb","itemListElement":[{"@type":"ListItem","position":1,"name":"Hjem","item":"https:\/\/waxonwaxoff.no\/"},{"@type":"ListItem","position":2,"name":"Avdelinger"}]}]}},"_links":{"self":[{"href":"https:\/\/waxonwaxoff.no\/index.php\/wp-json\/wp\/v2\/pages\/54","targetHints":{"allow":["GET"]}}],"collection":[{"href":"https:\/\/waxonwaxoff.no\/index.php\/wp-json\/wp\/v2\/pages"}],"about":[{"href":"https:\/\/waxonwaxoff.no\/index.php\/wp-json\/wp\/v2\/types\/page"}],"author":[{"embeddable":true,"href":"https:\/\/waxonwaxoff.no\/index.php\/wp-json\/wp\/v2\/users\/1"}],"replies":[{"embeddable":true,"href":"https:\/\/waxonwaxoff.no\/index.php\/wp-json\/wp\/v2\/comments?post=54"}],"version-history":[{"count":295,"href":"https:\/\/waxonwaxoff.no\/index.php\/wp-json\/wp\/v2\/pages\/54\/revisions"}],"predecessor-version":[{"id":9977,"href":"https:\/\/waxonwaxoff.no\/index.php\/wp-json\/wp\/v2\/pages\/54\/revisions\/9977"}],"wp:attachment":[{"href":"https:\/\/waxonwaxoff.no\/index.php\/wp-json\/wp\/v2\/media?parent=54"}],"curies":[{"name":"wp","href":"https:\/\/api.w.org\/{rel}","templated":true}]}}