{"id":52,"date":"2017-01-16T13:17:32","date_gmt":"2017-01-16T12:17:32","guid":{"rendered":"https:\/\/waxonwaxoff.no\/?page_id=52"},"modified":"2026-01-28T17:16:09","modified_gmt":"2026-01-28T16:16:09","slug":"ledig-stilling","status":"publish","type":"page","link":"https:\/\/waxonwaxoff.no\/index.php\/ledig-stilling\/","title":{"rendered":"Jobb hos oss"},"content":{"rendered":"<p>[vc_row full_width=&raquo;stretch_row&raquo; css=&raquo;.vc_custom_1674674701051{background-position: 0 0 !important;background-repeat: repeat !important;}&raquo;][vc_column][vc_empty_space][vc_custom_heading text=&raquo;Lyst \u00e5 jobbe i Wax ON! Wax OFF?&raquo; font_container=&raquo;tag:h2|text_align:center|color:%23000000&#8243;][vc_separator color=&raquo;mulled_wine&raquo;][vc_row_inner css=&raquo;.vc_custom_1648249177612{background-color: #ffffff !important;}&raquo;][vc_column_inner width=&raquo;1\/2&#8243;][vc_toggle title=&raquo;Ledig stillinger i Oslo og i \u00c5s&raquo; style=&raquo;simple&raquo; color=&raquo;juicy_pink&raquo; custom_google_fonts=&raquo;font_family:Abel%3Aregular|font_style:400%20regular%3A400%3Anormal&raquo; use_custom_heading=&raquo;true&raquo;]<span style=\"color: #808080;\"><strong>VI S\u00d8KER DEG SOM:<\/strong><\/span><\/p>\n<p><span style=\"color: #808080;\">\u2666 har utdanning og\/eller erfaring innen faget. Du liker \u00e5 jobbe mye med voksing. Og\/eller du liker \u00e5 kombinere voksing med andre behandlinger. <\/span><\/p>\n<p><span style=\"color: #808080;\">\u2666 Du behersker \u00e5 jobbe selvstendig vel som i team.<\/span><\/p>\n<p><span style=\"color: #808080;\">\u2666 Har gode kommunikasjonsegenskaper og behersker norsk og\/eller engelsk.<\/span><\/p>\n<p><span style=\"color: #808080;\">\u2666 Brenner for at kundene skal ha en god opplevelse og er opptatt av ryddighet, renhold og egne resultater.<\/span><\/p>\n<p><span style=\"color: #808080;\">\u2666 kan jobbe turnus, innenfor v\u00e5re \u00e5pningstider.\u00a0<\/span><\/p>\n<p>&nbsp;<\/p>\n<p><span style=\"color: #808080;\"><strong>VI TILBYR:<\/strong><\/span><\/p>\n<p><span style=\"color: #808080;\">\u2666 En trygg og fin arbeidsplass med flinke folk rundt deg.<\/span><\/p>\n<p><span style=\"color: #808080;\">\u2666 Gode l\u00f8nnsbetingelser, bonuser og 5 uker ferie i \u00e5ret (12% feriepenger)<\/span><\/p>\n<p><span style=\"color: #808080;\">\u2666 Stor og variert kundekrets<\/span><\/p>\n<p><span style=\"color: #808080;\">\u2666 100% stilling. Men lavere stillingsprosent kan avtales om \u00f8nskelig. (Deltid i \u00c5s)<\/span><\/p>\n<p><span style=\"color: #808080;\">\u2666 Videreutvikling gjennom kurs.<\/span><\/p>\n<p><span style=\"color: #808080;\">\u2666 Mulighet for \u00e5 drive egen WOWO salong om du \u00f8nsker og har de rette kvalifikasjoner for det.<\/span><\/p>\n<p><span style=\"color: #808080;\">\u2666 Mulighet \u00e5 jobbe med kurs dersom du liker \u00e5 l\u00e6re bort og inspirere andre.<\/span><\/p>\n<p>&nbsp;<\/p>\n<p><span style=\"color: #808080;\">Velkommen til en flott arbeidsplass hvor du f\u00e5r ta del i et spennende, aktivt og profesjonelt milj\u00f8. Her f\u00e5r du muligheten til \u00e5 videreutvikle deg den retningen du \u00f8nsker i bransjen, enten det er innen voksing vipper\/bryn, hudpleie, negler etc. Driver du ENK kan du s\u00f8ke om leie av rom.<\/span><\/p>\n<p><span style=\"color: #808080;\">Vi gleder oss til \u00e5 h\u00f8re fra deg!<\/span><\/p>\n<p><span style=\"color: #808080;\">Send oss en s\u00f8knad og CV<\/span>.\u00a0<strong>Epost:\u00a0<a href=\"mailto:ingvild@norwegian-beauty.no\">ingvild@norwegian-beauty.no<\/a><\/strong>[\/vc_toggle][vc_empty_space][vc_column_text]Vi s\u00f8ker samarbeidspartnere innen negler i Oslo. Du m\u00e5 drive eget foretak og leie enten lokale eller bord (etter hvor stort du driver)<\/p>\n<p>Vi s\u00f8ker ogs\u00e5 erfaren hudpleier\/voksterapeut til \u00e5 jobbe noen dager i uken i v\u00e5r avdeling i \u00c5s. Gjerne som selvstendig n\u00e6ringsdrivende, men ansettelse kan vurderes for den rette.<\/p>\n<p>Ta kontakt med Ingvild p\u00e5 Epost: ingvild@norwegian-beauty.no[\/vc_column_text][\/vc_column_inner][vc_column_inner width=&raquo;1\/2&#8243;][vc_empty_space height=&raquo;34px&raquo;][vc_single_image image=&raquo;8941&#8243; img_size=&raquo;full&raquo;][\/vc_column_inner][\/vc_row_inner][vc_empty_space][\/vc_column][\/vc_row][vc_row full_width=&raquo;stretch_row_content_no_spaces&raquo;][vc_column][vc_separator color=&raquo;mulled_wine&raquo; style=&raquo;shadow&raquo;][\/vc_column][\/vc_row]<\/p>\n","protected":false},"excerpt":{"rendered":"<p>[vc_row full_width=&raquo;stretch_row&raquo; css=&raquo;.vc_custom_1674674701051{background-position: 0 0 !important;background-repeat: repeat !important;}&raquo;][vc_column][vc_empty_space][vc_custom_heading text=&raquo;Lyst \u00e5 jobbe i Wax ON! Wax OFF?&raquo; font_container=&raquo;tag:h2|text_align:center|color:%23000000&#8243;][vc_separator color=&raquo;mulled_wine&raquo;][vc_row_inner css=&raquo;.vc_custom_1648249177612{background-color: #ffffff [&hellip;]<\/p>\n","protected":false},"author":1,"featured_media":0,"parent":0,"menu_order":0,"comment_status":"closed","ping_status":"closed","template":"","meta":{"_monsterinsights_skip_tracking":false,"_monsterinsights_sitenote_active":false,"_monsterinsights_sitenote_note":"","_monsterinsights_sitenote_category":0,"footnotes":""},"class_list":["post-52","page","type-page","status-publish","hentry"],"yoast_head":"<!-- This site is optimized with the Yoast SEO plugin v17.7.1 - https:\/\/yoast.com\/wordpress\/plugins\/seo\/ -->\n<title>Jobb hos oss -<\/title>\n<meta name=\"robots\" content=\"index, follow, max-snippet:-1, max-image-preview:large, max-video-preview:-1\" \/>\n<link rel=\"canonical\" href=\"https:\/\/waxonwaxoff.no\/index.php\/ledig-stilling\/\" \/>\n<meta property=\"og:locale\" content=\"nb_NO\" \/>\n<meta property=\"og:type\" content=\"article\" \/>\n<meta property=\"og:title\" content=\"Jobb hos oss -\" \/>\n<meta property=\"og:description\" content=\"[vc_row full_width=&raquo;stretch_row&raquo; css=&raquo;.vc_custom_1674674701051{background-position: 0 0 !important;background-repeat: repeat !important;}&raquo;][vc_column][vc_empty_space][vc_custom_heading text=&raquo;Lyst \u00e5 jobbe i Wax ON! Wax OFF?&raquo; font_container=&raquo;tag:h2|text_align:center|color:%23000000&#8243;][vc_separator color=&raquo;mulled_wine&raquo;][vc_row_inner css=&raquo;.vc_custom_1648249177612{background-color: #ffffff [&hellip;]\" \/>\n<meta property=\"og:url\" content=\"https:\/\/waxonwaxoff.no\/index.php\/ledig-stilling\/\" \/>\n<meta property=\"article:modified_time\" content=\"2026-01-28T16:16:09+00:00\" \/>\n<meta name=\"twitter:card\" content=\"summary\" \/>\n<meta name=\"twitter:label1\" content=\"Ansl. lesetid\" \/>\n\t<meta name=\"twitter:data1\" content=\"1 minutt\" \/>\n<script type=\"application\/ld+json\" class=\"yoast-schema-graph\">{\"@context\":\"https:\/\/schema.org\",\"@graph\":[{\"@type\":\"WebSite\",\"@id\":\"https:\/\/waxonwaxoff.no\/#website\",\"url\":\"https:\/\/waxonwaxoff.no\/\",\"name\":\"\",\"description\":\"\",\"potentialAction\":[{\"@type\":\"SearchAction\",\"target\":{\"@type\":\"EntryPoint\",\"urlTemplate\":\"https:\/\/waxonwaxoff.no\/?s={search_term_string}\"},\"query-input\":\"required name=search_term_string\"}],\"inLanguage\":\"nb-NO\"},{\"@type\":\"WebPage\",\"@id\":\"https:\/\/waxonwaxoff.no\/index.php\/ledig-stilling\/#webpage\",\"url\":\"https:\/\/waxonwaxoff.no\/index.php\/ledig-stilling\/\",\"name\":\"Jobb hos oss -\",\"isPartOf\":{\"@id\":\"https:\/\/waxonwaxoff.no\/#website\"},\"datePublished\":\"2017-01-16T12:17:32+00:00\",\"dateModified\":\"2026-01-28T16:16:09+00:00\",\"breadcrumb\":{\"@id\":\"https:\/\/waxonwaxoff.no\/index.php\/ledig-stilling\/#breadcrumb\"},\"inLanguage\":\"nb-NO\",\"potentialAction\":[{\"@type\":\"ReadAction\",\"target\":[\"https:\/\/waxonwaxoff.no\/index.php\/ledig-stilling\/\"]}]},{\"@type\":\"BreadcrumbList\",\"@id\":\"https:\/\/waxonwaxoff.no\/index.php\/ledig-stilling\/#breadcrumb\",\"itemListElement\":[{\"@type\":\"ListItem\",\"position\":1,\"name\":\"Hjem\",\"item\":\"https:\/\/waxonwaxoff.no\/\"},{\"@type\":\"ListItem\",\"position\":2,\"name\":\"Jobb hos oss\"}]}]}<\/script>\n<!-- \/ Yoast SEO plugin. -->","yoast_head_json":{"title":"Jobb hos oss -","robots":{"index":"index","follow":"follow","max-snippet":"max-snippet:-1","max-image-preview":"max-image-preview:large","max-video-preview":"max-video-preview:-1"},"canonical":"https:\/\/waxonwaxoff.no\/index.php\/ledig-stilling\/","og_locale":"nb_NO","og_type":"article","og_title":"Jobb hos oss -","og_description":"[vc_row full_width=&raquo;stretch_row&raquo; css=&raquo;.vc_custom_1674674701051{background-position: 0 0 !important;background-repeat: repeat !important;}&raquo;][vc_column][vc_empty_space][vc_custom_heading text=&raquo;Lyst \u00e5 jobbe i Wax ON! Wax OFF?&raquo; font_container=&raquo;tag:h2|text_align:center|color:%23000000&#8243;][vc_separator color=&raquo;mulled_wine&raquo;][vc_row_inner css=&raquo;.vc_custom_1648249177612{background-color: #ffffff [&hellip;]","og_url":"https:\/\/waxonwaxoff.no\/index.php\/ledig-stilling\/","article_modified_time":"2026-01-28T16:16:09+00:00","twitter_card":"summary","twitter_misc":{"Ansl. lesetid":"1 minutt"},"schema":{"@context":"https:\/\/schema.org","@graph":[{"@type":"WebSite","@id":"https:\/\/waxonwaxoff.no\/#website","url":"https:\/\/waxonwaxoff.no\/","name":"","description":"","potentialAction":[{"@type":"SearchAction","target":{"@type":"EntryPoint","urlTemplate":"https:\/\/waxonwaxoff.no\/?s={search_term_string}"},"query-input":"required name=search_term_string"}],"inLanguage":"nb-NO"},{"@type":"WebPage","@id":"https:\/\/waxonwaxoff.no\/index.php\/ledig-stilling\/#webpage","url":"https:\/\/waxonwaxoff.no\/index.php\/ledig-stilling\/","name":"Jobb hos oss -","isPartOf":{"@id":"https:\/\/waxonwaxoff.no\/#website"},"datePublished":"2017-01-16T12:17:32+00:00","dateModified":"2026-01-28T16:16:09+00:00","breadcrumb":{"@id":"https:\/\/waxonwaxoff.no\/index.php\/ledig-stilling\/#breadcrumb"},"inLanguage":"nb-NO","potentialAction":[{"@type":"ReadAction","target":["https:\/\/waxonwaxoff.no\/index.php\/ledig-stilling\/"]}]},{"@type":"BreadcrumbList","@id":"https:\/\/waxonwaxoff.no\/index.php\/ledig-stilling\/#breadcrumb","itemListElement":[{"@type":"ListItem","position":1,"name":"Hjem","item":"https:\/\/waxonwaxoff.no\/"},{"@type":"ListItem","position":2,"name":"Jobb hos oss"}]}]}},"_links":{"self":[{"href":"https:\/\/waxonwaxoff.no\/index.php\/wp-json\/wp\/v2\/pages\/52","targetHints":{"allow":["GET"]}}],"collection":[{"href":"https:\/\/waxonwaxoff.no\/index.php\/wp-json\/wp\/v2\/pages"}],"about":[{"href":"https:\/\/waxonwaxoff.no\/index.php\/wp-json\/wp\/v2\/types\/page"}],"author":[{"embeddable":true,"href":"https:\/\/waxonwaxoff.no\/index.php\/wp-json\/wp\/v2\/users\/1"}],"replies":[{"embeddable":true,"href":"https:\/\/waxonwaxoff.no\/index.php\/wp-json\/wp\/v2\/comments?post=52"}],"version-history":[{"count":173,"href":"https:\/\/waxonwaxoff.no\/index.php\/wp-json\/wp\/v2\/pages\/52\/revisions"}],"predecessor-version":[{"id":9531,"href":"https:\/\/waxonwaxoff.no\/index.php\/wp-json\/wp\/v2\/pages\/52\/revisions\/9531"}],"wp:attachment":[{"href":"https:\/\/waxonwaxoff.no\/index.php\/wp-json\/wp\/v2\/media?parent=52"}],"curies":[{"name":"wp","href":"https:\/\/api.w.org\/{rel}","templated":true}]}}