{"id":509,"date":"2017-02-20T08:54:17","date_gmt":"2017-02-20T07:54:17","guid":{"rendered":"https:\/\/waxonwaxoff.no\/?page_id=509"},"modified":"2017-10-24T14:06:49","modified_gmt":"2017-10-24T12:06:49","slug":"brasiliansk-voks-steg-for-steg","status":"publish","type":"page","link":"https:\/\/waxonwaxoff.no\/index.php\/behandlinger\/voksing-kvinner\/brasiliansk-voks-steg-for-steg\/","title":{"rendered":"Brasiliansk voks &#8211; Steg-for-steg"},"content":{"rendered":"<p>[vc_row full_width=&raquo;stretch_row&raquo; css=&raquo;.vc_custom_1486971436201{background-position: center !important;background-repeat: no-repeat !important;background-size: cover !important;}&raquo;][vc_column][vc_row_inner css=&raquo;.vc_custom_1487577632386{background-color: #ffffff !important;}&raquo;][vc_column_inner][vc_single_image image=&raquo;512&#8243; img_size=&raquo;full&raquo;][\/vc_column_inner][\/vc_row_inner][vc_row_inner equal_height=&raquo;yes&raquo; content_placement=&raquo;middle&raquo; css=&raquo;.vc_custom_1487577706253{background-color: #ffffff !important;}&raquo;][vc_column_inner width=&raquo;2\/3&#8243;][vc_column_text]<\/p>\n<h2><span style=\"color: #b51212;\">Brasiliansk voks &#8211; Steg-for-steg<\/span><\/h2>\n<p>[\/vc_column_text][\/vc_column_inner][vc_column_inner width=&raquo;1\/3&#8243;][vc_btn title=&raquo;PRISER&raquo; style=&raquo;custom&raquo; custom_background=&raquo;#b51212&#8243; custom_text=&raquo;#ffffff&raquo; size=&raquo;lg&raquo; align=&raquo;right&raquo;][\/vc_column_inner][\/vc_row_inner][vc_row_inner content_placement=&raquo;top&raquo; css=&raquo;.vc_custom_1487574745662{margin-bottom: 0px !important;padding-top: 15px !important;padding-bottom: 0px !important;background-color: #ffffff !important;}&raquo;][vc_column_inner css=&raquo;.vc_custom_1487058063296{margin-bottom: 0px !important;}&raquo;][vc_column_text]<\/p>\n<div id=\"c1zlvinlineContent\" class=\"s87inlineContent\" data-reactid=\".0.$SITE_ROOT.$desktop_siteRoot.$PAGES_CONTAINER.1.1.$SITE_PAGES.$c1zlv.3\">\n<div id=\"i1c6csvk\" class=\"s6\" data-reactid=\".0.$SITE_ROOT.$desktop_siteRoot.$PAGES_CONTAINER.1.1.$SITE_PAGES.$c1zlv.3.$i1c6csvk\">\n<div id=\"c1v41inlineContent\" class=\"s87inlineContent\" data-reactid=\".0.$SITE_ROOT.$desktop_siteRoot.$PAGES_CONTAINER.1.1.$SITE_PAGES.$c1v41.3\">\n<div id=\"i1c67jzu_0\" class=\"color_3\" data-reactid=\".0.$SITE_ROOT.$desktop_siteRoot.$PAGES_CONTAINER.1.1.$SITE_PAGES.$c1v41.3.$i1c67jzu_0\">\n<p>S\u00e5, du vil gj\u00f8re din f\u00f8rste brasiliansk voks, men vent&#8230;.. Det er litt skummelt? Sjansen er stor for at du har gjort din research og har landet her i Wax ON! Wax OFF, Oslo`s\u00a0st\u00f8rste og mest kjente konsept innen voksing.\u00a0Voksing er hva vi gj\u00f8r, hele dagen lang, s\u00e5 vi lover &#8211; du er i trygge hender.<\/p>\n<p>Du har kanskje mange sp\u00f8rsm\u00e5l og noen forventninger om hele prosessen\u00a0s\u00e5 poenget med denne artikkelen er \u00e5 la deg forst\u00e5 hva du kan forvente n\u00e5r man tar en voksbehandling i hvilken som helst Wax\u00a0ON! Wax\u00a0OFF Salon.<\/p>\n<p class=\"font_8\"><span style=\"color: #b51212;\"><strong><span class=\"color_3\">Step 1 &#8211; du kommer til salongen<br \/>\n<\/span><\/strong><\/span>N\u00e5r du ankommer salongen vil du bli sjekket inn av en av v\u00e5re medarbeidere, p\u00e5 den m\u00e5ten kan din terapeut se i bookingen at du har kommet. Du f\u00e5r beskjed hvor du kan sette deg ned og vente til du blir oppropt. Du kan i ventetiden foreta toalettbes\u00f8k, eller du kan finne deg et magasin og lese, eller forsyne deg med kaffe\/vann.<\/p>\n<p class=\"font_2\"><span class=\"color_3\"><span style=\"color: #b51212;\"><strong>Step 2 &#8211; du ankommer behandlingsrommet<\/strong><\/span><br \/>\n<\/span>Terapeuten kommer,\u00a0roper deg opp, og f\u00f8lger deg til behandlingsrommet som er estetisk &laquo;s\u00f8tt&raquo; om vi\u00a0kan si det s\u00e5nn&#8230; og klinisk rent.\u00a0Behandlingsbenken er tildekt med freshe og nyvaskede h\u00e5ndduker. Vi har en stol eller kroker p\u00e5 veggen du kan henge bukse etc, og sko kan settes ved d\u00f8ren. For privatlivets del, vil ofte terapeuten forlate rommet n\u00e5r du kler av deg og forbereder deg, ta et dypt \u00e5ndedrag og forbered deg selv om at n\u00e5 er du virkelig i gang med \u00e5 gj\u00f8re dette! Har det v\u00e6rt en lang, stressende dag og du f\u00f8ler deg litt ufresh der nede? Ikke fortvil, vi har v\u00e5tservietter liggende fremme for deg \ud83d\ude42<\/p>\n<p class=\"font_8\"><span style=\"color: #b51212;\"><strong><span class=\"color_3\">Step 3 &#8211; klar , ferdig, Voks!<br \/>\n<\/span><\/strong><\/span>N\u00e5r du er klar, vil din terapeut komme tilbake og ta p\u00e5 seg engangshansker og voila -du er klar for din f\u00f8rste p\u00e5f\u00f8ring av voks. Terapeuten velger voks etter hvilken behandling du har bestilt.<\/p>\n<p class=\"font_8\"><strong><span class=\"color_3\"><span style=\"color: #b51212;\">Step 4 &#8211; reaksjon etter f\u00f8rste voksestrips<\/span><br \/>\n<\/span><\/strong>Du vil f\u00f8le en stor lettelse fordi:<br \/>\na) det var ikke s\u00e5 vondt som du trodde det skulle v\u00e6re<br \/>\nb) du vil bli fascinert over det h\u00e5rl\u00f8se, myke omr\u00e5det du ser og<br \/>\nc) du besvimte ikke, skrek, hylte eller slo terapeuten slik du trodde du kom til \u00e5 gj\u00f8re.<\/p>\n<p><span style=\"color: #b51212;\"><strong><span class=\"color_3\">Step 5 &#8211; sees n\u00e5r du snur deg<br \/>\n<\/span><\/strong><\/span>Vi gj\u00f8r oss ferdig med alt foran og mellom. Og da ber vi deg enten snu deg p\u00e5 siden eller p\u00e5 magen.<br \/>\n\u00c5 vokse bak tar bare et minutt og plutselig er vi ferdige. Gravide ligger p\u00e5 siden n\u00e5r vi vokser baken.<\/p>\n<p class=\"font_8\"><span style=\"color: #b51212;\"><strong><span class=\"color_3\">Step 6 &#8211; detaljer<br \/>\n<\/span><\/strong><\/span>F\u00f8r vi er helt og holdent ferdige og klar til \u00e5 forlate rommet, vil vi gj\u00f8re oss sikker p\u00e5 at din voks er perfekt og tar oss 1-2min for \u00e5 nappe ut h\u00e5r om det st\u00e5r noen f\u00e5 igjen som var alt for korte til \u00e5 bli med voksen.<\/p>\n<p><span style=\"color: #b51212;\"><strong><span class=\"color_3\">Step 7- 15minutter har g\u00e5tt og du er ferdig!<br \/>\n<\/span><\/strong><\/span>P\u00e5 dette stadiet, er du overveldet over at du har gjort din f\u00f8rste brasiliansk voks, og at det tok, hva!? &#8230;.15 minutter eller noe s\u00e5nt? Vi har snakket og plapret hele tiden og du har akkurat f\u00e5tt en ny venn. Selvf\u00f8lgelig, vi er veldig glade for \u00e5 ha f\u00e5tt en ny kunde og at du elsket voksbehandlingen.<\/p>\n<p>Din voksesession er over og vi vil forlate rommet etter \u00e5 forklart hva du skal sm\u00f8re p\u00e5 det behandlede omr\u00e5det for \u00e5 fjerne eventuelle &laquo;klissete&raquo; rester av voks p\u00e5 huden. Dette f\u00e5r du gj\u00f8re\u00a0i privatlivets fred og du kan kle deg og komme ut n\u00e5r du er klar. Du f\u00f8ler n\u00e5 litt prikking og\u00a0litt varmef\u00f8lelse.<\/p>\n<h3 class=\"font_2\"><span class=\"color_3\" style=\"color: #b51212;\">Litt om brasiliansk voksing<\/span><\/h3>\n<p class=\"font_8\">\u2022 Brasiliansk voks er v\u00e5r mest popul\u00e6re &amp;\u00a0etterspurte behandling. Da vi er s\u00e5 popul\u00e6re p\u00e5 brasiliansk voksing (og voksing generelt) har vi et bredt tilbud av type voks og teknikker. Brasiliansk kan utf\u00f8res med den tradisjonelle stripsvoksen, Lycon HOTwax og\/eller &laquo;Sugaring&raquo; \/ sukkerpasta. Hot Wax og &laquo;Sugaring&raquo; er de aller mest sk\u00e5nsomme behandlingsteknikkene for intimvoks og i ansiktet, det koster noe mer enn tradisjonell stripsvoks (se prisliste), men du f\u00e5r igjen for en bedre opplevelse og kvalitet over resultatet.<\/p>\n<p>\u2022 Full h\u00e5rfjerning fra foran, bak &amp; imellom,<\/p>\n<p>\u2022\u00a0Vi tilbyr komplett voksing og vi bruker pinsett til slutt om\u00a0n\u00f8dvendig. NB! St\u00e5r det veldig mye h\u00e5r igjen som var fort korte til \u00e5 bli med voksen kan vi ikke bruke tid p\u00e5 \u00e5 nappe ut alle de, det er ikke en del av behandlingen. Da m\u00e5 du evt komme tilbake for ny voksesesjon om ca 2 uker.<\/p>\n<p>\u2022 Du vil oppleve en myk gjenvekst. F\u00f8rste gang du vokser deg, eller om du har veldig t\u00f8rr hud og t\u00f8rre h\u00e5r kan noen\/flere h\u00e5r knekke! Da vil du kjenne gjenvekst bare f\u00e5 dager etter behandlingen. Husk derfor \u00e5 sm\u00f8re deg godt med bodylotion dagene f\u00f8r du vokser deg, helst en med fruktsyrer i!<\/p>\n<p>\u2022Dersom du barberer, la det gro i 10 dager etter siste barbering f\u00f8r du vokser deg.\u00a0Dette vil gi et mye bedre resultat av voksbehandlingen.\u00a0Men pr\u00f8v \u00e5 slutte helt med barbering om du begynner \u00e5 vokse deg, da f\u00e5r du mye\u00a0mer ut av behandlingen.<\/p>\n<p class=\"font_2\"><strong><span style=\"color: #b51212;\">Hva er brasiliansk voksing?<\/span><\/strong><br \/>\nB<span class=\"color_15\">rasiliansk voksing er intimvoksing der h\u00e5ret i underlivet fjernes med voks. Du velger selv hvor mye h\u00e5r du vil ha foran, s\u00e5 fjerner vi alt under og bak. Det er\u00a0helt fantastisk f\u00f8lelse og v\u00e6re\u00a0glatt og h\u00e5rfri i s\u00e5\u00a0lang tid! Og gjenveksten av h\u00e5r f\u00f8les myk og\u00a0stikker ikke \ud83d\ude42\u00a0\u00a0Vi er kjent for \u00e5 v\u00e6re veldig n\u00f8ye og effektive. Vi desinfiserer spatlene, pinsetten og alt utstyret vi har brukt og bruker engangsspatler p\u00e5 de mest intime deler. I tillegg desinfiserer vi naturligvis hendene v\u00e5re f\u00f8r\u00a0hver kunde.<\/span><\/p>\n<p><span class=\"color_15\"><span style=\"color: #b51212;\"><strong>Hvordan blir den Brasilianske voksingen utf\u00f8rt?<\/strong><\/span><br \/>\nKunden m\u00e5 ha \u201dspart\u201d i 2 uker etter barbering f\u00f8r hun skal vokse seg. \u00a0Hudpleieren forlater rommet mens kunden gj\u00f8r seg klar. Kunden kler av seg alt t\u00f8yet nedentil, det inkluderer ogs\u00e5 trusen. Hvis kunden trenger det, ligger det v\u00e5tservietter p\u00e5 toalettet v\u00e5rt som kan brukes. Kunden legger seg p\u00e5 rene h\u00e5ndkl\u00e6r som vi selvf\u00f8lgelig bytter mellom hver kunde. Kunden f\u00e5r et mindre h\u00e5ndkle over seg. Hudpleieren kommer inn og sammen blir de enig om hvor mye h\u00e5r kunden skal beholde. Hudpleieren vokser f\u00f8rst bikinikanten og jobber seg innover. Hun fjerner alt h\u00e5r p\u00e5 leppene og i baken.<br \/>\nHvem er vi som gjennomf\u00f8rer disse behandlingene?<br \/>\nVi er en gruppe med behandlere som har stor erfaring med faget. Mange av v\u00e5re terapeuter er av de f\u00f8rste som begynte med brasiliansk voksing i Norge, og har dermed lang erfaring og har sett det meste. <\/span><\/p>\n<p class=\"font_2\"><span class=\"color_15\">\u2022 Du kan IKKE vokse deg om du bruker Retinol produkter\u00a0som f.eks\u00a0Renova\u00a0eller Retin A.\u00a0Du kan heller IKKE vokse deg om du har brukt\u00a0Accutane\u00a0siste 6mndr.<\/span><\/p>\n<p class=\"font_2\"><span class=\"color_15\">F\u00f8rste kvelden og i ett d\u00f8gn etter voksingen kan man v\u00e6re litt sensitiv\/s\u00e5r om man har vokset seg med stripsvoks, og vi anbefaler ikke trange bukser eller \u00e5 f.eks. sykle samme dag som man er blitt vokset. Man blir ikke sensitiv\/s\u00e5r etter behandlingen om man vokser seg med HOTwax eller Sugaring. Ca 50 % av dem som vokser seg blir ikke helt glatte f\u00f8rste gangen fordi de har en del korte h\u00e5r som kun er 1-2mm lange. Dette gjelder s\u00e6rlig foran (der man evt. vil ha en strek), men dette blir det mindre av for hver gang. Under (p\u00e5 og langs leppene) blir de aller fleste veldig glatte. Dette varer i ca. to uker etter man har vokset seg. Den 3. uken begynner h\u00e5ret \u00e5 vokse ut igjen. Dette er mykt og verken kl\u00f8r eller stikker. Det er lurt \u00e5 planlegge slik at man har menstruasjon den 4. uken. Da har man noe h\u00e5r, men fortsatt bare 50 % av det du hadde f\u00f8rste gangen. Man b\u00f8r vokse seg 1-2 dager etter man er ferdig med menstruasjonen. Da f\u00e5r man to fantastiske uker, en ok og en \u201dh\u00e5rsparingsuke\u201d. Hvis man har menstruasjon n\u00e5r man skal vokse seg, bruker man bare tampong, og da er det er lurt \u00e5 dytte tr\u00e5den litt inn s\u00e5 den ikke er i veien for hudpleieren. H\u00e5rene i underlivet har en levetid p\u00e5 3-7mnd. Det betyr at n\u00e5r et h\u00e5r begynner \u00e5 vokse tar det 3-7mnd f\u00f8r det faller av. H\u00e5ret tar en \u201dpause\u201d p\u00e5 2-3 uker f\u00e5r det begynner \u00e5 vokse igjen. Det er derfor ca. 20 % av h\u00e5rene er under huden til en hver tid. Det er disse h\u00e5rene som vokser frem de f\u00f8rste tre ukene.<\/span><\/p>\n<h3 class=\"font_2\"><span class=\"color_3\" style=\"color: #b51212;\">U\u00f8nskede\u00a0reaksjoner som kan oppst\u00e5 etter voksingen:<\/span><\/h3>\n<p class=\"font_2\"><span class=\"color_15\"><strong>Inngrodde h\u00e5r:\u00a0<\/strong>H\u00e5rene vokser ut av en pore. N\u00e5r man har fjernet h\u00e5ret vil det etter hvert vokse ut ett nytt h\u00e5r. Hvis det ligger d\u00f8de hudceller i poren og sperrer, vil h\u00e5ret av og til vokse videre under huden eller vokse nedover i poren og det kan bli en betennelse. Derfor er det veldig viktig at man begynner \u00e5 bruke peeling p\u00e5 huden 2-3 ganger i uken med en gang huden ikke er s\u00e5r. Et triks er \u00e5 f\u00f8rst dusje\/bade til huden blir myk. T\u00f8rk deg godt i underlivet, p\u00e5 magen og p\u00e5 brystet. Bruk en peeling med masse sm\u00e5 korn og gjerne med fruktsyre som kan gi en ekstra god effekt. Ta \u201dgodt\u201d i. Du trenger ikke peele noe s\u00e6rlig p\u00e5 leppene da det er sjelden man f\u00e5r inngrodde h\u00e5r her. Deretter skylder du av. Vi anbefaler gjerne en peeling med masse sm\u00e5 korn fremfor en hampv\u00e5tt eller en peeling som har f\u00e5 og eventuelt store korn. Se for deg at du bruker ett grovt sandpapir p\u00e5 et treverk, da blir det riller i treverket, bruker du derimot et fint sandpapir blir overflaten p\u00e5 treverket mye glattere. Og p\u00e5 samme m\u00e5te er det med peelingen. Siden det ogs\u00e5 er hudceller nedi poren, kan denne ogs\u00e5 bli \u201dtett\u201d under overflaten. Det aller beste produktet \u00e5 bruke for \u00e5 forebygge inngrodde h\u00e5r er et produkt med fruktsyrer.<\/span><\/p>\n<p><span class=\"color_15\"><strong>Nupper og kviser som kommer raskt etter voksingen:<\/strong><br \/>\nNoen kan f\u00e5 en hevelse rundt porene som en reaksjon p\u00e5 selve voksingen. Hevelsen ser ut som myggestikk og varer fra en halv time til 2 d\u00f8gn. Andre kan f\u00e5 kviser og nupper 1-3 dager etter voksingen. Som regel forsvinner dette etter hvert som man har vokset seg flere ganger. Man kan ogs\u00e5 plutselig f\u00e5 symptomer etter \u00e5 ha vokset seg en stund. Dette kan skyldes sensitivt immunforsvar, at man har g\u00e5tt p\u00e5 medisiner som gj\u00f8r huden mer f\u00f8lsom eller det er andre ting i livet ditt som p\u00e5virker kroppen. F\u00e5r man disse symptomene skal man ikke peele eller bruke krem p\u00e5 omr\u00e5de, kun la det f\u00e5 roe seg ned.<\/span><\/p>\n<p class=\"font_2\"><strong><span class=\"color_3\" style=\"color: #b51212;\">99% av alle reaksjonene\u00a0etter voksing er basert p\u00e5 bakterier etc som har g\u00e5tt inn i de \u00e5pne porene i tiden ETTER\u00a0behandlingen. Du har mange bakterier i normalfloraen som er fine opp\u00e5 huden, men ikke NEDDI huden. V\u00e6r ogs\u00e5 n\u00f8ye med din h\u00e5ndhygiene og ikke ta for mye p\u00e5 den nybehandlede huden f\u00f8r etter minimum 12timer!<\/span><\/strong><\/p>\n<p class=\"font_8\">Etter voksing,\u00a0er h\u00e5rfollikklene \u00e5pne i ca.\u00a024-48 timer og er da mottakelig for alt som kan gi infeksjoner,\u00a0selv fra huden egen bakterieflora.<\/p>\n<p class=\"font_8\">En liten prosent av damer som gj\u00f8r brasiliansk (for f\u00f8rste gang eller lenge siden sist) opplever \u00e5 f\u00e5 utbrudd av hvite sm\u00e5 klumper langs bikiniomr\u00e5det. Dette er bedre kjent som folliculitis og kan v\u00e6re kilde til irritasjon og aggresjon. Folliculitis forekommer i ca 1% av tilfellene etter f\u00f8rst bikini\/brazilian wax og er lett \u00e5 behandle.<\/p>\n<p>Folliculitis\u00a0varer 1 to 2\u00a0dager\u00a0ved bruk av\u00a0PFB (et\u00a0produkt som hjelper til med \u00e5 forebygge\u00a0inngrodde h\u00e5r).\u00a0\u00a0Uten bruk av et slikt middel, varer Folliculitis 5-6 dager. Det er ikke noe vi kan gj\u00f8re for \u00e5 garantere deg at du ikke vil oppleve en slik reaksjon da det er din huds naturlige bakterieflora som er \u00e5rsaken til dette.<\/p>\n<p><span style=\"color: #b51212;\"><strong>Allergisk reaksjon?\u00a0<\/strong><\/span><br \/>\nEn liten prosent av befolkningen kan f\u00e5 en allergisk reaksjon p\u00e5 voksen.<\/p>\n<p class=\"font_8\">Er du en av dem?\u00a0 Vel, vi vet ikke f\u00f8r du vokser deg!<\/p>\n<p class=\"font_8\">Gi oss gjerne beskjed om du opplever en reaksjon etter voksbehandlingen, slik at vi kan hjelpe deg \u00e5 finne ut av hva du reagerer p\u00e5, evt hjelpe deg videre i hva du m\u00e5 gj\u00f8re\/ ikke gj\u00f8re hjemme.<\/p>\n<p>Unng\u00e5 varme bad og sv\u00f8mming\u00a0i basseng, sj\u00f8, innsj\u00f8\u00a0og elver&#8230;alt som kan f\u00e5 bakterier inn i de \u00e5pne\u00a0h\u00e5rfolliklene innen 24timer etter en voksbehandling!<\/p>\n<p>I Wax ON! Wax OFF er vi p\u00e5lagt \u00e5\u00a0utf\u00f8re din voksbehandling ren og hygienisk. Vi lover INGEN doppeldypping av spatel! Vi vasker alltid hendene og bruker engangshansker og h\u00e5nddesinfeksjon f\u00f8r vi tar p\u00e5 huden din og\u00a0under selve behandlingen. Vi skifter p\u00e5 benken etter hver behandling og alle instrumenter som f.eks pinsett blir renset og sterilisert i en desinfeksjonsveske.<\/p>\n<\/div>\n<\/div>\n<\/div>\n<\/div>\n<p>[\/vc_column_text][\/vc_column_inner][\/vc_row_inner][\/vc_column][\/vc_row][vc_row][vc_column][\/vc_column][\/vc_row]<\/p>\n","protected":false},"excerpt":{"rendered":"<p>[vc_row full_width=&raquo;stretch_row&raquo; css=&raquo;.vc_custom_1486971436201{background-position: center !important;background-repeat: no-repeat !important;background-size: cover !important;}&raquo;][vc_column][vc_row_inner css=&raquo;.vc_custom_1487577632386{background-color: #ffffff !important;}&raquo;][vc_column_inner][vc_single_image image=&raquo;512&#8243; img_size=&raquo;full&raquo;][\/vc_column_inner][\/vc_row_inner][vc_row_inner equal_height=&raquo;yes&raquo; content_placement=&raquo;middle&raquo; css=&raquo;.vc_custom_1487577706253{background-color: #ffffff !important;}&raquo;][vc_column_inner width=&raquo;2\/3&#8243;][vc_column_text] [&hellip;]<\/p>\n","protected":false},"author":1,"featured_media":0,"parent":349,"menu_order":0,"comment_status":"closed","ping_status":"closed","template":"","meta":{"_monsterinsights_skip_tracking":false,"_monsterinsights_sitenote_active":false,"_monsterinsights_sitenote_note":"","_monsterinsights_sitenote_category":0,"footnotes":""},"class_list":["post-509","page","type-page","status-publish","hentry"],"yoast_head":"<!-- This site is optimized with the Yoast SEO plugin v17.7.1 - https:\/\/yoast.com\/wordpress\/plugins\/seo\/ -->\n<title>Brasiliansk voks - Steg-for-steg -<\/title>\n<meta name=\"robots\" content=\"index, follow, max-snippet:-1, max-image-preview:large, max-video-preview:-1\" \/>\n<link rel=\"canonical\" href=\"https:\/\/waxonwaxoff.no\/index.php\/behandlinger\/voksing-kvinner\/brasiliansk-voks-steg-for-steg\/\" \/>\n<meta property=\"og:locale\" content=\"nb_NO\" \/>\n<meta property=\"og:type\" content=\"article\" \/>\n<meta property=\"og:title\" content=\"Brasiliansk voks - Steg-for-steg -\" \/>\n<meta property=\"og:description\" content=\"[vc_row full_width=&raquo;stretch_row&raquo; css=&raquo;.vc_custom_1486971436201{background-position: center !important;background-repeat: no-repeat !important;background-size: cover !important;}&raquo;][vc_column][vc_row_inner css=&raquo;.vc_custom_1487577632386{background-color: #ffffff !important;}&raquo;][vc_column_inner][vc_single_image image=&raquo;512&#8243; img_size=&raquo;full&raquo;][\/vc_column_inner][\/vc_row_inner][vc_row_inner equal_height=&raquo;yes&raquo; content_placement=&raquo;middle&raquo; css=&raquo;.vc_custom_1487577706253{background-color: #ffffff !important;}&raquo;][vc_column_inner width=&raquo;2\/3&#8243;][vc_column_text] [&hellip;]\" \/>\n<meta property=\"og:url\" content=\"https:\/\/waxonwaxoff.no\/index.php\/behandlinger\/voksing-kvinner\/brasiliansk-voks-steg-for-steg\/\" \/>\n<meta property=\"article:modified_time\" content=\"2017-10-24T12:06:49+00:00\" \/>\n<meta name=\"twitter:card\" content=\"summary\" \/>\n<meta name=\"twitter:label1\" content=\"Ansl. lesetid\" \/>\n\t<meta name=\"twitter:data1\" content=\"12 minutter\" \/>\n<script type=\"application\/ld+json\" class=\"yoast-schema-graph\">{\"@context\":\"https:\/\/schema.org\",\"@graph\":[{\"@type\":\"WebSite\",\"@id\":\"https:\/\/waxonwaxoff.no\/#website\",\"url\":\"https:\/\/waxonwaxoff.no\/\",\"name\":\"\",\"description\":\"\",\"potentialAction\":[{\"@type\":\"SearchAction\",\"target\":{\"@type\":\"EntryPoint\",\"urlTemplate\":\"https:\/\/waxonwaxoff.no\/?s={search_term_string}\"},\"query-input\":\"required name=search_term_string\"}],\"inLanguage\":\"nb-NO\"},{\"@type\":\"WebPage\",\"@id\":\"https:\/\/waxonwaxoff.no\/index.php\/behandlinger\/voksing-kvinner\/brasiliansk-voks-steg-for-steg\/#webpage\",\"url\":\"https:\/\/waxonwaxoff.no\/index.php\/behandlinger\/voksing-kvinner\/brasiliansk-voks-steg-for-steg\/\",\"name\":\"Brasiliansk voks - Steg-for-steg -\",\"isPartOf\":{\"@id\":\"https:\/\/waxonwaxoff.no\/#website\"},\"datePublished\":\"2017-02-20T07:54:17+00:00\",\"dateModified\":\"2017-10-24T12:06:49+00:00\",\"breadcrumb\":{\"@id\":\"https:\/\/waxonwaxoff.no\/index.php\/behandlinger\/voksing-kvinner\/brasiliansk-voks-steg-for-steg\/#breadcrumb\"},\"inLanguage\":\"nb-NO\",\"potentialAction\":[{\"@type\":\"ReadAction\",\"target\":[\"https:\/\/waxonwaxoff.no\/index.php\/behandlinger\/voksing-kvinner\/brasiliansk-voks-steg-for-steg\/\"]}]},{\"@type\":\"BreadcrumbList\",\"@id\":\"https:\/\/waxonwaxoff.no\/index.php\/behandlinger\/voksing-kvinner\/brasiliansk-voks-steg-for-steg\/#breadcrumb\",\"itemListElement\":[{\"@type\":\"ListItem\",\"position\":1,\"name\":\"Hjem\",\"item\":\"https:\/\/waxonwaxoff.no\/\"},{\"@type\":\"ListItem\",\"position\":2,\"name\":\"Priser\",\"item\":\"https:\/\/waxonwaxoff.no\/index.php\/behandlinger\/\"},{\"@type\":\"ListItem\",\"position\":3,\"name\":\"Voksing kvinner gml\",\"item\":\"https:\/\/waxonwaxoff.no\/index.php\/behandlinger\/voksing-kvinner\/\"},{\"@type\":\"ListItem\",\"position\":4,\"name\":\"Brasiliansk voks &#8211; Steg-for-steg\"}]}]}<\/script>\n<!-- \/ Yoast SEO plugin. -->","yoast_head_json":{"title":"Brasiliansk voks - Steg-for-steg -","robots":{"index":"index","follow":"follow","max-snippet":"max-snippet:-1","max-image-preview":"max-image-preview:large","max-video-preview":"max-video-preview:-1"},"canonical":"https:\/\/waxonwaxoff.no\/index.php\/behandlinger\/voksing-kvinner\/brasiliansk-voks-steg-for-steg\/","og_locale":"nb_NO","og_type":"article","og_title":"Brasiliansk voks - Steg-for-steg -","og_description":"[vc_row full_width=&raquo;stretch_row&raquo; css=&raquo;.vc_custom_1486971436201{background-position: center !important;background-repeat: no-repeat !important;background-size: cover !important;}&raquo;][vc_column][vc_row_inner css=&raquo;.vc_custom_1487577632386{background-color: #ffffff !important;}&raquo;][vc_column_inner][vc_single_image image=&raquo;512&#8243; img_size=&raquo;full&raquo;][\/vc_column_inner][\/vc_row_inner][vc_row_inner equal_height=&raquo;yes&raquo; content_placement=&raquo;middle&raquo; css=&raquo;.vc_custom_1487577706253{background-color: #ffffff !important;}&raquo;][vc_column_inner width=&raquo;2\/3&#8243;][vc_column_text] [&hellip;]","og_url":"https:\/\/waxonwaxoff.no\/index.php\/behandlinger\/voksing-kvinner\/brasiliansk-voks-steg-for-steg\/","article_modified_time":"2017-10-24T12:06:49+00:00","twitter_card":"summary","twitter_misc":{"Ansl. lesetid":"12 minutter"},"schema":{"@context":"https:\/\/schema.org","@graph":[{"@type":"WebSite","@id":"https:\/\/waxonwaxoff.no\/#website","url":"https:\/\/waxonwaxoff.no\/","name":"","description":"","potentialAction":[{"@type":"SearchAction","target":{"@type":"EntryPoint","urlTemplate":"https:\/\/waxonwaxoff.no\/?s={search_term_string}"},"query-input":"required name=search_term_string"}],"inLanguage":"nb-NO"},{"@type":"WebPage","@id":"https:\/\/waxonwaxoff.no\/index.php\/behandlinger\/voksing-kvinner\/brasiliansk-voks-steg-for-steg\/#webpage","url":"https:\/\/waxonwaxoff.no\/index.php\/behandlinger\/voksing-kvinner\/brasiliansk-voks-steg-for-steg\/","name":"Brasiliansk voks - Steg-for-steg -","isPartOf":{"@id":"https:\/\/waxonwaxoff.no\/#website"},"datePublished":"2017-02-20T07:54:17+00:00","dateModified":"2017-10-24T12:06:49+00:00","breadcrumb":{"@id":"https:\/\/waxonwaxoff.no\/index.php\/behandlinger\/voksing-kvinner\/brasiliansk-voks-steg-for-steg\/#breadcrumb"},"inLanguage":"nb-NO","potentialAction":[{"@type":"ReadAction","target":["https:\/\/waxonwaxoff.no\/index.php\/behandlinger\/voksing-kvinner\/brasiliansk-voks-steg-for-steg\/"]}]},{"@type":"BreadcrumbList","@id":"https:\/\/waxonwaxoff.no\/index.php\/behandlinger\/voksing-kvinner\/brasiliansk-voks-steg-for-steg\/#breadcrumb","itemListElement":[{"@type":"ListItem","position":1,"name":"Hjem","item":"https:\/\/waxonwaxoff.no\/"},{"@type":"ListItem","position":2,"name":"Priser","item":"https:\/\/waxonwaxoff.no\/index.php\/behandlinger\/"},{"@type":"ListItem","position":3,"name":"Voksing kvinner gml","item":"https:\/\/waxonwaxoff.no\/index.php\/behandlinger\/voksing-kvinner\/"},{"@type":"ListItem","position":4,"name":"Brasiliansk voks &#8211; Steg-for-steg"}]}]}},"_links":{"self":[{"href":"https:\/\/waxonwaxoff.no\/index.php\/wp-json\/wp\/v2\/pages\/509","targetHints":{"allow":["GET"]}}],"collection":[{"href":"https:\/\/waxonwaxoff.no\/index.php\/wp-json\/wp\/v2\/pages"}],"about":[{"href":"https:\/\/waxonwaxoff.no\/index.php\/wp-json\/wp\/v2\/types\/page"}],"author":[{"embeddable":true,"href":"https:\/\/waxonwaxoff.no\/index.php\/wp-json\/wp\/v2\/users\/1"}],"replies":[{"embeddable":true,"href":"https:\/\/waxonwaxoff.no\/index.php\/wp-json\/wp\/v2\/comments?post=509"}],"version-history":[{"count":13,"href":"https:\/\/waxonwaxoff.no\/index.php\/wp-json\/wp\/v2\/pages\/509\/revisions"}],"predecessor-version":[{"id":1780,"href":"https:\/\/waxonwaxoff.no\/index.php\/wp-json\/wp\/v2\/pages\/509\/revisions\/1780"}],"up":[{"embeddable":true,"href":"https:\/\/waxonwaxoff.no\/index.php\/wp-json\/wp\/v2\/pages\/349"}],"wp:attachment":[{"href":"https:\/\/waxonwaxoff.no\/index.php\/wp-json\/wp\/v2\/media?parent=509"}],"curies":[{"name":"wp","href":"https:\/\/api.w.org\/{rel}","templated":true}]}}