{"id":49,"date":"2017-01-16T13:17:19","date_gmt":"2017-01-16T12:17:19","guid":{"rendered":"https:\/\/waxonwaxoff.no\/?page_id=49"},"modified":"2018-04-07T13:59:59","modified_gmt":"2018-04-07T11:59:59","slug":"terapeutene","status":"publish","type":"page","link":"https:\/\/waxonwaxoff.no\/index.php\/terapeutene\/","title":{"rendered":"Elite, vanlig jr. Hva er forskjellen?"},"content":{"rendered":"<p>[vc_row full_width=&raquo;stretch_row&raquo; css=&raquo;.vc_custom_1486717702799{background-position: center !important;background-repeat: no-repeat !important;background-size: contain !important;}&raquo;][vc_column][vc_row_inner css=&raquo;.vc_custom_1487334062162{padding-top: 15px !important;background-color: #ffffff !important;}&raquo;][vc_column_inner css=&raquo;.vc_custom_1486558660472{padding-top: 5px !important;}&raquo;][vc_column_text]<\/p>\n<div id=\"iepswevn_3\" class=\"s6\" data-reactid=\".0.$SITE_ROOT.$desktop_siteRoot.$PAGES_CONTAINER.1.1.$SITE_PAGES.$c12em.3.$iepswevn_3\">\n<h2 class=\"font_2\"><span style=\"color: #999999;\">Terapeutene i Wax ON! Wax OFF<\/span><\/h2>\n<p class=\"font_8\">Det er mange terapeuter\u00a0i Wax ON! Wax OFF. Ikke alle terapeutene utf\u00f8rer alle behandlinger, og de er i forskjellige niv\u00e5 etter arbeidserfaring og \u00a0hvilke resultater de har skapt innen voksing. De aller fleste er utdannet hudterapeut, men ikke alle. De som ikke er utdannet hudterapeut jobber enten som Vokseterapeut\u00a0og\/eller er Vippestylist.<\/p>\n<p class=\"font_8\"><span class=\"color_15\"><strong>Eliteterapeut:<\/strong><br \/>\nEn eliteterapeut har <\/span>lang erfaring inen voksing og brasiliask,<span class=\"color_15\">\u00a0minimum to \u00e5rs sammenhengende arbeid i voksing. Hun\u00a0besitter\u00a0god\/lang erfaring med b\u00e5de strips -og HOT\u00a0voksing, og\u00a0har god kunnskap om hudens oppbygging\/funksjon,\u00a0h\u00e5rvekst +\u00a0alle de produkter vi f\u00f8rer. Eliteterapeuter\u00a0har mange faste kunder og har en h\u00f8y rebooking \/ fulle lister.\u00a0<\/span><\/p>\n<p class=\"font_8\"><span class=\"color_15\">Eliteterapeuter har en egen pris p\u00e5 voksing enn vanlige vokseterapeuter.<\/span><\/p>\n<p class=\"font_8\"><span class=\"color_15\"><strong>Vokseterapeut:<\/strong><br \/>\nEn vokseterapeut er en terapeut som er dyktig \/ har god erfaring i voksing.\u00a0Hun kan ha jobbet i mange\u00a0\u00e5r med voksing allerede. Felles for alle slike terapeuter er at de har gjort minimum 500stk brasiliansk f\u00f8r de n\u00e5r dette niv\u00e5et. Jobber b\u00e5de med stripsvoks og HOTwax. En vokseterpeut jobber ofte ogs\u00e5 med andre behandlinger. Etter minimum 2\u00e5r fulltid i jobb starter vurderingen fra ledelsen om de er klare til \u00e5 bli en Eliteterapeut eller ikke.<\/span><\/p>\n<p class=\"font_8\"><span class=\"color_15\"><strong>Junior Vokseterapeut:<\/strong><br \/>\nEn Junior vokseterapeut har kanskje lang erfaring innen hudpleie og vanlig kroppsvoksing, men ikke s\u00e5 lang erfaring med brasiliansk.\u00a0Ledelsen i Wax ON! Wax OFF krever mye for at en terapeut skal\u00a0bli en ordentlig Vokseterapeut.\u00a0Vi har et minstekrav at man er Jr. terapeut helt frem til man har utf\u00f8rt 500stk brasiliansk. Dette for \u00e5 kvalitetsikre v\u00e5re Vokseterapeuter og at de virkelig innehar den n\u00f8dvendige erfaringen som trengs for \u00e5 v\u00e6re en av Norges beste vokseterapeuter. Vi informerer om at en Juniorterapeut vil i begynnelsen bruke noe ekstra tid, dvs opp mot ca. 45 minutter p\u00e5 en brasiliansk. De etterlater det samme gode resultatet, men de trenger litt ekstra tid p\u00e5 seg for \u00e5 ut\u00f8ve behandlingen korrekt. Dette kompenseres med en rabatt p\u00e5 behandlingen, som blir lavere og lavere etter hvert som hun blir raskere.\u00a0<\/span><\/p>\n<\/div>\n<p>[\/vc_column_text][\/vc_column_inner][\/vc_row_inner][\/vc_column][\/vc_row]<\/p>\n","protected":false},"excerpt":{"rendered":"<p>[vc_row full_width=&raquo;stretch_row&raquo; css=&raquo;.vc_custom_1486717702799{background-position: center !important;background-repeat: no-repeat !important;background-size: contain !important;}&raquo;][vc_column][vc_row_inner css=&raquo;.vc_custom_1487334062162{padding-top: 15px !important;background-color: #ffffff !important;}&raquo;][vc_column_inner css=&raquo;.vc_custom_1486558660472{padding-top: 5px !important;}&raquo;][vc_column_text] Terapeutene i Wax [&hellip;]<\/p>\n","protected":false},"author":1,"featured_media":0,"parent":0,"menu_order":0,"comment_status":"closed","ping_status":"closed","template":"template-fullwidth.php","meta":{"_monsterinsights_skip_tracking":false,"_monsterinsights_sitenote_active":false,"_monsterinsights_sitenote_note":"","_monsterinsights_sitenote_category":0,"footnotes":""},"class_list":["post-49","page","type-page","status-publish","hentry"],"yoast_head":"<!-- This site is optimized with the Yoast SEO plugin v17.7.1 - https:\/\/yoast.com\/wordpress\/plugins\/seo\/ -->\n<title>Elite, vanlig jr. Hva er forskjellen? -<\/title>\n<meta name=\"robots\" content=\"index, follow, max-snippet:-1, max-image-preview:large, max-video-preview:-1\" \/>\n<link rel=\"canonical\" href=\"https:\/\/waxonwaxoff.no\/index.php\/terapeutene\/\" \/>\n<meta property=\"og:locale\" content=\"nb_NO\" \/>\n<meta property=\"og:type\" content=\"article\" \/>\n<meta property=\"og:title\" content=\"Elite, vanlig jr. Hva er forskjellen? -\" \/>\n<meta property=\"og:description\" content=\"[vc_row full_width=&raquo;stretch_row&raquo; css=&raquo;.vc_custom_1486717702799{background-position: center !important;background-repeat: no-repeat !important;background-size: contain !important;}&raquo;][vc_column][vc_row_inner css=&raquo;.vc_custom_1487334062162{padding-top: 15px !important;background-color: #ffffff !important;}&raquo;][vc_column_inner css=&raquo;.vc_custom_1486558660472{padding-top: 5px !important;}&raquo;][vc_column_text] Terapeutene i Wax [&hellip;]\" \/>\n<meta property=\"og:url\" content=\"https:\/\/waxonwaxoff.no\/index.php\/terapeutene\/\" \/>\n<meta property=\"article:modified_time\" content=\"2018-04-07T11:59:59+00:00\" \/>\n<meta name=\"twitter:card\" content=\"summary\" \/>\n<meta name=\"twitter:label1\" content=\"Ansl. lesetid\" \/>\n\t<meta name=\"twitter:data1\" content=\"2 minutter\" \/>\n<script type=\"application\/ld+json\" class=\"yoast-schema-graph\">{\"@context\":\"https:\/\/schema.org\",\"@graph\":[{\"@type\":\"WebSite\",\"@id\":\"https:\/\/waxonwaxoff.no\/#website\",\"url\":\"https:\/\/waxonwaxoff.no\/\",\"name\":\"\",\"description\":\"\",\"potentialAction\":[{\"@type\":\"SearchAction\",\"target\":{\"@type\":\"EntryPoint\",\"urlTemplate\":\"https:\/\/waxonwaxoff.no\/?s={search_term_string}\"},\"query-input\":\"required name=search_term_string\"}],\"inLanguage\":\"nb-NO\"},{\"@type\":\"WebPage\",\"@id\":\"https:\/\/waxonwaxoff.no\/index.php\/terapeutene\/#webpage\",\"url\":\"https:\/\/waxonwaxoff.no\/index.php\/terapeutene\/\",\"name\":\"Elite, vanlig jr. Hva er forskjellen? -\",\"isPartOf\":{\"@id\":\"https:\/\/waxonwaxoff.no\/#website\"},\"datePublished\":\"2017-01-16T12:17:19+00:00\",\"dateModified\":\"2018-04-07T11:59:59+00:00\",\"breadcrumb\":{\"@id\":\"https:\/\/waxonwaxoff.no\/index.php\/terapeutene\/#breadcrumb\"},\"inLanguage\":\"nb-NO\",\"potentialAction\":[{\"@type\":\"ReadAction\",\"target\":[\"https:\/\/waxonwaxoff.no\/index.php\/terapeutene\/\"]}]},{\"@type\":\"BreadcrumbList\",\"@id\":\"https:\/\/waxonwaxoff.no\/index.php\/terapeutene\/#breadcrumb\",\"itemListElement\":[{\"@type\":\"ListItem\",\"position\":1,\"name\":\"Hjem\",\"item\":\"https:\/\/waxonwaxoff.no\/\"},{\"@type\":\"ListItem\",\"position\":2,\"name\":\"Elite, vanlig jr. Hva er forskjellen?\"}]}]}<\/script>\n<!-- \/ Yoast SEO plugin. -->","yoast_head_json":{"title":"Elite, vanlig jr. Hva er forskjellen? -","robots":{"index":"index","follow":"follow","max-snippet":"max-snippet:-1","max-image-preview":"max-image-preview:large","max-video-preview":"max-video-preview:-1"},"canonical":"https:\/\/waxonwaxoff.no\/index.php\/terapeutene\/","og_locale":"nb_NO","og_type":"article","og_title":"Elite, vanlig jr. Hva er forskjellen? -","og_description":"[vc_row full_width=&raquo;stretch_row&raquo; css=&raquo;.vc_custom_1486717702799{background-position: center !important;background-repeat: no-repeat !important;background-size: contain !important;}&raquo;][vc_column][vc_row_inner css=&raquo;.vc_custom_1487334062162{padding-top: 15px !important;background-color: #ffffff !important;}&raquo;][vc_column_inner css=&raquo;.vc_custom_1486558660472{padding-top: 5px !important;}&raquo;][vc_column_text] Terapeutene i Wax [&hellip;]","og_url":"https:\/\/waxonwaxoff.no\/index.php\/terapeutene\/","article_modified_time":"2018-04-07T11:59:59+00:00","twitter_card":"summary","twitter_misc":{"Ansl. lesetid":"2 minutter"},"schema":{"@context":"https:\/\/schema.org","@graph":[{"@type":"WebSite","@id":"https:\/\/waxonwaxoff.no\/#website","url":"https:\/\/waxonwaxoff.no\/","name":"","description":"","potentialAction":[{"@type":"SearchAction","target":{"@type":"EntryPoint","urlTemplate":"https:\/\/waxonwaxoff.no\/?s={search_term_string}"},"query-input":"required name=search_term_string"}],"inLanguage":"nb-NO"},{"@type":"WebPage","@id":"https:\/\/waxonwaxoff.no\/index.php\/terapeutene\/#webpage","url":"https:\/\/waxonwaxoff.no\/index.php\/terapeutene\/","name":"Elite, vanlig jr. Hva er forskjellen? -","isPartOf":{"@id":"https:\/\/waxonwaxoff.no\/#website"},"datePublished":"2017-01-16T12:17:19+00:00","dateModified":"2018-04-07T11:59:59+00:00","breadcrumb":{"@id":"https:\/\/waxonwaxoff.no\/index.php\/terapeutene\/#breadcrumb"},"inLanguage":"nb-NO","potentialAction":[{"@type":"ReadAction","target":["https:\/\/waxonwaxoff.no\/index.php\/terapeutene\/"]}]},{"@type":"BreadcrumbList","@id":"https:\/\/waxonwaxoff.no\/index.php\/terapeutene\/#breadcrumb","itemListElement":[{"@type":"ListItem","position":1,"name":"Hjem","item":"https:\/\/waxonwaxoff.no\/"},{"@type":"ListItem","position":2,"name":"Elite, vanlig jr. Hva er forskjellen?"}]}]}},"_links":{"self":[{"href":"https:\/\/waxonwaxoff.no\/index.php\/wp-json\/wp\/v2\/pages\/49","targetHints":{"allow":["GET"]}}],"collection":[{"href":"https:\/\/waxonwaxoff.no\/index.php\/wp-json\/wp\/v2\/pages"}],"about":[{"href":"https:\/\/waxonwaxoff.no\/index.php\/wp-json\/wp\/v2\/types\/page"}],"author":[{"embeddable":true,"href":"https:\/\/waxonwaxoff.no\/index.php\/wp-json\/wp\/v2\/users\/1"}],"replies":[{"embeddable":true,"href":"https:\/\/waxonwaxoff.no\/index.php\/wp-json\/wp\/v2\/comments?post=49"}],"version-history":[{"count":44,"href":"https:\/\/waxonwaxoff.no\/index.php\/wp-json\/wp\/v2\/pages\/49\/revisions"}],"predecessor-version":[{"id":3312,"href":"https:\/\/waxonwaxoff.no\/index.php\/wp-json\/wp\/v2\/pages\/49\/revisions\/3312"}],"wp:attachment":[{"href":"https:\/\/waxonwaxoff.no\/index.php\/wp-json\/wp\/v2\/media?parent=49"}],"curies":[{"name":"wp","href":"https:\/\/api.w.org\/{rel}","templated":true}]}}