{"id":482,"date":"2017-02-20T08:10:36","date_gmt":"2017-02-20T07:10:36","guid":{"rendered":"https:\/\/waxonwaxoff.no\/?page_id=482"},"modified":"2020-10-13T12:39:30","modified_gmt":"2020-10-13T10:39:30","slug":"482-2","status":"publish","type":"page","link":"https:\/\/waxonwaxoff.no\/index.php\/behandlinger\/482-2\/","title":{"rendered":"Vajacial"},"content":{"rendered":"<p>[vc_row][vc_column][\/vc_column][\/vc_row][vc_row full_width=&raquo;stretch_row&raquo; css=&raquo;.vc_custom_1571561752502{background-color: rgba(81,63,104,0.85) !important;*background-color: rgb(81,63,104) !important;}&raquo;][vc_column width=&raquo;5\/6&#8243;][vc_empty_space][vc_btn title=&raquo;VOKSING KVINNER&raquo; shape=&raquo;square&raquo; color=&raquo;mulled-wine&raquo; size=&raquo;xs&raquo; link=&raquo;url:https%3A%2F%2Fwaxonwaxoff.no%2Findex.php%2Fbehandlinger%2Fstripsvoks-2%2F|title:Voksing%20kvinner||&raquo;][vc_btn title=&raquo;VOKSING MENN&raquo; shape=&raquo;square&raquo; color=&raquo;mulled-wine&raquo; size=&raquo;xs&raquo; link=&raquo;url:https%3A%2F%2Fwaxonwaxoff.no%2Findex.php%2Fbehandlinger%2Fvoksing-menn%2F|title:Voksing%20kmenn||&raquo;][vc_btn title=&raquo;SUGARING (voksing kvinner)&raquo; shape=&raquo;square&raquo; color=&raquo;mulled-wine&raquo; size=&raquo;xs&raquo; link=&raquo;url:https%3A%2F%2Fwaxonwaxoff.no%2Findex.php%2Fbehandlinger%2Fsugaring%2F|title:Sugaring||&raquo;][vc_btn title=&raquo;HUDPLEIE&raquo; shape=&raquo;square&raquo; color=&raquo;mulled-wine&raquo; size=&raquo;xs&raquo; link=&raquo;url:https%3A%2F%2Fwaxonwaxoff.no%2Findex.php%2Fbehandlinger%2Fhudpleie-meny%2F|title:Hudpleie||&raquo;][vc_btn title=&raquo;VIPPER &amp; BRYN&raquo; shape=&raquo;square&raquo; color=&raquo;mulled-wine&raquo; size=&raquo;xs&raquo; link=&raquo;url:https%3A%2F%2Fwaxonwaxoff.no%2Findex.php%2Fbehandlinger%2Fvipper-bryn%2F|title:Vipper%20%26%20bryn||&raquo;][vc_btn title=&raquo;VAJACIAL&raquo; style=&raquo;classic&raquo; shape=&raquo;square&raquo; color=&raquo;juicy-pink&raquo; size=&raquo;xs&raquo; link=&raquo;url:https%3A%2F%2Fwaxonwaxoff.no%2Findex.php%2Fbehandlinger%2F482-2%2F|title:Vajacial||&raquo;][vc_btn title=&raquo;&laquo;WOWO NAILS&laquo;&raquo; style=&raquo;classic&raquo; shape=&raquo;square&raquo; color=&raquo;juicy-pink&raquo; size=&raquo;xs&raquo; css_animation=&raquo;fadeInDown&raquo; link=&raquo;url:https%3A%2F%2Fwaxonwaxoff.no%2Findex.php%2Fwowo-nails%2F|title:Vajacial&raquo;][vc_btn title=&raquo;MANIKYR&raquo; shape=&raquo;square&raquo; color=&raquo;mulled-wine&raquo; size=&raquo;xs&raquo; link=&raquo;url:https%3A%2F%2Fwaxonwaxoff.no%2Findex.php%2Fbehandlinger%2Fmanikyr-pedikyr%2F|title:Manikyr||&raquo;][vc_btn title=&raquo;FOTPLEIE&raquo; shape=&raquo;square&raquo; color=&raquo;mulled-wine&raquo; size=&raquo;xs&raquo; link=&raquo;url:https%3A%2F%2Fwaxonwaxoff.no%2Findex.php%2Ffotpleie%2F|title:Fotpleie||&raquo;][\/vc_column][vc_column width=&raquo;1\/6&#8243;][vc_empty_space height=&raquo;23px&raquo;][vc_message icon_fontawesome=&raquo;fa fa-calendar&raquo;]<a href=\"https:\/\/www.eadministration.dk\/kunde\/kundelogin.asp?klient=886\">ONLINE BOOKING<\/a>[\/vc_message][\/vc_column][\/vc_row][vc_row full_width=&raquo;stretch_row&raquo; css=&raquo;.vc_custom_1486971436201{background-position: center !important;background-repeat: no-repeat !important;background-size: cover !important;}&raquo;][vc_column][vc_empty_space][vc_row_inner content_placement=&raquo;top&raquo; css=&raquo;.vc_custom_1487574745662{margin-bottom: 0px !important;padding-top: 15px !important;padding-bottom: 0px !important;background-color: #ffffff !important;}&raquo;][vc_column_inner width=&raquo;1\/2&#8243; css=&raquo;.vc_custom_1487058063296{margin-bottom: 0px !important;}&raquo;][vc_column_text]<\/p>\n<div id=\"c1zlvinlineContent\" class=\"s87inlineContent\" data-reactid=\".0.$SITE_ROOT.$desktop_siteRoot.$PAGES_CONTAINER.1.1.$SITE_PAGES.$c1zlv.3\">\n<div id=\"i1c6csvk\" class=\"s6\" data-reactid=\".0.$SITE_ROOT.$desktop_siteRoot.$PAGES_CONTAINER.1.1.$SITE_PAGES.$c1zlv.3.$i1c6csvk\">\n<h4 style=\"text-align: center;\"><span style=\"color: #b82121;\">En hudbehandling for bikiniomr\u00e5det<\/span><\/h4>\n<\/div>\n<\/div>\n<p>[\/vc_column_text][vc_column_text]<\/p>\n<div id=\"c1zlvinlineContent\" class=\"s87inlineContent\" data-reactid=\".0.$SITE_ROOT.$desktop_siteRoot.$PAGES_CONTAINER.1.1.$SITE_PAGES.$c1zlv.3\">\n<div id=\"i1c6csvk\" class=\"s6\" data-reactid=\".0.$SITE_ROOT.$desktop_siteRoot.$PAGES_CONTAINER.1.1.$SITE_PAGES.$c1zlv.3.$i1c6csvk\">\n<h5 style=\"text-align: center;\"><strong><em><span style=\"color: #b82121;\">Varighet ca. 50 min<\/span><\/em><\/strong><\/h5>\n<p><strong><br \/>\nBehandlingen passer for b\u00e5de deg som vokser bikini\/brasiliansk jevnlig eller barberer. Den hjelper mot inngrodde h\u00e5r og pigmenteringer. Pigmenteringene kan komme av inngrodde h\u00e5r og\/eller dersom du har v\u00e6rt ute i solen rett etter voksbehandlingen.<\/strong><\/p>\n<p>Du kan velge \u00e5 ta enkeltbehandling, eller kj\u00f8pe en kur p\u00e5 4 behandlinger. Da sparer du kr. 100 pr. behandling. Kuren m\u00e5 brukes innen 6 mnd, da poenget med kur er \u00e5 g\u00e5 jevnlig, ca 3-4 uker mellom hver behandling.<\/p>\n<\/div>\n<\/div>\n<p>[\/vc_column_text][\/vc_column_inner][vc_column_inner width=&raquo;1\/2&#8243;][vc_single_image image=&raquo;1817&#8243; img_size=&raquo;full&raquo;][\/vc_column_inner][\/vc_row_inner][vc_empty_space height=&raquo;50px&raquo;][\/vc_column][\/vc_row][vc_row][vc_column width=&raquo;1\/2&#8243;][vc_column_text]<\/p>\n<h4 style=\"text-align: center;\">Pris for enkeltbehandling:<br \/>\nKr. 690,-<\/h4>\n<p>[\/vc_column_text][vc_btn title=&raquo;BESTILL TIME&raquo; style=&raquo;outline&raquo; color=&raquo;inverse&raquo; size=&raquo;xs&raquo; align=&raquo;center&raquo; button_block=&raquo;true&raquo; link=&raquo;url:https%3A%2F%2Fwww.eadministration.dk%2Fkunde%2Fkundelogin.asp%3Fklient%3D886|||&raquo;][\/vc_column][vc_column width=&raquo;1\/2&#8243;][vc_column_text]<\/p>\n<h4 style=\"text-align: center;\">Pris for kur p\u00e5 4 behandlinger:<br \/>\nKr. 2360,-<\/h4>\n<p>[\/vc_column_text][vc_btn title=&raquo;BESTILL TIME&raquo; style=&raquo;outline&raquo; color=&raquo;inverse&raquo; size=&raquo;xs&raquo; align=&raquo;center&raquo; button_block=&raquo;true&raquo; link=&raquo;url:https%3A%2F%2Fwww.eadministration.dk%2Fkunde%2Fkundelogin.asp%3Fklient%3D886|||&raquo;][vc_column_text]<\/p>\n<h5 style=\"text-align: center;\"><span style=\"color: #ff0000;\">Kortet kj\u00f8pes i alle v\u00e5re salonger<\/span><\/h5>\n<p>[\/vc_column_text][\/vc_column][\/vc_row][vc_row][vc_column][vc_empty_space height=&raquo;50px&raquo;][\/vc_column][\/vc_row][vc_row][vc_column][vc_column_text]<strong>Hvordan foreg\u00e5r behandlingen?<\/strong><\/p>\n<p>Du ligger komfortabelt p\u00e5 ryggen under hele behandlingen, med bena rett frem. Omr\u00e5det som behandles, er foran og i selve bikinilinjen. Vi behandler ikke omr\u00e5det ved kj\u00f8nnsleppene, da det er sjeldent at inngrodde h\u00e5r fremtrer her.<\/p>\n<p>Vi renser og peeler med Exuviance Syrepensling for \u00e5 behandle pigmenteringer og forberede huden f\u00f8r vi tar ut inngrodde h\u00e5r. Til slutt legges det p\u00e5 en beroligende og utrensende maske.<\/p>\n<p><strong><span style=\"color: #ff0000;\">Viktig \u00e5 vite:<\/span><\/strong><\/p>\n<p>Det er ikke alle inngrodde h\u00e5r terapeuten kan fjerne; dersom de sitter for dypt, eller du har klemt mye p\u00e5 de den siste tiden og det har dannet seg skorper over. Da m\u00e5 du ta imot v\u00e5re r\u00e5d til deg under behandlingen for hvordan raskest mulig f\u00e5 de opp og ut.<\/p>\n<p><strong>N\u00e5r kan jeg ta denne behandlingen?<\/strong><\/p>\n<p>Behandlingen m\u00e5 skje n\u00e5r du ikke har h\u00e5r. Dersom du vokser, er det fint \u00e5 komme 3-10 dager etter voksbehandlingen. Hvis du barberer, barber gjerne dagen f\u00f8r behandlingen.<\/p>\n<p><strong>Hva skal jeg gj\u00f8re etter behandlingen?<\/strong><\/p>\n<p>Etter behandlingen anbefaler vi at du fortsetter med et produkt mot inngrodde h\u00e5r. Vi har gode og effektive produkter fra Avoyd, som renser, beroliger, peeler og motvirker inngrodde h\u00e5r.<\/p>\n<p>[\/vc_column_text][vc_empty_space height=&raquo;90px&raquo;][\/vc_column][\/vc_row][vc_row][vc_column][\/vc_column][\/vc_row][vc_row full_width=&raquo;stretch_row_content_no_spaces&raquo;][vc_column][vc_separator color=&raquo;mulled_wine&raquo; style=&raquo;shadow&raquo;][\/vc_column][\/vc_row]<\/p>\n","protected":false},"excerpt":{"rendered":"<p>[vc_row][vc_column][\/vc_column][\/vc_row][vc_row full_width=&raquo;stretch_row&raquo; css=&raquo;.vc_custom_1571561752502{background-color: rgba(81,63,104,0.85) !important;*background-color: rgb(81,63,104) !important;}&raquo;][vc_column width=&raquo;5\/6&#8243;][vc_empty_space][vc_btn title=&raquo;VOKSING KVINNER&raquo; shape=&raquo;square&raquo; color=&raquo;mulled-wine&raquo; size=&raquo;xs&raquo; link=&raquo;url:https%3A%2F%2Fwaxonwaxoff.no%2Findex.php%2Fbehandlinger%2Fstripsvoks-2%2F|title:Voksing%20kvinner||&raquo;][vc_btn title=&raquo;VOKSING MENN&raquo; shape=&raquo;square&raquo; color=&raquo;mulled-wine&raquo; size=&raquo;xs&raquo; link=&raquo;url:https%3A%2F%2Fwaxonwaxoff.no%2Findex.php%2Fbehandlinger%2Fvoksing-menn%2F|title:Voksing%20kmenn||&raquo;][vc_btn [&hellip;]<\/p>\n","protected":false},"author":1,"featured_media":0,"parent":12,"menu_order":0,"comment_status":"closed","ping_status":"closed","template":"","meta":{"_monsterinsights_skip_tracking":false,"_monsterinsights_sitenote_active":false,"_monsterinsights_sitenote_note":"","_monsterinsights_sitenote_category":0,"footnotes":""},"class_list":["post-482","page","type-page","status-publish","hentry"],"yoast_head":"<!-- This site is optimized with the Yoast SEO plugin v17.7.1 - https:\/\/yoast.com\/wordpress\/plugins\/seo\/ -->\n<title>Vajacial -<\/title>\n<meta name=\"robots\" content=\"index, follow, max-snippet:-1, max-image-preview:large, max-video-preview:-1\" \/>\n<link rel=\"canonical\" href=\"https:\/\/waxonwaxoff.no\/index.php\/behandlinger\/482-2\/\" \/>\n<meta property=\"og:locale\" content=\"nb_NO\" \/>\n<meta property=\"og:type\" content=\"article\" \/>\n<meta property=\"og:title\" content=\"Vajacial -\" \/>\n<meta property=\"og:description\" content=\"[vc_row][vc_column][\/vc_column][\/vc_row][vc_row full_width=&raquo;stretch_row&raquo; css=&raquo;.vc_custom_1571561752502{background-color: rgba(81,63,104,0.85) !important;*background-color: rgb(81,63,104) !important;}&raquo;][vc_column width=&raquo;5\/6&#8243;][vc_empty_space][vc_btn title=&raquo;VOKSING KVINNER&raquo; shape=&raquo;square&raquo; color=&raquo;mulled-wine&raquo; size=&raquo;xs&raquo; link=&raquo;url:https%3A%2F%2Fwaxonwaxoff.no%2Findex.php%2Fbehandlinger%2Fstripsvoks-2%2F|title:Voksing%20kvinner||&raquo;][vc_btn title=&raquo;VOKSING MENN&raquo; shape=&raquo;square&raquo; color=&raquo;mulled-wine&raquo; size=&raquo;xs&raquo; link=&raquo;url:https%3A%2F%2Fwaxonwaxoff.no%2Findex.php%2Fbehandlinger%2Fvoksing-menn%2F|title:Voksing%20kmenn||&raquo;][vc_btn [&hellip;]\" \/>\n<meta property=\"og:url\" content=\"https:\/\/waxonwaxoff.no\/index.php\/behandlinger\/482-2\/\" \/>\n<meta property=\"article:modified_time\" content=\"2020-10-13T10:39:30+00:00\" \/>\n<meta name=\"twitter:card\" content=\"summary\" \/>\n<meta name=\"twitter:label1\" content=\"Ansl. lesetid\" \/>\n\t<meta name=\"twitter:data1\" content=\"4 minutter\" \/>\n<script type=\"application\/ld+json\" class=\"yoast-schema-graph\">{\"@context\":\"https:\/\/schema.org\",\"@graph\":[{\"@type\":\"WebSite\",\"@id\":\"https:\/\/waxonwaxoff.no\/#website\",\"url\":\"https:\/\/waxonwaxoff.no\/\",\"name\":\"\",\"description\":\"\",\"potentialAction\":[{\"@type\":\"SearchAction\",\"target\":{\"@type\":\"EntryPoint\",\"urlTemplate\":\"https:\/\/waxonwaxoff.no\/?s={search_term_string}\"},\"query-input\":\"required name=search_term_string\"}],\"inLanguage\":\"nb-NO\"},{\"@type\":\"WebPage\",\"@id\":\"https:\/\/waxonwaxoff.no\/index.php\/behandlinger\/482-2\/#webpage\",\"url\":\"https:\/\/waxonwaxoff.no\/index.php\/behandlinger\/482-2\/\",\"name\":\"Vajacial -\",\"isPartOf\":{\"@id\":\"https:\/\/waxonwaxoff.no\/#website\"},\"datePublished\":\"2017-02-20T07:10:36+00:00\",\"dateModified\":\"2020-10-13T10:39:30+00:00\",\"breadcrumb\":{\"@id\":\"https:\/\/waxonwaxoff.no\/index.php\/behandlinger\/482-2\/#breadcrumb\"},\"inLanguage\":\"nb-NO\",\"potentialAction\":[{\"@type\":\"ReadAction\",\"target\":[\"https:\/\/waxonwaxoff.no\/index.php\/behandlinger\/482-2\/\"]}]},{\"@type\":\"BreadcrumbList\",\"@id\":\"https:\/\/waxonwaxoff.no\/index.php\/behandlinger\/482-2\/#breadcrumb\",\"itemListElement\":[{\"@type\":\"ListItem\",\"position\":1,\"name\":\"Hjem\",\"item\":\"https:\/\/waxonwaxoff.no\/\"},{\"@type\":\"ListItem\",\"position\":2,\"name\":\"Priser\",\"item\":\"https:\/\/waxonwaxoff.no\/index.php\/behandlinger\/\"},{\"@type\":\"ListItem\",\"position\":3,\"name\":\"Vajacial\"}]}]}<\/script>\n<!-- \/ Yoast SEO plugin. -->","yoast_head_json":{"title":"Vajacial -","robots":{"index":"index","follow":"follow","max-snippet":"max-snippet:-1","max-image-preview":"max-image-preview:large","max-video-preview":"max-video-preview:-1"},"canonical":"https:\/\/waxonwaxoff.no\/index.php\/behandlinger\/482-2\/","og_locale":"nb_NO","og_type":"article","og_title":"Vajacial -","og_description":"[vc_row][vc_column][\/vc_column][\/vc_row][vc_row full_width=&raquo;stretch_row&raquo; css=&raquo;.vc_custom_1571561752502{background-color: rgba(81,63,104,0.85) !important;*background-color: rgb(81,63,104) !important;}&raquo;][vc_column width=&raquo;5\/6&#8243;][vc_empty_space][vc_btn title=&raquo;VOKSING KVINNER&raquo; shape=&raquo;square&raquo; color=&raquo;mulled-wine&raquo; size=&raquo;xs&raquo; link=&raquo;url:https%3A%2F%2Fwaxonwaxoff.no%2Findex.php%2Fbehandlinger%2Fstripsvoks-2%2F|title:Voksing%20kvinner||&raquo;][vc_btn title=&raquo;VOKSING MENN&raquo; shape=&raquo;square&raquo; color=&raquo;mulled-wine&raquo; size=&raquo;xs&raquo; link=&raquo;url:https%3A%2F%2Fwaxonwaxoff.no%2Findex.php%2Fbehandlinger%2Fvoksing-menn%2F|title:Voksing%20kmenn||&raquo;][vc_btn [&hellip;]","og_url":"https:\/\/waxonwaxoff.no\/index.php\/behandlinger\/482-2\/","article_modified_time":"2020-10-13T10:39:30+00:00","twitter_card":"summary","twitter_misc":{"Ansl. lesetid":"4 minutter"},"schema":{"@context":"https:\/\/schema.org","@graph":[{"@type":"WebSite","@id":"https:\/\/waxonwaxoff.no\/#website","url":"https:\/\/waxonwaxoff.no\/","name":"","description":"","potentialAction":[{"@type":"SearchAction","target":{"@type":"EntryPoint","urlTemplate":"https:\/\/waxonwaxoff.no\/?s={search_term_string}"},"query-input":"required name=search_term_string"}],"inLanguage":"nb-NO"},{"@type":"WebPage","@id":"https:\/\/waxonwaxoff.no\/index.php\/behandlinger\/482-2\/#webpage","url":"https:\/\/waxonwaxoff.no\/index.php\/behandlinger\/482-2\/","name":"Vajacial -","isPartOf":{"@id":"https:\/\/waxonwaxoff.no\/#website"},"datePublished":"2017-02-20T07:10:36+00:00","dateModified":"2020-10-13T10:39:30+00:00","breadcrumb":{"@id":"https:\/\/waxonwaxoff.no\/index.php\/behandlinger\/482-2\/#breadcrumb"},"inLanguage":"nb-NO","potentialAction":[{"@type":"ReadAction","target":["https:\/\/waxonwaxoff.no\/index.php\/behandlinger\/482-2\/"]}]},{"@type":"BreadcrumbList","@id":"https:\/\/waxonwaxoff.no\/index.php\/behandlinger\/482-2\/#breadcrumb","itemListElement":[{"@type":"ListItem","position":1,"name":"Hjem","item":"https:\/\/waxonwaxoff.no\/"},{"@type":"ListItem","position":2,"name":"Priser","item":"https:\/\/waxonwaxoff.no\/index.php\/behandlinger\/"},{"@type":"ListItem","position":3,"name":"Vajacial"}]}]}},"_links":{"self":[{"href":"https:\/\/waxonwaxoff.no\/index.php\/wp-json\/wp\/v2\/pages\/482","targetHints":{"allow":["GET"]}}],"collection":[{"href":"https:\/\/waxonwaxoff.no\/index.php\/wp-json\/wp\/v2\/pages"}],"about":[{"href":"https:\/\/waxonwaxoff.no\/index.php\/wp-json\/wp\/v2\/types\/page"}],"author":[{"embeddable":true,"href":"https:\/\/waxonwaxoff.no\/index.php\/wp-json\/wp\/v2\/users\/1"}],"replies":[{"embeddable":true,"href":"https:\/\/waxonwaxoff.no\/index.php\/wp-json\/wp\/v2\/comments?post=482"}],"version-history":[{"count":56,"href":"https:\/\/waxonwaxoff.no\/index.php\/wp-json\/wp\/v2\/pages\/482\/revisions"}],"predecessor-version":[{"id":6640,"href":"https:\/\/waxonwaxoff.no\/index.php\/wp-json\/wp\/v2\/pages\/482\/revisions\/6640"}],"up":[{"embeddable":true,"href":"https:\/\/waxonwaxoff.no\/index.php\/wp-json\/wp\/v2\/pages\/12"}],"wp:attachment":[{"href":"https:\/\/waxonwaxoff.no\/index.php\/wp-json\/wp\/v2\/media?parent=482"}],"curies":[{"name":"wp","href":"https:\/\/api.w.org\/{rel}","templated":true}]}}