{"id":4370,"date":"2018-07-11T19:24:49","date_gmt":"2018-07-11T17:24:49","guid":{"rendered":"https:\/\/waxonwaxoff.no\/?page_id=4370"},"modified":"2026-03-16T16:10:17","modified_gmt":"2026-03-16T15:10:17","slug":"voksing-menn","status":"publish","type":"page","link":"https:\/\/waxonwaxoff.no\/index.php\/behandlinger\/voksing-menn\/","title":{"rendered":"Voks menn"},"content":{"rendered":"<p>[vc_row][vc_column width=&raquo;5\/6&#8243;][vc_column_text]<span style=\"color: #000000;\"><strong>Flere behandlinger:<\/strong>\u00a0<a style=\"color: #000000;\" href=\"https:\/\/waxonwaxoff.no\/index.php\/behandlinger\/stripsvoks-2\/\">Voksing kvinner<\/a>\u00a0 \u00a0\u00a0<a style=\"color: #000000;\" href=\"https:\/\/waxonwaxoff.no\/index.php\/behandlinger\/bryn-vipper\/\">Vipper&amp;bryn<\/a> \u00a0 \u00a0<a style=\"color: #000000;\" href=\"https:\/\/waxonwaxoff.no\/index.php\/behandlinger\/hudpleie-meny\/\">Hudpleie<\/a> \u00a0\u00a0\u00a0<a href=\"https:\/\/waxonwaxoff.no\/index.php\/behandlinger\/manikyr-pedikyr\/\">Fotpleie<\/a>\u00a0 \u00a0\u00a0<a style=\"color: #000000;\" href=\"https:\/\/waxonwaxoff.no\/index.php\/behandlinger\/massasje\/\">Massasje<\/a>\u00a0 \u00a0\u00a0<a style=\"color: #000000;\" href=\"https:\/\/waxonwaxoff.no\/index.php\/orehulling-piercing\/\">\u00d8rehulling<\/a><\/span>[\/vc_column_text][vc_message message_box_color=&raquo;vista_blue&raquo;]<span style=\"color: #000000;\">NB: Har du barbert b\u00f8r du vente ca 10-14 dager f\u00f8r du vokser deg. Spesielt grove\/tykke h\u00e5r m\u00e5 det v\u00e6re litt lengde p\u00e5 for at vi skal kunne f\u00e5 tak i de under voksbehandlingen.<\/span>[\/vc_message][\/vc_column][vc_column width=&raquo;1\/6&#8243;][vc_btn title=&raquo;Online Booking&raquo; style=&raquo;gradient-custom&raquo; gradient_custom_color_2=&raquo;#dd3333&#8243; shape=&raquo;square&raquo; align=&raquo;right&raquo; link=&raquo;url:https%3A%2F%2Fwww.eadministration.dk%2Fkunde%2Fbook.asp%3Fo%3D1%26klient%3D886|title:Online%20Booking|target:_blank&raquo;][\/vc_column][\/vc_row][vc_row full_width=&raquo;stretch_row&raquo; css=&raquo;.vc_custom_1674656330658{background-color: rgba(255,255,255,0.05) !important;background-position: center !important;background-repeat: no-repeat !important;background-size: cover !important;*background-color: rgb(255,255,255) !important;}&raquo;][vc_column][vc_row_inner css=&raquo;.vc_custom_1487078670113{padding-top: 20px !important;background-color: #ffffff !important;}&raquo;][vc_column_inner width=&raquo;1\/2&#8243;][vc_column_text]<h2 id=\"tablepress-24-name\" class=\"tablepress-table-name tablepress-table-name-id-24\">Diverse Kroppsvoksing Menn<\/h2>\n\n<table id=\"tablepress-24\" class=\"tablepress tablepress-id-24\" aria-labelledby=\"tablepress-24-name\" aria-describedby=\"tablepress-24-description\">\n<thead>\n<tr class=\"row-1\">\n\t<th class=\"column-1\">Kroppsvoksing menn<\/th><th class=\"column-2\">&nbsp;<\/th>\n<\/tr>\n<\/thead>\n<tbody>\n<tr class=\"row-2\">\n\t<td class=\"column-1\">Rygg<\/td><td class=\"column-2\">490,00<\/td>\n<\/tr>\n<tr class=\"row-3\">\n\t<td class=\"column-1\">Voks halve armer (til albuen)<\/td><td class=\"column-2\">390,00<\/td>\n<\/tr>\n<tr class=\"row-4\">\n\t<td class=\"column-1\">Voks hele armer (til over skuldre)<\/td><td class=\"column-2\">585,00<\/td>\n<\/tr>\n<tr class=\"row-5\">\n\t<td class=\"column-1\">Bryst<\/td><td class=\"column-2\">400,00<\/td>\n<\/tr>\n<tr class=\"row-6\">\n\t<td class=\"column-1\">Legger<\/td><td class=\"column-2\">320,00<\/td>\n<\/tr>\n<tr class=\"row-7\">\n\t<td class=\"column-1\">L\u00e5r<\/td><td class=\"column-2\">450,00<\/td>\n<\/tr>\n<tr class=\"row-8\">\n\t<td class=\"column-1\">Mage<\/td><td class=\"column-2\">400,00<\/td>\n<\/tr>\n<tr class=\"row-9\">\n\t<td class=\"column-1\">Nesebor<\/td><td class=\"column-2\">270,00<\/td>\n<\/tr>\n<tr class=\"row-10\">\n\t<td class=\"column-1\">Rumpeballer<\/td><td class=\"column-2\">250,00<\/td>\n<\/tr>\n<tr class=\"row-11\">\n\t<td class=\"column-1\">Mellom rumpeballer<\/td><td class=\"column-2\">230,00<\/td>\n<\/tr>\n<tr class=\"row-12\">\n\t<td class=\"column-1\">\u00d8reflipp<\/td><td class=\"column-2\">190,00<\/td>\n<\/tr>\n<tr class=\"row-13\">\n\t<td class=\"column-1\">Armhuler<\/td><td class=\"column-2\">200,00<\/td>\n<\/tr>\n<\/tbody>\n<\/table>\n<span id=\"tablepress-24-description\" class=\"tablepress-table-description tablepress-table-description-id-24\"><\/span>\n<!-- #tablepress-24 from cache -->[\/vc_column_text][vc_column_text]<h2 id=\"tablepress-25-name\" class=\"tablepress-table-name tablepress-table-name-id-25\">Pakkepriser Menn<\/h2>\n\n<table id=\"tablepress-25\" class=\"tablepress tablepress-id-25\" aria-labelledby=\"tablepress-25-name\">\n<thead>\n<tr class=\"row-1 odd\">\n\t<th class=\"column-1\">Pakkepriser menn<\/th><th class=\"column-2\">&nbsp;<\/th>\n<\/tr>\n<\/thead>\n<tbody class=\"row-hover\">\n<tr class=\"row-2 even\">\n\t<td class=\"column-1\">Rygg &amp; skuldre <\/td><td class=\"column-2\">630,00<\/td>\n<\/tr>\n<tr class=\"row-3 odd\">\n\t<td class=\"column-1\">Rygg, skuldre &amp; ned til albuen<\/td><td class=\"column-2\">685,00<\/td>\n<\/tr>\n<tr class=\"row-4 even\">\n\t<td class=\"column-1\">Rygg, bryst &amp; mage<\/td><td class=\"column-2\">920,00<\/td>\n<\/tr>\n<tr class=\"row-5 odd\">\n\t<td class=\"column-1\">Bryst &amp; mage<\/td><td class=\"column-2\">650,00<\/td>\n<\/tr>\n<tr class=\"row-6 even\">\n\t<td class=\"column-1\">Legger &amp; l\u00e5r<\/td><td class=\"column-2\">690,00<\/td>\n<\/tr>\n<tr class=\"row-7 odd\">\n\t<td class=\"column-1\">Legger, l\u00e5r &amp; rumpeballer<\/td><td class=\"column-2\">790,00<\/td>\n<\/tr>\n<tr class=\"row-8 even\">\n\t<td class=\"column-1\">Manzilian, legger &amp; l\u00e5r<\/td><td class=\"column-2\">1310,00<\/td>\n<\/tr>\n<tr class=\"row-9 odd\">\n\t<td class=\"column-1\">Manzilian, bryst &amp; mage<\/td><td class=\"column-2\">1250,00<\/td>\n<\/tr>\n<\/tbody>\n<\/table>\n<!-- #tablepress-25 from cache -->[\/vc_column_text][\/vc_column_inner][vc_column_inner width=&raquo;1\/2&#8243; css=&raquo;.vc_custom_1486567811230{border-radius: 2px !important;}&raquo;][vc_column_text]<h2 id=\"tablepress-9-name\" class=\"tablepress-table-name tablepress-table-name-id-9\">ManZilian<\/h2>\n\n<table id=\"tablepress-9\" class=\"tablepress tablepress-id-9\" aria-labelledby=\"tablepress-9-name\">\n<thead>\n<tr class=\"row-1\">\n\t<th class=\"column-1\">Intimvoks for menn<\/th><th class=\"column-2\">&nbsp;<\/th>\n<\/tr>\n<\/thead>\n<tbody>\n<tr class=\"row-2\">\n\t<td class=\"column-1\">Manzilian \/ alt foran, mellom og bak<\/td><td class=\"column-2\">730,00<\/td>\n<\/tr>\n<tr class=\"row-3\">\n\t<td class=\"column-1\">Manzilian \/ kun forsiden<\/td><td class=\"column-2\">400,00<\/td>\n<\/tr>\n<tr class=\"row-4\">\n\t<td class=\"column-1\">Manzilian \/ forside + pung<\/td><td class=\"column-2\">600,00<\/td>\n<\/tr>\n<tr class=\"row-5\">\n\t<td class=\"column-1\">Manzilian \/ kun pung<\/td><td class=\"column-2\">400,00<\/td>\n<\/tr>\n<\/tbody>\n<\/table>\n<!-- #tablepress-9 from cache -->[\/vc_column_text][vc_column_text]<strong>ManZilian<\/strong> tilbys for tiden kun i avd Pilestredet, Gr\u00fcnerl\u00f8kka og Rosenkrantzgate i Oslo Sentrum.[\/vc_column_text][vc_empty_space height=&raquo;10px&raquo;][vc_single_image image=&raquo;1997&#8243; img_size=&raquo;full&raquo;][vc_column_text]<\/p>\n<h6>Priser pr. 01.06.2024<\/h6>\n<p>[\/vc_column_text][\/vc_column_inner][\/vc_row_inner][vc_row_inner css=&raquo;.vc_custom_1647770203781{background-color: #ffffff !important;}&raquo;][vc_column_inner][vc_column_text]<span style=\"color: #b51212;\"><strong>PAKKEPRISER:<\/strong> <span style=\"color: #000000;\">\u00d8nsker du \u00e5 vokse flere ting samtidig, men ikke finner alt dette under &laquo;Pakkepriser&raquo; kan du sende oss en epost s\u00e5 setter vi opp tilstrekkelig tid, vi kan ogs\u00e5 da lage en pakkepris spesielt for deg og ditt voksbehov.<\/span><\/span>[\/vc_column_text][vc_separator color=&raquo;mulled_wine&raquo; style=&raquo;shadow&raquo;][vc_column_text]<strong>STUDENTPRISER i avd. Pilestredet, Oslo sentrum:<\/strong><\/p>\n<p><strong>-15% rabatt<\/strong>\u00a0p\u00e5\u00a0<strong>voks rygg for menn<\/strong>. Om man som mann vil legge til voks skuldre ogs\u00e5 koster det 140kr tillegg.<\/p>\n<p><strong>-10% rabatt<\/strong>\u00a0p\u00e5\u00a0<strong>kroppsvoksing<\/strong> (Det er ikke studentrabatt p\u00e5 pakkel\u00f8sningene da de allerede er rabatterte priser. Dette med pakkel\u00f8sninger gjelder b\u00e5de kvinner og menn)<\/p>\n<p>Vi gir studentrabatt hele \u00e5ret unntatt juni, juli og august.[\/vc_column_text][vc_separator color=&raquo;mulled_wine&raquo; style=&raquo;shadow&raquo;][\/vc_column_inner][\/vc_row_inner][\/vc_column][vc_column][\/vc_column][vc_column][\/vc_column][\/vc_row][vc_row full_width=&raquo;stretch_row_content_no_spaces&raquo;][vc_column][\/vc_column][\/vc_row]<\/p>\n","protected":false},"excerpt":{"rendered":"<p>[vc_row][vc_column width=&raquo;5\/6&#8243;][vc_column_text]Flere behandlinger:\u00a0Voksing kvinner\u00a0 \u00a0\u00a0Vipper&amp;bryn \u00a0 \u00a0Hudpleie \u00a0\u00a0\u00a0Fotpleie\u00a0 \u00a0\u00a0Massasje\u00a0 \u00a0\u00a0\u00d8rehulling[\/vc_column_text][vc_message message_box_color=&raquo;vista_blue&raquo;]NB: Har du barbert b\u00f8r du vente ca 10-14 dager [&hellip;]<\/p>\n","protected":false},"author":47,"featured_media":0,"parent":12,"menu_order":0,"comment_status":"closed","ping_status":"closed","template":"","meta":{"_monsterinsights_skip_tracking":false,"_monsterinsights_sitenote_active":false,"_monsterinsights_sitenote_note":"","_monsterinsights_sitenote_category":0,"footnotes":""},"class_list":["post-4370","page","type-page","status-publish","hentry"],"yoast_head":"<!-- This site is optimized with the Yoast SEO plugin v17.7.1 - https:\/\/yoast.com\/wordpress\/plugins\/seo\/ -->\n<title>Voks menn -<\/title>\n<meta name=\"robots\" content=\"index, follow, max-snippet:-1, max-image-preview:large, max-video-preview:-1\" \/>\n<link rel=\"canonical\" href=\"https:\/\/waxonwaxoff.no\/index.php\/behandlinger\/voksing-menn\/\" \/>\n<meta property=\"og:locale\" content=\"nb_NO\" \/>\n<meta property=\"og:type\" content=\"article\" \/>\n<meta property=\"og:title\" content=\"Voks menn -\" \/>\n<meta property=\"og:description\" content=\"[vc_row][vc_column width=&raquo;5\/6&#8243;][vc_column_text]Flere behandlinger:\u00a0Voksing kvinner\u00a0 \u00a0\u00a0Vipper&amp;bryn \u00a0 \u00a0Hudpleie \u00a0\u00a0\u00a0Fotpleie\u00a0 \u00a0\u00a0Massasje\u00a0 \u00a0\u00a0\u00d8rehulling[\/vc_column_text][vc_message message_box_color=&raquo;vista_blue&raquo;]NB: Har du barbert b\u00f8r du vente ca 10-14 dager [&hellip;]\" \/>\n<meta property=\"og:url\" content=\"https:\/\/waxonwaxoff.no\/index.php\/behandlinger\/voksing-menn\/\" \/>\n<meta property=\"article:modified_time\" content=\"2026-03-16T15:10:17+00:00\" \/>\n<meta name=\"twitter:card\" content=\"summary\" \/>\n<meta name=\"twitter:label1\" content=\"Ansl. lesetid\" \/>\n\t<meta name=\"twitter:data1\" content=\"1 minutt\" \/>\n<script type=\"application\/ld+json\" class=\"yoast-schema-graph\">{\"@context\":\"https:\/\/schema.org\",\"@graph\":[{\"@type\":\"WebSite\",\"@id\":\"https:\/\/waxonwaxoff.no\/#website\",\"url\":\"https:\/\/waxonwaxoff.no\/\",\"name\":\"\",\"description\":\"\",\"potentialAction\":[{\"@type\":\"SearchAction\",\"target\":{\"@type\":\"EntryPoint\",\"urlTemplate\":\"https:\/\/waxonwaxoff.no\/?s={search_term_string}\"},\"query-input\":\"required name=search_term_string\"}],\"inLanguage\":\"nb-NO\"},{\"@type\":\"WebPage\",\"@id\":\"https:\/\/waxonwaxoff.no\/index.php\/behandlinger\/voksing-menn\/#webpage\",\"url\":\"https:\/\/waxonwaxoff.no\/index.php\/behandlinger\/voksing-menn\/\",\"name\":\"Voks menn -\",\"isPartOf\":{\"@id\":\"https:\/\/waxonwaxoff.no\/#website\"},\"datePublished\":\"2018-07-11T17:24:49+00:00\",\"dateModified\":\"2026-03-16T15:10:17+00:00\",\"breadcrumb\":{\"@id\":\"https:\/\/waxonwaxoff.no\/index.php\/behandlinger\/voksing-menn\/#breadcrumb\"},\"inLanguage\":\"nb-NO\",\"potentialAction\":[{\"@type\":\"ReadAction\",\"target\":[\"https:\/\/waxonwaxoff.no\/index.php\/behandlinger\/voksing-menn\/\"]}]},{\"@type\":\"BreadcrumbList\",\"@id\":\"https:\/\/waxonwaxoff.no\/index.php\/behandlinger\/voksing-menn\/#breadcrumb\",\"itemListElement\":[{\"@type\":\"ListItem\",\"position\":1,\"name\":\"Hjem\",\"item\":\"https:\/\/waxonwaxoff.no\/\"},{\"@type\":\"ListItem\",\"position\":2,\"name\":\"Priser\",\"item\":\"https:\/\/waxonwaxoff.no\/index.php\/behandlinger\/\"},{\"@type\":\"ListItem\",\"position\":3,\"name\":\"Voks menn\"}]}]}<\/script>\n<!-- \/ Yoast SEO plugin. -->","yoast_head_json":{"title":"Voks menn -","robots":{"index":"index","follow":"follow","max-snippet":"max-snippet:-1","max-image-preview":"max-image-preview:large","max-video-preview":"max-video-preview:-1"},"canonical":"https:\/\/waxonwaxoff.no\/index.php\/behandlinger\/voksing-menn\/","og_locale":"nb_NO","og_type":"article","og_title":"Voks menn -","og_description":"[vc_row][vc_column width=&raquo;5\/6&#8243;][vc_column_text]Flere behandlinger:\u00a0Voksing kvinner\u00a0 \u00a0\u00a0Vipper&amp;bryn \u00a0 \u00a0Hudpleie \u00a0\u00a0\u00a0Fotpleie\u00a0 \u00a0\u00a0Massasje\u00a0 \u00a0\u00a0\u00d8rehulling[\/vc_column_text][vc_message message_box_color=&raquo;vista_blue&raquo;]NB: Har du barbert b\u00f8r du vente ca 10-14 dager [&hellip;]","og_url":"https:\/\/waxonwaxoff.no\/index.php\/behandlinger\/voksing-menn\/","article_modified_time":"2026-03-16T15:10:17+00:00","twitter_card":"summary","twitter_misc":{"Ansl. lesetid":"1 minutt"},"schema":{"@context":"https:\/\/schema.org","@graph":[{"@type":"WebSite","@id":"https:\/\/waxonwaxoff.no\/#website","url":"https:\/\/waxonwaxoff.no\/","name":"","description":"","potentialAction":[{"@type":"SearchAction","target":{"@type":"EntryPoint","urlTemplate":"https:\/\/waxonwaxoff.no\/?s={search_term_string}"},"query-input":"required name=search_term_string"}],"inLanguage":"nb-NO"},{"@type":"WebPage","@id":"https:\/\/waxonwaxoff.no\/index.php\/behandlinger\/voksing-menn\/#webpage","url":"https:\/\/waxonwaxoff.no\/index.php\/behandlinger\/voksing-menn\/","name":"Voks menn -","isPartOf":{"@id":"https:\/\/waxonwaxoff.no\/#website"},"datePublished":"2018-07-11T17:24:49+00:00","dateModified":"2026-03-16T15:10:17+00:00","breadcrumb":{"@id":"https:\/\/waxonwaxoff.no\/index.php\/behandlinger\/voksing-menn\/#breadcrumb"},"inLanguage":"nb-NO","potentialAction":[{"@type":"ReadAction","target":["https:\/\/waxonwaxoff.no\/index.php\/behandlinger\/voksing-menn\/"]}]},{"@type":"BreadcrumbList","@id":"https:\/\/waxonwaxoff.no\/index.php\/behandlinger\/voksing-menn\/#breadcrumb","itemListElement":[{"@type":"ListItem","position":1,"name":"Hjem","item":"https:\/\/waxonwaxoff.no\/"},{"@type":"ListItem","position":2,"name":"Priser","item":"https:\/\/waxonwaxoff.no\/index.php\/behandlinger\/"},{"@type":"ListItem","position":3,"name":"Voks menn"}]}]}},"_links":{"self":[{"href":"https:\/\/waxonwaxoff.no\/index.php\/wp-json\/wp\/v2\/pages\/4370","targetHints":{"allow":["GET"]}}],"collection":[{"href":"https:\/\/waxonwaxoff.no\/index.php\/wp-json\/wp\/v2\/pages"}],"about":[{"href":"https:\/\/waxonwaxoff.no\/index.php\/wp-json\/wp\/v2\/types\/page"}],"author":[{"embeddable":true,"href":"https:\/\/waxonwaxoff.no\/index.php\/wp-json\/wp\/v2\/users\/47"}],"replies":[{"embeddable":true,"href":"https:\/\/waxonwaxoff.no\/index.php\/wp-json\/wp\/v2\/comments?post=4370"}],"version-history":[{"count":78,"href":"https:\/\/waxonwaxoff.no\/index.php\/wp-json\/wp\/v2\/pages\/4370\/revisions"}],"predecessor-version":[{"id":9756,"href":"https:\/\/waxonwaxoff.no\/index.php\/wp-json\/wp\/v2\/pages\/4370\/revisions\/9756"}],"up":[{"embeddable":true,"href":"https:\/\/waxonwaxoff.no\/index.php\/wp-json\/wp\/v2\/pages\/12"}],"wp:attachment":[{"href":"https:\/\/waxonwaxoff.no\/index.php\/wp-json\/wp\/v2\/media?parent=4370"}],"curies":[{"name":"wp","href":"https:\/\/api.w.org\/{rel}","templated":true}]}}