{"id":435,"date":"2017-02-14T12:22:06","date_gmt":"2017-02-14T11:22:06","guid":{"rendered":"https:\/\/waxonwaxoff.no\/?page_id=435"},"modified":"2026-04-12T20:20:53","modified_gmt":"2026-04-12T18:20:53","slug":"hudpleie-meny","status":"publish","type":"page","link":"https:\/\/waxonwaxoff.no\/index.php\/behandlinger\/hudpleie-meny\/","title":{"rendered":"Hudpleie"},"content":{"rendered":"<p>[vc_row][vc_column][vc_column_text]<span style=\"color: #000000;\"><strong>Flere behandlinger: <\/strong><a style=\"color: #000000;\" href=\"https:\/\/waxonwaxoff.no\/index.php\/behandlinger\/stripsvoks-2\/\">Voksing kvinner\u00a0<\/a> \u00a0\u00a0<a style=\"color: #000000;\" href=\"https:\/\/waxonwaxoff.no\/index.php\/behandlinger\/voksing-menn\/\">Voksing menn<\/a>\u00a0 \u00a0\u00a0<a style=\"color: #000000;\" href=\"https:\/\/waxonwaxoff.no\/index.php\/behandlinger\/bryn-vipper\/\">Vipper&amp;bryn<\/a>\u00a0 \u00a0 <a style=\"color: #000000;\" href=\"https:\/\/waxonwaxoff.no\/index.php\/behandlinger\/manikyr-pedikyr\/\">Fotpleie<\/a>\u00a0 \u00a0\u00a0<a style=\"color: #000000;\" href=\"https:\/\/waxonwaxoff.no\/index.php\/behandlinger\/massasje\/\">Massasje<\/a>\u00a0 \u00a0\u00a0<a style=\"color: #000000;\" href=\"https:\/\/waxonwaxoff.no\/index.php\/orehulling-piercing\/\">\u00d8rehulling<\/a><\/span>[\/vc_column_text][\/vc_column][\/vc_row][vc_row full_width=&raquo;stretch_row&raquo;][vc_column][vc_row_inner][vc_column_inner width=&raquo;1\/2&#8243;][vc_message style=&raquo;square&raquo;]Hudpleie tilbys i v\u00e5r avdeling p\u00e5 Parkveien og p\u00e5 Carl Berner.[\/vc_message][vc_column_text]\n<table id=\"tablepress-50\" class=\"tablepress tablepress-id-50\">\n<tbody class=\"row-hover\">\n<tr class=\"row-1\">\n\t<td class=\"column-1\"><\/td><td class=\"column-2\"><\/td>\n<\/tr>\n<tr class=\"row-2\">\n\t<td class=\"column-1\"><strong>WOWO 30-minuttersbehandling<\/strong><br \/>\nDette er en effektiv hudbehandling for \u00e5 raskt oppn\u00e5 en ren og freshere hud. Etter rens f\u00e5r du en 30% AHA+ BHA syrepeeling etterfulgt av en ampulle med aktivt konsentrat etter hudtype, fuktmaske, serum, dagkrem og \u00f8yekrem. Det er ikke ansikt\/nakkemassasje i denne behandlingen da den har fokus p\u00e5 huden.<br \/>\n<br \/>\n<\/td><td class=\"column-2\"><strong>599,-<\/strong><\/td>\n<\/tr>\n<tr class=\"row-3\">\n\t<td class=\"column-1\"><strong>Fuktighetsbehandling<\/strong><br \/>\nI denne behandlingen f\u00e5r du tilf\u00f8rt huden masse ny fuktighet. I tillegg inkluderer den en deilig ansikt og nakkemassasje.<br \/>\nVarighet ca 45 minutter.<br \/>\n<\/td><td class=\"column-2\"><strong>790,-<\/strong><\/td>\n<\/tr>\n<tr class=\"row-4\">\n\t<td class=\"column-1\"><strong>Dyprens<\/strong><br \/>\nI denne behandlingen f\u00e5r du rens, peeling, dyprensing av tilstoppede porer og utklemming av urenheter. Denne behandlingen passer alle hudtyper, vi tilpasser etter din huds behov.<br \/>\nVarighet ca 1 time.<br \/>\n<\/td><td class=\"column-2\"><strong>990,-<\/strong><\/td>\n<\/tr>\n<tr class=\"row-5\">\n\t<td class=\"column-1\"><strong>Ansiktsbehandling m\/ spesialmaske<\/strong><br \/>\nEn spesialbehandling med aktive ampuller, serumer, ansiktsmassasje og spesialmaske. Spesialmasker er masker man kun f\u00e5r i profesjonell behandling, og har mye h\u00f8yere konsentrasjon av aktive ingredienser enn en vanlig \"hjemmemaske\" har. Passer alle da vi tilpasser produkter etter hudtype og hudtilstand.<br \/>\nVarighet ca 1 time.<br \/>\n<br \/>\n<\/td><td class=\"column-2\"><strong>990,-<\/strong><\/td>\n<\/tr>\n<tr class=\"row-6\">\n\t<td class=\"column-1\"><strong>Ansiktsbehandling m\/ spesialmaske + ansikt &amp; nakkemassasje<\/strong><br \/>\nEn deilig behandling med aktive ampuller, serumer og spesialmaske. Spesialmasker er masker man kun f\u00e5r  i profesjonell behandling, og har mye h\u00f8yere konsentrasjon av aktive ingredienser enn en vanlig \"hjemmemaske\" har. Denne behandlingen inkluderer b\u00e5de ansikt og nakkemassasje. Behandlingen passer alle da vi plukker ut produkter tilpasset hudtype og hudtilstand.<br \/>\nVarighet ca 1t 15min.<br \/>\n<br \/>\n<\/td><td class=\"column-2\"><strong>1199,-<\/strong><\/td>\n<\/tr>\n<tr class=\"row-7\">\n\t<td class=\"column-1\"><strong>KJEMISK PEEL<\/strong><br \/>\nInspira Med + er en avansert medical peeling med lav ph og h\u00f8y konsentrasjon av syrer. Serien kombinerer AHA og BHA syrer i forskjellige sammensetninger for \u00e5 oppn\u00e5 optimalt resultat for den enkeltes hud. Peelingene kan gj\u00f8res alene som enkeltbehandling eller i en kur.<br \/>\n<br \/>\nFordelen med Inspira med+ er at den gir sv\u00e6rt gode resultater p\u00e5 veldig kort tid. Den er ogs\u00e5 helt uten de reaksjoner andre kjemiske peelinger kan gi.<br \/>\n<br \/>\nAlle som tar syrepeelinger m\u00e5 huske viktigheten av \u00e5 unng\u00e5 sol og huske bruke h\u00f8y solfaktor. <br \/>\n<br \/>\n<\/td><td class=\"column-2\"><\/td>\n<\/tr>\n<tr class=\"row-8\">\n\t<td class=\"column-1\"><strong>Peel 40%<\/strong><br \/>\nPeeling som jobber med overflatiske hyperpigmenteringer, rynker, fine linjer og akne. <br \/>\n<br \/>\n<\/td><td class=\"column-2\"><strong>690,-<\/strong><\/td>\n<\/tr>\n<tr class=\"row-9\">\n\t<td class=\"column-1\"><strong>Peel 60%<\/strong><br \/>\nSterkere peeling for aknebehandling, dypere hyperpigmentering, rynker og fine linjer.<br \/>\n<br \/>\n<\/td><td class=\"column-2\"><strong>790,-<\/strong><\/td>\n<\/tr>\n<tr class=\"row-10\">\n\t<td class=\"column-1\"><strong>MediGlow<\/strong><br \/>\nAnti-Age peeling med antibakterielle egenskaper. Rensende, bedrer aldersflekker, pigmenter, ujevnheter og mykgj\u00f8r huden. Har et h\u00f8yt innhold av C-vitamin, 50 ganger mer enn i en appelsin. Veldig fin peeling om du \u00f8nsker mer gl\u00f8d.<br \/>\n<br \/>\n<\/td><td class=\"column-2\"><strong>890,-<\/strong><\/td>\n<\/tr>\n<tr class=\"row-11\">\n\t<td class=\"column-1\"><strong>MediLift<\/strong><br \/>\nAnti-Age peeling som gir et l\u00f8ft og jobber med rynker, pigmenteringer og ujevnheter. H\u00f8yt konsentrert syre er integrert inn i en kj\u00f8lende gele og gir optimal hudtoleranse. Man kjenner nesten ikke peelingen jobbe mens den ligger p\u00e5 huden.<br \/>\n<br \/>\n<\/td><td class=\"column-2\"><strong>950,-<\/strong><\/td>\n<\/tr>\n<tr class=\"row-12\">\n\t<td class=\"column-1\"><strong>Marina Miracle Pro Green 7-Acid Peel<\/strong> <br \/>\nTid: 50min \/ 1t 10min<br \/>\n<br \/>\nEn Marina Miracle ansiktsbehandling med PRO Green Mask. En avansert spesialbehandling for \u00e5 korrigere hudproblemer.<br \/>\nDenne 100% naturlige kjemiske behandlingen er helt unik fordi det ikke blir noe nedetid. Peelen t\u00f8rker ikke ut huden, men vil faktisk tilf\u00f8re fukt samtidig som huden fornyes og forbedres.<br \/>\nMasken inneholder hele 3 forskjellige BHA-syrer og 4 forskjellige AHA-syrer. Masken er formulert med aktivt vitamin C, hyaluronsyre og MSM som vil bidra til \u00e5 \u00f8ke fuktighet og kollagenproduksjon, minske arr, pigmentflekker og jevne ut hudtonen. Den inneholder olje fra villnype, tindved og ringblomst samt probiotisk ferment av brokkoli og tomat. Dette gj\u00f8r at masken aktivt jobber med \u00e5 peele huden p\u00e5 flere niv\u00e5er, samtidig som den plumper huden full av n\u00e6ring, \u00f8ker spenst og jevner ut hudtekstur. Huden vil se og f\u00f8les fornyet og forfrisket ut med en fantastisk gl\u00f8d. <br \/>\n<br \/>\nBehandlingen anbefales \u00e5 ta som en kur hver 4-5 uke i 5-6 m\u00e5neder, og det anbefales \u00e5 bruke SPF50 uken etter behandling. <br \/>\n<br \/>\nBehandlingen p\u00e5 50min er lik den p\u00e5 1t 10min, men den er uten utklemming og den ene eksfolierende masken. Begge inkluderer den viktigste masken, 7-peelmasken.<br \/>\n<br \/>\n<\/td><td class=\"column-2\"><strong>850\/1200,-<\/strong><\/td>\n<\/tr>\n<\/tbody>\n<\/table>\n<!-- #tablepress-50 from cache -->[\/vc_column_text][vc_column_text]<\/p>\n<h6>Priser pr. 01.06.2024<\/h6>\n<p>[\/vc_column_text][\/vc_column_inner][vc_column_inner width=&raquo;1\/2&#8243;][vc_single_image image=&raquo;9789&#8243; img_size=&raquo;full&raquo;][\/vc_column_inner][\/vc_row_inner][\/vc_column][\/vc_row][vc_row full_width=&raquo;stretch_row_content_no_spaces&raquo; css=&raquo;.vc_custom_1570384425741{background-color: rgba(178,37,51,0.85) !important;*background-color: rgb(178,37,51) !important;}&raquo;][vc_column][\/vc_column][\/vc_row]<\/p>\n","protected":false},"excerpt":{"rendered":"<p>[vc_row][vc_column][vc_column_text]Flere behandlinger: Voksing kvinner\u00a0 \u00a0\u00a0Voksing menn\u00a0 \u00a0\u00a0Vipper&amp;bryn\u00a0 \u00a0 Fotpleie\u00a0 \u00a0\u00a0Massasje\u00a0 \u00a0\u00a0\u00d8rehulling[\/vc_column_text][\/vc_column][\/vc_row][vc_row full_width=&raquo;stretch_row&raquo;][vc_column][vc_row_inner][vc_column_inner width=&raquo;1\/2&#8243;][vc_message style=&raquo;square&raquo;]Hudpleie tilbys i v\u00e5r avdeling p\u00e5 Parkveien [&hellip;]<\/p>\n","protected":false},"author":1,"featured_media":0,"parent":12,"menu_order":0,"comment_status":"closed","ping_status":"closed","template":"","meta":{"_monsterinsights_skip_tracking":false,"_monsterinsights_sitenote_active":false,"_monsterinsights_sitenote_note":"","_monsterinsights_sitenote_category":0,"footnotes":""},"class_list":["post-435","page","type-page","status-publish","hentry"],"yoast_head":"<!-- This site is optimized with the Yoast SEO plugin v17.7.1 - https:\/\/yoast.com\/wordpress\/plugins\/seo\/ -->\n<title>Hudpleie -<\/title>\n<meta name=\"robots\" content=\"index, follow, max-snippet:-1, max-image-preview:large, max-video-preview:-1\" \/>\n<link rel=\"canonical\" href=\"https:\/\/waxonwaxoff.no\/index.php\/behandlinger\/hudpleie-meny\/\" \/>\n<meta property=\"og:locale\" content=\"nb_NO\" \/>\n<meta property=\"og:type\" content=\"article\" \/>\n<meta property=\"og:title\" content=\"Hudpleie -\" \/>\n<meta property=\"og:description\" content=\"[vc_row][vc_column][vc_column_text]Flere behandlinger: Voksing kvinner\u00a0 \u00a0\u00a0Voksing menn\u00a0 \u00a0\u00a0Vipper&amp;bryn\u00a0 \u00a0 Fotpleie\u00a0 \u00a0\u00a0Massasje\u00a0 \u00a0\u00a0\u00d8rehulling[\/vc_column_text][\/vc_column][\/vc_row][vc_row full_width=&raquo;stretch_row&raquo;][vc_column][vc_row_inner][vc_column_inner width=&raquo;1\/2&#8243;][vc_message style=&raquo;square&raquo;]Hudpleie tilbys i v\u00e5r avdeling p\u00e5 Parkveien [&hellip;]\" \/>\n<meta property=\"og:url\" content=\"https:\/\/waxonwaxoff.no\/index.php\/behandlinger\/hudpleie-meny\/\" \/>\n<meta property=\"article:modified_time\" content=\"2026-04-12T18:20:53+00:00\" \/>\n<meta name=\"twitter:card\" content=\"summary\" \/>\n<meta name=\"twitter:label1\" content=\"Ansl. lesetid\" \/>\n\t<meta name=\"twitter:data1\" content=\"1 minutt\" \/>\n<script type=\"application\/ld+json\" class=\"yoast-schema-graph\">{\"@context\":\"https:\/\/schema.org\",\"@graph\":[{\"@type\":\"WebSite\",\"@id\":\"https:\/\/waxonwaxoff.no\/#website\",\"url\":\"https:\/\/waxonwaxoff.no\/\",\"name\":\"\",\"description\":\"\",\"potentialAction\":[{\"@type\":\"SearchAction\",\"target\":{\"@type\":\"EntryPoint\",\"urlTemplate\":\"https:\/\/waxonwaxoff.no\/?s={search_term_string}\"},\"query-input\":\"required name=search_term_string\"}],\"inLanguage\":\"nb-NO\"},{\"@type\":\"WebPage\",\"@id\":\"https:\/\/waxonwaxoff.no\/index.php\/behandlinger\/hudpleie-meny\/#webpage\",\"url\":\"https:\/\/waxonwaxoff.no\/index.php\/behandlinger\/hudpleie-meny\/\",\"name\":\"Hudpleie -\",\"isPartOf\":{\"@id\":\"https:\/\/waxonwaxoff.no\/#website\"},\"datePublished\":\"2017-02-14T11:22:06+00:00\",\"dateModified\":\"2026-04-12T18:20:53+00:00\",\"breadcrumb\":{\"@id\":\"https:\/\/waxonwaxoff.no\/index.php\/behandlinger\/hudpleie-meny\/#breadcrumb\"},\"inLanguage\":\"nb-NO\",\"potentialAction\":[{\"@type\":\"ReadAction\",\"target\":[\"https:\/\/waxonwaxoff.no\/index.php\/behandlinger\/hudpleie-meny\/\"]}]},{\"@type\":\"BreadcrumbList\",\"@id\":\"https:\/\/waxonwaxoff.no\/index.php\/behandlinger\/hudpleie-meny\/#breadcrumb\",\"itemListElement\":[{\"@type\":\"ListItem\",\"position\":1,\"name\":\"Hjem\",\"item\":\"https:\/\/waxonwaxoff.no\/\"},{\"@type\":\"ListItem\",\"position\":2,\"name\":\"Priser\",\"item\":\"https:\/\/waxonwaxoff.no\/index.php\/behandlinger\/\"},{\"@type\":\"ListItem\",\"position\":3,\"name\":\"Hudpleie\"}]}]}<\/script>\n<!-- \/ Yoast SEO plugin. -->","yoast_head_json":{"title":"Hudpleie -","robots":{"index":"index","follow":"follow","max-snippet":"max-snippet:-1","max-image-preview":"max-image-preview:large","max-video-preview":"max-video-preview:-1"},"canonical":"https:\/\/waxonwaxoff.no\/index.php\/behandlinger\/hudpleie-meny\/","og_locale":"nb_NO","og_type":"article","og_title":"Hudpleie -","og_description":"[vc_row][vc_column][vc_column_text]Flere behandlinger: Voksing kvinner\u00a0 \u00a0\u00a0Voksing menn\u00a0 \u00a0\u00a0Vipper&amp;bryn\u00a0 \u00a0 Fotpleie\u00a0 \u00a0\u00a0Massasje\u00a0 \u00a0\u00a0\u00d8rehulling[\/vc_column_text][\/vc_column][\/vc_row][vc_row full_width=&raquo;stretch_row&raquo;][vc_column][vc_row_inner][vc_column_inner width=&raquo;1\/2&#8243;][vc_message style=&raquo;square&raquo;]Hudpleie tilbys i v\u00e5r avdeling p\u00e5 Parkveien [&hellip;]","og_url":"https:\/\/waxonwaxoff.no\/index.php\/behandlinger\/hudpleie-meny\/","article_modified_time":"2026-04-12T18:20:53+00:00","twitter_card":"summary","twitter_misc":{"Ansl. lesetid":"1 minutt"},"schema":{"@context":"https:\/\/schema.org","@graph":[{"@type":"WebSite","@id":"https:\/\/waxonwaxoff.no\/#website","url":"https:\/\/waxonwaxoff.no\/","name":"","description":"","potentialAction":[{"@type":"SearchAction","target":{"@type":"EntryPoint","urlTemplate":"https:\/\/waxonwaxoff.no\/?s={search_term_string}"},"query-input":"required name=search_term_string"}],"inLanguage":"nb-NO"},{"@type":"WebPage","@id":"https:\/\/waxonwaxoff.no\/index.php\/behandlinger\/hudpleie-meny\/#webpage","url":"https:\/\/waxonwaxoff.no\/index.php\/behandlinger\/hudpleie-meny\/","name":"Hudpleie -","isPartOf":{"@id":"https:\/\/waxonwaxoff.no\/#website"},"datePublished":"2017-02-14T11:22:06+00:00","dateModified":"2026-04-12T18:20:53+00:00","breadcrumb":{"@id":"https:\/\/waxonwaxoff.no\/index.php\/behandlinger\/hudpleie-meny\/#breadcrumb"},"inLanguage":"nb-NO","potentialAction":[{"@type":"ReadAction","target":["https:\/\/waxonwaxoff.no\/index.php\/behandlinger\/hudpleie-meny\/"]}]},{"@type":"BreadcrumbList","@id":"https:\/\/waxonwaxoff.no\/index.php\/behandlinger\/hudpleie-meny\/#breadcrumb","itemListElement":[{"@type":"ListItem","position":1,"name":"Hjem","item":"https:\/\/waxonwaxoff.no\/"},{"@type":"ListItem","position":2,"name":"Priser","item":"https:\/\/waxonwaxoff.no\/index.php\/behandlinger\/"},{"@type":"ListItem","position":3,"name":"Hudpleie"}]}]}},"_links":{"self":[{"href":"https:\/\/waxonwaxoff.no\/index.php\/wp-json\/wp\/v2\/pages\/435","targetHints":{"allow":["GET"]}}],"collection":[{"href":"https:\/\/waxonwaxoff.no\/index.php\/wp-json\/wp\/v2\/pages"}],"about":[{"href":"https:\/\/waxonwaxoff.no\/index.php\/wp-json\/wp\/v2\/types\/page"}],"author":[{"embeddable":true,"href":"https:\/\/waxonwaxoff.no\/index.php\/wp-json\/wp\/v2\/users\/1"}],"replies":[{"embeddable":true,"href":"https:\/\/waxonwaxoff.no\/index.php\/wp-json\/wp\/v2\/comments?post=435"}],"version-history":[{"count":171,"href":"https:\/\/waxonwaxoff.no\/index.php\/wp-json\/wp\/v2\/pages\/435\/revisions"}],"predecessor-version":[{"id":9910,"href":"https:\/\/waxonwaxoff.no\/index.php\/wp-json\/wp\/v2\/pages\/435\/revisions\/9910"}],"up":[{"embeddable":true,"href":"https:\/\/waxonwaxoff.no\/index.php\/wp-json\/wp\/v2\/pages\/12"}],"wp:attachment":[{"href":"https:\/\/waxonwaxoff.no\/index.php\/wp-json\/wp\/v2\/media?parent=435"}],"curies":[{"name":"wp","href":"https:\/\/api.w.org\/{rel}","templated":true}]}}