{"id":403,"date":"2017-02-14T10:25:09","date_gmt":"2017-02-14T09:25:09","guid":{"rendered":"https:\/\/waxonwaxoff.no\/?page_id=403"},"modified":"2026-03-20T15:44:53","modified_gmt":"2026-03-20T14:44:53","slug":"manikyr-pedikyr","status":"publish","type":"page","link":"https:\/\/waxonwaxoff.no\/index.php\/behandlinger\/manikyr-pedikyr\/","title":{"rendered":"Fotpleie og gellakk &#8211; priser"},"content":{"rendered":"<p>[vc_row full_width=&raquo;stretch_row&raquo;][vc_column width=&raquo;5\/6&#8243;][vc_column_text]<span style=\"color: #000000;\"><strong>Flere behandlinger: <\/strong><a style=\"color: #000000;\" href=\"https:\/\/waxonwaxoff.no\/index.php\/behandlinger\/stripsvoks-2\/\">Voksing kvinner\u00a0<\/a> \u00a0\u00a0<a style=\"color: #000000;\" href=\"https:\/\/waxonwaxoff.no\/index.php\/behandlinger\/voksing-menn\/\">Voksing menn<\/a>\u00a0 \u00a0\u00a0<a style=\"color: #000000;\" href=\"https:\/\/waxonwaxoff.no\/index.php\/behandlinger\/bryn-vipper\/\">Vipper&amp;bryn<\/a>\u00a0 \u00a0\u00a0<a style=\"color: #000000;\" href=\"https:\/\/waxonwaxoff.no\/index.php\/behandlinger\/hudpleie-meny\/\">Hudpleie<\/a>\u00a0 \u00a0<a style=\"color: #000000;\" href=\"https:\/\/waxonwaxoff.no\/index.php\/behandlinger\/massasje\/\">Massasje<\/a>\u00a0 \u00a0\u00a0<a style=\"color: #000000;\" href=\"https:\/\/waxonwaxoff.no\/index.php\/orehulling-piercing\/\">\u00d8rehulling<\/a><\/span><\/p>\n<p>[\/vc_column_text][\/vc_column][vc_column width=&raquo;1\/6&#8243;][\/vc_column][\/vc_row][vc_row][vc_column width=&raquo;1\/2&#8243;][vc_message style=&raquo;square&raquo;]NB! Vi er ikke fotterapeuter og behandler derfor kun friske f\u00f8tter. Har du liktorner, vorter, neglesopp etc som du \u00f8nsker hjelp mot, oppfordrer vi deg til \u00e5 booke time til en autorisert fotterapeut.<\/p>\n<p>Fotpleie tilbys kun i avd Parkveien og Rosenkrantzgate.[\/vc_message][vc_column_text]\n<table id=\"tablepress-51\" class=\"tablepress tablepress-id-51\">\n<tbody class=\"row-hover\">\n<tr class=\"row-1 odd\">\n\t<td class=\"column-1\"><strong>Fotpleie<\/strong><br \/>\nFotbad og stell av f\u00f8tter, negler og negleb\u00e5nd. <br \/>\n<\/td><td class=\"column-2\"><strong>790,-<\/strong><\/td>\n<\/tr>\n<tr class=\"row-2 even\">\n\t<td class=\"column-1\"><strong>Fotpleie m\/ gellakk<\/strong><br \/>\nFotbad og stell av f\u00f8tter, negler og negleb\u00e5nd. Vi legger gellakk p\u00e5 t\u00e5neglene til slutt i behandlingen.<\/td><td class=\"column-2\"><strong>1090,-<\/strong><\/td>\n<\/tr>\n<tr class=\"row-3 odd\">\n\t<td class=\"column-1\"><strong>Neglestell m\/ gellakk p\u00e5 t\u00e6r.<\/strong><br \/>\nFiling\/klipping\/stell av t\u00e5negler og negleb\u00e5nd. Deretter gellakk p\u00e5 t\u00e5negler.<\/td><td class=\"column-2\"><strong>650,-<\/strong><\/td>\n<\/tr>\n<tr class=\"row-4 even\">\n\t<td class=\"column-1\"><strong>Fjerning av gellakk<\/strong><br \/>\n- Inkludert med ny lakk <strong>+250,-<\/strong><br \/>\n- uten \u00e5 legge ny lakk <strong>+350,-<\/strong><\/td><td class=\"column-2\"><\/td>\n<\/tr>\n<\/tbody>\n<\/table>\n<!-- #tablepress-51 from cache -->[\/vc_column_text][\/vc_column][vc_column width=&raquo;1\/2&#8243;][vc_single_image image=&raquo;3641&#8243; img_size=&raquo;large&raquo;][\/vc_column][\/vc_row][vc_row][vc_column][\/vc_column][\/vc_row][vc_row][vc_column][\/vc_column][\/vc_row][vc_row][vc_column][\/vc_column][\/vc_row][vc_row][vc_column][\/vc_column][\/vc_row][vc_row full_width=&raquo;stretch_row_content_no_spaces&raquo; css=&raquo;.vc_custom_1651351166407{background-color: rgba(219,26,26,0.96) !important;*background-color: rgb(219,26,26) !important;}&raquo;][vc_column][vc_separator color=&raquo;mulled_wine&raquo; style=&raquo;shadow&raquo;][\/vc_column][\/vc_row]<\/p>\n","protected":false},"excerpt":{"rendered":"<p>[vc_row full_width=&raquo;stretch_row&raquo;][vc_column width=&raquo;5\/6&#8243;][vc_column_text]Flere behandlinger: Voksing kvinner\u00a0 \u00a0\u00a0Voksing menn\u00a0 \u00a0\u00a0Vipper&amp;bryn\u00a0 \u00a0\u00a0Hudpleie\u00a0 \u00a0Massasje\u00a0 \u00a0\u00a0\u00d8rehulling [\/vc_column_text][\/vc_column][vc_column width=&raquo;1\/6&#8243;][\/vc_column][\/vc_row][vc_row][vc_column width=&raquo;1\/2&#8243;][vc_message style=&raquo;square&raquo;]NB! Vi er ikke fotterapeuter [&hellip;]<\/p>\n","protected":false},"author":1,"featured_media":0,"parent":12,"menu_order":0,"comment_status":"closed","ping_status":"closed","template":"","meta":{"_monsterinsights_skip_tracking":false,"_monsterinsights_sitenote_active":false,"_monsterinsights_sitenote_note":"","_monsterinsights_sitenote_category":0,"footnotes":""},"class_list":["post-403","page","type-page","status-publish","hentry"],"yoast_head":"<!-- This site is optimized with the Yoast SEO plugin v17.7.1 - https:\/\/yoast.com\/wordpress\/plugins\/seo\/ -->\n<title>Fotpleie og gellakk - priser -<\/title>\n<meta name=\"robots\" content=\"index, follow, max-snippet:-1, max-image-preview:large, max-video-preview:-1\" \/>\n<link rel=\"canonical\" href=\"https:\/\/waxonwaxoff.no\/index.php\/behandlinger\/manikyr-pedikyr\/\" \/>\n<meta property=\"og:locale\" content=\"nb_NO\" \/>\n<meta property=\"og:type\" content=\"article\" \/>\n<meta property=\"og:title\" content=\"Fotpleie og gellakk - priser -\" \/>\n<meta property=\"og:description\" content=\"[vc_row full_width=&raquo;stretch_row&raquo;][vc_column width=&raquo;5\/6&#8243;][vc_column_text]Flere behandlinger: Voksing kvinner\u00a0 \u00a0\u00a0Voksing menn\u00a0 \u00a0\u00a0Vipper&amp;bryn\u00a0 \u00a0\u00a0Hudpleie\u00a0 \u00a0Massasje\u00a0 \u00a0\u00a0\u00d8rehulling [\/vc_column_text][\/vc_column][vc_column width=&raquo;1\/6&#8243;][\/vc_column][\/vc_row][vc_row][vc_column width=&raquo;1\/2&#8243;][vc_message style=&raquo;square&raquo;]NB! Vi er ikke fotterapeuter [&hellip;]\" \/>\n<meta property=\"og:url\" content=\"https:\/\/waxonwaxoff.no\/index.php\/behandlinger\/manikyr-pedikyr\/\" \/>\n<meta property=\"article:modified_time\" content=\"2026-03-20T14:44:53+00:00\" \/>\n<meta name=\"twitter:card\" content=\"summary\" \/>\n<meta name=\"twitter:label1\" content=\"Ansl. lesetid\" \/>\n\t<meta name=\"twitter:data1\" content=\"2 minutter\" \/>\n<script type=\"application\/ld+json\" class=\"yoast-schema-graph\">{\"@context\":\"https:\/\/schema.org\",\"@graph\":[{\"@type\":\"WebSite\",\"@id\":\"https:\/\/waxonwaxoff.no\/#website\",\"url\":\"https:\/\/waxonwaxoff.no\/\",\"name\":\"\",\"description\":\"\",\"potentialAction\":[{\"@type\":\"SearchAction\",\"target\":{\"@type\":\"EntryPoint\",\"urlTemplate\":\"https:\/\/waxonwaxoff.no\/?s={search_term_string}\"},\"query-input\":\"required name=search_term_string\"}],\"inLanguage\":\"nb-NO\"},{\"@type\":\"WebPage\",\"@id\":\"https:\/\/waxonwaxoff.no\/index.php\/behandlinger\/manikyr-pedikyr\/#webpage\",\"url\":\"https:\/\/waxonwaxoff.no\/index.php\/behandlinger\/manikyr-pedikyr\/\",\"name\":\"Fotpleie og gellakk - priser -\",\"isPartOf\":{\"@id\":\"https:\/\/waxonwaxoff.no\/#website\"},\"datePublished\":\"2017-02-14T09:25:09+00:00\",\"dateModified\":\"2026-03-20T14:44:53+00:00\",\"breadcrumb\":{\"@id\":\"https:\/\/waxonwaxoff.no\/index.php\/behandlinger\/manikyr-pedikyr\/#breadcrumb\"},\"inLanguage\":\"nb-NO\",\"potentialAction\":[{\"@type\":\"ReadAction\",\"target\":[\"https:\/\/waxonwaxoff.no\/index.php\/behandlinger\/manikyr-pedikyr\/\"]}]},{\"@type\":\"BreadcrumbList\",\"@id\":\"https:\/\/waxonwaxoff.no\/index.php\/behandlinger\/manikyr-pedikyr\/#breadcrumb\",\"itemListElement\":[{\"@type\":\"ListItem\",\"position\":1,\"name\":\"Hjem\",\"item\":\"https:\/\/waxonwaxoff.no\/\"},{\"@type\":\"ListItem\",\"position\":2,\"name\":\"Priser\",\"item\":\"https:\/\/waxonwaxoff.no\/index.php\/behandlinger\/\"},{\"@type\":\"ListItem\",\"position\":3,\"name\":\"Fotpleie og gellakk &#8211; priser\"}]}]}<\/script>\n<!-- \/ Yoast SEO plugin. -->","yoast_head_json":{"title":"Fotpleie og gellakk - priser -","robots":{"index":"index","follow":"follow","max-snippet":"max-snippet:-1","max-image-preview":"max-image-preview:large","max-video-preview":"max-video-preview:-1"},"canonical":"https:\/\/waxonwaxoff.no\/index.php\/behandlinger\/manikyr-pedikyr\/","og_locale":"nb_NO","og_type":"article","og_title":"Fotpleie og gellakk - priser -","og_description":"[vc_row full_width=&raquo;stretch_row&raquo;][vc_column width=&raquo;5\/6&#8243;][vc_column_text]Flere behandlinger: Voksing kvinner\u00a0 \u00a0\u00a0Voksing menn\u00a0 \u00a0\u00a0Vipper&amp;bryn\u00a0 \u00a0\u00a0Hudpleie\u00a0 \u00a0Massasje\u00a0 \u00a0\u00a0\u00d8rehulling [\/vc_column_text][\/vc_column][vc_column width=&raquo;1\/6&#8243;][\/vc_column][\/vc_row][vc_row][vc_column width=&raquo;1\/2&#8243;][vc_message style=&raquo;square&raquo;]NB! Vi er ikke fotterapeuter [&hellip;]","og_url":"https:\/\/waxonwaxoff.no\/index.php\/behandlinger\/manikyr-pedikyr\/","article_modified_time":"2026-03-20T14:44:53+00:00","twitter_card":"summary","twitter_misc":{"Ansl. lesetid":"2 minutter"},"schema":{"@context":"https:\/\/schema.org","@graph":[{"@type":"WebSite","@id":"https:\/\/waxonwaxoff.no\/#website","url":"https:\/\/waxonwaxoff.no\/","name":"","description":"","potentialAction":[{"@type":"SearchAction","target":{"@type":"EntryPoint","urlTemplate":"https:\/\/waxonwaxoff.no\/?s={search_term_string}"},"query-input":"required name=search_term_string"}],"inLanguage":"nb-NO"},{"@type":"WebPage","@id":"https:\/\/waxonwaxoff.no\/index.php\/behandlinger\/manikyr-pedikyr\/#webpage","url":"https:\/\/waxonwaxoff.no\/index.php\/behandlinger\/manikyr-pedikyr\/","name":"Fotpleie og gellakk - priser -","isPartOf":{"@id":"https:\/\/waxonwaxoff.no\/#website"},"datePublished":"2017-02-14T09:25:09+00:00","dateModified":"2026-03-20T14:44:53+00:00","breadcrumb":{"@id":"https:\/\/waxonwaxoff.no\/index.php\/behandlinger\/manikyr-pedikyr\/#breadcrumb"},"inLanguage":"nb-NO","potentialAction":[{"@type":"ReadAction","target":["https:\/\/waxonwaxoff.no\/index.php\/behandlinger\/manikyr-pedikyr\/"]}]},{"@type":"BreadcrumbList","@id":"https:\/\/waxonwaxoff.no\/index.php\/behandlinger\/manikyr-pedikyr\/#breadcrumb","itemListElement":[{"@type":"ListItem","position":1,"name":"Hjem","item":"https:\/\/waxonwaxoff.no\/"},{"@type":"ListItem","position":2,"name":"Priser","item":"https:\/\/waxonwaxoff.no\/index.php\/behandlinger\/"},{"@type":"ListItem","position":3,"name":"Fotpleie og gellakk &#8211; priser"}]}]}},"_links":{"self":[{"href":"https:\/\/waxonwaxoff.no\/index.php\/wp-json\/wp\/v2\/pages\/403","targetHints":{"allow":["GET"]}}],"collection":[{"href":"https:\/\/waxonwaxoff.no\/index.php\/wp-json\/wp\/v2\/pages"}],"about":[{"href":"https:\/\/waxonwaxoff.no\/index.php\/wp-json\/wp\/v2\/types\/page"}],"author":[{"embeddable":true,"href":"https:\/\/waxonwaxoff.no\/index.php\/wp-json\/wp\/v2\/users\/1"}],"replies":[{"embeddable":true,"href":"https:\/\/waxonwaxoff.no\/index.php\/wp-json\/wp\/v2\/comments?post=403"}],"version-history":[{"count":149,"href":"https:\/\/waxonwaxoff.no\/index.php\/wp-json\/wp\/v2\/pages\/403\/revisions"}],"predecessor-version":[{"id":9783,"href":"https:\/\/waxonwaxoff.no\/index.php\/wp-json\/wp\/v2\/pages\/403\/revisions\/9783"}],"up":[{"embeddable":true,"href":"https:\/\/waxonwaxoff.no\/index.php\/wp-json\/wp\/v2\/pages\/12"}],"wp:attachment":[{"href":"https:\/\/waxonwaxoff.no\/index.php\/wp-json\/wp\/v2\/media?parent=403"}],"curies":[{"name":"wp","href":"https:\/\/api.w.org\/{rel}","templated":true}]}}