{"id":393,"date":"2017-02-14T09:53:48","date_gmt":"2017-02-14T08:53:48","guid":{"rendered":"https:\/\/waxonwaxoff.no\/?page_id=393"},"modified":"2017-03-29T12:53:51","modified_gmt":"2017-03-29T10:53:51","slug":"sugaring-harfjerning-med-sukkervoks","status":"publish","type":"page","link":"https:\/\/waxonwaxoff.no\/index.php\/behandlinger\/sugaring-harfjerning-med-sukkervoks\/","title":{"rendered":"&laquo;Sugaring&raquo; &#8211; h\u00e5rfjerning med sukkervoks"},"content":{"rendered":"<p>[vc_row full_width=&raquo;stretch_row&raquo; css=&raquo;.vc_custom_1487579893976{background-position: center !important;background-repeat: no-repeat !important;background-size: cover !important;}&raquo;][vc_column width=&raquo;1\/6&#8243;][vc_column_text]Annonse[\/vc_column_text][vc_widget_sidebar sidebar_id=&raquo;sidebar-left&raquo;][\/vc_column][vc_column width=&raquo;2\/3&#8243; css=&raquo;.vc_custom_1487577929274{margin-top: 20px !important;margin-bottom: 35px !important;padding-top: 5px !important;}&raquo;][vc_row_inner css=&raquo;.vc_custom_1486557110731{background-color: #ffffff !important;}&raquo;][vc_column_inner][vc_column_text css=&raquo;.vc_custom_1487579946394{padding-top: 35px !important;}&raquo;]<\/p>\n<div id=\"c8gginlineContent\" class=\"s96inlineContent\" data-reactid=\".0.$SITE_ROOT.$desktop_siteRoot.$PAGES_CONTAINER.1.1.$SITE_PAGES.$c8gg.3\">\n<h2 class=\"font_8\">&laquo;Sugaring&raquo; &#8211; h\u00e5rfjerning med sukkervoks<\/h2>\n<p class=\"font_8\">Er ogs\u00e5 s\u00e6rdeles velegnet til \u00e5 redusere begynnende h\u00e5rvekst hos ten\u00e5ringer, samt ved behandling av sensitive omr\u00e5der som ansikt, armhuler, bikini og brasiliansk.<\/p>\n<h5 class=\"font_8\"><span style=\"text-decoration: underline;\"><strong>FORDELENE MED PANDHY&#8217;S H\u00c5RFJERNINGSSYSTEM<\/strong><\/span><img loading=\"lazy\" decoding=\"async\" class=\"size-full wp-image-394 alignright\" src=\"https:\/\/waxonwaxoff.no\/wp-content\/uploads\/2017\/02\/pandhys_logo.png\" alt=\"\" width=\"212\" height=\"95\" \/><\/h5>\n<ul class=\"font_8\">\n<li>\n<p class=\"font_8\">Et 100 prosent naturprodukt<\/p>\n<\/li>\n<li>\n<p class=\"font_8\">Sk\u00e5nsomt og effektivt h\u00e5rfjerning<\/p>\n<\/li>\n<li>\n<p class=\"font_8\">For alle typer h\u00e5r og hud, og alle kroppsomr\u00e5der<\/p>\n<\/li>\n<li>\n<p class=\"font_8\">Fjerner h\u00e5rene effektiv i den naturlige vokseretning<\/p>\n<\/li>\n<li>\n<p class=\"font_8\">Etterlater huden silkemyk og glatt, uten irritasjoner.<\/p>\n<\/li>\n<li>\n<p class=\"font_8\">Kan brukes p\u00e5 sensitiv hud, eksem og psoriasis<img loading=\"lazy\" decoding=\"async\" class=\"size-medium wp-image-395 alignright\" src=\"https:\/\/waxonwaxoff.no\/wp-content\/uploads\/2017\/02\/sugaring_-300x186.jpeg\" alt=\"\" width=\"300\" height=\"186\" srcset=\"https:\/\/waxonwaxoff.no\/wp-content\/uploads\/2017\/02\/sugaring_-300x186.jpeg 300w, https:\/\/waxonwaxoff.no\/wp-content\/uploads\/2017\/02\/sugaring_-416x258.jpeg 416w, https:\/\/waxonwaxoff.no\/wp-content\/uploads\/2017\/02\/sugaring_.jpeg 417w\" sizes=\"auto, (max-width: 300px) 100vw, 300px\" \/><\/p>\n<\/li>\n<li>\n<p class=\"font_8\">Den er ikke varm, men har kroppstemperatur<\/p>\n<\/li>\n<li>\n<p class=\"font_8\">Fester seg ikke i den levende huden<\/p>\n<\/li>\n<li>\n<p class=\"font_8\">Metoden er mindre smertefull<\/p>\n<\/li>\n<li>\n<p class=\"font_8\">Gir langsiktige resultater og mindre h\u00e5rvekst<\/p>\n<\/li>\n<li>\n<p class=\"font_8\">Lett og holde rent, vannl\u00f8selig<\/p>\n<\/li>\n<li>\n<p class=\"font_8\">Er hygienisk, renslig og desinfiserende<\/p>\n<\/li>\n<li>\n<p class=\"font_8\">Ingen s\u00e5r og irritert hud.<\/p>\n<\/li>\n<\/ul>\n<p class=\"font_8\">Teknikken er basert p\u00e5 \u00e5 massere sukkerpastaen inn i huden MOT h\u00e5rets vokseretning. Sukkerpastaen fester seg rundt h\u00e5ret og h\u00e5rroten, og gj\u00f8r h\u00e5ret mer samarbeidsvillig og b\u00f8yelig. Det blir mindre motstand n\u00e5r h\u00e5ret fjernes den veien det naturlig vokser, noe som gj\u00f8r at behandlinger blir mer behagelig for deg i forhold til andre lignende behandlinger.<\/p>\n<p class=\"font_8\">H\u00e5rsekken blir mindre traumatisert n\u00e5r h\u00e5ret fjernes p\u00e5 denne m\u00e5ten, ubehaget blir vesentlig redusert, og samtidlig blir det f\u00e6rre brukkne h\u00e5rstr\u00e5 som er hoved\u00e5rsaken til inngrodde h\u00e5r.<\/p>\n<p class=\"font_8\">H\u00e5rfjernings metoden er sk\u00e5nsom, samtidlig som den er effektiv nok til \u00e5 fjerne det komplette h\u00e5rstr\u00e5et. Sukker pastaen fungerer ogs\u00e5 som\u00a0sm\u00f8remiddel som igjen gj\u00f8r h\u00e5rfjerningen enklere og mer effektiv, og tar til og med de korteste og inngrodde h\u00e5rene.<\/p>\n<p class=\"font_8\">Sukker Pastaen fester seg ikke til huden pga at levende hudceller inneholder fuktighet; sukker l\u00f8ser seg opp i vann og vil derfor ikke feste seg til huden. Pastaen vil trekke ut h\u00e5ret og fungerer som en peeling p\u00e5 d\u00f8de hudceller (t\u00f8rr hud). Huden etterlates silkemyk etter behandling.<\/p>\n<p class=\"font_8\">Det er ogs\u00e5 trygt \u00e5 behandle omr\u00e5der med eksem, t\u00f8rr hud og andre hudproblemer pga at huden ikke blir skadet under behandling. Siden sukkerpastaen er s\u00e5 mild mot huden, kan samme omr\u00e5det behandles flere ganger for \u00e5 fjerne de korteste og tynneste h\u00e5rene.<\/p>\n<p class=\"font_8\">Regelmessig h\u00e5rfjerning i dette stadiet resulterer i en stadig nedbrytning av follikkelveggen, som igjen betyr at det blir mindre og mindre plass til h\u00e5ret \u00e5 vokse. Dette betyr at h\u00e5ret blir tynnere over tid, helt til follikkelveggen til slutt kollapser og d\u00f8r ut (permanent h\u00e5rfjerning).<\/p>\n<p class=\"font_8\">H\u00e5r som f\u00e5r gjentatt behandling med PANDHY\u2019S Sukkerpasta, teknikk og produkter, vil bli lettere \u00e5 fjerne, til og med etter f\u00f8rste behandling.<\/p>\n<h5 class=\"font_8\"><strong><span style=\"text-decoration: underline;\">Mer om fordelene med PANDHY&#8217;S\u2122 naturlige h\u00e5rfjerning<\/span><img loading=\"lazy\" decoding=\"async\" class=\"size-full wp-image-396 alignright\" src=\"https:\/\/waxonwaxoff.no\/wp-content\/uploads\/2017\/02\/sugaring_2.jpeg\" alt=\"\" width=\"242\" height=\"248\" \/><\/strong><\/h5>\n<p class=\"font_8\"><strong>Rene og naturlige ingredienser<\/strong>\u2013 laget av 100 prosent\u00a0naturlige ingredienser.<\/p>\n<p class=\"font_8\"><strong>Den er ikke varm<\/strong> \u2013 og kan derfor brukes p\u00e5 alle omr\u00e5der. Holder kroppstemperaturen under behandlingen.<br \/>\nEr derfor trygg \u00e5 bruke p\u00e5 couperoser og \u00e5reknuter, siden behandlingen ikke vil \u00f8ke blod-tilf\u00f8rselen.<\/p>\n<p class=\"font_8\"><strong>Det er lett og holde rent<\/strong> \u2013 kan enkelt vaskes bort med vann. Du f\u00f8ler deg ikke klissete etterp\u00e5.<\/p>\n<p class=\"font_8\"><strong>Det vil ikke feste seg til huden<\/strong> \u2013 sukker kan ikke feste seg til levende hudceller. Levende hudceller inneholder fuktighet, og sukker l\u00f8ser seg opp i vann, og vil derfor ikke feste seg til huden.<br \/>\nPastaen trekker ut h\u00e5ret og fungerer som en peeling p\u00e5 d\u00f8de hudceller.<br \/>\nDet er trygt \u00e5 behandle omr\u00e5der som er utsatt for eksem, t\u00f8rr hud og andre hudproblemer pga at huden ikke tar skade under behandlingen.<br \/>\nSamme omr\u00e5de kan behandles flere ganger for \u00e5 fjerne de korteste og tynneste h\u00e5rene.<\/p>\n<p class=\"font_8\"><strong>H\u00e5r vil ikke brekke<\/strong>\u2013 ved hjelp av sukkerpasta og teknikk, legger pastaen seg rundt h\u00e5ret og h\u00e5rroten og gj\u00f8r den smidig og f\u00f8yelig. H\u00e5ret blir trukket ut i naturlig vekstretning. Motstanden blir mindre, og medf\u00f8rer et bedre resultat og mindre smerte.<\/p>\n<p class=\"font_8\"><strong>Det er mer hygienisk<\/strong>\u2013 sukkerpastaen er hypoallergen og dekker ikke til porene.<\/p>\n<p class=\"font_8\"><strong>Kan trekke ut veldig korte h\u00e5r<\/strong> \u2013 kan fjerne h\u00e5r som ikke er lengre enn 1-3 millimeter.<\/p>\n<p class=\"font_8\"><strong>Langsiktige resultater<\/strong> \u2013 etter et viss antall behand-linger begynner h\u00e5ret og tynnes ut. Siden pasta og teknikk, til og med kan trekke ut de korteste h\u00e5rene, er det mulig \u00e5 fjerne h\u00e5rene i et tidlig stadium, og dette f\u00f8rer til en permanent fjerning. Du vil se og f\u00f8le et bedre resultat etter noen f\u00e5 behandlinger.<\/p>\n<p class=\"font_8\">\n<\/div>\n<p class=\"font_7\"><span style=\"color: #b51212;\"><strong><span class=\"color_3\">NB! Sugaring utf\u00f8res i f\u00f8lgende avdelinger i Oslo:<\/span><\/strong><\/span><img loading=\"lazy\" decoding=\"async\" class=\"size-medium wp-image-397 alignright\" src=\"https:\/\/waxonwaxoff.no\/wp-content\/uploads\/2017\/02\/pandhys_2-300x135.png\" alt=\"\" width=\"300\" height=\"135\" srcset=\"https:\/\/waxonwaxoff.no\/wp-content\/uploads\/2017\/02\/pandhys_2-300x135.png 300w, https:\/\/waxonwaxoff.no\/wp-content\/uploads\/2017\/02\/pandhys_2.png 400w\" sizes=\"auto, (max-width: 300px) 100vw, 300px\" \/><\/p>\n<p class=\"font_7\"><span style=\"color: #b51212;\">\u00a0<span class=\"color_3\">Wax ON! Wax OFF avd. Gr\u00fcnerl\u00f8kka<br \/>\nWax ON! Wax OFF avd. Holtegata<br \/>\nWax ON! Wax OFF avd. Welhavensgate<\/span><\/span><\/p>\n<p>[\/vc_column_text][\/vc_column_inner][\/vc_row_inner][\/vc_column][vc_column width=&raquo;1\/6&#8243;][vc_column_text]Annonse[\/vc_column_text][vc_widget_sidebar sidebar_id=&raquo;sidebar-right&raquo;][\/vc_column][\/vc_row][vc_row][vc_column][\/vc_column][\/vc_row]<\/p>\n","protected":false},"excerpt":{"rendered":"<p>[vc_row full_width=&raquo;stretch_row&raquo; css=&raquo;.vc_custom_1487579893976{background-position: center !important;background-repeat: no-repeat !important;background-size: cover !important;}&raquo;][vc_column width=&raquo;1\/6&#8243;][vc_column_text]Annonse[\/vc_column_text][vc_widget_sidebar sidebar_id=&raquo;sidebar-left&raquo;][\/vc_column][vc_column width=&raquo;2\/3&#8243; css=&raquo;.vc_custom_1487577929274{margin-top: 20px !important;margin-bottom: 35px !important;padding-top: 5px !important;}&raquo;][vc_row_inner css=&raquo;.vc_custom_1486557110731{background-color: [&hellip;]<\/p>\n","protected":false},"author":1,"featured_media":0,"parent":12,"menu_order":0,"comment_status":"closed","ping_status":"closed","template":"","meta":{"_monsterinsights_skip_tracking":false,"_monsterinsights_sitenote_active":false,"_monsterinsights_sitenote_note":"","_monsterinsights_sitenote_category":0,"footnotes":""},"class_list":["post-393","page","type-page","status-publish","hentry"],"yoast_head":"<!-- This site is optimized with the Yoast SEO plugin v17.7.1 - https:\/\/yoast.com\/wordpress\/plugins\/seo\/ -->\n<title>&quot;Sugaring&quot; - h\u00e5rfjerning med sukkervoks -<\/title>\n<meta name=\"robots\" content=\"index, follow, max-snippet:-1, max-image-preview:large, max-video-preview:-1\" \/>\n<link rel=\"canonical\" href=\"https:\/\/waxonwaxoff.no\/index.php\/behandlinger\/sugaring-harfjerning-med-sukkervoks\/\" \/>\n<meta property=\"og:locale\" content=\"nb_NO\" \/>\n<meta property=\"og:type\" content=\"article\" \/>\n<meta property=\"og:title\" content=\"&quot;Sugaring&quot; - h\u00e5rfjerning med sukkervoks -\" \/>\n<meta property=\"og:description\" content=\"[vc_row full_width=&raquo;stretch_row&raquo; css=&raquo;.vc_custom_1487579893976{background-position: center !important;background-repeat: no-repeat !important;background-size: cover !important;}&raquo;][vc_column width=&raquo;1\/6&#8243;][vc_column_text]Annonse[\/vc_column_text][vc_widget_sidebar sidebar_id=&raquo;sidebar-left&raquo;][\/vc_column][vc_column width=&raquo;2\/3&#8243; css=&raquo;.vc_custom_1487577929274{margin-top: 20px !important;margin-bottom: 35px !important;padding-top: 5px !important;}&raquo;][vc_row_inner css=&raquo;.vc_custom_1486557110731{background-color: [&hellip;]\" \/>\n<meta property=\"og:url\" content=\"https:\/\/waxonwaxoff.no\/index.php\/behandlinger\/sugaring-harfjerning-med-sukkervoks\/\" \/>\n<meta property=\"article:modified_time\" content=\"2017-03-29T10:53:51+00:00\" \/>\n<meta property=\"og:image\" content=\"https:\/\/waxonwaxoff.no\/wp-content\/uploads\/2017\/02\/pandhys_logo.png\" \/>\n<meta name=\"twitter:card\" content=\"summary\" \/>\n<meta name=\"twitter:label1\" content=\"Ansl. lesetid\" \/>\n\t<meta name=\"twitter:data1\" content=\"4 minutter\" \/>\n<script type=\"application\/ld+json\" class=\"yoast-schema-graph\">{\"@context\":\"https:\/\/schema.org\",\"@graph\":[{\"@type\":\"WebSite\",\"@id\":\"https:\/\/waxonwaxoff.no\/#website\",\"url\":\"https:\/\/waxonwaxoff.no\/\",\"name\":\"\",\"description\":\"\",\"potentialAction\":[{\"@type\":\"SearchAction\",\"target\":{\"@type\":\"EntryPoint\",\"urlTemplate\":\"https:\/\/waxonwaxoff.no\/?s={search_term_string}\"},\"query-input\":\"required name=search_term_string\"}],\"inLanguage\":\"nb-NO\"},{\"@type\":\"ImageObject\",\"@id\":\"https:\/\/waxonwaxoff.no\/index.php\/behandlinger\/sugaring-harfjerning-med-sukkervoks\/#primaryimage\",\"inLanguage\":\"nb-NO\",\"url\":\"https:\/\/waxonwaxoff.no\/wp-content\/uploads\/2017\/02\/pandhys_logo.png\",\"contentUrl\":\"https:\/\/waxonwaxoff.no\/wp-content\/uploads\/2017\/02\/pandhys_logo.png\",\"width\":212,\"height\":95},{\"@type\":\"WebPage\",\"@id\":\"https:\/\/waxonwaxoff.no\/index.php\/behandlinger\/sugaring-harfjerning-med-sukkervoks\/#webpage\",\"url\":\"https:\/\/waxonwaxoff.no\/index.php\/behandlinger\/sugaring-harfjerning-med-sukkervoks\/\",\"name\":\"\\\"Sugaring\\\" - h\\u00e5rfjerning med sukkervoks -\",\"isPartOf\":{\"@id\":\"https:\/\/waxonwaxoff.no\/#website\"},\"primaryImageOfPage\":{\"@id\":\"https:\/\/waxonwaxoff.no\/index.php\/behandlinger\/sugaring-harfjerning-med-sukkervoks\/#primaryimage\"},\"datePublished\":\"2017-02-14T08:53:48+00:00\",\"dateModified\":\"2017-03-29T10:53:51+00:00\",\"breadcrumb\":{\"@id\":\"https:\/\/waxonwaxoff.no\/index.php\/behandlinger\/sugaring-harfjerning-med-sukkervoks\/#breadcrumb\"},\"inLanguage\":\"nb-NO\",\"potentialAction\":[{\"@type\":\"ReadAction\",\"target\":[\"https:\/\/waxonwaxoff.no\/index.php\/behandlinger\/sugaring-harfjerning-med-sukkervoks\/\"]}]},{\"@type\":\"BreadcrumbList\",\"@id\":\"https:\/\/waxonwaxoff.no\/index.php\/behandlinger\/sugaring-harfjerning-med-sukkervoks\/#breadcrumb\",\"itemListElement\":[{\"@type\":\"ListItem\",\"position\":1,\"name\":\"Hjem\",\"item\":\"https:\/\/waxonwaxoff.no\/\"},{\"@type\":\"ListItem\",\"position\":2,\"name\":\"Priser\",\"item\":\"https:\/\/waxonwaxoff.no\/index.php\/behandlinger\/\"},{\"@type\":\"ListItem\",\"position\":3,\"name\":\"&laquo;Sugaring&raquo; &#8211; h\\u00e5rfjerning med sukkervoks\"}]}]}<\/script>\n<!-- \/ Yoast SEO plugin. -->","yoast_head_json":{"title":"\"Sugaring\" - h\u00e5rfjerning med sukkervoks -","robots":{"index":"index","follow":"follow","max-snippet":"max-snippet:-1","max-image-preview":"max-image-preview:large","max-video-preview":"max-video-preview:-1"},"canonical":"https:\/\/waxonwaxoff.no\/index.php\/behandlinger\/sugaring-harfjerning-med-sukkervoks\/","og_locale":"nb_NO","og_type":"article","og_title":"\"Sugaring\" - h\u00e5rfjerning med sukkervoks -","og_description":"[vc_row full_width=&raquo;stretch_row&raquo; css=&raquo;.vc_custom_1487579893976{background-position: center !important;background-repeat: no-repeat !important;background-size: cover !important;}&raquo;][vc_column width=&raquo;1\/6&#8243;][vc_column_text]Annonse[\/vc_column_text][vc_widget_sidebar sidebar_id=&raquo;sidebar-left&raquo;][\/vc_column][vc_column width=&raquo;2\/3&#8243; css=&raquo;.vc_custom_1487577929274{margin-top: 20px !important;margin-bottom: 35px !important;padding-top: 5px !important;}&raquo;][vc_row_inner css=&raquo;.vc_custom_1486557110731{background-color: [&hellip;]","og_url":"https:\/\/waxonwaxoff.no\/index.php\/behandlinger\/sugaring-harfjerning-med-sukkervoks\/","article_modified_time":"2017-03-29T10:53:51+00:00","og_image":[{"url":"https:\/\/waxonwaxoff.no\/wp-content\/uploads\/2017\/02\/pandhys_logo.png"}],"twitter_card":"summary","twitter_misc":{"Ansl. lesetid":"4 minutter"},"schema":{"@context":"https:\/\/schema.org","@graph":[{"@type":"WebSite","@id":"https:\/\/waxonwaxoff.no\/#website","url":"https:\/\/waxonwaxoff.no\/","name":"","description":"","potentialAction":[{"@type":"SearchAction","target":{"@type":"EntryPoint","urlTemplate":"https:\/\/waxonwaxoff.no\/?s={search_term_string}"},"query-input":"required name=search_term_string"}],"inLanguage":"nb-NO"},{"@type":"ImageObject","@id":"https:\/\/waxonwaxoff.no\/index.php\/behandlinger\/sugaring-harfjerning-med-sukkervoks\/#primaryimage","inLanguage":"nb-NO","url":"https:\/\/waxonwaxoff.no\/wp-content\/uploads\/2017\/02\/pandhys_logo.png","contentUrl":"https:\/\/waxonwaxoff.no\/wp-content\/uploads\/2017\/02\/pandhys_logo.png","width":212,"height":95},{"@type":"WebPage","@id":"https:\/\/waxonwaxoff.no\/index.php\/behandlinger\/sugaring-harfjerning-med-sukkervoks\/#webpage","url":"https:\/\/waxonwaxoff.no\/index.php\/behandlinger\/sugaring-harfjerning-med-sukkervoks\/","name":"\"Sugaring\" - h\u00e5rfjerning med sukkervoks -","isPartOf":{"@id":"https:\/\/waxonwaxoff.no\/#website"},"primaryImageOfPage":{"@id":"https:\/\/waxonwaxoff.no\/index.php\/behandlinger\/sugaring-harfjerning-med-sukkervoks\/#primaryimage"},"datePublished":"2017-02-14T08:53:48+00:00","dateModified":"2017-03-29T10:53:51+00:00","breadcrumb":{"@id":"https:\/\/waxonwaxoff.no\/index.php\/behandlinger\/sugaring-harfjerning-med-sukkervoks\/#breadcrumb"},"inLanguage":"nb-NO","potentialAction":[{"@type":"ReadAction","target":["https:\/\/waxonwaxoff.no\/index.php\/behandlinger\/sugaring-harfjerning-med-sukkervoks\/"]}]},{"@type":"BreadcrumbList","@id":"https:\/\/waxonwaxoff.no\/index.php\/behandlinger\/sugaring-harfjerning-med-sukkervoks\/#breadcrumb","itemListElement":[{"@type":"ListItem","position":1,"name":"Hjem","item":"https:\/\/waxonwaxoff.no\/"},{"@type":"ListItem","position":2,"name":"Priser","item":"https:\/\/waxonwaxoff.no\/index.php\/behandlinger\/"},{"@type":"ListItem","position":3,"name":"&laquo;Sugaring&raquo; &#8211; h\u00e5rfjerning med sukkervoks"}]}]}},"_links":{"self":[{"href":"https:\/\/waxonwaxoff.no\/index.php\/wp-json\/wp\/v2\/pages\/393","targetHints":{"allow":["GET"]}}],"collection":[{"href":"https:\/\/waxonwaxoff.no\/index.php\/wp-json\/wp\/v2\/pages"}],"about":[{"href":"https:\/\/waxonwaxoff.no\/index.php\/wp-json\/wp\/v2\/types\/page"}],"author":[{"embeddable":true,"href":"https:\/\/waxonwaxoff.no\/index.php\/wp-json\/wp\/v2\/users\/1"}],"replies":[{"embeddable":true,"href":"https:\/\/waxonwaxoff.no\/index.php\/wp-json\/wp\/v2\/comments?post=393"}],"version-history":[{"count":19,"href":"https:\/\/waxonwaxoff.no\/index.php\/wp-json\/wp\/v2\/pages\/393\/revisions"}],"predecessor-version":[{"id":817,"href":"https:\/\/waxonwaxoff.no\/index.php\/wp-json\/wp\/v2\/pages\/393\/revisions\/817"}],"up":[{"embeddable":true,"href":"https:\/\/waxonwaxoff.no\/index.php\/wp-json\/wp\/v2\/pages\/12"}],"wp:attachment":[{"href":"https:\/\/waxonwaxoff.no\/index.php\/wp-json\/wp\/v2\/media?parent=393"}],"curies":[{"name":"wp","href":"https:\/\/api.w.org\/{rel}","templated":true}]}}