{"id":3617,"date":"2018-04-22T20:56:46","date_gmt":"2018-04-22T18:56:46","guid":{"rendered":"https:\/\/waxonwaxoff.no\/?page_id=3617"},"modified":"2020-10-13T21:22:05","modified_gmt":"2020-10-13T19:22:05","slug":"fotpleie","status":"publish","type":"page","link":"https:\/\/waxonwaxoff.no\/index.php\/fotpleie\/","title":{"rendered":"Fotpleie"},"content":{"rendered":"<p>[vc_row full_width=&raquo;stretch_row_content_no_spaces&raquo; equal_height=&raquo;yes&raquo; content_placement=&raquo;middle&raquo; css_animation=&raquo;none&raquo;][vc_column][\/vc_column][\/vc_row][vc_row full_width=&raquo;stretch_row&raquo; css=&raquo;.vc_custom_1571563010086{background-color: rgba(81,63,104,0.85) !important;*background-color: rgb(81,63,104) !important;}&raquo;][vc_column width=&raquo;5\/6&#8243;][vc_empty_space][vc_btn title=&raquo;VOKSING KVINNER&raquo; shape=&raquo;square&raquo; color=&raquo;mulled-wine&raquo; size=&raquo;xs&raquo; link=&raquo;url:https%3A%2F%2Fwaxonwaxoff.no%2Findex.php%2Fbehandlinger%2Fstripsvoks-2%2F|title:voksing%20kvinner||&raquo;][vc_btn title=&raquo;VOKSING MENN&raquo; shape=&raquo;square&raquo; color=&raquo;mulled-wine&raquo; size=&raquo;xs&raquo; link=&raquo;url:https%3A%2F%2Fwaxonwaxoff.no%2Findex.php%2Fbehandlinger%2Fvoksing-menn%2F|title:voksing%20menn||&raquo;][vc_btn title=&raquo;SUGARING (voksing kvinner)&raquo; shape=&raquo;square&raquo; color=&raquo;mulled-wine&raquo; size=&raquo;xs&raquo; link=&raquo;url:https%3A%2F%2Fwaxonwaxoff.no%2Findex.php%2Fbehandlinger%2Fsugaring%2F|title:sugaring||&raquo;][vc_btn title=&raquo;HUDPLEIE&raquo; shape=&raquo;square&raquo; color=&raquo;mulled-wine&raquo; size=&raquo;xs&raquo; link=&raquo;url:https%3A%2F%2Fwaxonwaxoff.no%2Findex.php%2Fbehandlinger%2Fhudpleie-meny%2F|title:hudpleie||&raquo;][vc_btn title=&raquo;VIPPER &amp; BRYN&raquo; shape=&raquo;square&raquo; color=&raquo;mulled-wine&raquo; size=&raquo;xs&raquo; link=&raquo;url:https%3A%2F%2Fwaxonwaxoff.no%2Findex.php%2Fbehandlinger%2Fvipper-bryn%2F|title:vipper%20%26%20bryn||&raquo;][vc_btn title=&raquo;VAJACIAL&raquo; shape=&raquo;square&raquo; color=&raquo;mulled-wine&raquo; size=&raquo;xs&raquo; link=&raquo;url:https%3A%2F%2Fwaxonwaxoff.no%2Findex.php%2Fbehandlinger%2F482-2%2F|title:vajacial||&raquo;][vc_btn title=&raquo;&laquo;WOWO NAILS&laquo;&raquo; shape=&raquo;square&raquo; color=&raquo;juicy-pink&raquo; size=&raquo;xs&raquo; css_animation=&raquo;fadeInDown&raquo; link=&raquo;url:https%3A%2F%2Fwaxonwaxoff.no%2Findex.php%2Fwowo-nails%2F|title:vajacial&raquo;][vc_btn title=&raquo;MANIKYR&raquo; shape=&raquo;square&raquo; color=&raquo;mulled-wine&raquo; size=&raquo;xs&raquo; link=&raquo;url:https%3A%2F%2Fwaxonwaxoff.no%2Findex.php%2Fbehandlinger%2Fmanikyr-pedikyr%2F|title:manikyr||&raquo;][vc_btn title=&raquo;FOTPLEIE&raquo; style=&raquo;classic&raquo; shape=&raquo;square&raquo; color=&raquo;juicy-pink&raquo; size=&raquo;xs&raquo; link=&raquo;url:https%3A%2F%2Fwaxonwaxoff.no%2Findex.php%2Ffotpleie%2F|title:fotpleie||&raquo;][\/vc_column][vc_column width=&raquo;1\/6&#8243;][vc_empty_space height=&raquo;16px&raquo;][vc_message icon_fontawesome=&raquo;fas fa-calendar-alt&raquo; css_animation=&raquo;none&raquo;]<a href=\"https:\/\/www.eadministration.dk\/kunde\/kundelogin.asp?klient=886\">ONLINE BOOKING<\/a>[\/vc_message][\/vc_column][\/vc_row][vc_row full_width=&raquo;stretch_row&raquo;][vc_column width=&raquo;1\/2&#8243;][vc_column_text]<strong>Fotpleie<\/strong><\/p>\n<p>Behandlingen begynner med et raskt rensende fotbad. Deretter filer vi under beina med litt ekstra fokus under h\u00e6lene. Negler klippes, files og poleres og negleb\u00e5nd klippes\/skyves ned.<\/p>\n<p>Om du \u00f8nsker \u00e5 f\u00e5 ekstra med tid til \u00e5 fjerne hard hud i denne behandlingen, kan det legges til i bookingen mot et tillegg p\u00e5 120kr i prisen. Da benyttes det en skalpell som terapeuten skj\u00e6rer bort den tykke\/harde huden med.<\/p>\n<p>NB! Vi behandler kun friske f\u00f8tter. Ved sykdommer m\u00e5 man g\u00e5 til lege eller fotterapeut.<\/p>\n<p><strong>Kr. 650,-<\/strong>[\/vc_column_text][vc_column_text]<strong>SPA-pedikyr<\/strong><\/p>\n<p>Behandlingen starter med et fotbad etterfulgt av en peeling for \u00e5 skrubbe bort d\u00f8de hudceller p\u00e5 f\u00f8tter og leggene dine.\u00a0 Dette f\u00f8lges s\u00e5 opp med en massasje av f\u00f8tter og legger, og en avsluttende maske til slutt.<\/p>\n<p>NB! Det inkluderes ikke filing\/fjerning av hard hud og t\u00e5negler, eller klipping\/skyving av negleb\u00e5nd i denne behandlingen da denne behandlingen er ment som en velv\u00e6rebehandling. Men det kan legges til i behandlingen mot et tillegg av tid og pris p\u00e5 150kr i behandlingen dersom det er \u00f8nskelig \u00e5 f\u00e5 med dette ogs\u00e5<\/p>\n<p>Vi behandler kun friske f\u00f8tter.<\/p>\n<p><strong>Kr. 690,-<\/strong>[\/vc_column_text][\/vc_column][vc_column width=&raquo;1\/2&#8243;][vc_column_text]<strong>Om fotpleie:<\/strong><\/p>\n<p><strong>Fotpleiebehandlingene tilbys i salongen v\u00e5r p\u00e5 Bislett.<\/strong><\/p>\n<p>Det er utdannede hudpleiere som utf\u00f8rer fotpleie, vi gj\u00f8r ikke medisinsk fotpleie, fjerning av vorter, liktorn, eller behandler fotsopp og andre sykdommer.<\/p>\n<p>Vi steller og pleier dine f\u00f8tter slik at de f\u00e5r et velstelt utseende.[\/vc_column_text][vc_single_image image=&raquo;3636&#8243; img_size=&raquo;full&raquo;][\/vc_column][vc_column][\/vc_column][vc_column][\/vc_column][\/vc_row][vc_row full_width=&raquo;stretch_row_content_no_spaces&raquo; css=&raquo;.vc_custom_1571563034492{background-color: rgba(81,63,104,0.85) !important;*background-color: rgb(81,63,104) !important;}&raquo;][vc_column][vc_separator color=&raquo;mulled_wine&raquo; style=&raquo;shadow&raquo;][\/vc_column][\/vc_row]<\/p>\n","protected":false},"excerpt":{"rendered":"<p>[vc_row full_width=&raquo;stretch_row_content_no_spaces&raquo; equal_height=&raquo;yes&raquo; content_placement=&raquo;middle&raquo; css_animation=&raquo;none&raquo;][vc_column][\/vc_column][\/vc_row][vc_row full_width=&raquo;stretch_row&raquo; css=&raquo;.vc_custom_1571563010086{background-color: rgba(81,63,104,0.85) !important;*background-color: rgb(81,63,104) !important;}&raquo;][vc_column width=&raquo;5\/6&#8243;][vc_empty_space][vc_btn title=&raquo;VOKSING KVINNER&raquo; shape=&raquo;square&raquo; color=&raquo;mulled-wine&raquo; size=&raquo;xs&raquo; link=&raquo;url:https%3A%2F%2Fwaxonwaxoff.no%2Findex.php%2Fbehandlinger%2Fstripsvoks-2%2F|title:voksing%20kvinner||&raquo;][vc_btn title=&raquo;VOKSING MENN&raquo; [&hellip;]<\/p>\n","protected":false},"author":47,"featured_media":0,"parent":0,"menu_order":0,"comment_status":"closed","ping_status":"closed","template":"","meta":{"_monsterinsights_skip_tracking":false,"_monsterinsights_sitenote_active":false,"_monsterinsights_sitenote_note":"","_monsterinsights_sitenote_category":0,"footnotes":""},"class_list":["post-3617","page","type-page","status-publish","hentry"],"yoast_head":"<!-- This site is optimized with the Yoast SEO plugin v17.7.1 - https:\/\/yoast.com\/wordpress\/plugins\/seo\/ -->\n<title>Fotpleie -<\/title>\n<meta name=\"robots\" content=\"index, follow, max-snippet:-1, max-image-preview:large, max-video-preview:-1\" \/>\n<link rel=\"canonical\" href=\"https:\/\/waxonwaxoff.no\/index.php\/fotpleie\/\" \/>\n<meta property=\"og:locale\" content=\"nb_NO\" \/>\n<meta property=\"og:type\" content=\"article\" \/>\n<meta property=\"og:title\" content=\"Fotpleie -\" \/>\n<meta property=\"og:description\" content=\"[vc_row full_width=&raquo;stretch_row_content_no_spaces&raquo; equal_height=&raquo;yes&raquo; content_placement=&raquo;middle&raquo; css_animation=&raquo;none&raquo;][vc_column][\/vc_column][\/vc_row][vc_row full_width=&raquo;stretch_row&raquo; css=&raquo;.vc_custom_1571563010086{background-color: rgba(81,63,104,0.85) !important;*background-color: rgb(81,63,104) !important;}&raquo;][vc_column width=&raquo;5\/6&#8243;][vc_empty_space][vc_btn title=&raquo;VOKSING KVINNER&raquo; shape=&raquo;square&raquo; color=&raquo;mulled-wine&raquo; size=&raquo;xs&raquo; link=&raquo;url:https%3A%2F%2Fwaxonwaxoff.no%2Findex.php%2Fbehandlinger%2Fstripsvoks-2%2F|title:voksing%20kvinner||&raquo;][vc_btn title=&raquo;VOKSING MENN&raquo; [&hellip;]\" \/>\n<meta property=\"og:url\" content=\"https:\/\/waxonwaxoff.no\/index.php\/fotpleie\/\" \/>\n<meta property=\"article:modified_time\" content=\"2020-10-13T19:22:05+00:00\" \/>\n<meta name=\"twitter:card\" content=\"summary\" \/>\n<meta name=\"twitter:label1\" content=\"Ansl. lesetid\" \/>\n\t<meta name=\"twitter:data1\" content=\"3 minutter\" \/>\n<script type=\"application\/ld+json\" class=\"yoast-schema-graph\">{\"@context\":\"https:\/\/schema.org\",\"@graph\":[{\"@type\":\"WebSite\",\"@id\":\"https:\/\/waxonwaxoff.no\/#website\",\"url\":\"https:\/\/waxonwaxoff.no\/\",\"name\":\"\",\"description\":\"\",\"potentialAction\":[{\"@type\":\"SearchAction\",\"target\":{\"@type\":\"EntryPoint\",\"urlTemplate\":\"https:\/\/waxonwaxoff.no\/?s={search_term_string}\"},\"query-input\":\"required name=search_term_string\"}],\"inLanguage\":\"nb-NO\"},{\"@type\":\"WebPage\",\"@id\":\"https:\/\/waxonwaxoff.no\/index.php\/fotpleie\/#webpage\",\"url\":\"https:\/\/waxonwaxoff.no\/index.php\/fotpleie\/\",\"name\":\"Fotpleie -\",\"isPartOf\":{\"@id\":\"https:\/\/waxonwaxoff.no\/#website\"},\"datePublished\":\"2018-04-22T18:56:46+00:00\",\"dateModified\":\"2020-10-13T19:22:05+00:00\",\"breadcrumb\":{\"@id\":\"https:\/\/waxonwaxoff.no\/index.php\/fotpleie\/#breadcrumb\"},\"inLanguage\":\"nb-NO\",\"potentialAction\":[{\"@type\":\"ReadAction\",\"target\":[\"https:\/\/waxonwaxoff.no\/index.php\/fotpleie\/\"]}]},{\"@type\":\"BreadcrumbList\",\"@id\":\"https:\/\/waxonwaxoff.no\/index.php\/fotpleie\/#breadcrumb\",\"itemListElement\":[{\"@type\":\"ListItem\",\"position\":1,\"name\":\"Hjem\",\"item\":\"https:\/\/waxonwaxoff.no\/\"},{\"@type\":\"ListItem\",\"position\":2,\"name\":\"Fotpleie\"}]}]}<\/script>\n<!-- \/ Yoast SEO plugin. -->","yoast_head_json":{"title":"Fotpleie -","robots":{"index":"index","follow":"follow","max-snippet":"max-snippet:-1","max-image-preview":"max-image-preview:large","max-video-preview":"max-video-preview:-1"},"canonical":"https:\/\/waxonwaxoff.no\/index.php\/fotpleie\/","og_locale":"nb_NO","og_type":"article","og_title":"Fotpleie -","og_description":"[vc_row full_width=&raquo;stretch_row_content_no_spaces&raquo; equal_height=&raquo;yes&raquo; content_placement=&raquo;middle&raquo; css_animation=&raquo;none&raquo;][vc_column][\/vc_column][\/vc_row][vc_row full_width=&raquo;stretch_row&raquo; css=&raquo;.vc_custom_1571563010086{background-color: rgba(81,63,104,0.85) !important;*background-color: rgb(81,63,104) !important;}&raquo;][vc_column width=&raquo;5\/6&#8243;][vc_empty_space][vc_btn title=&raquo;VOKSING KVINNER&raquo; shape=&raquo;square&raquo; color=&raquo;mulled-wine&raquo; size=&raquo;xs&raquo; link=&raquo;url:https%3A%2F%2Fwaxonwaxoff.no%2Findex.php%2Fbehandlinger%2Fstripsvoks-2%2F|title:voksing%20kvinner||&raquo;][vc_btn title=&raquo;VOKSING MENN&raquo; [&hellip;]","og_url":"https:\/\/waxonwaxoff.no\/index.php\/fotpleie\/","article_modified_time":"2020-10-13T19:22:05+00:00","twitter_card":"summary","twitter_misc":{"Ansl. lesetid":"3 minutter"},"schema":{"@context":"https:\/\/schema.org","@graph":[{"@type":"WebSite","@id":"https:\/\/waxonwaxoff.no\/#website","url":"https:\/\/waxonwaxoff.no\/","name":"","description":"","potentialAction":[{"@type":"SearchAction","target":{"@type":"EntryPoint","urlTemplate":"https:\/\/waxonwaxoff.no\/?s={search_term_string}"},"query-input":"required name=search_term_string"}],"inLanguage":"nb-NO"},{"@type":"WebPage","@id":"https:\/\/waxonwaxoff.no\/index.php\/fotpleie\/#webpage","url":"https:\/\/waxonwaxoff.no\/index.php\/fotpleie\/","name":"Fotpleie -","isPartOf":{"@id":"https:\/\/waxonwaxoff.no\/#website"},"datePublished":"2018-04-22T18:56:46+00:00","dateModified":"2020-10-13T19:22:05+00:00","breadcrumb":{"@id":"https:\/\/waxonwaxoff.no\/index.php\/fotpleie\/#breadcrumb"},"inLanguage":"nb-NO","potentialAction":[{"@type":"ReadAction","target":["https:\/\/waxonwaxoff.no\/index.php\/fotpleie\/"]}]},{"@type":"BreadcrumbList","@id":"https:\/\/waxonwaxoff.no\/index.php\/fotpleie\/#breadcrumb","itemListElement":[{"@type":"ListItem","position":1,"name":"Hjem","item":"https:\/\/waxonwaxoff.no\/"},{"@type":"ListItem","position":2,"name":"Fotpleie"}]}]}},"_links":{"self":[{"href":"https:\/\/waxonwaxoff.no\/index.php\/wp-json\/wp\/v2\/pages\/3617","targetHints":{"allow":["GET"]}}],"collection":[{"href":"https:\/\/waxonwaxoff.no\/index.php\/wp-json\/wp\/v2\/pages"}],"about":[{"href":"https:\/\/waxonwaxoff.no\/index.php\/wp-json\/wp\/v2\/types\/page"}],"author":[{"embeddable":true,"href":"https:\/\/waxonwaxoff.no\/index.php\/wp-json\/wp\/v2\/users\/47"}],"replies":[{"embeddable":true,"href":"https:\/\/waxonwaxoff.no\/index.php\/wp-json\/wp\/v2\/comments?post=3617"}],"version-history":[{"count":55,"href":"https:\/\/waxonwaxoff.no\/index.php\/wp-json\/wp\/v2\/pages\/3617\/revisions"}],"predecessor-version":[{"id":6681,"href":"https:\/\/waxonwaxoff.no\/index.php\/wp-json\/wp\/v2\/pages\/3617\/revisions\/6681"}],"wp:attachment":[{"href":"https:\/\/waxonwaxoff.no\/index.php\/wp-json\/wp\/v2\/media?parent=3617"}],"curies":[{"name":"wp","href":"https:\/\/api.w.org\/{rel}","templated":true}]}}