{"id":349,"date":"2017-02-14T07:41:13","date_gmt":"2017-02-14T06:41:13","guid":{"rendered":"https:\/\/waxonwaxoff.no\/?page_id=349"},"modified":"2022-05-02T00:00:15","modified_gmt":"2022-05-01T22:00:15","slug":"voksing-kvinner","status":"publish","type":"page","link":"https:\/\/waxonwaxoff.no\/index.php\/behandlinger\/voksing-kvinner\/","title":{"rendered":"Voksing kvinner gml"},"content":{"rendered":"<p>[vc_row full_width=&raquo;stretch_row&raquo; css=&raquo;.vc_custom_1486971436201{background-position: center !important;background-repeat: no-repeat !important;background-size: cover !important;}&raquo;][vc_column][vc_row_inner equal_height=&raquo;yes&raquo; content_placement=&raquo;middle&raquo; css=&raquo;.vc_custom_1519827583843{margin-bottom: 0px !important;padding-top: 15px !important;padding-bottom: 0px !important;background: #b51212 url(https:\/\/waxonwaxoff.no\/wp-content\/uploads\/2017\/01\/wowobanner1.jpg?id=2703) !important;}&raquo;][vc_column_inner css=&raquo;.vc_custom_1487058063296{margin-bottom: 0px !important;}&raquo;][vc_column_text css=&raquo;.vc_custom_1508843262673{margin-bottom: 18px !important;}&raquo;]<\/p>\n<h1 style=\"text-align: center;\"><span style=\"color: #ffffff;\">Voksing kvinner -Prisliste<\/span><\/h1>\n<p>[\/vc_column_text][\/vc_column_inner][\/vc_row_inner][vc_row_inner css=&raquo;.vc_custom_1487578366201{padding-top: 15px !important;background-color: #ffffff !important;}&raquo;][vc_column_inner][vc_column_text]<\/p>\n<div id=\"i06m4u05_0\" class=\"s6\" data-reactid=\".0.$SITE_ROOT.$desktop_siteRoot.$PAGES_CONTAINER.1.1.$SITE_PAGES.$c3ow.3.$i06m4u05_0\">\n<p class=\"font_7\" style=\"text-align: center;\"><span style=\"color: #000000;\">I Wax ON! Wax OFF har vi forskjellige niv\u00e5 p\u00e5\u00a0terapeutene:<br \/>\n<strong>Vanlig<\/strong> voksterapeut og <strong>Elite<\/strong>terapeut. Dette\u00a0kommer av\u00a0deres erfaring\/ansiennitet og\u00a0resultater i bedriften.<\/span><\/p>\n<p class=\"font_7\" style=\"text-align: center;\"><strong><span style=\"color: #000000;\">Merk at det derfor er noe prisforskjell mellom niv\u00e5ene.<\/span><\/strong><\/p>\n<\/div>\n<div id=\"i06m4u05_4\" class=\"s8\" style=\"text-align: center;\" title=\"waxing.jpg\" data-reactid=\".0.$SITE_ROOT.$desktop_siteRoot.$PAGES_CONTAINER.1.1.$SITE_PAGES.$c3ow.3.$i06m4u05_4\" data-exact-height=\"270\" data-content-padding-horizontal=\"14\" data-content-padding-vertical=\"14\"><\/div>\n<p>[\/vc_column_text][\/vc_column_inner][\/vc_row_inner][vc_row_inner css=&raquo;.vc_custom_1487578432225{background-color: #ffffff !important;}&raquo;][vc_column_inner][vc_single_image image=&raquo;1817&#8243; img_size=&raquo;medium&raquo; alignment=&raquo;center&raquo;][\/vc_column_inner][\/vc_row_inner][vc_row_inner css=&raquo;.vc_custom_1487578377638{background-color: #ffffff !important;}&raquo;][vc_column_inner width=&raquo;1\/3&#8243;][vc_column_text]<span id=\"tablepress-2-description\" class=\"tablepress-table-description tablepress-table-description-id-2\"><\/span>\n\n<table id=\"tablepress-2\" class=\"tablepress tablepress-id-2\" aria-describedby=\"tablepress-2-description\">\n<thead>\n<tr class=\"row-1 odd\">\n\t<th class=\"column-1\">Kroppsvoksing:<\/th><th class=\"column-2\">Pris:<\/th>\n<\/tr>\n<\/thead>\n<tbody class=\"row-hover\">\n<tr class=\"row-2 even\">\n\t<td class=\"column-1\"><strong>Legger <\/strong><br \/>\nHer fjernes h\u00e5r fra t\u00e6r, over vrist, leggene og opp til rett over knesk\u00e5len.<\/td><td class=\"column-2\"><strong>290,-<\/strong><\/td>\n<\/tr>\n<tr class=\"row-3 odd\">\n\t<td class=\"column-1\"><strong>L\u00e5r<\/strong><br \/>\nHer fjernes h\u00e5r fra nedenfor bikinilinjen, hele l\u00e5rene og til rett over knesk\u00e5len.<\/td><td class=\"column-2\"><strong> 390,-<\/strong><\/td>\n<\/tr>\n<tr class=\"row-4 even\">\n\t<td class=\"column-1\"><strong>Hele ben<\/strong> (legger+l\u00e5r)<br \/>\nHer fjernes h\u00e5r fra t\u00e6rne, over hele legger og l\u00e5r, og opp til bikinilinjen (bikinilinjen vokses ikke)<\/td><td class=\"column-2\"><strong>630,-<\/strong><\/td>\n<\/tr>\n<tr class=\"row-5 odd\">\n\t<td class=\"column-1\"><strong>Armer halv <\/strong><br \/>\nHer fjernes h\u00e5r fra fingrene og opp til albuen.<\/td><td class=\"column-2\"><strong>285,-<\/strong><\/td>\n<\/tr>\n<tr class=\"row-6 even\">\n\t<td class=\"column-1\"><strong>Armer hel<\/strong><br \/>\nHer fjernes h\u00e5r fra fingrene og opp til skuldrene.<\/td><td class=\"column-2\"><strong>470,-<\/strong><\/td>\n<\/tr>\n<tr class=\"row-7 odd\">\n\t<td class=\"column-1\"><strong>Hele armer inkl armhuler.<\/strong><br \/>\nHer fjernes h\u00e5r fra fingrene og opp til skuldrene inkl armhulene.<\/td><td class=\"column-2\"><strong>570,-<\/strong><\/td>\n<\/tr>\n<tr class=\"row-8 even\">\n\t<td class=\"column-1\">Armhuler<\/td><td class=\"column-2\">199,-<\/td>\n<\/tr>\n<tr class=\"row-9 odd\">\n\t<td class=\"column-1\">Armhuler med Sugaring Wax<\/td><td class=\"column-2\">250,-<\/td>\n<\/tr>\n<tr class=\"row-10 even\">\n\t<td class=\"column-1\">Hender + fingre<\/td><td class=\"column-2\">190,-<\/td>\n<\/tr>\n<tr class=\"row-11 odd\">\n\t<td class=\"column-1\">Mage <\/td><td class=\"column-2\">300,-<\/td>\n<\/tr>\n<tr class=\"row-12 even\">\n\t<td class=\"column-1\">Hel rygg <\/td><td class=\"column-2\">399,-<\/td>\n<\/tr>\n<tr class=\"row-13 odd\">\n\t<td class=\"column-1\">Halv rygg (\u00f8vre eller nedre del)<\/td><td class=\"column-2\">210,-<\/td>\n<\/tr>\n<tr class=\"row-14 even\">\n\t<td class=\"column-1\">Bryst<\/td><td class=\"column-2\">300,-<\/td>\n<\/tr>\n<tr class=\"row-15 odd\">\n\t<td class=\"column-1\">Rygg + mage + bryst<\/td><td class=\"column-2\">735,-<\/td>\n<\/tr>\n<tr class=\"row-16 even\">\n\t<td class=\"column-1\">Voks rumpeballer<\/td><td class=\"column-2\">230,-<\/td>\n<\/tr>\n<tr class=\"row-17 odd\">\n\t<td class=\"column-1\">Voks bak i rumpen<\/td><td class=\"column-2\">200,-<\/td>\n<\/tr>\n<\/tbody>\n<tfoot>\n<tr class=\"row-18 even\">\n\t<th class=\"column-1\"><\/th><th class=\"column-2\"><\/th>\n<\/tr>\n<\/tfoot>\n<\/table>\n<!-- #tablepress-2 from cache -->[\/vc_column_text][\/vc_column_inner][vc_column_inner width=&raquo;1\/3&#8243; css=&raquo;.vc_custom_1486567811230{border-radius: 2px !important;}&raquo;][vc_column_text]<span id=\"tablepress-3-description\" class=\"tablepress-table-description tablepress-table-description-id-3\"><\/span>\n\n<table id=\"tablepress-3\" class=\"tablepress tablepress-id-3\" aria-describedby=\"tablepress-3-description\">\n<thead>\n<tr class=\"row-1 odd\">\n\t<th class=\"column-1\">Brasiliansk med stripsvoks<\/th><th class=\"column-2\">Pris:<\/th>\n<\/tr>\n<\/thead>\n<tbody class=\"row-hover\">\n<tr class=\"row-2 even\">\n\t<td class=\"column-1\">Brasiliansk strips + legger<\/td><td class=\"column-2\">kr. 660,-<\/td>\n<\/tr>\n<tr class=\"row-3 odd\">\n\t<td class=\"column-1\">Brasiliansk strips + l\u00e5r<\/td><td class=\"column-2\">kr. 725,-<\/td>\n<\/tr>\n<tr class=\"row-4 even\">\n\t<td class=\"column-1\">Brasiliansk strips + hele ben<br \/>\n<\/td><td class=\"column-2\">kr. 910,-<\/td>\n<\/tr>\n<\/tbody>\n<\/table>\n<!-- #tablepress-3 from cache -->[\/vc_column_text][vc_column_text]<strong>Vi setter opp egne pakkepriser for deg om du vokser flere ting samtidig. Be om pakkepris.<\/strong>[\/vc_column_text][\/vc_column_inner][vc_column_inner width=&raquo;1\/3&#8243;][vc_column_text]<span id=\"tablepress-4-description\" class=\"tablepress-table-description tablepress-table-description-id-4\"><\/span>\n\n<table id=\"tablepress-4\" class=\"tablepress tablepress-id-4\" aria-describedby=\"tablepress-4-description\">\n<thead>\n<tr class=\"row-1 odd\">\n\t<th class=\"column-1\">Ansiktsvoksing:<\/th><th class=\"column-2\">Pris:<\/th>\n<\/tr>\n<\/thead>\n<tbody class=\"row-hover\">\n<tr class=\"row-2 even\">\n\t<td class=\"column-1\">Ansikt uten bryn<\/td><td class=\"column-2\">430,-<\/td>\n<\/tr>\n<tr class=\"row-3 odd\">\n\t<td class=\"column-1\">Ansikt med bryn<\/td><td class=\"column-2\">530,-<\/td>\n<\/tr>\n<tr class=\"row-4 even\">\n\t<td class=\"column-1\">Bryn<\/td><td class=\"column-2\">fra 200,-<\/td>\n<\/tr>\n<tr class=\"row-5 odd\">\n\t<td class=\"column-1\">Bryn (forming) med Sugaring Wax<\/td><td class=\"column-2\">390,-<\/td>\n<\/tr>\n<tr class=\"row-6 even\">\n\t<td class=\"column-1\">Nesebor<\/td><td class=\"column-2\">250,-<\/td>\n<\/tr>\n<tr class=\"row-7 odd\">\n\t<td class=\"column-1\">Overleppe<\/td><td class=\"column-2\">190,-<\/td>\n<\/tr>\n<tr class=\"row-8 even\">\n\t<td class=\"column-1\">Overleppe med Sugaring Wax<\/td><td class=\"column-2\">220,-<\/td>\n<\/tr>\n<tr class=\"row-9 odd\">\n\t<td class=\"column-1\">Hake<\/td><td class=\"column-2\">190,-<\/td>\n<\/tr>\n<tr class=\"row-10 even\">\n\t<td class=\"column-1\">Hake med Sugaring Wax<\/td><td class=\"column-2\">300,-<\/td>\n<\/tr>\n<tr class=\"row-11 odd\">\n\t<td class=\"column-1\">Kinn<\/td><td class=\"column-2\">190,-<\/td>\n<\/tr>\n<\/tbody>\n<tfoot>\n<tr class=\"row-12 even\">\n\t<th class=\"column-1\"><\/th><th class=\"column-2\"><\/th>\n<\/tr>\n<\/tfoot>\n<\/table>\n<!-- #tablepress-4 from cache -->[\/vc_column_text][\/vc_column_inner][\/vc_row_inner][vc_row_inner css=&raquo;.vc_custom_1487578387005{background-color: #ffffff !important;}&raquo;][vc_column_inner][vc_column_text]Vi informerer om at i alle behandlinger som omhandler voks legger, s\u00e5 er voks av vristen og t\u00e6rne inkludert. I alle behandlinger som inkluderer voks av armene er hender og fingrene inkludert. Det gis ikke rabatt om man ikke vokser dette. Det er kun en ekstra service vi gir alle v\u00e5re kunder inkludert i prisen for voks legger\/armer.[\/vc_column_text][\/vc_column_inner][\/vc_row_inner][vc_row_inner css=&raquo;.vc_custom_1487578393540{background-color: #ffffff !important;}&raquo;][vc_column_inner width=&raquo;1\/3&#8243;][vc_column_text]<h2 id=\"tablepress-5-name\" class=\"tablepress-table-name tablepress-table-name-id-5\">Sugaring kroppsvoksing<\/h2>\n<span id=\"tablepress-5-description\" class=\"tablepress-table-description tablepress-table-description-id-5\">Sukkerpasta \/ h\u00e5rfjerning kvinner<\/span>\n\n<table id=\"tablepress-5\" class=\"tablepress tablepress-id-5\" aria-labelledby=\"tablepress-5-name\" aria-describedby=\"tablepress-5-description\">\n<tbody>\n<tr class=\"row-1\">\n\t<td class=\"column-1\">Brasiliansk<\/td><td class=\"column-2\">680,-<\/td>\n<\/tr>\n<tr class=\"row-2\">\n\t<td class=\"column-1\">Bikinilinje<\/td><td class=\"column-2\">370,-<\/td>\n<\/tr>\n<tr class=\"row-3\">\n\t<td class=\"column-1\">Bikini Pluss<\/td><td class=\"column-2\">510,-<\/td>\n<\/tr>\n<tr class=\"row-4\">\n\t<td class=\"column-1\">Armhuler<\/td><td class=\"column-2\">250,-<\/td>\n<\/tr>\n<tr class=\"row-5\">\n\t<td class=\"column-1\">Overleppe<\/td><td class=\"column-2\">220,-<\/td>\n<\/tr>\n<tr class=\"row-6\">\n\t<td class=\"column-1\">Hake<\/td><td class=\"column-2\">300,-<\/td>\n<\/tr>\n<tr class=\"row-7\">\n\t<td class=\"column-1\">Bryn (forming)<\/td><td class=\"column-2\">399,-<\/td>\n<\/tr>\n<\/tbody>\n<\/table>\n<!-- #tablepress-5 from cache -->[\/vc_column_text][\/vc_column_inner][vc_column_inner width=&raquo;1\/3&#8243; css=&raquo;.vc_custom_1486567811230{border-radius: 2px !important;}&raquo;][vc_column_text]<h2 id=\"tablepress-6-name\" class=\"tablepress-table-name tablepress-table-name-id-6\">Sugaring ansiktsvoksing<\/h2>\n<span id=\"tablepress-6-description\" class=\"tablepress-table-description tablepress-table-description-id-6\">Sukkerpasta \/ h\u00e5rfjerning kvinner<\/span>\n\n<table id=\"tablepress-6\" class=\"tablepress tablepress-id-6\" aria-labelledby=\"tablepress-6-name\" aria-describedby=\"tablepress-6-description\">\n<tbody>\n<tr class=\"row-1\">\n\t<td class=\"column-1\">Overleppe<\/td><td class=\"column-2\">210,-<\/td>\n<\/tr>\n<tr class=\"row-2\">\n\t<td class=\"column-1\">Hake<\/td><td class=\"column-2\">299,-<\/td>\n<\/tr>\n<tr class=\"row-3\">\n\t<td class=\"column-1\">Bryn (forming)<\/td><td class=\"column-2\">399,-<\/td>\n<\/tr>\n<\/tbody>\n<\/table>\n<!-- #tablepress-6 from cache -->[\/vc_column_text][vc_column_text]<a href=\"https:\/\/waxonwaxoff.no\/index.php\/behandlinger\/sugaring-harfjerning-med-sukkervoks\/\"><span style=\"color: #b51212;\"><strong>Les mer om &laquo;Sugaring&raquo;&#8230;<\/strong><\/span><\/a>[\/vc_column_text][\/vc_column_inner][vc_column_inner width=&raquo;1\/3&#8243;][vc_single_image image=&raquo;376&#8243; img_size=&raquo;full&raquo;][\/vc_column_inner][\/vc_row_inner][vc_row_inner css=&raquo;.vc_custom_1487578399996{background-color: #ffffff !important;}&raquo;][vc_column_inner][vc_column_text]<strong>Sugaring utf\u00f8res hovedsakelig p\u00e5 sm\u00e5 omr\u00e5der, det er en tung behandling for hendene til terapeuten, s\u00e5 vi utf\u00f8rer ikke sugaring p\u00e5 l\u00e5r, rygg etc. Vi gj\u00f8r derfor heller ikke hel kropp med sugaring.\u00a0 Sugaring utf\u00f8res i avd. Holtegata, Bogstadveien og Welhavensgate.<\/strong>[\/vc_column_text][\/vc_column_inner][\/vc_row_inner][\/vc_column][\/vc_row]<\/p>\n","protected":false},"excerpt":{"rendered":"<p>[vc_row full_width=&raquo;stretch_row&raquo; css=&raquo;.vc_custom_1486971436201{background-position: center !important;background-repeat: no-repeat !important;background-size: cover !important;}&raquo;][vc_column][vc_row_inner equal_height=&raquo;yes&raquo; content_placement=&raquo;middle&raquo; css=&raquo;.vc_custom_1519827583843{margin-bottom: 0px !important;padding-top: 15px !important;padding-bottom: 0px !important;background: #b51212 url(https:\/\/waxonwaxoff.no\/wp-content\/uploads\/2017\/01\/wowobanner1.jpg?id=2703) [&hellip;]<\/p>\n","protected":false},"author":1,"featured_media":0,"parent":12,"menu_order":0,"comment_status":"closed","ping_status":"closed","template":"","meta":{"_monsterinsights_skip_tracking":false,"_monsterinsights_sitenote_active":false,"_monsterinsights_sitenote_note":"","_monsterinsights_sitenote_category":0,"footnotes":""},"class_list":["post-349","page","type-page","status-publish","hentry"],"yoast_head":"<!-- This site is optimized with the Yoast SEO plugin v17.7.1 - https:\/\/yoast.com\/wordpress\/plugins\/seo\/ -->\n<title>Voksing kvinner gml -<\/title>\n<meta name=\"robots\" content=\"index, follow, max-snippet:-1, max-image-preview:large, max-video-preview:-1\" \/>\n<link rel=\"canonical\" href=\"https:\/\/waxonwaxoff.no\/index.php\/behandlinger\/voksing-kvinner\/\" \/>\n<meta property=\"og:locale\" content=\"nb_NO\" \/>\n<meta property=\"og:type\" content=\"article\" \/>\n<meta property=\"og:title\" content=\"Voksing kvinner gml -\" \/>\n<meta property=\"og:description\" content=\"[vc_row full_width=&raquo;stretch_row&raquo; css=&raquo;.vc_custom_1486971436201{background-position: center !important;background-repeat: no-repeat !important;background-size: cover !important;}&raquo;][vc_column][vc_row_inner equal_height=&raquo;yes&raquo; content_placement=&raquo;middle&raquo; css=&raquo;.vc_custom_1519827583843{margin-bottom: 0px !important;padding-top: 15px !important;padding-bottom: 0px !important;background: #b51212 url(https:\/\/waxonwaxoff.no\/wp-content\/uploads\/2017\/01\/wowobanner1.jpg?id=2703) [&hellip;]\" \/>\n<meta property=\"og:url\" content=\"https:\/\/waxonwaxoff.no\/index.php\/behandlinger\/voksing-kvinner\/\" \/>\n<meta property=\"article:modified_time\" content=\"2022-05-01T22:00:15+00:00\" \/>\n<meta name=\"twitter:card\" content=\"summary\" \/>\n<meta name=\"twitter:label1\" content=\"Ansl. lesetid\" \/>\n\t<meta name=\"twitter:data1\" content=\"2 minutter\" \/>\n<script type=\"application\/ld+json\" class=\"yoast-schema-graph\">{\"@context\":\"https:\/\/schema.org\",\"@graph\":[{\"@type\":\"WebSite\",\"@id\":\"https:\/\/waxonwaxoff.no\/#website\",\"url\":\"https:\/\/waxonwaxoff.no\/\",\"name\":\"\",\"description\":\"\",\"potentialAction\":[{\"@type\":\"SearchAction\",\"target\":{\"@type\":\"EntryPoint\",\"urlTemplate\":\"https:\/\/waxonwaxoff.no\/?s={search_term_string}\"},\"query-input\":\"required name=search_term_string\"}],\"inLanguage\":\"nb-NO\"},{\"@type\":\"WebPage\",\"@id\":\"https:\/\/waxonwaxoff.no\/index.php\/behandlinger\/voksing-kvinner\/#webpage\",\"url\":\"https:\/\/waxonwaxoff.no\/index.php\/behandlinger\/voksing-kvinner\/\",\"name\":\"Voksing kvinner gml -\",\"isPartOf\":{\"@id\":\"https:\/\/waxonwaxoff.no\/#website\"},\"datePublished\":\"2017-02-14T06:41:13+00:00\",\"dateModified\":\"2022-05-01T22:00:15+00:00\",\"breadcrumb\":{\"@id\":\"https:\/\/waxonwaxoff.no\/index.php\/behandlinger\/voksing-kvinner\/#breadcrumb\"},\"inLanguage\":\"nb-NO\",\"potentialAction\":[{\"@type\":\"ReadAction\",\"target\":[\"https:\/\/waxonwaxoff.no\/index.php\/behandlinger\/voksing-kvinner\/\"]}]},{\"@type\":\"BreadcrumbList\",\"@id\":\"https:\/\/waxonwaxoff.no\/index.php\/behandlinger\/voksing-kvinner\/#breadcrumb\",\"itemListElement\":[{\"@type\":\"ListItem\",\"position\":1,\"name\":\"Hjem\",\"item\":\"https:\/\/waxonwaxoff.no\/\"},{\"@type\":\"ListItem\",\"position\":2,\"name\":\"Priser\",\"item\":\"https:\/\/waxonwaxoff.no\/index.php\/behandlinger\/\"},{\"@type\":\"ListItem\",\"position\":3,\"name\":\"Voksing kvinner gml\"}]}]}<\/script>\n<!-- \/ Yoast SEO plugin. -->","yoast_head_json":{"title":"Voksing kvinner gml -","robots":{"index":"index","follow":"follow","max-snippet":"max-snippet:-1","max-image-preview":"max-image-preview:large","max-video-preview":"max-video-preview:-1"},"canonical":"https:\/\/waxonwaxoff.no\/index.php\/behandlinger\/voksing-kvinner\/","og_locale":"nb_NO","og_type":"article","og_title":"Voksing kvinner gml -","og_description":"[vc_row full_width=&raquo;stretch_row&raquo; css=&raquo;.vc_custom_1486971436201{background-position: center !important;background-repeat: no-repeat !important;background-size: cover !important;}&raquo;][vc_column][vc_row_inner equal_height=&raquo;yes&raquo; content_placement=&raquo;middle&raquo; css=&raquo;.vc_custom_1519827583843{margin-bottom: 0px !important;padding-top: 15px !important;padding-bottom: 0px !important;background: #b51212 url(https:\/\/waxonwaxoff.no\/wp-content\/uploads\/2017\/01\/wowobanner1.jpg?id=2703) [&hellip;]","og_url":"https:\/\/waxonwaxoff.no\/index.php\/behandlinger\/voksing-kvinner\/","article_modified_time":"2022-05-01T22:00:15+00:00","twitter_card":"summary","twitter_misc":{"Ansl. lesetid":"2 minutter"},"schema":{"@context":"https:\/\/schema.org","@graph":[{"@type":"WebSite","@id":"https:\/\/waxonwaxoff.no\/#website","url":"https:\/\/waxonwaxoff.no\/","name":"","description":"","potentialAction":[{"@type":"SearchAction","target":{"@type":"EntryPoint","urlTemplate":"https:\/\/waxonwaxoff.no\/?s={search_term_string}"},"query-input":"required name=search_term_string"}],"inLanguage":"nb-NO"},{"@type":"WebPage","@id":"https:\/\/waxonwaxoff.no\/index.php\/behandlinger\/voksing-kvinner\/#webpage","url":"https:\/\/waxonwaxoff.no\/index.php\/behandlinger\/voksing-kvinner\/","name":"Voksing kvinner gml -","isPartOf":{"@id":"https:\/\/waxonwaxoff.no\/#website"},"datePublished":"2017-02-14T06:41:13+00:00","dateModified":"2022-05-01T22:00:15+00:00","breadcrumb":{"@id":"https:\/\/waxonwaxoff.no\/index.php\/behandlinger\/voksing-kvinner\/#breadcrumb"},"inLanguage":"nb-NO","potentialAction":[{"@type":"ReadAction","target":["https:\/\/waxonwaxoff.no\/index.php\/behandlinger\/voksing-kvinner\/"]}]},{"@type":"BreadcrumbList","@id":"https:\/\/waxonwaxoff.no\/index.php\/behandlinger\/voksing-kvinner\/#breadcrumb","itemListElement":[{"@type":"ListItem","position":1,"name":"Hjem","item":"https:\/\/waxonwaxoff.no\/"},{"@type":"ListItem","position":2,"name":"Priser","item":"https:\/\/waxonwaxoff.no\/index.php\/behandlinger\/"},{"@type":"ListItem","position":3,"name":"Voksing kvinner gml"}]}]}},"_links":{"self":[{"href":"https:\/\/waxonwaxoff.no\/index.php\/wp-json\/wp\/v2\/pages\/349","targetHints":{"allow":["GET"]}}],"collection":[{"href":"https:\/\/waxonwaxoff.no\/index.php\/wp-json\/wp\/v2\/pages"}],"about":[{"href":"https:\/\/waxonwaxoff.no\/index.php\/wp-json\/wp\/v2\/types\/page"}],"author":[{"embeddable":true,"href":"https:\/\/waxonwaxoff.no\/index.php\/wp-json\/wp\/v2\/users\/1"}],"replies":[{"embeddable":true,"href":"https:\/\/waxonwaxoff.no\/index.php\/wp-json\/wp\/v2\/comments?post=349"}],"version-history":[{"count":63,"href":"https:\/\/waxonwaxoff.no\/index.php\/wp-json\/wp\/v2\/pages\/349\/revisions"}],"predecessor-version":[{"id":7444,"href":"https:\/\/waxonwaxoff.no\/index.php\/wp-json\/wp\/v2\/pages\/349\/revisions\/7444"}],"up":[{"embeddable":true,"href":"https:\/\/waxonwaxoff.no\/index.php\/wp-json\/wp\/v2\/pages\/12"}],"wp:attachment":[{"href":"https:\/\/waxonwaxoff.no\/index.php\/wp-json\/wp\/v2\/media?parent=349"}],"curies":[{"name":"wp","href":"https:\/\/api.w.org\/{rel}","templated":true}]}}