{"id":3283,"date":"2018-04-07T13:47:23","date_gmt":"2018-04-07T11:47:23","guid":{"rendered":"https:\/\/waxonwaxoff.no\/?page_id=3283"},"modified":"2026-04-01T11:58:57","modified_gmt":"2026-04-01T09:58:57","slug":"tilbud","status":"publish","type":"page","link":"https:\/\/waxonwaxoff.no\/index.php\/tilbud\/","title":{"rendered":"Tilbud \/ Nyheter \/ kampanjer"},"content":{"rendered":"<p>[vc_row][vc_column][vc_custom_heading text=&raquo;Tilbud&raquo; font_container=&raquo;tag:h2|text_align:center|color:%23000000&#8243;][vc_separator color=&raquo;black&raquo;][vc_row_inner][vc_column_inner][\/vc_column_inner][\/vc_row_inner][\/vc_column][\/vc_row][vc_row][vc_column width=&raquo;1\/3&#8243;][vc_hoverbox image=&raquo;8395&#8243; primary_title=&raquo;Studentrabatter &#8211; Klikk her&raquo; primary_title_font_container=&raquo;color:%23ffffff&raquo; hover_title=&raquo;Studentrabatter&raquo; shape=&raquo;square&raquo; align=&raquo;left&raquo; hover_btn_title=&raquo;Bestill&raquo; use_custom_fonts_primary_title=&raquo;true&raquo; hover_add_button=&raquo;true&raquo; hover_btn_link=&raquo;url:https%3A%2F%2Fwww.eadministration.dk%2Fkunde%2Fbook.asp%3Fo%3D1%26klient%3D886|target:_blank&raquo;]<strong>STUDENTPRISER i avd. Pilestredet, Oslo v\/ Oslo MET sentrum<\/strong><\/p>\n<p><strong>GJELDER FRA 25.08.25 \u2013 31.05.2026 av veil priser:<\/strong><\/p>\n<p><strong>-15% r<\/strong><strong>abatt<\/strong>\u00a0p\u00e5\u00a0<strong>Brasiliansk voksing + bikinivoksing (kvinner) og p\u00e5 ManZilian til Malene i avd Pilestredet.<\/strong><\/p>\n<p><strong>-10% rabatt<\/strong> p\u00e5 all annen <strong>kroppsvoksing<\/strong>\u00a0 for b\u00e5de kvinner og menn (armer, ben, mage, rygg) for kvinner og menn.<\/p>\n<p><strong>Vi gir studentrabatten hele \u00e5ret unntatt juni, juli og f\u00f8rste del av august. (vi skriver dato for oppstart i august her p\u00e5 hjemmesiden da det varierer \u00e5r til \u00e5r) <\/strong>\u00a0Rabatten gis ved fremvisning av gyldig studentbevis for n\u00e5v\u00e6rende semester. Ved glemt studentbevis gir vi ikke rabatt.[\/vc_hoverbox][\/vc_column][vc_column width=&raquo;1\/3&#8243;][vc_hoverbox image=&raquo;7267&#8243; primary_title=&raquo;Tilbud for NYE kunder &#8211; Klikk her&raquo; primary_title_font_container=&raquo;color:%23ffffff&raquo; hover_title=&raquo;Tilbud for NYE kunder&raquo; shape=&raquo;square&raquo; align=&raquo;left&raquo; hover_btn_title=&raquo;Bestill&raquo; use_custom_fonts_primary_title=&raquo;true&raquo; hover_add_button=&raquo;true&raquo; hover_btn_link=&raquo;url:https%3A%2F%2Fwww.eadministration.dk%2Fkunde%2Fbook.asp%3Fo%3D1%26klient%3D886|target:_blank&raquo;]<strong>KAMPANJEPRISER<\/strong><\/p>\n<p><strong>Brasiliansk NY kunde for kvinner kun 550kr (veil 660kr)<\/strong> (Gjelder for deg som er kvinne og aldri har v\u00e6rt hos oss og gjort behandling tidligere. Behandlingen utf\u00f8res med Hotwax \/ sensitiv voks)<\/p>\n<p><strong>Voks rygg &amp; skuldre NY kunde for menn kun 550kr (veil 630kr)<\/strong> (Gjelder for deg som er mann og aldri har v\u00e6rt hos oss og gjort behandling tidligere)<\/p>\n<p>Det gis ikke studentrabatt p\u00e5 kampanjeprisene.[\/vc_hoverbox][\/vc_column][vc_column width=&raquo;1\/3&#8243;][vc_column_text]Bli med i kundeklubben og motta fordeler og spesialtilbud som ikke legges ut andre steder p\u00e5 nett! Det kan v\u00e6re dagstilbud, ukestilbud etc. Som medlem i klubben har du fast 10% rabatt p\u00e5 alle produkter i Wax ON! Wax OFF.<\/p>\n<p>Som medlem av kundeklubben m\u00e5 du akseptere \u00e5 motta v\u00e5re tilbudsmailer. Vi sender ikke ut p\u00e5 SMS.<\/p>\n<p>Send en mail til oss til <a href=\"mailto:linda@waxonwaxoff.no\">linda@waxonwaxoff.no<\/a>, eller si fra til terapeuten din n\u00e5r du er til behandling \ud83d\ude42 Du kan ogs\u00e5 legge deg til selv i din profil i Online Bookingen v\u00e5r der du har navn, adresse,epostadresse osv. Helt nederst p\u00e5 den siden kan du huke deg av for \u00e5 bli med i klubben.<\/p>\n<p>F\u00f8lg oss p\u00e5 <strong><a href=\"https:\/\/www.instagram.com\/waxonwaxoff.no\/\">Instagram<\/a><\/strong> og <a href=\"https:\/\/www.facebook.com\/waxonwaxoff.no\/\"><strong>Facebook<\/strong><\/a> for \u00e5 holde deg oppdatert p\u00e5 hva som skjer, tilbud vi har, nyheter osv. Du kommer ogs\u00e5 raskt i kontakt med oss p\u00e5 disse kanalene.[\/vc_column_text][\/vc_column][\/vc_row][vc_row][vc_column width=&raquo;1\/3&#8243;][\/vc_column][vc_column width=&raquo;1\/3&#8243;][\/vc_column][vc_column width=&raquo;1\/3&#8243;][\/vc_column][\/vc_row][vc_row][vc_column][vc_empty_space height=&raquo;60px&raquo;][\/vc_column][\/vc_row][vc_row][vc_column][vc_empty_space][vc_empty_space][vc_separator color=&raquo;mulled_wine&raquo; style=&raquo;shadow&raquo;][\/vc_column][\/vc_row][vc_row][vc_column width=&raquo;2\/3&#8243;][vc_empty_space][vc_empty_space][\/vc_column][vc_column width=&raquo;1\/3&#8243;][vc_empty_space][\/vc_column][\/vc_row]<\/p>\n","protected":false},"excerpt":{"rendered":"<p>[vc_row][vc_column][vc_custom_heading text=&raquo;Tilbud&raquo; font_container=&raquo;tag:h2|text_align:center|color:%23000000&#8243;][vc_separator color=&raquo;black&raquo;][vc_row_inner][vc_column_inner][\/vc_column_inner][\/vc_row_inner][\/vc_column][\/vc_row][vc_row][vc_column width=&raquo;1\/3&#8243;][vc_hoverbox image=&raquo;8395&#8243; primary_title=&raquo;Studentrabatter &#8211; Klikk her&raquo; primary_title_font_container=&raquo;color:%23ffffff&raquo; hover_title=&raquo;Studentrabatter&raquo; shape=&raquo;square&raquo; align=&raquo;left&raquo; hover_btn_title=&raquo;Bestill&raquo; use_custom_fonts_primary_title=&raquo;true&raquo; hover_add_button=&raquo;true&raquo; hover_btn_link=&raquo;url:https%3A%2F%2Fwww.eadministration.dk%2Fkunde%2Fbook.asp%3Fo%3D1%26klient%3D886|target:_blank&raquo;]STUDENTPRISER i avd. [&hellip;]<\/p>\n","protected":false},"author":47,"featured_media":0,"parent":0,"menu_order":0,"comment_status":"closed","ping_status":"closed","template":"","meta":{"_monsterinsights_skip_tracking":false,"_monsterinsights_sitenote_active":false,"_monsterinsights_sitenote_note":"","_monsterinsights_sitenote_category":0,"footnotes":""},"class_list":["post-3283","page","type-page","status-publish","hentry"],"yoast_head":"<!-- This site is optimized with the Yoast SEO plugin v17.7.1 - https:\/\/yoast.com\/wordpress\/plugins\/seo\/ -->\n<title>Tilbud \/ Nyheter \/ kampanjer -<\/title>\n<meta name=\"robots\" content=\"index, follow, max-snippet:-1, max-image-preview:large, max-video-preview:-1\" \/>\n<link rel=\"canonical\" href=\"https:\/\/waxonwaxoff.no\/index.php\/tilbud\/\" \/>\n<meta property=\"og:locale\" content=\"nb_NO\" \/>\n<meta property=\"og:type\" content=\"article\" \/>\n<meta property=\"og:title\" content=\"Tilbud \/ Nyheter \/ kampanjer -\" \/>\n<meta property=\"og:description\" content=\"[vc_row][vc_column][vc_custom_heading text=&raquo;Tilbud&raquo; font_container=&raquo;tag:h2|text_align:center|color:%23000000&#8243;][vc_separator color=&raquo;black&raquo;][vc_row_inner][vc_column_inner][\/vc_column_inner][\/vc_row_inner][\/vc_column][\/vc_row][vc_row][vc_column width=&raquo;1\/3&#8243;][vc_hoverbox image=&raquo;8395&#8243; primary_title=&raquo;Studentrabatter &#8211; Klikk her&raquo; primary_title_font_container=&raquo;color:%23ffffff&raquo; hover_title=&raquo;Studentrabatter&raquo; shape=&raquo;square&raquo; align=&raquo;left&raquo; hover_btn_title=&raquo;Bestill&raquo; use_custom_fonts_primary_title=&raquo;true&raquo; hover_add_button=&raquo;true&raquo; hover_btn_link=&raquo;url:https%3A%2F%2Fwww.eadministration.dk%2Fkunde%2Fbook.asp%3Fo%3D1%26klient%3D886|target:_blank&raquo;]STUDENTPRISER i avd. [&hellip;]\" \/>\n<meta property=\"og:url\" content=\"https:\/\/waxonwaxoff.no\/index.php\/tilbud\/\" \/>\n<meta property=\"article:modified_time\" content=\"2026-04-01T09:58:57+00:00\" \/>\n<meta name=\"twitter:card\" content=\"summary\" \/>\n<meta name=\"twitter:label1\" content=\"Ansl. lesetid\" \/>\n\t<meta name=\"twitter:data1\" content=\"1 minutt\" \/>\n<script type=\"application\/ld+json\" class=\"yoast-schema-graph\">{\"@context\":\"https:\/\/schema.org\",\"@graph\":[{\"@type\":\"WebSite\",\"@id\":\"https:\/\/waxonwaxoff.no\/#website\",\"url\":\"https:\/\/waxonwaxoff.no\/\",\"name\":\"\",\"description\":\"\",\"potentialAction\":[{\"@type\":\"SearchAction\",\"target\":{\"@type\":\"EntryPoint\",\"urlTemplate\":\"https:\/\/waxonwaxoff.no\/?s={search_term_string}\"},\"query-input\":\"required name=search_term_string\"}],\"inLanguage\":\"nb-NO\"},{\"@type\":\"WebPage\",\"@id\":\"https:\/\/waxonwaxoff.no\/index.php\/tilbud\/#webpage\",\"url\":\"https:\/\/waxonwaxoff.no\/index.php\/tilbud\/\",\"name\":\"Tilbud \/ Nyheter \/ kampanjer -\",\"isPartOf\":{\"@id\":\"https:\/\/waxonwaxoff.no\/#website\"},\"datePublished\":\"2018-04-07T11:47:23+00:00\",\"dateModified\":\"2026-04-01T09:58:57+00:00\",\"breadcrumb\":{\"@id\":\"https:\/\/waxonwaxoff.no\/index.php\/tilbud\/#breadcrumb\"},\"inLanguage\":\"nb-NO\",\"potentialAction\":[{\"@type\":\"ReadAction\",\"target\":[\"https:\/\/waxonwaxoff.no\/index.php\/tilbud\/\"]}]},{\"@type\":\"BreadcrumbList\",\"@id\":\"https:\/\/waxonwaxoff.no\/index.php\/tilbud\/#breadcrumb\",\"itemListElement\":[{\"@type\":\"ListItem\",\"position\":1,\"name\":\"Hjem\",\"item\":\"https:\/\/waxonwaxoff.no\/\"},{\"@type\":\"ListItem\",\"position\":2,\"name\":\"Tilbud \/ Nyheter \/ kampanjer\"}]}]}<\/script>\n<!-- \/ Yoast SEO plugin. -->","yoast_head_json":{"title":"Tilbud \/ Nyheter \/ kampanjer -","robots":{"index":"index","follow":"follow","max-snippet":"max-snippet:-1","max-image-preview":"max-image-preview:large","max-video-preview":"max-video-preview:-1"},"canonical":"https:\/\/waxonwaxoff.no\/index.php\/tilbud\/","og_locale":"nb_NO","og_type":"article","og_title":"Tilbud \/ Nyheter \/ kampanjer -","og_description":"[vc_row][vc_column][vc_custom_heading text=&raquo;Tilbud&raquo; font_container=&raquo;tag:h2|text_align:center|color:%23000000&#8243;][vc_separator color=&raquo;black&raquo;][vc_row_inner][vc_column_inner][\/vc_column_inner][\/vc_row_inner][\/vc_column][\/vc_row][vc_row][vc_column width=&raquo;1\/3&#8243;][vc_hoverbox image=&raquo;8395&#8243; primary_title=&raquo;Studentrabatter &#8211; Klikk her&raquo; primary_title_font_container=&raquo;color:%23ffffff&raquo; hover_title=&raquo;Studentrabatter&raquo; shape=&raquo;square&raquo; align=&raquo;left&raquo; hover_btn_title=&raquo;Bestill&raquo; use_custom_fonts_primary_title=&raquo;true&raquo; hover_add_button=&raquo;true&raquo; hover_btn_link=&raquo;url:https%3A%2F%2Fwww.eadministration.dk%2Fkunde%2Fbook.asp%3Fo%3D1%26klient%3D886|target:_blank&raquo;]STUDENTPRISER i avd. [&hellip;]","og_url":"https:\/\/waxonwaxoff.no\/index.php\/tilbud\/","article_modified_time":"2026-04-01T09:58:57+00:00","twitter_card":"summary","twitter_misc":{"Ansl. lesetid":"1 minutt"},"schema":{"@context":"https:\/\/schema.org","@graph":[{"@type":"WebSite","@id":"https:\/\/waxonwaxoff.no\/#website","url":"https:\/\/waxonwaxoff.no\/","name":"","description":"","potentialAction":[{"@type":"SearchAction","target":{"@type":"EntryPoint","urlTemplate":"https:\/\/waxonwaxoff.no\/?s={search_term_string}"},"query-input":"required name=search_term_string"}],"inLanguage":"nb-NO"},{"@type":"WebPage","@id":"https:\/\/waxonwaxoff.no\/index.php\/tilbud\/#webpage","url":"https:\/\/waxonwaxoff.no\/index.php\/tilbud\/","name":"Tilbud \/ Nyheter \/ kampanjer -","isPartOf":{"@id":"https:\/\/waxonwaxoff.no\/#website"},"datePublished":"2018-04-07T11:47:23+00:00","dateModified":"2026-04-01T09:58:57+00:00","breadcrumb":{"@id":"https:\/\/waxonwaxoff.no\/index.php\/tilbud\/#breadcrumb"},"inLanguage":"nb-NO","potentialAction":[{"@type":"ReadAction","target":["https:\/\/waxonwaxoff.no\/index.php\/tilbud\/"]}]},{"@type":"BreadcrumbList","@id":"https:\/\/waxonwaxoff.no\/index.php\/tilbud\/#breadcrumb","itemListElement":[{"@type":"ListItem","position":1,"name":"Hjem","item":"https:\/\/waxonwaxoff.no\/"},{"@type":"ListItem","position":2,"name":"Tilbud \/ Nyheter \/ kampanjer"}]}]}},"_links":{"self":[{"href":"https:\/\/waxonwaxoff.no\/index.php\/wp-json\/wp\/v2\/pages\/3283","targetHints":{"allow":["GET"]}}],"collection":[{"href":"https:\/\/waxonwaxoff.no\/index.php\/wp-json\/wp\/v2\/pages"}],"about":[{"href":"https:\/\/waxonwaxoff.no\/index.php\/wp-json\/wp\/v2\/types\/page"}],"author":[{"embeddable":true,"href":"https:\/\/waxonwaxoff.no\/index.php\/wp-json\/wp\/v2\/users\/47"}],"replies":[{"embeddable":true,"href":"https:\/\/waxonwaxoff.no\/index.php\/wp-json\/wp\/v2\/comments?post=3283"}],"version-history":[{"count":93,"href":"https:\/\/waxonwaxoff.no\/index.php\/wp-json\/wp\/v2\/pages\/3283\/revisions"}],"predecessor-version":[{"id":9903,"href":"https:\/\/waxonwaxoff.no\/index.php\/wp-json\/wp\/v2\/pages\/3283\/revisions\/9903"}],"wp:attachment":[{"href":"https:\/\/waxonwaxoff.no\/index.php\/wp-json\/wp\/v2\/media?parent=3283"}],"curies":[{"name":"wp","href":"https:\/\/api.w.org\/{rel}","templated":true}]}}