{"id":1690,"date":"2017-10-19T12:04:23","date_gmt":"2017-10-19T10:04:23","guid":{"rendered":"https:\/\/waxonwaxoff.no\/?page_id=1690"},"modified":"2026-04-08T09:37:10","modified_gmt":"2026-04-08T07:37:10","slug":"avd-pilestredet","status":"publish","type":"page","link":"https:\/\/waxonwaxoff.no\/index.php\/kontakt\/avd-pilestredet\/","title":{"rendered":"Oslo, Pilestredet"},"content":{"rendered":"<p>[vc_row full_width=&raquo;stretch_row&raquo; css=&raquo;.vc_custom_1486971436201{background-position: center !important;background-repeat: no-repeat !important;background-size: cover !important;}&raquo;][vc_column][vc_column_text]<\/p>\n<h3 style=\"text-align: center;\">Avd. Pilestredet<strong><br \/>\n<\/strong><\/h3>\n<p style=\"text-align: center;\">Pilestredet 39, Oslo<strong><br \/>\n<a href=\"mailto:pilestredet@waxonwaxoff.no\">pilestredet@waxonwaxoff.no<\/a><br \/>\n<\/strong><\/p>\n<p style=\"text-align: center;\"><strong>Kontakt oss p\u00e5 <a href=\"https:\/\/www.instagram.com\/waxonwaxoff.no\/\">Instagram<\/a> evt <a href=\"https:\/\/www.facebook.com\/waxonwaxoff.no\/\">Facebook<\/a><\/strong><\/p>\n<p style=\"text-align: center;\">I denne salongen har vi STUDENTPRISER for studenter ved fremvisning av gyldig studentbevis.<\/p>\n<p>[\/vc_column_text][vc_row_inner][vc_column_inner][vc_separator color=&raquo;mulled_wine&raquo; style=&raquo;shadow&raquo;][\/vc_column_inner][vc_column_inner][\/vc_column_inner][\/vc_row_inner][\/vc_column][\/vc_row][vc_row full_width=&raquo;stretch_row&raquo; css=&raquo;.vc_custom_1486971436201{background-position: center !important;background-repeat: no-repeat !important;background-size: cover !important;}&raquo;][vc_column][vc_row_inner][vc_column_inner width=&raquo;1\/2&#8243;][vc_gmaps link=&raquo;#E-8_JTNDaWZyYW1lJTIwc3JjJTNEJTIyaHR0cHMlM0ElMkYlMkZ3d3cuZ29vZ2xlLmNvbSUyRm1hcHMlMkZlbWJlZCUzRnBiJTNEJTIxMW0xOCUyMTFtMTIlMjExbTMlMjExZDE5OTkuNzIxMzgwMDQ2MDk3JTIxMmQxMC43MzIwNzI4NzcwNTcwMTYlMjEzZDU5LjkyMDE3MTI3NDkwNTg1NCUyMTJtMyUyMTFmMCUyMTJmMCUyMTNmMCUyMTNtMiUyMTFpMTAyNCUyMTJpNzY4JTIxNGYxMy4xJTIxM20zJTIxMW0yJTIxMXMweDQ2NDE2ZTc5NWI3MGQ4YzElMjUzQTB4NWFlYzNkM2NlZTA3ZWM1NyUyMTJzUGlsZXN0cmVkZXQlMjUyMDM5JTI1MkMlMjUyMDAxNjYlMjUyME9zbG8lMjE1ZTAlMjEzbTIlMjExc25vJTIxMnNubyUyMTR2MTcxMTA0MzY4MDc1OCUyMTVtMiUyMTFzbm8lMjEyc25vJTIyJTIwd2lkdGglM0QlMjI2MDAlMjIlMjBoZWlnaHQlM0QlMjI0NTAlMjIlMjBzdHlsZSUzRCUyMmJvcmRlciUzQTAlM0IlMjIlMjBhbGxvd2Z1bGxzY3JlZW4lM0QlMjIlMjIlMjBsb2FkaW5nJTNEJTIybGF6eSUyMiUyMHJlZmVycmVycG9saWN5JTNEJTIybm8tcmVmZXJyZXItd2hlbi1kb3duZ3JhZGUlMjIlM0UlM0MlMkZpZnJhbWUlM0U=&raquo;][\/vc_column_inner][vc_column_inner width=&raquo;1\/2&#8243;][vc_column_text][\/vc_column_text][vc_single_image image=&raquo;8941&#8243; img_size=&raquo;full&raquo;][\/vc_column_inner][\/vc_row_inner][vc_row_inner][vc_column_inner width=&raquo;1\/3&#8243;][vc_column_text]<\/p>\n<p class=\"font_7\"><strong><span class=\"color_15\">Telefon:<\/span><\/strong><\/p>\n<p class=\"font_7\"><span class=\"color_2\">Vi har ingen telefontjeneste for innkommende anrop, men vi kan ringe deg opp om du kontakter oss p\u00e5 mail evt Facebook og ber om det.\u00a0 Vi oppfordrer for \u00f8vrig alle til \u00e5 bestille time ONLINE. Alle endringer av tid, og kansellering av time, gj\u00f8res enkelt online s\u00e5 lenge det er mer enn 8 timer til timen. Ved mindre enn 8 timer til avtalen blir timen i sin helhet fakturert.<\/span><\/p>\n<p><strong>Er du forsinket?<\/strong>\u00a0 Da kan det v\u00e6re at vi ikke rekker \u00e5 gjennomf\u00f8re behandlingen pga ny kunde har avtalt tid etter din tid. Men vi ser hva vi f\u00e5r til og gj\u00f8r s\u00e5 godt vi kan n\u00e5r slike situasjoner oppst\u00e5r.[\/vc_column_text][\/vc_column_inner][vc_column_inner width=&raquo;1\/3&#8243;][vc_column_text]<strong>Epost:<\/strong><\/p>\n<p><a href=\"mailto:pilestredet@waxonwaxoff.no\">pilestredet@waxonwaxoff.no<\/a><\/p>\n<p>N\u00e5r du sender oss en mail kan det ofte skje at det tar litt tid \u00e5 f\u00e5 svar. Vi er ikke alltid tilgjengelig foran PC. Men vi svarer straks en av v\u00e5re terapeuter har ledig tid.[\/vc_column_text][vc_column_text]<span class=\"color_2\"><strong>Sosiale medier:<\/strong><\/span><\/p>\n<p><span class=\"color_2\">Facebook:<a href=\"https:\/\/www.facebook.com\/waxonwaxoff.no\/\"> @waxonwaxoff.no<\/a>\u00a0<\/span><\/p>\n<p>Instagram: <a href=\"https:\/\/www.instagram.com\/waxonwaxoff.no\/\">waxonwaxoff.no<\/a><\/p>\n<p>F\u00f8lg oss p\u00e5 Facebook \/ Instagram og f\u00f8lg med p\u00e5 v\u00e5re nyheter, tilbud osv.<\/p>\n<p>Vi har ogs\u00e5 en gruppe p\u00e5 Facebook hvor vi legger ut innlegg til n\u00e5r vi s\u00f8ker etter modeller for ulike behandlinger ved kurs, oppl\u00e6ring og pr\u00f8vedager. Slike behandlinger er gratis.[\/vc_column_text][\/vc_column_inner][vc_column_inner width=&raquo;1\/3&#8243;][vc_message message_box_color=&raquo;blue&raquo;]<strong>STUDENTPRISER:<\/strong><\/p>\n<p><strong>GJELDER FRA 25.08.25 \u2013 31.05.2026:<\/strong><\/p>\n<p>&nbsp;<\/p>\n<p><strong>-15% rabatt<\/strong> p\u00e5 <strong>Brasiliansk voksing kvinner<\/strong><\/p>\n<p><strong>-15% rabatt<\/strong> p\u00e5 <strong>voks rygg for menn<\/strong>. Om man som mann vil legge til voks skuldre ogs\u00e5 koster det 140kr tillegg.<\/p>\n<p><strong>-10% rabatt<\/strong> p\u00e5 <strong>kroppsvoksing<\/strong> for b\u00e5de kvinner og menn, og p\u00e5 <strong>ansiktsvoksing<\/strong> for kvinner. (Det er ikke studentrabatt p\u00e5 pakkel\u00f8sningene da de allerede er rabatterte priser. Dette med pakkel\u00f8sninger gjelder b\u00e5de kvinner og menn)<\/p>\n<p>Vi gir studentrabatt hele \u00e5ret unntatt juni, juli og august. Vi opplyser her i august hvert \u00e5r hvilken dato vi \u00e5pner opp med studentrabatter igjen.[\/vc_message][\/vc_column_inner][\/vc_row_inner][\/vc_column][\/vc_row][vc_row][vc_column][vc_text_separator title=&raquo;Terapeutene i avd Pilestredet&raquo;][\/vc_column][\/vc_row][vc_section][vc_row][vc_column width=&raquo;1\/4&#8243;][vc_single_image image=&raquo;9133&#8243; img_size=&raquo;full&raquo; alignment=&raquo;right&raquo;][\/vc_column][vc_column width=&raquo;3\/4&#8243;][vc_column_text]<strong>Nathalia<\/strong><\/p>\n<p>Nathalia har jobbet i Wax ON! Wax OFF siden august 2024. I oktober 2025 flyttet hun hjem til Colombia. Men savnet etter Oslo og Wax ON! Wax OFF ble for stort s\u00e5 hun s\u00f8kte seg tilbake i jobb hos oss. Den 7 april 2026 startet hun opp igjen i avd. Pilestredet. (Hun jobbet tidligere i avd Rosenkrantzgate)<\/p>\n<p>Nathalia er en dedikert hudterapeut som virkelig trives i yrket og med \u00e5 hjelpe andre. Hun er bl.a den eneste i WOWO-teamet som jobber med Threading.<\/p>\n<p>Nathalia snakker spansk (morsm\u00e5l) og engelsk.[\/vc_column_text][\/vc_column][\/vc_row][vc_row][vc_column width=&raquo;1\/4&#8243;][vc_single_image image=&raquo;9376&#8243; img_size=&raquo;full&raquo; alignment=&raquo;right&raquo;][\/vc_column][vc_column width=&raquo;3\/4&#8243;][vc_column_text]<strong>Marzia<\/strong><\/p>\n<p>Marzia tok sin hudpleieutdannelse p\u00e5 Hudpleieakademiet i Oslo og var ferdig uteksaminert i 2023. Hun har 2 voksne barn og har bodd i Norge i 20 \u00e5r. Hun snakker norsk og persisk.<\/p>\n<p>Hun begynte \u00e5 jobbe i Wax ON! Wax OFF i oktober 2025.[\/vc_column_text][\/vc_column][\/vc_row][\/vc_section][vc_row][vc_column][vc_separator color=&raquo;mulled_wine&raquo; style=&raquo;shadow&raquo;][\/vc_column][\/vc_row]<\/p>\n","protected":false},"excerpt":{"rendered":"<p>[vc_row full_width=&raquo;stretch_row&raquo; css=&raquo;.vc_custom_1486971436201{background-position: center !important;background-repeat: no-repeat !important;background-size: cover !important;}&raquo;][vc_column][vc_column_text] Avd. Pilestredet Pilestredet 39, Oslo pilestredet@waxonwaxoff.no Kontakt oss p\u00e5 Instagram evt [&hellip;]<\/p>\n","protected":false},"author":2,"featured_media":0,"parent":54,"menu_order":0,"comment_status":"closed","ping_status":"closed","template":"","meta":{"_monsterinsights_skip_tracking":false,"_monsterinsights_sitenote_active":false,"_monsterinsights_sitenote_note":"","_monsterinsights_sitenote_category":0,"footnotes":""},"class_list":["post-1690","page","type-page","status-publish","hentry"],"yoast_head":"<!-- This site is optimized with the Yoast SEO plugin v17.7.1 - https:\/\/yoast.com\/wordpress\/plugins\/seo\/ -->\n<title>Oslo, Pilestredet -<\/title>\n<meta name=\"robots\" content=\"index, follow, max-snippet:-1, max-image-preview:large, max-video-preview:-1\" \/>\n<link rel=\"canonical\" href=\"https:\/\/waxonwaxoff.no\/index.php\/kontakt\/avd-pilestredet\/\" \/>\n<meta property=\"og:locale\" content=\"nb_NO\" \/>\n<meta property=\"og:type\" content=\"article\" \/>\n<meta property=\"og:title\" content=\"Oslo, Pilestredet -\" \/>\n<meta property=\"og:description\" content=\"[vc_row full_width=&raquo;stretch_row&raquo; css=&raquo;.vc_custom_1486971436201{background-position: center !important;background-repeat: no-repeat !important;background-size: cover !important;}&raquo;][vc_column][vc_column_text] Avd. Pilestredet Pilestredet 39, Oslo pilestredet@waxonwaxoff.no Kontakt oss p\u00e5 Instagram evt [&hellip;]\" \/>\n<meta property=\"og:url\" content=\"https:\/\/waxonwaxoff.no\/index.php\/kontakt\/avd-pilestredet\/\" \/>\n<meta property=\"article:modified_time\" content=\"2026-04-08T07:37:10+00:00\" \/>\n<meta name=\"twitter:card\" content=\"summary\" \/>\n<meta name=\"twitter:label1\" content=\"Ansl. lesetid\" \/>\n\t<meta name=\"twitter:data1\" content=\"3 minutter\" \/>\n<script type=\"application\/ld+json\" class=\"yoast-schema-graph\">{\"@context\":\"https:\/\/schema.org\",\"@graph\":[{\"@type\":\"WebSite\",\"@id\":\"https:\/\/waxonwaxoff.no\/#website\",\"url\":\"https:\/\/waxonwaxoff.no\/\",\"name\":\"\",\"description\":\"\",\"potentialAction\":[{\"@type\":\"SearchAction\",\"target\":{\"@type\":\"EntryPoint\",\"urlTemplate\":\"https:\/\/waxonwaxoff.no\/?s={search_term_string}\"},\"query-input\":\"required name=search_term_string\"}],\"inLanguage\":\"nb-NO\"},{\"@type\":\"WebPage\",\"@id\":\"https:\/\/waxonwaxoff.no\/index.php\/kontakt\/avd-pilestredet\/#webpage\",\"url\":\"https:\/\/waxonwaxoff.no\/index.php\/kontakt\/avd-pilestredet\/\",\"name\":\"Oslo, Pilestredet -\",\"isPartOf\":{\"@id\":\"https:\/\/waxonwaxoff.no\/#website\"},\"datePublished\":\"2017-10-19T10:04:23+00:00\",\"dateModified\":\"2026-04-08T07:37:10+00:00\",\"breadcrumb\":{\"@id\":\"https:\/\/waxonwaxoff.no\/index.php\/kontakt\/avd-pilestredet\/#breadcrumb\"},\"inLanguage\":\"nb-NO\",\"potentialAction\":[{\"@type\":\"ReadAction\",\"target\":[\"https:\/\/waxonwaxoff.no\/index.php\/kontakt\/avd-pilestredet\/\"]}]},{\"@type\":\"BreadcrumbList\",\"@id\":\"https:\/\/waxonwaxoff.no\/index.php\/kontakt\/avd-pilestredet\/#breadcrumb\",\"itemListElement\":[{\"@type\":\"ListItem\",\"position\":1,\"name\":\"Hjem\",\"item\":\"https:\/\/waxonwaxoff.no\/\"},{\"@type\":\"ListItem\",\"position\":2,\"name\":\"Avdelinger\",\"item\":\"https:\/\/waxonwaxoff.no\/index.php\/kontakt\/\"},{\"@type\":\"ListItem\",\"position\":3,\"name\":\"Oslo, Pilestredet\"}]}]}<\/script>\n<!-- \/ Yoast SEO plugin. -->","yoast_head_json":{"title":"Oslo, Pilestredet -","robots":{"index":"index","follow":"follow","max-snippet":"max-snippet:-1","max-image-preview":"max-image-preview:large","max-video-preview":"max-video-preview:-1"},"canonical":"https:\/\/waxonwaxoff.no\/index.php\/kontakt\/avd-pilestredet\/","og_locale":"nb_NO","og_type":"article","og_title":"Oslo, Pilestredet -","og_description":"[vc_row full_width=&raquo;stretch_row&raquo; css=&raquo;.vc_custom_1486971436201{background-position: center !important;background-repeat: no-repeat !important;background-size: cover !important;}&raquo;][vc_column][vc_column_text] Avd. Pilestredet Pilestredet 39, Oslo pilestredet@waxonwaxoff.no Kontakt oss p\u00e5 Instagram evt [&hellip;]","og_url":"https:\/\/waxonwaxoff.no\/index.php\/kontakt\/avd-pilestredet\/","article_modified_time":"2026-04-08T07:37:10+00:00","twitter_card":"summary","twitter_misc":{"Ansl. lesetid":"3 minutter"},"schema":{"@context":"https:\/\/schema.org","@graph":[{"@type":"WebSite","@id":"https:\/\/waxonwaxoff.no\/#website","url":"https:\/\/waxonwaxoff.no\/","name":"","description":"","potentialAction":[{"@type":"SearchAction","target":{"@type":"EntryPoint","urlTemplate":"https:\/\/waxonwaxoff.no\/?s={search_term_string}"},"query-input":"required name=search_term_string"}],"inLanguage":"nb-NO"},{"@type":"WebPage","@id":"https:\/\/waxonwaxoff.no\/index.php\/kontakt\/avd-pilestredet\/#webpage","url":"https:\/\/waxonwaxoff.no\/index.php\/kontakt\/avd-pilestredet\/","name":"Oslo, Pilestredet -","isPartOf":{"@id":"https:\/\/waxonwaxoff.no\/#website"},"datePublished":"2017-10-19T10:04:23+00:00","dateModified":"2026-04-08T07:37:10+00:00","breadcrumb":{"@id":"https:\/\/waxonwaxoff.no\/index.php\/kontakt\/avd-pilestredet\/#breadcrumb"},"inLanguage":"nb-NO","potentialAction":[{"@type":"ReadAction","target":["https:\/\/waxonwaxoff.no\/index.php\/kontakt\/avd-pilestredet\/"]}]},{"@type":"BreadcrumbList","@id":"https:\/\/waxonwaxoff.no\/index.php\/kontakt\/avd-pilestredet\/#breadcrumb","itemListElement":[{"@type":"ListItem","position":1,"name":"Hjem","item":"https:\/\/waxonwaxoff.no\/"},{"@type":"ListItem","position":2,"name":"Avdelinger","item":"https:\/\/waxonwaxoff.no\/index.php\/kontakt\/"},{"@type":"ListItem","position":3,"name":"Oslo, Pilestredet"}]}]}},"_links":{"self":[{"href":"https:\/\/waxonwaxoff.no\/index.php\/wp-json\/wp\/v2\/pages\/1690","targetHints":{"allow":["GET"]}}],"collection":[{"href":"https:\/\/waxonwaxoff.no\/index.php\/wp-json\/wp\/v2\/pages"}],"about":[{"href":"https:\/\/waxonwaxoff.no\/index.php\/wp-json\/wp\/v2\/types\/page"}],"author":[{"embeddable":true,"href":"https:\/\/waxonwaxoff.no\/index.php\/wp-json\/wp\/v2\/users\/2"}],"replies":[{"embeddable":true,"href":"https:\/\/waxonwaxoff.no\/index.php\/wp-json\/wp\/v2\/comments?post=1690"}],"version-history":[{"count":59,"href":"https:\/\/waxonwaxoff.no\/index.php\/wp-json\/wp\/v2\/pages\/1690\/revisions"}],"predecessor-version":[{"id":9906,"href":"https:\/\/waxonwaxoff.no\/index.php\/wp-json\/wp\/v2\/pages\/1690\/revisions\/9906"}],"up":[{"embeddable":true,"href":"https:\/\/waxonwaxoff.no\/index.php\/wp-json\/wp\/v2\/pages\/54"}],"wp:attachment":[{"href":"https:\/\/waxonwaxoff.no\/index.php\/wp-json\/wp\/v2\/media?parent=1690"}],"curies":[{"name":"wp","href":"https:\/\/api.w.org\/{rel}","templated":true}]}}