{"id":1635,"date":"2017-10-18T11:39:36","date_gmt":"2017-10-18T09:39:36","guid":{"rendered":"https:\/\/waxonwaxoff.no\/?page_id=1635"},"modified":"2025-09-07T12:27:01","modified_gmt":"2025-09-07T10:27:01","slug":"sugaring","status":"publish","type":"page","link":"https:\/\/waxonwaxoff.no\/index.php\/behandlinger\/sugaring\/","title":{"rendered":"Sugaring voks"},"content":{"rendered":"<p>[vc_row full_width=&raquo;stretch_row&raquo;][vc_column width=&raquo;5\/6&#8243;][vc_message message_box_color=&raquo;vista_blue&raquo;]<span style=\"color: #000000;\">NB: Har du barbert b\u00f8r du vente ca. 10-14 dager f\u00f8r du vokser deg. Spesielt grove\/tykke h\u00e5r m\u00e5 det v\u00e6re litt lengde p\u00e5 for at vi skal kunne f\u00e5 tak i de under voksbehandlingen.<\/span><\/p>\n<p><strong><span style=\"color: #000000;\">Ikke alle i Wax ON! Wax OFF jobber med sugaring. <\/span><\/strong><span style=\"color: #000000;\">For tiden tilbys behandlingen i avd. <\/span><span style=\"color: #000000;\"><span style=\"color: #ff0000;\">Sentrum<\/span><span style=\"color: #000000;\">, <\/span><span style=\"color: #ff0000;\">Bogstadveien og<\/span><span style=\"color: #ff0000;\"><span style=\"color: #000000;\">\u00a0<\/span><\/span><span style=\"color: #ff0000;\">Grunerl\u00f8kka.<\/span><\/span>[\/vc_message][\/vc_column][vc_column width=&raquo;1\/6&#8243;][vc_single_image image=&raquo;8261&#8243; img_size=&raquo;medium&raquo; alignment=&raquo;right&raquo;][\/vc_column][\/vc_row][vc_row full_width=&raquo;stretch_row&raquo; css=&raquo;.vc_custom_1674656387175{background-position: center !important;background-repeat: no-repeat !important;background-size: cover !important;}&raquo;][vc_column][vc_row_inner css=&raquo;.vc_custom_1487078670113{padding-top: 20px !important;background-color: #ffffff !important;}&raquo;][vc_column_inner width=&raquo;1\/2&#8243;][vc_single_image image=&raquo;6359&#8243; img_size=&raquo;full&raquo;][\/vc_column_inner][vc_column_inner width=&raquo;1\/2&#8243;][vc_empty_space][vc_column_text]<\/p>\n<p style=\"text-align: left;\"><strong>Fordeler med Sugaring<\/strong><\/p>\n<p style=\"text-align: left;\">-Passer alle h\u00e5rtyper og kroppsomr\u00e5der<br \/>\n&#8211; Passer alle hudtyper; ogs\u00e5 sensitiv hud, eksem og psoriasis<br \/>\n&#8211; Sk\u00e5nsom og effektiv<br \/>\n&#8211; 100 % naturprodukt<br \/>\n&#8211; Fester seg ikke til den levende huden; Ingen s\u00e5r og irritert hud<br \/>\n&#8211; Mindre inngrodde h\u00e5r<br \/>\n&#8211; Silkemyk hud etter behandlingen<br \/>\n&#8211; Velegnet til \u00e5 redusere begynnende h\u00e5rvekst hos ten\u00e5ringer<\/p>\n<p>[\/vc_column_text][\/vc_column_inner][\/vc_row_inner][vc_empty_space height=&raquo;55px&raquo;][\/vc_column][vc_column][\/vc_column][vc_column][\/vc_column][vc_column][\/vc_column][\/vc_row][vc_row full_width=&raquo;stretch_row_content_no_spaces&raquo;][vc_column][\/vc_column][\/vc_row]<\/p>\n","protected":false},"excerpt":{"rendered":"<p>[vc_row full_width=&raquo;stretch_row&raquo;][vc_column width=&raquo;5\/6&#8243;][vc_message message_box_color=&raquo;vista_blue&raquo;]NB: Har du barbert b\u00f8r du vente ca. 10-14 dager f\u00f8r du vokser deg. Spesielt grove\/tykke h\u00e5r [&hellip;]<\/p>\n","protected":false},"author":2,"featured_media":0,"parent":12,"menu_order":0,"comment_status":"closed","ping_status":"closed","template":"","meta":{"_monsterinsights_skip_tracking":false,"_monsterinsights_sitenote_active":false,"_monsterinsights_sitenote_note":"","_monsterinsights_sitenote_category":0,"footnotes":""},"class_list":["post-1635","page","type-page","status-publish","hentry"],"yoast_head":"<!-- This site is optimized with the Yoast SEO plugin v17.7.1 - https:\/\/yoast.com\/wordpress\/plugins\/seo\/ -->\n<title>Sugaring voks -<\/title>\n<meta name=\"robots\" content=\"index, follow, max-snippet:-1, max-image-preview:large, max-video-preview:-1\" \/>\n<link rel=\"canonical\" href=\"https:\/\/waxonwaxoff.no\/index.php\/behandlinger\/sugaring\/\" \/>\n<meta property=\"og:locale\" content=\"nb_NO\" \/>\n<meta property=\"og:type\" content=\"article\" \/>\n<meta property=\"og:title\" content=\"Sugaring voks -\" \/>\n<meta property=\"og:description\" content=\"[vc_row full_width=&raquo;stretch_row&raquo;][vc_column width=&raquo;5\/6&#8243;][vc_message message_box_color=&raquo;vista_blue&raquo;]NB: Har du barbert b\u00f8r du vente ca. 10-14 dager f\u00f8r du vokser deg. Spesielt grove\/tykke h\u00e5r [&hellip;]\" \/>\n<meta property=\"og:url\" content=\"https:\/\/waxonwaxoff.no\/index.php\/behandlinger\/sugaring\/\" \/>\n<meta property=\"article:modified_time\" content=\"2025-09-07T10:27:01+00:00\" \/>\n<meta name=\"twitter:card\" content=\"summary\" \/>\n<meta name=\"twitter:label1\" content=\"Ansl. lesetid\" \/>\n\t<meta name=\"twitter:data1\" content=\"1 minutt\" \/>\n<script type=\"application\/ld+json\" class=\"yoast-schema-graph\">{\"@context\":\"https:\/\/schema.org\",\"@graph\":[{\"@type\":\"WebSite\",\"@id\":\"https:\/\/waxonwaxoff.no\/#website\",\"url\":\"https:\/\/waxonwaxoff.no\/\",\"name\":\"\",\"description\":\"\",\"potentialAction\":[{\"@type\":\"SearchAction\",\"target\":{\"@type\":\"EntryPoint\",\"urlTemplate\":\"https:\/\/waxonwaxoff.no\/?s={search_term_string}\"},\"query-input\":\"required name=search_term_string\"}],\"inLanguage\":\"nb-NO\"},{\"@type\":\"WebPage\",\"@id\":\"https:\/\/waxonwaxoff.no\/index.php\/behandlinger\/sugaring\/#webpage\",\"url\":\"https:\/\/waxonwaxoff.no\/index.php\/behandlinger\/sugaring\/\",\"name\":\"Sugaring voks -\",\"isPartOf\":{\"@id\":\"https:\/\/waxonwaxoff.no\/#website\"},\"datePublished\":\"2017-10-18T09:39:36+00:00\",\"dateModified\":\"2025-09-07T10:27:01+00:00\",\"breadcrumb\":{\"@id\":\"https:\/\/waxonwaxoff.no\/index.php\/behandlinger\/sugaring\/#breadcrumb\"},\"inLanguage\":\"nb-NO\",\"potentialAction\":[{\"@type\":\"ReadAction\",\"target\":[\"https:\/\/waxonwaxoff.no\/index.php\/behandlinger\/sugaring\/\"]}]},{\"@type\":\"BreadcrumbList\",\"@id\":\"https:\/\/waxonwaxoff.no\/index.php\/behandlinger\/sugaring\/#breadcrumb\",\"itemListElement\":[{\"@type\":\"ListItem\",\"position\":1,\"name\":\"Hjem\",\"item\":\"https:\/\/waxonwaxoff.no\/\"},{\"@type\":\"ListItem\",\"position\":2,\"name\":\"Priser\",\"item\":\"https:\/\/waxonwaxoff.no\/index.php\/behandlinger\/\"},{\"@type\":\"ListItem\",\"position\":3,\"name\":\"Sugaring voks\"}]}]}<\/script>\n<!-- \/ Yoast SEO plugin. -->","yoast_head_json":{"title":"Sugaring voks -","robots":{"index":"index","follow":"follow","max-snippet":"max-snippet:-1","max-image-preview":"max-image-preview:large","max-video-preview":"max-video-preview:-1"},"canonical":"https:\/\/waxonwaxoff.no\/index.php\/behandlinger\/sugaring\/","og_locale":"nb_NO","og_type":"article","og_title":"Sugaring voks -","og_description":"[vc_row full_width=&raquo;stretch_row&raquo;][vc_column width=&raquo;5\/6&#8243;][vc_message message_box_color=&raquo;vista_blue&raquo;]NB: Har du barbert b\u00f8r du vente ca. 10-14 dager f\u00f8r du vokser deg. Spesielt grove\/tykke h\u00e5r [&hellip;]","og_url":"https:\/\/waxonwaxoff.no\/index.php\/behandlinger\/sugaring\/","article_modified_time":"2025-09-07T10:27:01+00:00","twitter_card":"summary","twitter_misc":{"Ansl. lesetid":"1 minutt"},"schema":{"@context":"https:\/\/schema.org","@graph":[{"@type":"WebSite","@id":"https:\/\/waxonwaxoff.no\/#website","url":"https:\/\/waxonwaxoff.no\/","name":"","description":"","potentialAction":[{"@type":"SearchAction","target":{"@type":"EntryPoint","urlTemplate":"https:\/\/waxonwaxoff.no\/?s={search_term_string}"},"query-input":"required name=search_term_string"}],"inLanguage":"nb-NO"},{"@type":"WebPage","@id":"https:\/\/waxonwaxoff.no\/index.php\/behandlinger\/sugaring\/#webpage","url":"https:\/\/waxonwaxoff.no\/index.php\/behandlinger\/sugaring\/","name":"Sugaring voks -","isPartOf":{"@id":"https:\/\/waxonwaxoff.no\/#website"},"datePublished":"2017-10-18T09:39:36+00:00","dateModified":"2025-09-07T10:27:01+00:00","breadcrumb":{"@id":"https:\/\/waxonwaxoff.no\/index.php\/behandlinger\/sugaring\/#breadcrumb"},"inLanguage":"nb-NO","potentialAction":[{"@type":"ReadAction","target":["https:\/\/waxonwaxoff.no\/index.php\/behandlinger\/sugaring\/"]}]},{"@type":"BreadcrumbList","@id":"https:\/\/waxonwaxoff.no\/index.php\/behandlinger\/sugaring\/#breadcrumb","itemListElement":[{"@type":"ListItem","position":1,"name":"Hjem","item":"https:\/\/waxonwaxoff.no\/"},{"@type":"ListItem","position":2,"name":"Priser","item":"https:\/\/waxonwaxoff.no\/index.php\/behandlinger\/"},{"@type":"ListItem","position":3,"name":"Sugaring voks"}]}]}},"_links":{"self":[{"href":"https:\/\/waxonwaxoff.no\/index.php\/wp-json\/wp\/v2\/pages\/1635","targetHints":{"allow":["GET"]}}],"collection":[{"href":"https:\/\/waxonwaxoff.no\/index.php\/wp-json\/wp\/v2\/pages"}],"about":[{"href":"https:\/\/waxonwaxoff.no\/index.php\/wp-json\/wp\/v2\/types\/page"}],"author":[{"embeddable":true,"href":"https:\/\/waxonwaxoff.no\/index.php\/wp-json\/wp\/v2\/users\/2"}],"replies":[{"embeddable":true,"href":"https:\/\/waxonwaxoff.no\/index.php\/wp-json\/wp\/v2\/comments?post=1635"}],"version-history":[{"count":104,"href":"https:\/\/waxonwaxoff.no\/index.php\/wp-json\/wp\/v2\/pages\/1635\/revisions"}],"predecessor-version":[{"id":9342,"href":"https:\/\/waxonwaxoff.no\/index.php\/wp-json\/wp\/v2\/pages\/1635\/revisions\/9342"}],"up":[{"embeddable":true,"href":"https:\/\/waxonwaxoff.no\/index.php\/wp-json\/wp\/v2\/pages\/12"}],"wp:attachment":[{"href":"https:\/\/waxonwaxoff.no\/index.php\/wp-json\/wp\/v2\/media?parent=1635"}],"curies":[{"name":"wp","href":"https:\/\/api.w.org\/{rel}","templated":true}]}}