{"id":1382,"date":"2017-08-03T09:59:48","date_gmt":"2017-08-03T07:59:48","guid":{"rendered":"https:\/\/waxonwaxoff.no\/?page_id=1382"},"modified":"2023-03-01T11:20:37","modified_gmt":"2023-03-01T10:20:37","slug":"brasiliansk-voksing-viderekommendekurset-trinn-5","status":"publish","type":"page","link":"https:\/\/waxonwaxoff.no\/index.php\/brasiliansk-voksing-viderekommendekurset-trinn-5\/","title":{"rendered":"Brasiliansk voksing &#8211; Viderekommendekurset Trinn 5"},"content":{"rendered":"<p>[vc_row full_width=&raquo;stretch_row_content&raquo; css=&raquo;.vc_custom_1677659733459{background-position: center !important;background-repeat: no-repeat !important;background-size: cover !important;}&raquo;][vc_column width=&raquo;1\/6&#8243;][vc_widget_sidebar sidebar_id=&raquo;sidebar-left&raquo;][\/vc_column][vc_column width=&raquo;2\/3&#8243; css=&raquo;.vc_custom_1487330935500{margin-bottom: 35px !important;padding-top: 0px !important;}&raquo;][vc_row_inner equal_height=&raquo;yes&raquo; content_placement=&raquo;middle&raquo; css=&raquo;.vc_custom_1487330941055{padding-top: 15px !important;background-color: #b51212 !important;}&raquo;][vc_column_inner 0=&raquo;&raquo;][vc_column_text 0=&raquo;&raquo;]<\/p>\n<h3 class=\"font_2\" style=\"text-align: center;\"><span style=\"color: #ffffff;\">Trinn 5 &#8211; <\/span><span style=\"color: #ffffff;\">Brasiliansk voksing &laquo;Viderekommendekurset&raquo;<\/span><\/h3>\n<p>[\/vc_column_text][\/vc_column_inner][\/vc_row_inner][vc_single_image image=&raquo;1328&#8243; img_size=&raquo;200&#215;200&#8243; alignment=&raquo;center&raquo;][vc_row_inner][vc_column_inner][vc_column_text]<\/p>\n<div id=\"comp-j5cnewgw\" class=\"txtNew\" data-reactid=\".0.$SITE_ROOT.$desktop_siteRoot.$PAGES_CONTAINER.$centeredContent.$inlineContent.$SITE_PAGES.$rdl0h_DESKTOP.$inlineContent.$comp-j5cnewfu.$inlineContent.$comp-j5cnewgw\">\n<div id=\"comp-j5cpl5u9\" class=\"txtNew\" data-reactid=\".0.$SITE_ROOT.$desktop_siteRoot.$PAGES_CONTAINER.$centeredContent.$inlineContent.$SITE_PAGES.$rdl0h_DESKTOP.$inlineContent.$comp-j5cpl5tb.$inlineContent.$comp-j5cpl5u9\">\n<div id=\"comp-j5cpl5u9\" class=\"txtNew\" data-reactid=\".0.$SITE_ROOT.$desktop_siteRoot.$PAGES_CONTAINER.$centeredContent.$inlineContent.$SITE_PAGES.$rdl0h_DESKTOP.$inlineContent.$comp-j5cpl5tb.$inlineContent.$comp-j5cpl5u9\">\n<div id=\"comp-j5cpw4uf\" class=\"txtNew\" data-reactid=\".0.$SITE_ROOT.$desktop_siteRoot.$PAGES_CONTAINER.$centeredContent.$inlineContent.$SITE_PAGES.$rdl0h_DESKTOP.$inlineContent.$comp-j5cpw4tt.$inlineContent.$comp-j5cpw4uf\">\n<h3 class=\"font_2\" style=\"text-align: center;\"><\/h3>\n<p class=\"font_6\" style=\"text-align: left;\"><strong>Kurset for deg som har god erfaring med brasiliansk med hotwax fra f\u00f8r.\u00a0<\/strong><\/p>\n<p class=\"font_8\"><strong><span class=\"wixGuard\">\u200b<\/span><\/strong>Vi anbefaler \u00e5 l\u00e6re brasiliansk med hotwax og f\u00e5 det litt inn i hendene f\u00f8r man begynner med brasiliansk med stripsvoks. Derfor setter vi dette som et eget kurs. Men man er forskjellig og noen l\u00e6rer raskere enn andre. Kontakt oss gjerne om du har sp\u00f8rsm\u00e5l til dette og vil snakke med oss f\u00f8r du velger riktig kurs for deg. Vi kan ogs\u00e5 skreddersy et opplegg for deg om du f\u00f8ler du kan l\u00e6re brasiliansk med b\u00e5de stripsvoks og med hotwax p\u00e5 samme dag.<\/p>\n<p class=\"font_8\"><strong>Tid: 1 dag (ca. 8 timer)<\/strong><\/p>\n<p class=\"font_8\"><strong>Pris: I gruppe: 2900kr\/pers. En til en-kurs: 4900kr\/pers.<\/strong><\/p>\n<p>&nbsp;<\/p>\n<p class=\"font_8\"><strong><span class=\"wixGuard\">\u200b<\/span>Agenda:<\/strong><\/p>\n<p class=\"font_8\">Hele dagen er praksis.<\/p>\n<\/div>\n<\/div>\n<\/div>\n<\/div>\n<p>[\/vc_column_text][vc_btn title=&raquo;Tilbake til kursoversikten&raquo; style=&raquo;classic&raquo; shape=&raquo;square&raquo; color=&raquo;danger&raquo; size=&raquo;sm&raquo; i_icon_fontawesome=&raquo;far fa-arrow-alt-circle-left&raquo; add_icon=&raquo;true&raquo; link=&raquo;url:https%3A%2F%2Fwaxonwaxoff.no%2Findex.php%2Fkurs%2F|title:Kurs&raquo;][\/vc_column_inner][\/vc_row_inner][\/vc_column][vc_column width=&raquo;1\/6&#8243;][vc_widget_sidebar sidebar_id=&raquo;sidebar-right&raquo;][\/vc_column][\/vc_row]<\/p>\n","protected":false},"excerpt":{"rendered":"<p>[vc_row full_width=&raquo;stretch_row_content&raquo; css=&raquo;.vc_custom_1677659733459{background-position: center !important;background-repeat: no-repeat !important;background-size: cover !important;}&raquo;][vc_column width=&raquo;1\/6&#8243;][vc_widget_sidebar sidebar_id=&raquo;sidebar-left&raquo;][\/vc_column][vc_column width=&raquo;2\/3&#8243; css=&raquo;.vc_custom_1487330935500{margin-bottom: 35px !important;padding-top: 0px !important;}&raquo;][vc_row_inner equal_height=&raquo;yes&raquo; content_placement=&raquo;middle&raquo; css=&raquo;.vc_custom_1487330941055{padding-top: [&hellip;]<\/p>\n","protected":false},"author":2,"featured_media":0,"parent":0,"menu_order":0,"comment_status":"closed","ping_status":"closed","template":"","meta":{"_monsterinsights_skip_tracking":false,"_monsterinsights_sitenote_active":false,"_monsterinsights_sitenote_note":"","_monsterinsights_sitenote_category":0,"footnotes":""},"class_list":["post-1382","page","type-page","status-publish","hentry"],"yoast_head":"<!-- This site is optimized with the Yoast SEO plugin v17.7.1 - https:\/\/yoast.com\/wordpress\/plugins\/seo\/ -->\n<title>Brasiliansk voksing - Viderekommendekurset Trinn 5 -<\/title>\n<meta name=\"robots\" content=\"index, follow, max-snippet:-1, max-image-preview:large, max-video-preview:-1\" \/>\n<link rel=\"canonical\" href=\"https:\/\/waxonwaxoff.no\/index.php\/brasiliansk-voksing-viderekommendekurset-trinn-5\/\" \/>\n<meta property=\"og:locale\" content=\"nb_NO\" \/>\n<meta property=\"og:type\" content=\"article\" \/>\n<meta property=\"og:title\" content=\"Brasiliansk voksing - Viderekommendekurset Trinn 5 -\" \/>\n<meta property=\"og:description\" content=\"[vc_row full_width=&raquo;stretch_row_content&raquo; css=&raquo;.vc_custom_1677659733459{background-position: center !important;background-repeat: no-repeat !important;background-size: cover !important;}&raquo;][vc_column width=&raquo;1\/6&#8243;][vc_widget_sidebar sidebar_id=&raquo;sidebar-left&raquo;][\/vc_column][vc_column width=&raquo;2\/3&#8243; css=&raquo;.vc_custom_1487330935500{margin-bottom: 35px !important;padding-top: 0px !important;}&raquo;][vc_row_inner equal_height=&raquo;yes&raquo; content_placement=&raquo;middle&raquo; css=&raquo;.vc_custom_1487330941055{padding-top: [&hellip;]\" \/>\n<meta property=\"og:url\" content=\"https:\/\/waxonwaxoff.no\/index.php\/brasiliansk-voksing-viderekommendekurset-trinn-5\/\" \/>\n<meta property=\"article:modified_time\" content=\"2023-03-01T10:20:37+00:00\" \/>\n<meta name=\"twitter:card\" content=\"summary\" \/>\n<meta name=\"twitter:label1\" content=\"Ansl. lesetid\" \/>\n\t<meta name=\"twitter:data1\" content=\"1 minutt\" \/>\n<script type=\"application\/ld+json\" class=\"yoast-schema-graph\">{\"@context\":\"https:\/\/schema.org\",\"@graph\":[{\"@type\":\"WebSite\",\"@id\":\"https:\/\/waxonwaxoff.no\/#website\",\"url\":\"https:\/\/waxonwaxoff.no\/\",\"name\":\"\",\"description\":\"\",\"potentialAction\":[{\"@type\":\"SearchAction\",\"target\":{\"@type\":\"EntryPoint\",\"urlTemplate\":\"https:\/\/waxonwaxoff.no\/?s={search_term_string}\"},\"query-input\":\"required name=search_term_string\"}],\"inLanguage\":\"nb-NO\"},{\"@type\":\"WebPage\",\"@id\":\"https:\/\/waxonwaxoff.no\/index.php\/brasiliansk-voksing-viderekommendekurset-trinn-5\/#webpage\",\"url\":\"https:\/\/waxonwaxoff.no\/index.php\/brasiliansk-voksing-viderekommendekurset-trinn-5\/\",\"name\":\"Brasiliansk voksing - Viderekommendekurset Trinn 5 -\",\"isPartOf\":{\"@id\":\"https:\/\/waxonwaxoff.no\/#website\"},\"datePublished\":\"2017-08-03T07:59:48+00:00\",\"dateModified\":\"2023-03-01T10:20:37+00:00\",\"breadcrumb\":{\"@id\":\"https:\/\/waxonwaxoff.no\/index.php\/brasiliansk-voksing-viderekommendekurset-trinn-5\/#breadcrumb\"},\"inLanguage\":\"nb-NO\",\"potentialAction\":[{\"@type\":\"ReadAction\",\"target\":[\"https:\/\/waxonwaxoff.no\/index.php\/brasiliansk-voksing-viderekommendekurset-trinn-5\/\"]}]},{\"@type\":\"BreadcrumbList\",\"@id\":\"https:\/\/waxonwaxoff.no\/index.php\/brasiliansk-voksing-viderekommendekurset-trinn-5\/#breadcrumb\",\"itemListElement\":[{\"@type\":\"ListItem\",\"position\":1,\"name\":\"Hjem\",\"item\":\"https:\/\/waxonwaxoff.no\/\"},{\"@type\":\"ListItem\",\"position\":2,\"name\":\"Brasiliansk voksing &#8211; Viderekommendekurset Trinn 5\"}]}]}<\/script>\n<!-- \/ Yoast SEO plugin. -->","yoast_head_json":{"title":"Brasiliansk voksing - Viderekommendekurset Trinn 5 -","robots":{"index":"index","follow":"follow","max-snippet":"max-snippet:-1","max-image-preview":"max-image-preview:large","max-video-preview":"max-video-preview:-1"},"canonical":"https:\/\/waxonwaxoff.no\/index.php\/brasiliansk-voksing-viderekommendekurset-trinn-5\/","og_locale":"nb_NO","og_type":"article","og_title":"Brasiliansk voksing - Viderekommendekurset Trinn 5 -","og_description":"[vc_row full_width=&raquo;stretch_row_content&raquo; css=&raquo;.vc_custom_1677659733459{background-position: center !important;background-repeat: no-repeat !important;background-size: cover !important;}&raquo;][vc_column width=&raquo;1\/6&#8243;][vc_widget_sidebar sidebar_id=&raquo;sidebar-left&raquo;][\/vc_column][vc_column width=&raquo;2\/3&#8243; css=&raquo;.vc_custom_1487330935500{margin-bottom: 35px !important;padding-top: 0px !important;}&raquo;][vc_row_inner equal_height=&raquo;yes&raquo; content_placement=&raquo;middle&raquo; css=&raquo;.vc_custom_1487330941055{padding-top: [&hellip;]","og_url":"https:\/\/waxonwaxoff.no\/index.php\/brasiliansk-voksing-viderekommendekurset-trinn-5\/","article_modified_time":"2023-03-01T10:20:37+00:00","twitter_card":"summary","twitter_misc":{"Ansl. lesetid":"1 minutt"},"schema":{"@context":"https:\/\/schema.org","@graph":[{"@type":"WebSite","@id":"https:\/\/waxonwaxoff.no\/#website","url":"https:\/\/waxonwaxoff.no\/","name":"","description":"","potentialAction":[{"@type":"SearchAction","target":{"@type":"EntryPoint","urlTemplate":"https:\/\/waxonwaxoff.no\/?s={search_term_string}"},"query-input":"required name=search_term_string"}],"inLanguage":"nb-NO"},{"@type":"WebPage","@id":"https:\/\/waxonwaxoff.no\/index.php\/brasiliansk-voksing-viderekommendekurset-trinn-5\/#webpage","url":"https:\/\/waxonwaxoff.no\/index.php\/brasiliansk-voksing-viderekommendekurset-trinn-5\/","name":"Brasiliansk voksing - Viderekommendekurset Trinn 5 -","isPartOf":{"@id":"https:\/\/waxonwaxoff.no\/#website"},"datePublished":"2017-08-03T07:59:48+00:00","dateModified":"2023-03-01T10:20:37+00:00","breadcrumb":{"@id":"https:\/\/waxonwaxoff.no\/index.php\/brasiliansk-voksing-viderekommendekurset-trinn-5\/#breadcrumb"},"inLanguage":"nb-NO","potentialAction":[{"@type":"ReadAction","target":["https:\/\/waxonwaxoff.no\/index.php\/brasiliansk-voksing-viderekommendekurset-trinn-5\/"]}]},{"@type":"BreadcrumbList","@id":"https:\/\/waxonwaxoff.no\/index.php\/brasiliansk-voksing-viderekommendekurset-trinn-5\/#breadcrumb","itemListElement":[{"@type":"ListItem","position":1,"name":"Hjem","item":"https:\/\/waxonwaxoff.no\/"},{"@type":"ListItem","position":2,"name":"Brasiliansk voksing &#8211; Viderekommendekurset Trinn 5"}]}]}},"_links":{"self":[{"href":"https:\/\/waxonwaxoff.no\/index.php\/wp-json\/wp\/v2\/pages\/1382","targetHints":{"allow":["GET"]}}],"collection":[{"href":"https:\/\/waxonwaxoff.no\/index.php\/wp-json\/wp\/v2\/pages"}],"about":[{"href":"https:\/\/waxonwaxoff.no\/index.php\/wp-json\/wp\/v2\/types\/page"}],"author":[{"embeddable":true,"href":"https:\/\/waxonwaxoff.no\/index.php\/wp-json\/wp\/v2\/users\/2"}],"replies":[{"embeddable":true,"href":"https:\/\/waxonwaxoff.no\/index.php\/wp-json\/wp\/v2\/comments?post=1382"}],"version-history":[{"count":13,"href":"https:\/\/waxonwaxoff.no\/index.php\/wp-json\/wp\/v2\/pages\/1382\/revisions"}],"predecessor-version":[{"id":8217,"href":"https:\/\/waxonwaxoff.no\/index.php\/wp-json\/wp\/v2\/pages\/1382\/revisions\/8217"}],"wp:attachment":[{"href":"https:\/\/waxonwaxoff.no\/index.php\/wp-json\/wp\/v2\/media?parent=1382"}],"curies":[{"name":"wp","href":"https:\/\/api.w.org\/{rel}","templated":true}]}}