{"id":1364,"date":"2017-08-03T09:20:43","date_gmt":"2017-08-03T07:20:43","guid":{"rendered":"https:\/\/waxonwaxoff.no\/?page_id=1364"},"modified":"2023-03-08T19:46:14","modified_gmt":"2023-03-08T18:46:14","slug":"trinn-2-kroppsvoksing","status":"publish","type":"page","link":"https:\/\/waxonwaxoff.no\/index.php\/trinn-2-kroppsvoksing\/","title":{"rendered":"Trinn 2 &#8211; Kroppsvoksing"},"content":{"rendered":"<p>[vc_row full_width=&raquo;stretch_row_content&raquo; css=&raquo;.vc_custom_1677658848017{background-position: center !important;background-repeat: no-repeat !important;background-size: cover !important;}&raquo;][vc_column width=&raquo;1\/6&#8243;][\/vc_column][vc_column width=&raquo;2\/3&#8243; css=&raquo;.vc_custom_1487330935500{margin-bottom: 35px !important;padding-top: 0px !important;}&raquo;][vc_row_inner][vc_column_inner][\/vc_column_inner][\/vc_row_inner][vc_separator 0=&raquo;&raquo;][vc_row_inner equal_height=&raquo;yes&raquo; content_placement=&raquo;middle&raquo; css=&raquo;.vc_custom_1487330941055{padding-top: 15px !important;background-color: #b51212 !important;}&raquo;][vc_column_inner 0=&raquo;&raquo;][vc_column_text 0=&raquo;&raquo;]<\/p>\n<h3 class=\"font_2\" style=\"text-align: center;\"><span style=\"color: #ffffff;\">Trinn 2 &#8211; Kroppsvoksing<\/span><\/h3>\n<p>[\/vc_column_text][\/vc_column_inner][\/vc_row_inner][vc_single_image image=&raquo;1326&#8243; img_size=&raquo;200&#215;200&#8243; alignment=&raquo;center&raquo;][vc_row_inner][vc_column_inner][vc_column_text]<\/p>\n<div id=\"comp-j5cnewgw\" class=\"txtNew\" data-reactid=\".0.$SITE_ROOT.$desktop_siteRoot.$PAGES_CONTAINER.$centeredContent.$inlineContent.$SITE_PAGES.$rdl0h_DESKTOP.$inlineContent.$comp-j5cnewfu.$inlineContent.$comp-j5cnewgw\"><\/div>\n<div id=\"comp-j5cnewh5\" class=\"txtNew\" data-reactid=\".0.$SITE_ROOT.$desktop_siteRoot.$PAGES_CONTAINER.$centeredContent.$inlineContent.$SITE_PAGES.$rdl0h_DESKTOP.$inlineContent.$comp-j5cnewfu.$inlineContent.$comp-j5cnewh5\">\n<p class=\"font_8\"><strong>Tid: 1 dag (Ca. 8 timer)<\/strong><\/p>\n<p class=\"font_8\"><span class=\"wixGuard\">Velg mellom \u00e5 ta kurset i gruppe med andre (sm\u00e5 grupper p\u00e5 max 3 stk pr kursholder) eller du kan ogs\u00e5 bestille kurs alene med kursholder.<\/span><\/p>\n<p><strong>Pris: I gruppe: 3500kr\/pers.\u00a0 En til en-kurs: 5500kr\/pers.\u00a0<\/strong><\/p>\n<hr \/>\n<p>Vi l\u00e6rer deg de beste teknikker innen kroppsvoksing og alt som skal til for at du skal f\u00f8le deg trygg i selve behandlingen og til tips &amp; r\u00e5d om f\u00f8r -etterbehandling. Mest fokus p\u00e5 selve praksisdelen, men noe teori er det ogs\u00e5 i dette kurset. Dette kurset krever noe forkunnskap innen voksing, s\u00e5 du vet hvordan du bruker utstyret.<\/p>\n<p class=\"font_8\"><span class=\"wixGuard\">\u200bVi avslutter med o<\/span>ppl\u00e6ring i hvordan man p\u00e5 beste m\u00e5te rengj\u00f8r voksstasjonen og\u00a0 brukt utstyr.<\/p>\n<p class=\"font_8\"><span class=\"wixGuard\">\u200b<\/span>Etter dette kurset f\u00e5r du diplom og skal kunne begynne \u00e5 jobbe med kroppsvoksing.<\/p>\n<p>&nbsp;<\/p>\n<\/div>\n<p>TRENGER DU MODELLER TIL KURSET? Vi har en egen Facebookgruppe hvor du kan s\u00f8ke etter modeller. Du f\u00e5r informasjon fra kursholder om denne gruppa, hvor mange du trenger osv.[\/vc_column_text][vc_btn title=&raquo;Tilbake til kursoversikten&raquo; style=&raquo;classic&raquo; shape=&raquo;square&raquo; color=&raquo;danger&raquo; size=&raquo;sm&raquo; i_icon_fontawesome=&raquo;far fa-arrow-alt-circle-left&raquo; add_icon=&raquo;true&raquo; link=&raquo;url:https%3A%2F%2Fwaxonwaxoff.no%2Findex.php%2Fkurs%2F|title:Kurs&raquo;][\/vc_column_inner][\/vc_row_inner][vc_empty_space height=&raquo;50px&raquo;][\/vc_column][vc_column width=&raquo;1\/6&#8243;][\/vc_column][\/vc_row]<\/p>\n","protected":false},"excerpt":{"rendered":"<p>[vc_row full_width=&raquo;stretch_row_content&raquo; css=&raquo;.vc_custom_1677658848017{background-position: center !important;background-repeat: no-repeat !important;background-size: cover !important;}&raquo;][vc_column width=&raquo;1\/6&#8243;][\/vc_column][vc_column width=&raquo;2\/3&#8243; css=&raquo;.vc_custom_1487330935500{margin-bottom: 35px !important;padding-top: 0px !important;}&raquo;][vc_row_inner][vc_column_inner][\/vc_column_inner][\/vc_row_inner][vc_separator 0=&raquo;&raquo;][vc_row_inner equal_height=&raquo;yes&raquo; content_placement=&raquo;middle&raquo; css=&raquo;.vc_custom_1487330941055{padding-top: [&hellip;]<\/p>\n","protected":false},"author":2,"featured_media":0,"parent":0,"menu_order":0,"comment_status":"closed","ping_status":"closed","template":"","meta":{"_monsterinsights_skip_tracking":false,"_monsterinsights_sitenote_active":false,"_monsterinsights_sitenote_note":"","_monsterinsights_sitenote_category":0,"footnotes":""},"class_list":["post-1364","page","type-page","status-publish","hentry"],"yoast_head":"<!-- This site is optimized with the Yoast SEO plugin v17.7.1 - https:\/\/yoast.com\/wordpress\/plugins\/seo\/ -->\n<title>Trinn 2 - Kroppsvoksing -<\/title>\n<meta name=\"robots\" content=\"index, follow, max-snippet:-1, max-image-preview:large, max-video-preview:-1\" \/>\n<link rel=\"canonical\" href=\"https:\/\/waxonwaxoff.no\/index.php\/trinn-2-kroppsvoksing\/\" \/>\n<meta property=\"og:locale\" content=\"nb_NO\" \/>\n<meta property=\"og:type\" content=\"article\" \/>\n<meta property=\"og:title\" content=\"Trinn 2 - Kroppsvoksing -\" \/>\n<meta property=\"og:description\" content=\"[vc_row full_width=&raquo;stretch_row_content&raquo; css=&raquo;.vc_custom_1677658848017{background-position: center !important;background-repeat: no-repeat !important;background-size: cover !important;}&raquo;][vc_column width=&raquo;1\/6&#8243;][\/vc_column][vc_column width=&raquo;2\/3&#8243; css=&raquo;.vc_custom_1487330935500{margin-bottom: 35px !important;padding-top: 0px !important;}&raquo;][vc_row_inner][vc_column_inner][\/vc_column_inner][\/vc_row_inner][vc_separator 0=&raquo;&raquo;][vc_row_inner equal_height=&raquo;yes&raquo; content_placement=&raquo;middle&raquo; css=&raquo;.vc_custom_1487330941055{padding-top: [&hellip;]\" \/>\n<meta property=\"og:url\" content=\"https:\/\/waxonwaxoff.no\/index.php\/trinn-2-kroppsvoksing\/\" \/>\n<meta property=\"article:modified_time\" content=\"2023-03-08T18:46:14+00:00\" \/>\n<meta name=\"twitter:card\" content=\"summary\" \/>\n<meta name=\"twitter:label1\" content=\"Ansl. lesetid\" \/>\n\t<meta name=\"twitter:data1\" content=\"1 minutt\" \/>\n<script type=\"application\/ld+json\" class=\"yoast-schema-graph\">{\"@context\":\"https:\/\/schema.org\",\"@graph\":[{\"@type\":\"WebSite\",\"@id\":\"https:\/\/waxonwaxoff.no\/#website\",\"url\":\"https:\/\/waxonwaxoff.no\/\",\"name\":\"\",\"description\":\"\",\"potentialAction\":[{\"@type\":\"SearchAction\",\"target\":{\"@type\":\"EntryPoint\",\"urlTemplate\":\"https:\/\/waxonwaxoff.no\/?s={search_term_string}\"},\"query-input\":\"required name=search_term_string\"}],\"inLanguage\":\"nb-NO\"},{\"@type\":\"WebPage\",\"@id\":\"https:\/\/waxonwaxoff.no\/index.php\/trinn-2-kroppsvoksing\/#webpage\",\"url\":\"https:\/\/waxonwaxoff.no\/index.php\/trinn-2-kroppsvoksing\/\",\"name\":\"Trinn 2 - Kroppsvoksing -\",\"isPartOf\":{\"@id\":\"https:\/\/waxonwaxoff.no\/#website\"},\"datePublished\":\"2017-08-03T07:20:43+00:00\",\"dateModified\":\"2023-03-08T18:46:14+00:00\",\"breadcrumb\":{\"@id\":\"https:\/\/waxonwaxoff.no\/index.php\/trinn-2-kroppsvoksing\/#breadcrumb\"},\"inLanguage\":\"nb-NO\",\"potentialAction\":[{\"@type\":\"ReadAction\",\"target\":[\"https:\/\/waxonwaxoff.no\/index.php\/trinn-2-kroppsvoksing\/\"]}]},{\"@type\":\"BreadcrumbList\",\"@id\":\"https:\/\/waxonwaxoff.no\/index.php\/trinn-2-kroppsvoksing\/#breadcrumb\",\"itemListElement\":[{\"@type\":\"ListItem\",\"position\":1,\"name\":\"Hjem\",\"item\":\"https:\/\/waxonwaxoff.no\/\"},{\"@type\":\"ListItem\",\"position\":2,\"name\":\"Trinn 2 &#8211; Kroppsvoksing\"}]}]}<\/script>\n<!-- \/ Yoast SEO plugin. -->","yoast_head_json":{"title":"Trinn 2 - Kroppsvoksing -","robots":{"index":"index","follow":"follow","max-snippet":"max-snippet:-1","max-image-preview":"max-image-preview:large","max-video-preview":"max-video-preview:-1"},"canonical":"https:\/\/waxonwaxoff.no\/index.php\/trinn-2-kroppsvoksing\/","og_locale":"nb_NO","og_type":"article","og_title":"Trinn 2 - Kroppsvoksing -","og_description":"[vc_row full_width=&raquo;stretch_row_content&raquo; css=&raquo;.vc_custom_1677658848017{background-position: center !important;background-repeat: no-repeat !important;background-size: cover !important;}&raquo;][vc_column width=&raquo;1\/6&#8243;][\/vc_column][vc_column width=&raquo;2\/3&#8243; css=&raquo;.vc_custom_1487330935500{margin-bottom: 35px !important;padding-top: 0px !important;}&raquo;][vc_row_inner][vc_column_inner][\/vc_column_inner][\/vc_row_inner][vc_separator 0=&raquo;&raquo;][vc_row_inner equal_height=&raquo;yes&raquo; content_placement=&raquo;middle&raquo; css=&raquo;.vc_custom_1487330941055{padding-top: [&hellip;]","og_url":"https:\/\/waxonwaxoff.no\/index.php\/trinn-2-kroppsvoksing\/","article_modified_time":"2023-03-08T18:46:14+00:00","twitter_card":"summary","twitter_misc":{"Ansl. lesetid":"1 minutt"},"schema":{"@context":"https:\/\/schema.org","@graph":[{"@type":"WebSite","@id":"https:\/\/waxonwaxoff.no\/#website","url":"https:\/\/waxonwaxoff.no\/","name":"","description":"","potentialAction":[{"@type":"SearchAction","target":{"@type":"EntryPoint","urlTemplate":"https:\/\/waxonwaxoff.no\/?s={search_term_string}"},"query-input":"required name=search_term_string"}],"inLanguage":"nb-NO"},{"@type":"WebPage","@id":"https:\/\/waxonwaxoff.no\/index.php\/trinn-2-kroppsvoksing\/#webpage","url":"https:\/\/waxonwaxoff.no\/index.php\/trinn-2-kroppsvoksing\/","name":"Trinn 2 - Kroppsvoksing -","isPartOf":{"@id":"https:\/\/waxonwaxoff.no\/#website"},"datePublished":"2017-08-03T07:20:43+00:00","dateModified":"2023-03-08T18:46:14+00:00","breadcrumb":{"@id":"https:\/\/waxonwaxoff.no\/index.php\/trinn-2-kroppsvoksing\/#breadcrumb"},"inLanguage":"nb-NO","potentialAction":[{"@type":"ReadAction","target":["https:\/\/waxonwaxoff.no\/index.php\/trinn-2-kroppsvoksing\/"]}]},{"@type":"BreadcrumbList","@id":"https:\/\/waxonwaxoff.no\/index.php\/trinn-2-kroppsvoksing\/#breadcrumb","itemListElement":[{"@type":"ListItem","position":1,"name":"Hjem","item":"https:\/\/waxonwaxoff.no\/"},{"@type":"ListItem","position":2,"name":"Trinn 2 &#8211; Kroppsvoksing"}]}]}},"_links":{"self":[{"href":"https:\/\/waxonwaxoff.no\/index.php\/wp-json\/wp\/v2\/pages\/1364","targetHints":{"allow":["GET"]}}],"collection":[{"href":"https:\/\/waxonwaxoff.no\/index.php\/wp-json\/wp\/v2\/pages"}],"about":[{"href":"https:\/\/waxonwaxoff.no\/index.php\/wp-json\/wp\/v2\/types\/page"}],"author":[{"embeddable":true,"href":"https:\/\/waxonwaxoff.no\/index.php\/wp-json\/wp\/v2\/users\/2"}],"replies":[{"embeddable":true,"href":"https:\/\/waxonwaxoff.no\/index.php\/wp-json\/wp\/v2\/comments?post=1364"}],"version-history":[{"count":20,"href":"https:\/\/waxonwaxoff.no\/index.php\/wp-json\/wp\/v2\/pages\/1364\/revisions"}],"predecessor-version":[{"id":8256,"href":"https:\/\/waxonwaxoff.no\/index.php\/wp-json\/wp\/v2\/pages\/1364\/revisions\/8256"}],"wp:attachment":[{"href":"https:\/\/waxonwaxoff.no\/index.php\/wp-json\/wp\/v2\/media?parent=1364"}],"curies":[{"name":"wp","href":"https:\/\/api.w.org\/{rel}","templated":true}]}}