{"id":1177,"date":"2017-05-12T12:26:48","date_gmt":"2017-05-12T10:26:48","guid":{"rendered":"https:\/\/waxonwaxoff.no\/?page_id=1177"},"modified":"2022-03-25T00:00:25","modified_gmt":"2022-03-24T23:00:25","slug":"bikinivsbikinipluss","status":"publish","type":"page","link":"https:\/\/waxonwaxoff.no\/index.php\/bikinivsbikinipluss\/","title":{"rendered":"Bikini vs Bikini Pluss"},"content":{"rendered":"<p>[vc_row][vc_column][\/vc_column][\/vc_row][vc_row full_width=&raquo;stretch_row&raquo; css=&raquo;.vc_custom_1648162203984{background-image: url(https:\/\/waxonwaxoff.no\/wp-content\/uploads\/2022\/03\/testny.jpg?id=7098) !important;background-position: 0 0 !important;background-repeat: repeat !important;}&raquo;][vc_column width=&raquo;1\/2&#8243;][vc_empty_space height=&raquo;38px&raquo;][vc_column_text css=&raquo;.vc_custom_1648162801751{background-color: #ffffff !important;}&raquo;]<\/p>\n<h4 style=\"text-align: center;\">\u2118<\/h4>\n<h4 style=\"text-align: center;\">Forskjellen p\u00e5 voks &laquo;Bikini&raquo;, &laquo;Bikini pluss&raquo; og Brasiliansk voks:<\/h4>\n<hr \/>\n<p style=\"text-align: center;\"><strong><span style=\"font-family: 'Calibri',sans-serif; color: firebrick;\">Brasiliansk Sensitiv:\u00a0<\/span><\/strong><\/p>\n<p style=\"text-align: center;\"><strong><span style=\"font-family: 'Calibri',sans-serif;\">med HotWax, som er stripsl\u00f8s.<\/span><\/strong> Denne passer alle. Denne voksen er super for de som er veldig sensitive, og for de som plages med inngrodde h\u00e5r er denne helt topp! Du vil n\u00e5 ogs\u00e5 se Sensitiv-begrepet g\u00e5r igjen i pakkel\u00f8sningene og ogs\u00e5 bikini og bikini pluss. Vi bruker profesjonell kvalitetsvoks av merket Harley Waxing.<\/p>\n<hr \/>\n<p style=\"text-align: center;\"><strong><span style=\"font-family: 'Calibri',sans-serif; color: firebrick;\">Brasiliansk Stripsvoks:<\/span><\/strong><span style=\"color: firebrick;\">\u00a0<\/span><\/p>\n<p style=\"text-align: center;\"><strong><span style=\"font-family: 'Calibri',sans-serif;\">varm voks sm\u00f8res p\u00e5 og rives av med strips. <\/span><\/strong><span style=\"font-family: 'Calibri',sans-serif;\">Dette er en klassisk behandling som har v\u00e6rt lengst brukt ved brasiliansk voksing i Norge. Behandlingen g\u00e5r ganske kjapt, noe mange foretrekker. Mange som er fan av denne behandlingen liker den pga det g\u00e5r s\u00e5 raskt. Den er ogs\u00e5 litt mer \u00f8konomisk enn HotWax og det synes ogs\u00e5 i prisen da denne er litt billigere enn HotWax-behandlingene. Men ikke undervurder denne behandlingen pga pris, det er en fin behandling.<\/span><\/p>\n<hr \/>\n<p style=\"text-align: center;\"><strong><span style=\"font-family: 'Calibri',sans-serif; color: firebrick;\">Brasiliansk Kombo:<\/span><\/strong><span style=\"color: firebrick;\">\u00a0<\/span><\/p>\n<p style=\"text-align: center;\"><strong><span style=\"font-family: 'Calibri',sans-serif;\">kombinasjon av stripsvoks og HotWax. <\/span><\/strong>Det benyttes Stripsvoks over &laquo;det hele&raquo; unntatt p\u00e5 selve kj\u00f8nnsleppene, der bruker vi HotWax i denne behandlingen. Kj\u00f8nnsleppene er for mange vonde \u00e5 vokse med stripsvoks, og mange blir s\u00e5re her om de vokses med stripsvoks. Dette er en kjempefin behandling som absolutt passer alle. Og pga mye vokses med stripsvoks g\u00e5r denne ogs\u00e5 litt raskere enn Brasiliansk Sensitiv.<\/p>\n<hr \/>\n<p style=\"text-align: center;\"><strong><span style=\"font-family: 'Calibri',sans-serif; color: firebrick;\">Brasiliansk Gravid:<\/span><\/strong><span style=\"color: firebrick;\">\u00a0<\/span><\/p>\n<p style=\"text-align: center;\"><strong><span style=\"font-family: 'Calibri',sans-serif;\">voks tilpasset den gravide.<\/span><\/strong>\u00a0Alle gravide kan vokse seg brasiliansk s\u00e5 lenge ikke legen har sagt noe annet. I denne behandlingen legges det til rette med vokstype etter behov, men det brukes mest HotWax. Har du f\u00e5tt ekstra stripe med h\u00e5r p\u00e5 magen kan vi vokse dette ogs\u00e5 i denne behandlingen.<\/p>\n<hr \/>\n<p style=\"text-align: center;\"><strong><span style=\"font-family: 'Calibri',sans-serif; color: firebrick;\">Bikini Pluss (String):<\/span><\/strong><span style=\"color: firebrick;\">\u00a0<\/span><\/p>\n<p style=\"text-align: center;\"><strong><span style=\"font-family: 'Calibri',sans-serif;\">h\u00e5rfjerning av bikiniomr\u00e5det<\/span><\/strong>, vi f\u00f8lger p\u00e5 en m\u00e5te &laquo;stringtrusen&raquo;, alts\u00e5 det vokses litt mer inn enn ved vanlig bikinilinjevoks. Det vokses ogs\u00e5 p\u00e5 forsiden, langs oversiden av trusekanten. Man kan si at bikini pluss er en mellomting av bikinilinjen og full brasiliansk.\u00a0Velg mellom Sensitiv (HotWax) eller stripsvoks.<\/p>\n<hr \/>\n<p style=\"text-align: center;\"><strong><span style=\"font-family: 'Calibri',sans-serif; color: firebrick;\">Bikinilinje (vanlig truse):<\/span><\/strong><span style=\"color: firebrick;\">\u00a0<\/span><\/p>\n<p style=\"text-align: center;\"><strong><span style=\"font-family: 'Calibri',sans-serif;\">h\u00e5rfjerning av bikinilinjen<\/span><\/strong>. En stripe p\u00e5 hver side langs trusekanten. Vi kan ogs\u00e5 vokse et par cm nedover l\u00e5ret om det er noe der. Velg mellom Sensitiv (HotWax) eller stripsvoks.<\/p>\n<hr \/>\n<p style=\"text-align: center;\"><strong><span style=\"font-family: 'Calibri',sans-serif; color: firebrick;\">Sugaring voksing:<\/span><\/strong><span style=\"color: firebrick;\">\u00a0<\/span><\/p>\n<p style=\"text-align: center;\"><strong><span style=\"font-family: 'Calibri',sans-serif;\">h\u00e5rfjerning med vokspasta<\/span><\/strong>. Kan benyttes over hele kroppen s\u00e5nn i utgangspunktet, men vi har et utvalg omr\u00e5der p\u00e5 menyen du kan velge mellom.\u00a0Dette er en type voks terapeuten holder i h\u00e5nda si, og denne klumpen gnis inn i h\u00e5rene og rives av i en spesiell og meget godt inn\u00f8vd teknikk ikke alle mestrer. Det krever t\u00e5lmodighet og\u00a0erfaring\u00a0for \u00e5 bli god i denne voksteknikken. Dette er ingen vanlig voksbehandling. Men den er helt fantastisk om du er supersensitiv i huden, f\u00e5r lett bl\u00e5merker eller h\u00e5rene bare knekker ved vanlig voksing. Tilbys ikke av alle terapeuter, men pr. d.d av Randi i avd Bislett og Ekatering i avd. Holtegata.<\/p>\n<hr \/>\n<p style=\"text-align: center;\"><strong><span style=\"font-family: 'Calibri',sans-serif; color: firebrick;\">ManZilian:<\/span><\/strong><span style=\"color: firebrick;\">\u00a0<\/span><\/p>\n<p style=\"text-align: center;\"><strong><span style=\"font-family: 'Calibri',sans-serif;\">Intimvoks for menn. <\/span><\/strong>Det benyttes forskjellig type voks etter hvor det vokses. HotWax brukes spesielt p\u00e5 pungen, mens stripsvoks er fin rundt.<\/p>\n<hr \/>\n<p>[\/vc_column_text][vc_empty_space height=&raquo;26px&raquo;][\/vc_column][vc_column width=&raquo;1\/2&#8243;][vc_empty_space height=&raquo;50px&raquo;][vc_single_image image=&raquo;3139&#8243; img_size=&raquo;full&raquo;][vc_empty_space][vc_message icon_fontawesome=&raquo;fa fa-handshake-o&raquo;]<a href=\"https:\/\/waxonwaxoff.no\/index.php\/behandlinger\/stripsvoks-2\/\">PRISER I OSLO<\/a>[\/vc_message][vc_message message_box_color=&raquo;grey&raquo;]<a href=\"https:\/\/waxonwaxoff.no\/index.php\/litt-om-brasiliansk\/\">OM BRASILIANSK<\/a>[\/vc_message][\/vc_column][vc_column][\/vc_column][\/vc_row][vc_row][vc_column][vc_empty_space][\/vc_column][\/vc_row][vc_row full_width=&raquo;stretch_row_content_no_spaces&raquo;][vc_column][vc_separator color=&raquo;mulled_wine&raquo; style=&raquo;shadow&raquo;][\/vc_column][\/vc_row]<\/p>\n","protected":false},"excerpt":{"rendered":"<p>[vc_row][vc_column][\/vc_column][\/vc_row][vc_row full_width=&raquo;stretch_row&raquo; css=&raquo;.vc_custom_1648162203984{background-image: url(https:\/\/waxonwaxoff.no\/wp-content\/uploads\/2022\/03\/testny.jpg?id=7098) !important;background-position: 0 0 !important;background-repeat: repeat !important;}&raquo;][vc_column width=&raquo;1\/2&#8243;][vc_empty_space height=&raquo;38px&raquo;][vc_column_text css=&raquo;.vc_custom_1648162801751{background-color: #ffffff !important;}&raquo;] \u2118 Forskjellen p\u00e5 voks &laquo;Bikini&raquo;, [&hellip;]<\/p>\n","protected":false},"author":2,"featured_media":0,"parent":0,"menu_order":0,"comment_status":"closed","ping_status":"closed","template":"","meta":{"_monsterinsights_skip_tracking":false,"_monsterinsights_sitenote_active":false,"_monsterinsights_sitenote_note":"","_monsterinsights_sitenote_category":0,"footnotes":""},"class_list":["post-1177","page","type-page","status-publish","hentry"],"yoast_head":"<!-- This site is optimized with the Yoast SEO plugin v17.7.1 - https:\/\/yoast.com\/wordpress\/plugins\/seo\/ -->\n<title>Bikini vs Bikini Pluss -<\/title>\n<meta name=\"robots\" content=\"index, follow, max-snippet:-1, max-image-preview:large, max-video-preview:-1\" \/>\n<link rel=\"canonical\" href=\"https:\/\/waxonwaxoff.no\/index.php\/bikinivsbikinipluss\/\" \/>\n<meta property=\"og:locale\" content=\"nb_NO\" \/>\n<meta property=\"og:type\" content=\"article\" \/>\n<meta property=\"og:title\" content=\"Bikini vs Bikini Pluss -\" \/>\n<meta property=\"og:description\" content=\"[vc_row][vc_column][\/vc_column][\/vc_row][vc_row full_width=&raquo;stretch_row&raquo; css=&raquo;.vc_custom_1648162203984{background-image: url(https:\/\/waxonwaxoff.no\/wp-content\/uploads\/2022\/03\/testny.jpg?id=7098) !important;background-position: 0 0 !important;background-repeat: repeat !important;}&raquo;][vc_column width=&raquo;1\/2&#8243;][vc_empty_space height=&raquo;38px&raquo;][vc_column_text css=&raquo;.vc_custom_1648162801751{background-color: #ffffff !important;}&raquo;] \u2118 Forskjellen p\u00e5 voks &laquo;Bikini&raquo;, [&hellip;]\" \/>\n<meta property=\"og:url\" content=\"https:\/\/waxonwaxoff.no\/index.php\/bikinivsbikinipluss\/\" \/>\n<meta property=\"article:modified_time\" content=\"2022-03-24T23:00:25+00:00\" \/>\n<meta name=\"twitter:card\" content=\"summary\" \/>\n<meta name=\"twitter:label1\" content=\"Ansl. lesetid\" \/>\n\t<meta name=\"twitter:data1\" content=\"3 minutter\" \/>\n<script type=\"application\/ld+json\" class=\"yoast-schema-graph\">{\"@context\":\"https:\/\/schema.org\",\"@graph\":[{\"@type\":\"WebSite\",\"@id\":\"https:\/\/waxonwaxoff.no\/#website\",\"url\":\"https:\/\/waxonwaxoff.no\/\",\"name\":\"\",\"description\":\"\",\"potentialAction\":[{\"@type\":\"SearchAction\",\"target\":{\"@type\":\"EntryPoint\",\"urlTemplate\":\"https:\/\/waxonwaxoff.no\/?s={search_term_string}\"},\"query-input\":\"required name=search_term_string\"}],\"inLanguage\":\"nb-NO\"},{\"@type\":\"WebPage\",\"@id\":\"https:\/\/waxonwaxoff.no\/index.php\/bikinivsbikinipluss\/#webpage\",\"url\":\"https:\/\/waxonwaxoff.no\/index.php\/bikinivsbikinipluss\/\",\"name\":\"Bikini vs Bikini Pluss -\",\"isPartOf\":{\"@id\":\"https:\/\/waxonwaxoff.no\/#website\"},\"datePublished\":\"2017-05-12T10:26:48+00:00\",\"dateModified\":\"2022-03-24T23:00:25+00:00\",\"breadcrumb\":{\"@id\":\"https:\/\/waxonwaxoff.no\/index.php\/bikinivsbikinipluss\/#breadcrumb\"},\"inLanguage\":\"nb-NO\",\"potentialAction\":[{\"@type\":\"ReadAction\",\"target\":[\"https:\/\/waxonwaxoff.no\/index.php\/bikinivsbikinipluss\/\"]}]},{\"@type\":\"BreadcrumbList\",\"@id\":\"https:\/\/waxonwaxoff.no\/index.php\/bikinivsbikinipluss\/#breadcrumb\",\"itemListElement\":[{\"@type\":\"ListItem\",\"position\":1,\"name\":\"Hjem\",\"item\":\"https:\/\/waxonwaxoff.no\/\"},{\"@type\":\"ListItem\",\"position\":2,\"name\":\"Bikini vs Bikini Pluss\"}]}]}<\/script>\n<!-- \/ Yoast SEO plugin. -->","yoast_head_json":{"title":"Bikini vs Bikini Pluss -","robots":{"index":"index","follow":"follow","max-snippet":"max-snippet:-1","max-image-preview":"max-image-preview:large","max-video-preview":"max-video-preview:-1"},"canonical":"https:\/\/waxonwaxoff.no\/index.php\/bikinivsbikinipluss\/","og_locale":"nb_NO","og_type":"article","og_title":"Bikini vs Bikini Pluss -","og_description":"[vc_row][vc_column][\/vc_column][\/vc_row][vc_row full_width=&raquo;stretch_row&raquo; css=&raquo;.vc_custom_1648162203984{background-image: url(https:\/\/waxonwaxoff.no\/wp-content\/uploads\/2022\/03\/testny.jpg?id=7098) !important;background-position: 0 0 !important;background-repeat: repeat !important;}&raquo;][vc_column width=&raquo;1\/2&#8243;][vc_empty_space height=&raquo;38px&raquo;][vc_column_text css=&raquo;.vc_custom_1648162801751{background-color: #ffffff !important;}&raquo;] \u2118 Forskjellen p\u00e5 voks &laquo;Bikini&raquo;, [&hellip;]","og_url":"https:\/\/waxonwaxoff.no\/index.php\/bikinivsbikinipluss\/","article_modified_time":"2022-03-24T23:00:25+00:00","twitter_card":"summary","twitter_misc":{"Ansl. lesetid":"3 minutter"},"schema":{"@context":"https:\/\/schema.org","@graph":[{"@type":"WebSite","@id":"https:\/\/waxonwaxoff.no\/#website","url":"https:\/\/waxonwaxoff.no\/","name":"","description":"","potentialAction":[{"@type":"SearchAction","target":{"@type":"EntryPoint","urlTemplate":"https:\/\/waxonwaxoff.no\/?s={search_term_string}"},"query-input":"required name=search_term_string"}],"inLanguage":"nb-NO"},{"@type":"WebPage","@id":"https:\/\/waxonwaxoff.no\/index.php\/bikinivsbikinipluss\/#webpage","url":"https:\/\/waxonwaxoff.no\/index.php\/bikinivsbikinipluss\/","name":"Bikini vs Bikini Pluss -","isPartOf":{"@id":"https:\/\/waxonwaxoff.no\/#website"},"datePublished":"2017-05-12T10:26:48+00:00","dateModified":"2022-03-24T23:00:25+00:00","breadcrumb":{"@id":"https:\/\/waxonwaxoff.no\/index.php\/bikinivsbikinipluss\/#breadcrumb"},"inLanguage":"nb-NO","potentialAction":[{"@type":"ReadAction","target":["https:\/\/waxonwaxoff.no\/index.php\/bikinivsbikinipluss\/"]}]},{"@type":"BreadcrumbList","@id":"https:\/\/waxonwaxoff.no\/index.php\/bikinivsbikinipluss\/#breadcrumb","itemListElement":[{"@type":"ListItem","position":1,"name":"Hjem","item":"https:\/\/waxonwaxoff.no\/"},{"@type":"ListItem","position":2,"name":"Bikini vs Bikini Pluss"}]}]}},"_links":{"self":[{"href":"https:\/\/waxonwaxoff.no\/index.php\/wp-json\/wp\/v2\/pages\/1177","targetHints":{"allow":["GET"]}}],"collection":[{"href":"https:\/\/waxonwaxoff.no\/index.php\/wp-json\/wp\/v2\/pages"}],"about":[{"href":"https:\/\/waxonwaxoff.no\/index.php\/wp-json\/wp\/v2\/types\/page"}],"author":[{"embeddable":true,"href":"https:\/\/waxonwaxoff.no\/index.php\/wp-json\/wp\/v2\/users\/2"}],"replies":[{"embeddable":true,"href":"https:\/\/waxonwaxoff.no\/index.php\/wp-json\/wp\/v2\/comments?post=1177"}],"version-history":[{"count":23,"href":"https:\/\/waxonwaxoff.no\/index.php\/wp-json\/wp\/v2\/pages\/1177\/revisions"}],"predecessor-version":[{"id":7122,"href":"https:\/\/waxonwaxoff.no\/index.php\/wp-json\/wp\/v2\/pages\/1177\/revisions\/7122"}],"wp:attachment":[{"href":"https:\/\/waxonwaxoff.no\/index.php\/wp-json\/wp\/v2\/media?parent=1177"}],"curies":[{"name":"wp","href":"https:\/\/api.w.org\/{rel}","templated":true}]}}