{"id":1157,"date":"2017-05-08T12:46:12","date_gmt":"2017-05-08T10:46:12","guid":{"rendered":"https:\/\/waxonwaxoff.no\/?page_id=1157"},"modified":"2022-05-20T10:05:34","modified_gmt":"2022-05-20T08:05:34","slug":"avoyd","status":"publish","type":"page","link":"https:\/\/waxonwaxoff.no\/index.php\/avoyd\/","title":{"rendered":"Avoyd &#8211; produkter til hjemmebruk"},"content":{"rendered":"<p>[vc_row full_width=&raquo;stretch_row_content&raquo;][vc_column][vc_single_image image=&raquo;7699&#8243; img_size=&raquo;full&raquo; alignment=&raquo;center&raquo;][vc_column_text]<\/p>\n<p style=\"text-align: center;\">Produkter til f\u00f8r\/etterbehandling for deg som vokser og\/eller barberer deg. Kan kj\u00f8pes i alle v\u00e5re salonger.<\/p>\n<p>[\/vc_column_text][vc_separator color=&raquo;black&raquo;][\/vc_column][\/vc_row][vc_row full_width=&raquo;stretch_row&raquo; css=&raquo;.vc_custom_1653033413338{background-position: center !important;background-repeat: no-repeat !important;background-size: cover !important;}&raquo;][vc_column width=&raquo;1\/6&#8243;][\/vc_column][vc_column width=&raquo;2\/3&#8243; css=&raquo;.vc_custom_1487330935500{margin-bottom: 35px !important;padding-top: 0px !important;}&raquo;][vc_row_inner][vc_column_inner][vc_empty_space][\/vc_column_inner][\/vc_row_inner][vc_row_inner][vc_column_inner width=&raquo;1\/4&#8243;][vc_empty_space][vc_single_image image=&raquo;2499&#8243; img_size=&raquo;large&raquo; style=&raquo;vc_box_border&raquo; onclick=&raquo;link_image&raquo;][\/vc_column_inner][vc_column_inner width=&raquo;3\/4&#8243;][vc_empty_space][vc_column_text]<strong>Avoyd Double Delight<\/strong><\/p>\n<p><em>Post Shaving &amp; Waxing Serum + Skin Brightening<\/em><\/p>\n<p>Avoyd Double Delight er et serum som rulles p\u00e5 og hindrer hudirritasjon som ingrodde h\u00e5r, r\u00f8dhet, utslett og nupper etter h\u00e5rfjerning. I tillegg lysner Avoyd Double Delight m\u00f8rke flekker som har oppst\u00e5tt ved h\u00e5rfjerning. Serumet er perfekt for ansikt og kropp for b\u00e5de menn og kvinner. Resultat av lysning av huden kan ta opptil 6-8 uker.[\/vc_column_text][\/vc_column_inner][\/vc_row_inner][vc_row_inner][vc_column_inner width=&raquo;2\/3&#8243;][vc_empty_space height=&raquo;100px&raquo;][vc_column_text]<strong>Avoyd Bikini Bliss<\/strong><\/p>\n<p><em>Calming &amp; Hydrating Cream for Bikini zone and legs<\/em><\/p>\n<p>Avoyd Bikini Bliss lindrer huden rundt bikinilinjen, p\u00e5 ben og underarmer etter voksing eller barbering. Kremen har lindrende og fuktighetsgivende ingredienser som pleier den f\u00f8lsomme huden rundt bikinilinjen, ben og underarmer. Forhindrer r\u00f8dhet og r\u00f8de nupper etter barbering.[\/vc_column_text][\/vc_column_inner][vc_column_inner width=&raquo;1\/3&#8243;][vc_empty_space height=&raquo;40px&raquo;][vc_single_image image=&raquo;1161&#8243; img_size=&raquo;medium&raquo; style=&raquo;vc_box_border&raquo; onclick=&raquo;link_image&raquo;][\/vc_column_inner][\/vc_row_inner][vc_row_inner][vc_column_inner width=&raquo;1\/4&#8243;][vc_empty_space height=&raquo;40px&raquo;][vc_single_image image=&raquo;1163&#8243; img_size=&raquo;large&raquo; style=&raquo;vc_box_border&raquo; onclick=&raquo;link_image&raquo;][\/vc_column_inner][vc_column_inner width=&raquo;3\/4&#8243;][vc_empty_space height=&raquo;100px&raquo;][vc_column_text]<strong>Avoyd Original<\/strong><\/p>\n<p><em>Post Shaving &amp; Waxing Serum<\/em><\/p>\n<p>Avoyd Original er et serum som rulles p\u00e5 og hindrer hudirritasjon som ingrodde h\u00e5r, r\u00f8dhet, utslett og nupper etter h\u00e5rfjerning. Perfekt til ansikt og kropp for b\u00e5de menn og kvinner.<\/p>\n<p>&nbsp;<\/p>\n<p>&nbsp;<\/p>\n<p>[\/vc_column_text][\/vc_column_inner][\/vc_row_inner][vc_row_inner][vc_column_inner width=&raquo;2\/3&#8243;][vc_empty_space height=&raquo;120px&raquo;][vc_column_text]<strong>Avoyd Immaculate Man<\/strong><\/p>\n<p><em>Soothing &amp; Moisturising Formula for\u00a0sensitive skin<\/em><\/p>\n<p>Avoyd Immaculate Man er en lindrende og fuktighetsgivende formula for menn. Lindrer og fukter ansikt og kropp etter voksing eller barbering. Forhindrer r\u00f8dhet og r\u00f8de nupper etter barbering.[\/vc_column_text][\/vc_column_inner][vc_column_inner width=&raquo;1\/3&#8243;][vc_empty_space height=&raquo;40px&raquo;][vc_single_image image=&raquo;1162&#8243; img_size=&raquo;large&raquo; style=&raquo;vc_box_border&raquo; onclick=&raquo;link_image&raquo;][\/vc_column_inner][\/vc_row_inner][vc_row_inner][vc_column_inner width=&raquo;1\/4&#8243;][vc_empty_space height=&raquo;40px&raquo;][vc_single_image image=&raquo;1160&#8243; img_size=&raquo;large&raquo; style=&raquo;vc_box_border&raquo; onclick=&raquo;link_image&raquo;][\/vc_column_inner][vc_column_inner width=&raquo;3\/4&#8243;][vc_empty_space height=&raquo;110px&raquo;][vc_column_text]<strong>Avoyd Rub\u00b4n SCRUB<\/strong><\/p>\n<p><em>Enzymatic Face &amp; Body Scrub.\u00a0<\/em><\/p>\n<p>Benyttes over kroppen 1 gang i uken. Kan med fordel benyttes dagen f\u00f8r ny voksbehandling for \u00e5 fjerne d\u00f8de hudceller og l\u00f8fte opp evt lett inngrodde h\u00e5r.[\/vc_column_text][\/vc_column_inner][\/vc_row_inner][\/vc_column][vc_column width=&raquo;1\/6&#8243;][\/vc_column][\/vc_row]<\/p>\n","protected":false},"excerpt":{"rendered":"<p>[vc_row full_width=&raquo;stretch_row_content&raquo;][vc_column][vc_single_image image=&raquo;7699&#8243; img_size=&raquo;full&raquo; alignment=&raquo;center&raquo;][vc_column_text] Produkter til f\u00f8r\/etterbehandling for deg som vokser og\/eller barberer deg. Kan kj\u00f8pes i alle v\u00e5re [&hellip;]<\/p>\n","protected":false},"author":2,"featured_media":0,"parent":0,"menu_order":0,"comment_status":"closed","ping_status":"closed","template":"","meta":{"_monsterinsights_skip_tracking":false,"_monsterinsights_sitenote_active":false,"_monsterinsights_sitenote_note":"","_monsterinsights_sitenote_category":0,"footnotes":""},"class_list":["post-1157","page","type-page","status-publish","hentry"],"yoast_head":"<!-- This site is optimized with the Yoast SEO plugin v17.7.1 - https:\/\/yoast.com\/wordpress\/plugins\/seo\/ -->\n<title>Avoyd - produkter til hjemmebruk -<\/title>\n<meta name=\"robots\" content=\"index, follow, max-snippet:-1, max-image-preview:large, max-video-preview:-1\" \/>\n<link rel=\"canonical\" href=\"https:\/\/waxonwaxoff.no\/index.php\/avoyd\/\" \/>\n<meta property=\"og:locale\" content=\"nb_NO\" \/>\n<meta property=\"og:type\" content=\"article\" \/>\n<meta property=\"og:title\" content=\"Avoyd - produkter til hjemmebruk -\" \/>\n<meta property=\"og:description\" content=\"[vc_row full_width=&raquo;stretch_row_content&raquo;][vc_column][vc_single_image image=&raquo;7699&#8243; img_size=&raquo;full&raquo; alignment=&raquo;center&raquo;][vc_column_text] Produkter til f\u00f8r\/etterbehandling for deg som vokser og\/eller barberer deg. Kan kj\u00f8pes i alle v\u00e5re [&hellip;]\" \/>\n<meta property=\"og:url\" content=\"https:\/\/waxonwaxoff.no\/index.php\/avoyd\/\" \/>\n<meta property=\"article:modified_time\" content=\"2022-05-20T08:05:34+00:00\" \/>\n<meta name=\"twitter:card\" content=\"summary\" \/>\n<meta name=\"twitter:label1\" content=\"Ansl. lesetid\" \/>\n\t<meta name=\"twitter:data1\" content=\"2 minutter\" \/>\n<script type=\"application\/ld+json\" class=\"yoast-schema-graph\">{\"@context\":\"https:\/\/schema.org\",\"@graph\":[{\"@type\":\"WebSite\",\"@id\":\"https:\/\/waxonwaxoff.no\/#website\",\"url\":\"https:\/\/waxonwaxoff.no\/\",\"name\":\"\",\"description\":\"\",\"potentialAction\":[{\"@type\":\"SearchAction\",\"target\":{\"@type\":\"EntryPoint\",\"urlTemplate\":\"https:\/\/waxonwaxoff.no\/?s={search_term_string}\"},\"query-input\":\"required name=search_term_string\"}],\"inLanguage\":\"nb-NO\"},{\"@type\":\"WebPage\",\"@id\":\"https:\/\/waxonwaxoff.no\/index.php\/avoyd\/#webpage\",\"url\":\"https:\/\/waxonwaxoff.no\/index.php\/avoyd\/\",\"name\":\"Avoyd - produkter til hjemmebruk -\",\"isPartOf\":{\"@id\":\"https:\/\/waxonwaxoff.no\/#website\"},\"datePublished\":\"2017-05-08T10:46:12+00:00\",\"dateModified\":\"2022-05-20T08:05:34+00:00\",\"breadcrumb\":{\"@id\":\"https:\/\/waxonwaxoff.no\/index.php\/avoyd\/#breadcrumb\"},\"inLanguage\":\"nb-NO\",\"potentialAction\":[{\"@type\":\"ReadAction\",\"target\":[\"https:\/\/waxonwaxoff.no\/index.php\/avoyd\/\"]}]},{\"@type\":\"BreadcrumbList\",\"@id\":\"https:\/\/waxonwaxoff.no\/index.php\/avoyd\/#breadcrumb\",\"itemListElement\":[{\"@type\":\"ListItem\",\"position\":1,\"name\":\"Hjem\",\"item\":\"https:\/\/waxonwaxoff.no\/\"},{\"@type\":\"ListItem\",\"position\":2,\"name\":\"Avoyd &#8211; produkter til hjemmebruk\"}]}]}<\/script>\n<!-- \/ Yoast SEO plugin. -->","yoast_head_json":{"title":"Avoyd - produkter til hjemmebruk -","robots":{"index":"index","follow":"follow","max-snippet":"max-snippet:-1","max-image-preview":"max-image-preview:large","max-video-preview":"max-video-preview:-1"},"canonical":"https:\/\/waxonwaxoff.no\/index.php\/avoyd\/","og_locale":"nb_NO","og_type":"article","og_title":"Avoyd - produkter til hjemmebruk -","og_description":"[vc_row full_width=&raquo;stretch_row_content&raquo;][vc_column][vc_single_image image=&raquo;7699&#8243; img_size=&raquo;full&raquo; alignment=&raquo;center&raquo;][vc_column_text] Produkter til f\u00f8r\/etterbehandling for deg som vokser og\/eller barberer deg. Kan kj\u00f8pes i alle v\u00e5re [&hellip;]","og_url":"https:\/\/waxonwaxoff.no\/index.php\/avoyd\/","article_modified_time":"2022-05-20T08:05:34+00:00","twitter_card":"summary","twitter_misc":{"Ansl. lesetid":"2 minutter"},"schema":{"@context":"https:\/\/schema.org","@graph":[{"@type":"WebSite","@id":"https:\/\/waxonwaxoff.no\/#website","url":"https:\/\/waxonwaxoff.no\/","name":"","description":"","potentialAction":[{"@type":"SearchAction","target":{"@type":"EntryPoint","urlTemplate":"https:\/\/waxonwaxoff.no\/?s={search_term_string}"},"query-input":"required name=search_term_string"}],"inLanguage":"nb-NO"},{"@type":"WebPage","@id":"https:\/\/waxonwaxoff.no\/index.php\/avoyd\/#webpage","url":"https:\/\/waxonwaxoff.no\/index.php\/avoyd\/","name":"Avoyd - produkter til hjemmebruk -","isPartOf":{"@id":"https:\/\/waxonwaxoff.no\/#website"},"datePublished":"2017-05-08T10:46:12+00:00","dateModified":"2022-05-20T08:05:34+00:00","breadcrumb":{"@id":"https:\/\/waxonwaxoff.no\/index.php\/avoyd\/#breadcrumb"},"inLanguage":"nb-NO","potentialAction":[{"@type":"ReadAction","target":["https:\/\/waxonwaxoff.no\/index.php\/avoyd\/"]}]},{"@type":"BreadcrumbList","@id":"https:\/\/waxonwaxoff.no\/index.php\/avoyd\/#breadcrumb","itemListElement":[{"@type":"ListItem","position":1,"name":"Hjem","item":"https:\/\/waxonwaxoff.no\/"},{"@type":"ListItem","position":2,"name":"Avoyd &#8211; produkter til hjemmebruk"}]}]}},"_links":{"self":[{"href":"https:\/\/waxonwaxoff.no\/index.php\/wp-json\/wp\/v2\/pages\/1157","targetHints":{"allow":["GET"]}}],"collection":[{"href":"https:\/\/waxonwaxoff.no\/index.php\/wp-json\/wp\/v2\/pages"}],"about":[{"href":"https:\/\/waxonwaxoff.no\/index.php\/wp-json\/wp\/v2\/types\/page"}],"author":[{"embeddable":true,"href":"https:\/\/waxonwaxoff.no\/index.php\/wp-json\/wp\/v2\/users\/2"}],"replies":[{"embeddable":true,"href":"https:\/\/waxonwaxoff.no\/index.php\/wp-json\/wp\/v2\/comments?post=1157"}],"version-history":[{"count":13,"href":"https:\/\/waxonwaxoff.no\/index.php\/wp-json\/wp\/v2\/pages\/1157\/revisions"}],"predecessor-version":[{"id":7700,"href":"https:\/\/waxonwaxoff.no\/index.php\/wp-json\/wp\/v2\/pages\/1157\/revisions\/7700"}],"wp:attachment":[{"href":"https:\/\/waxonwaxoff.no\/index.php\/wp-json\/wp\/v2\/media?parent=1157"}],"curies":[{"name":"wp","href":"https:\/\/api.w.org\/{rel}","templated":true}]}}