{"id":10,"date":"2017-01-16T09:32:19","date_gmt":"2017-01-16T08:32:19","guid":{"rendered":"https:\/\/waxonwaxoff.no\/?page_id=10"},"modified":"2022-03-18T19:33:46","modified_gmt":"2022-03-18T18:33:46","slug":"online-booking","status":"publish","type":"page","link":"https:\/\/waxonwaxoff.no\/index.php\/online-booking\/","title":{"rendered":"Bestill time"},"content":{"rendered":"<p>[vc_row full_width=&raquo;stretch_row_content&raquo; css=&raquo;.vc_custom_1602714533300{background-position: center !important;background-repeat: no-repeat !important;background-size: cover !important;}&raquo;][vc_column css=&raquo;.vc_custom_1487662535413{margin-bottom: 35px !important;padding-top: 0px !important;}&raquo;][vc_row_inner css=&raquo;.vc_custom_1647628032264{padding-top: 25px !important;padding-right: 25px !important;padding-bottom: 25px !important;padding-left: 25px !important;background: rgba(191,40,40,0.85) url(https:\/\/waxonwaxoff.no\/wp-content\/uploads\/2022\/03\/bakgrunn1.webp?id=7050) !important;*background-color: rgb(191,40,40) !important;}&raquo;][vc_column_inner][vc_empty_space height=&raquo;15px&raquo;][vc_btn title=&raquo;ONLINE BOOKING &#8211; klikk her&raquo; style=&raquo;custom&raquo; custom_background=&raquo;#b51212&#8243; custom_text=&raquo;#ffffff&raquo; shape=&raquo;square&raquo; size=&raquo;lg&raquo; align=&raquo;center&raquo; css_animation=&raquo;zoomIn&raquo; link=&raquo;url:http%3A%2F%2Fwww.eadministration.dk%2Fkunde%2Fkundelogin.asp%3Fklient%3D886||target:%20_blank|&raquo; css=&raquo;.vc_custom_1603126718326{border-radius: 2px !important;}&raquo;][\/vc_column_inner][\/vc_row_inner][\/vc_column][\/vc_row][vc_row full_width=&raquo;stretch_row&raquo;][vc_column][vc_column_text]<\/p>\n<div id=\"ScrnWdthCntnr3inlineContent\" class=\"s90inlineContent\" data-reactid=\".0.$SITE_ROOT.$desktop_siteRoot.$PAGES_CONTAINER.1.1.$SITE_PAGES.$c15kq.3.$ScrnWdthCntnr3.1.1\">\n<div id=\"WRchTxt0\" class=\"s6\" data-reactid=\".0.$SITE_ROOT.$desktop_siteRoot.$PAGES_CONTAINER.1.1.$SITE_PAGES.$c15kq.3.$ScrnWdthCntnr3.1.1.$WRchTxt0\">\n<div id=\"ibulepd4\" class=\"s6\" data-reactid=\".0.$SITE_ROOT.$desktop_siteRoot.$PAGES_CONTAINER.1.1.$SITE_PAGES.$c15kq.3.$ibulepd4\">\n<p>&nbsp;<\/p>\n<p class=\"font_7\" style=\"text-align: center;\"><span class=\"color_3\" style=\"color: #b51212;\">Minner om AVBESTILLINGSREGLENE:<\/span><\/p>\n<p class=\"font_7\" style=\"text-align: center;\"><span class=\"color_3\" style=\"color: #b51212;\">Avbestillingsfrist er senest 8 timer f\u00f8r avtalen. S\u00e5 lenge det er 8 timer eller mer tid igjen til avtalen kan du enkelt logge inn her og avbestille din time. Husk \u00e5 slette alle dersom du har booket flere behandlinger.<\/span><\/p>\n<p style=\"text-align: center;\">Er det mindre enn 8 timer til avtalen er det ikke lenger mulig \u00e5 avbestille online.<\/p>\n<p>&nbsp;<\/p>\n<p>&nbsp;<\/p>\n<\/div>\n<\/div>\n<\/div>\n<p>[\/vc_column_text][vc_empty_space][\/vc_column][\/vc_row][vc_row full_width=&raquo;stretch_row_content_no_spaces&raquo;][vc_column][vc_separator][\/vc_column][\/vc_row]<\/p>\n","protected":false},"excerpt":{"rendered":"<p>[vc_row full_width=&raquo;stretch_row_content&raquo; css=&raquo;.vc_custom_1602714533300{background-position: center !important;background-repeat: no-repeat !important;background-size: cover !important;}&raquo;][vc_column css=&raquo;.vc_custom_1487662535413{margin-bottom: 35px !important;padding-top: 0px !important;}&raquo;][vc_row_inner css=&raquo;.vc_custom_1647628032264{padding-top: 25px !important;padding-right: 25px !important;padding-bottom: 25px [&hellip;]<\/p>\n","protected":false},"author":1,"featured_media":0,"parent":0,"menu_order":0,"comment_status":"closed","ping_status":"closed","template":"","meta":{"_monsterinsights_skip_tracking":false,"_monsterinsights_sitenote_active":false,"_monsterinsights_sitenote_note":"","_monsterinsights_sitenote_category":0,"footnotes":""},"class_list":["post-10","page","type-page","status-publish","hentry"],"yoast_head":"<!-- This site is optimized with the Yoast SEO plugin v17.7.1 - https:\/\/yoast.com\/wordpress\/plugins\/seo\/ -->\n<title>Bestill time -<\/title>\n<meta name=\"robots\" content=\"index, follow, max-snippet:-1, max-image-preview:large, max-video-preview:-1\" \/>\n<link rel=\"canonical\" href=\"https:\/\/waxonwaxoff.no\/index.php\/online-booking\/\" \/>\n<meta property=\"og:locale\" content=\"nb_NO\" \/>\n<meta property=\"og:type\" content=\"article\" \/>\n<meta property=\"og:title\" content=\"Bestill time -\" \/>\n<meta property=\"og:description\" content=\"[vc_row full_width=&raquo;stretch_row_content&raquo; css=&raquo;.vc_custom_1602714533300{background-position: center !important;background-repeat: no-repeat !important;background-size: cover !important;}&raquo;][vc_column css=&raquo;.vc_custom_1487662535413{margin-bottom: 35px !important;padding-top: 0px !important;}&raquo;][vc_row_inner css=&raquo;.vc_custom_1647628032264{padding-top: 25px !important;padding-right: 25px !important;padding-bottom: 25px [&hellip;]\" \/>\n<meta property=\"og:url\" content=\"https:\/\/waxonwaxoff.no\/index.php\/online-booking\/\" \/>\n<meta property=\"article:modified_time\" content=\"2022-03-18T18:33:46+00:00\" \/>\n<meta name=\"twitter:card\" content=\"summary\" \/>\n<meta name=\"twitter:label1\" content=\"Ansl. lesetid\" \/>\n\t<meta name=\"twitter:data1\" content=\"1 minutt\" \/>\n<script type=\"application\/ld+json\" class=\"yoast-schema-graph\">{\"@context\":\"https:\/\/schema.org\",\"@graph\":[{\"@type\":\"WebSite\",\"@id\":\"https:\/\/waxonwaxoff.no\/#website\",\"url\":\"https:\/\/waxonwaxoff.no\/\",\"name\":\"\",\"description\":\"\",\"potentialAction\":[{\"@type\":\"SearchAction\",\"target\":{\"@type\":\"EntryPoint\",\"urlTemplate\":\"https:\/\/waxonwaxoff.no\/?s={search_term_string}\"},\"query-input\":\"required name=search_term_string\"}],\"inLanguage\":\"nb-NO\"},{\"@type\":\"WebPage\",\"@id\":\"https:\/\/waxonwaxoff.no\/index.php\/online-booking\/#webpage\",\"url\":\"https:\/\/waxonwaxoff.no\/index.php\/online-booking\/\",\"name\":\"Bestill time -\",\"isPartOf\":{\"@id\":\"https:\/\/waxonwaxoff.no\/#website\"},\"datePublished\":\"2017-01-16T08:32:19+00:00\",\"dateModified\":\"2022-03-18T18:33:46+00:00\",\"breadcrumb\":{\"@id\":\"https:\/\/waxonwaxoff.no\/index.php\/online-booking\/#breadcrumb\"},\"inLanguage\":\"nb-NO\",\"potentialAction\":[{\"@type\":\"ReadAction\",\"target\":[\"https:\/\/waxonwaxoff.no\/index.php\/online-booking\/\"]}]},{\"@type\":\"BreadcrumbList\",\"@id\":\"https:\/\/waxonwaxoff.no\/index.php\/online-booking\/#breadcrumb\",\"itemListElement\":[{\"@type\":\"ListItem\",\"position\":1,\"name\":\"Hjem\",\"item\":\"https:\/\/waxonwaxoff.no\/\"},{\"@type\":\"ListItem\",\"position\":2,\"name\":\"Bestill time\"}]}]}<\/script>\n<!-- \/ Yoast SEO plugin. -->","yoast_head_json":{"title":"Bestill time -","robots":{"index":"index","follow":"follow","max-snippet":"max-snippet:-1","max-image-preview":"max-image-preview:large","max-video-preview":"max-video-preview:-1"},"canonical":"https:\/\/waxonwaxoff.no\/index.php\/online-booking\/","og_locale":"nb_NO","og_type":"article","og_title":"Bestill time -","og_description":"[vc_row full_width=&raquo;stretch_row_content&raquo; css=&raquo;.vc_custom_1602714533300{background-position: center !important;background-repeat: no-repeat !important;background-size: cover !important;}&raquo;][vc_column css=&raquo;.vc_custom_1487662535413{margin-bottom: 35px !important;padding-top: 0px !important;}&raquo;][vc_row_inner css=&raquo;.vc_custom_1647628032264{padding-top: 25px !important;padding-right: 25px !important;padding-bottom: 25px [&hellip;]","og_url":"https:\/\/waxonwaxoff.no\/index.php\/online-booking\/","article_modified_time":"2022-03-18T18:33:46+00:00","twitter_card":"summary","twitter_misc":{"Ansl. lesetid":"1 minutt"},"schema":{"@context":"https:\/\/schema.org","@graph":[{"@type":"WebSite","@id":"https:\/\/waxonwaxoff.no\/#website","url":"https:\/\/waxonwaxoff.no\/","name":"","description":"","potentialAction":[{"@type":"SearchAction","target":{"@type":"EntryPoint","urlTemplate":"https:\/\/waxonwaxoff.no\/?s={search_term_string}"},"query-input":"required name=search_term_string"}],"inLanguage":"nb-NO"},{"@type":"WebPage","@id":"https:\/\/waxonwaxoff.no\/index.php\/online-booking\/#webpage","url":"https:\/\/waxonwaxoff.no\/index.php\/online-booking\/","name":"Bestill time -","isPartOf":{"@id":"https:\/\/waxonwaxoff.no\/#website"},"datePublished":"2017-01-16T08:32:19+00:00","dateModified":"2022-03-18T18:33:46+00:00","breadcrumb":{"@id":"https:\/\/waxonwaxoff.no\/index.php\/online-booking\/#breadcrumb"},"inLanguage":"nb-NO","potentialAction":[{"@type":"ReadAction","target":["https:\/\/waxonwaxoff.no\/index.php\/online-booking\/"]}]},{"@type":"BreadcrumbList","@id":"https:\/\/waxonwaxoff.no\/index.php\/online-booking\/#breadcrumb","itemListElement":[{"@type":"ListItem","position":1,"name":"Hjem","item":"https:\/\/waxonwaxoff.no\/"},{"@type":"ListItem","position":2,"name":"Bestill time"}]}]}},"_links":{"self":[{"href":"https:\/\/waxonwaxoff.no\/index.php\/wp-json\/wp\/v2\/pages\/10","targetHints":{"allow":["GET"]}}],"collection":[{"href":"https:\/\/waxonwaxoff.no\/index.php\/wp-json\/wp\/v2\/pages"}],"about":[{"href":"https:\/\/waxonwaxoff.no\/index.php\/wp-json\/wp\/v2\/types\/page"}],"author":[{"embeddable":true,"href":"https:\/\/waxonwaxoff.no\/index.php\/wp-json\/wp\/v2\/users\/1"}],"replies":[{"embeddable":true,"href":"https:\/\/waxonwaxoff.no\/index.php\/wp-json\/wp\/v2\/comments?post=10"}],"version-history":[{"count":69,"href":"https:\/\/waxonwaxoff.no\/index.php\/wp-json\/wp\/v2\/pages\/10\/revisions"}],"predecessor-version":[{"id":7071,"href":"https:\/\/waxonwaxoff.no\/index.php\/wp-json\/wp\/v2\/pages\/10\/revisions\/7071"}],"wp:attachment":[{"href":"https:\/\/waxonwaxoff.no\/index.php\/wp-json\/wp\/v2\/media?parent=10"}],"curies":[{"name":"wp","href":"https:\/\/api.w.org\/{rel}","templated":true}]}}